{"id":118119,"date":"2024-11-05T16:53:42","date_gmt":"2024-11-05T15:53:42","guid":{"rendered":"https:\/\/secureus.se\/?post_type=product&#038;p=118119"},"modified":"2026-01-12T12:01:34","modified_gmt":"2026-01-12T11:01:34","slug":"etiketthallare-magnetisk-hard-cover-1-2-a5l-210x74","status":"publish","type":"product","link":"https:\/\/secureus.se\/fi\/etiketthallare-magnetisk-hard-cover-1-2-a5l-210x74\/","title":{"rendered":"Magneettinen tarrateline KOVAKANSI 1\/2 A5L, 210\u00d774"},"content":{"rendered":"<p>Selke\u00e4t ja kattavat hyllyjen, kaapien, ovien, kuormalavojen, konttien ja muiden tilojen merkinn\u00e4t parantavat ja virtaviivaistavat ty\u00f6prosessia varastoissa ja tuotantotiloissa. J\u00e4yk\u00e4st\u00e4 PET-muovista valmistetut l\u00e4pin\u00e4kyv\u00e4t, magneettiset etikettipidikkeet voidaan lukea skannerilla. Tarrat on helppo vaihtaa, koska taskut ovat avoimia ylh\u00e4\u00e4lt\u00e4 ja molemmilta puolilta ja niiss\u00e4 on my\u00f6s viistetyt kulmat, jotta tarraan p\u00e4\u00e4see helposti k\u00e4siksi. Kaksi magneettinauhaa takana pit\u00e4v\u00e4t taskun tukevasti paikallaan. Jokainen etikettipidike on peitetty l\u00e4pin\u00e4kyv\u00e4ll\u00e4 muovikalvolla, joka suojaa naarmuilta kuljetuksen ja varastoinnin aikana. Suojakalvo on helppo poistaa, kun tuotetta on tarkoitus k\u00e4ytt\u00e4\u00e4. Ilmainen malli etikettiin on saatavilla osoitteessa www.duraprint.se.<br \/>\nSis\u00e4mitat: 1\/2 A5 vaaka (210 x 74 mm) (L x K), VDA-standardin mukaisesti<br \/>\nUlkomitat: 213 x 79 mm (L x K)<br \/>\nTarvikkeet: Tarrat A4-arkeille, art. nro 102802<\/p>","protected":false},"excerpt":{"rendered":"<p>Tarrateline PET-muovia kahdella magneettinauhalla takana. K\u00e4ytet\u00e4\u00e4n esim. metallihyllyn reunoilla.<\/p>","protected":false},"featured_media":136412,"template":"","meta":{"_acf_changed":false},"product_brand":[],"product_cat":[4335],"product_tag":[4376],"class_list":{"0":"post-118119","1":"product","2":"type-product","3":"status-publish","4":"has-post-thumbnail","6":"product_cat-etiketthallare","7":"product_tag-transparent","8":"product_shipping_class-tunga-paket","9":"pa_brands-durable","10":"pa_farg-transparent","11":"tm-no-options","13":"first","14":"instock","15":"sale","16":"taxable","17":"shipping-taxable","18":"purchasable","19":"product-type-simple"},"acf":[],"_links":{"self":[{"href":"https:\/\/secureus.se\/fi\/wp-json\/wp\/v2\/product\/118119","targetHints":{"allow":["GET"]}}],"collection":[{"href":"https:\/\/secureus.se\/fi\/wp-json\/wp\/v2\/product"}],"about":[{"href":"https:\/\/secureus.se\/fi\/wp-json\/wp\/v2\/types\/product"}],"wp:featuredmedia":[{"embeddable":true,"href":"https:\/\/secureus.se\/fi\/wp-json\/wp\/v2\/media\/136412"}],"wp:attachment":[{"href":"https:\/\/secureus.se\/fi\/wp-json\/wp\/v2\/media?parent=118119"}],"wp:term":[{"taxonomy":"product_brand","embeddable":true,"href":"https:\/\/secureus.se\/fi\/wp-json\/wp\/v2\/product_brand?post=118119"},{"taxonomy":"product_cat","embeddable":true,"href":"https:\/\/secureus.se\/fi\/wp-json\/wp\/v2\/product_cat?post=118119"},{"taxonomy":"product_tag","embeddable":true,"href":"https:\/\/secureus.se\/fi\/wp-json\/wp\/v2\/product_tag?post=118119"}],"curies":[{"name":"wp","href":"https:\/\/api.w.org\/{rel}","templated":true}]}}