{"id":118223,"date":"2024-11-05T16:51:32","date_gmt":"2024-11-05T15:51:32","guid":{"rendered":"https:\/\/secureus.se\/?post_type=product&#038;p=118223"},"modified":"2026-01-12T12:23:02","modified_gmt":"2026-01-12T11:23:02","slug":"dokumentficka-a4-magnetisk-5-st-frp","status":"publish","type":"product","link":"https:\/\/secureus.se\/fi\/dokumentficka-a4-magnetisk-5-st-frp\/","title":{"rendered":"Asiakirjatasku A4 magneettinen 5 kpl\/frp"},"content":{"rendered":"<p>Magneettisesti liimautuva polypropeenista valmistettu asiakirjatasku tilap\u00e4isten tietojen n\u00e4ytt\u00e4miseen ja suojaamiseen esimerkiksi messuilla ja tapahtumissa, myym\u00e4l\u00f6iss\u00e4 ja toimistoissa. UV-stabiili jopa 2 vuotta, kest\u00e4\u00e4 l\u00e4mp\u00f6\u00e4 n. 50\u00b0 asti ja j\u00e4\u00e4htymist\u00e4 n. -10\u00b0.<br \/>\nAseta suojaava, heijastamaton arkki \u2013 jonka takana on kolme magneettinauhaa \u2013 asiakirjan p\u00e4\u00e4lle ja kiinnit\u00e4 metallitaustalle. Selke\u00e4! Siisti ja helpompi k\u00e4sitell\u00e4 kuin esim. Magneettinauhat voidaan erottaa muovilevyst\u00e4, jotta materiaali voidaan lajitella l\u00e4hteest\u00e4 kierr\u00e4tett\u00e4v\u00e4ksi 50%:hen, kun tasku on h\u00e4vitett\u00e4v\u00e4.<br \/>\nA4-kokoisille asiakirjoille, sis\u00e4mitat 298\u00d7211 mm. Ulkomitat 323\u00d7236 mm.<br \/>\nV\u00e4ri: harmaa pilkullinen reuna<br \/>\nPakkauksessa 5 kpl.<\/p>","protected":false},"excerpt":{"rendered":"<p>Magneettisesti liimautuva infokehys, joka kehyst\u00e4\u00e4 ja suojaa inlaya lialta. Tietoa A4-muodossa, kiinnitett\u00e4v\u00e4 tasaisille sis\u00e4pinnoille.<\/p>","protected":false},"featured_media":137152,"template":"","meta":{"_acf_changed":false},"product_brand":[],"product_cat":[4296],"product_tag":[4394],"class_list":{"0":"post-118223","1":"product","2":"type-product","3":"status-publish","4":"has-post-thumbnail","6":"product_cat-inforamar-for-slata-ytor","7":"product_tag-antracitgra","8":"product_shipping_class-tunga-paket","9":"pa_brands-durable","10":"pa_farg-antracitgra","11":"tm-no-options","13":"first","14":"instock","15":"sale","16":"taxable","17":"shipping-taxable","18":"purchasable","19":"product-type-simple"},"acf":[],"_links":{"self":[{"href":"https:\/\/secureus.se\/fi\/wp-json\/wp\/v2\/product\/118223","targetHints":{"allow":["GET"]}}],"collection":[{"href":"https:\/\/secureus.se\/fi\/wp-json\/wp\/v2\/product"}],"about":[{"href":"https:\/\/secureus.se\/fi\/wp-json\/wp\/v2\/types\/product"}],"wp:featuredmedia":[{"embeddable":true,"href":"https:\/\/secureus.se\/fi\/wp-json\/wp\/v2\/media\/137152"}],"wp:attachment":[{"href":"https:\/\/secureus.se\/fi\/wp-json\/wp\/v2\/media?parent=118223"}],"wp:term":[{"taxonomy":"product_brand","embeddable":true,"href":"https:\/\/secureus.se\/fi\/wp-json\/wp\/v2\/product_brand?post=118223"},{"taxonomy":"product_cat","embeddable":true,"href":"https:\/\/secureus.se\/fi\/wp-json\/wp\/v2\/product_cat?post=118223"},{"taxonomy":"product_tag","embeddable":true,"href":"https:\/\/secureus.se\/fi\/wp-json\/wp\/v2\/product_tag?post=118223"}],"curies":[{"name":"wp","href":"https:\/\/api.w.org\/{rel}","templated":true}]}}