{"id":118242,"date":"2024-11-05T16:51:07","date_gmt":"2024-11-05T15:51:07","guid":{"rendered":"https:\/\/secureus.se\/?post_type=product&#038;p=118242"},"modified":"2026-01-12T12:55:41","modified_gmt":"2026-01-12T11:55:41","slug":"surfplattehallare-twist-combi","status":"publish","type":"product","link":"https:\/\/secureus.se\/fi\/surfplattehallare-twist-combi\/","title":{"rendered":"Surffilaudan pidike TWIST COMBI"},"content":{"rendered":"<p>Tablettiteline tekee tabletin tai matkapuhelimen k\u00e4yt\u00f6st\u00e4 mukavampaa ja ergonomisempaa esimerkiksi lis\u00e4n\u00e4yt\u00f6n\u00e4 toimistossa tai opiskellessa, vanhainkodeissa pit\u00e4\u00e4kseen yhteytt\u00e4 l\u00e4heisiin, kotona resepteihin, digilehtiin ja videoiden katseluun sek\u00e4 elokuvia. TWIST-sarjassa on pidike, jossa on liukastumista est\u00e4v\u00e4t pehmusteet, jotka pit\u00e4v\u00e4t laitteen paikoillaan ja suojaavat naarmuilta. Pitimen kahva sopii tableteille tai matkapuhelimille, kuten iPhone, iPad ja Samsung 4,7&quot; - 13&quot; maksimipaino 800 g (LATTIA) ja 1 kg (TAULUKKO) ja se on kiinnitetty palloniveleen, jota voidaan k\u00e4\u00e4nt\u00e4\u00e4 360 \u00b0. Siin\u00e4 on my\u00f6s aukko latauskaapelille. TWIST COMBI koostuu pidikkeest\u00e4 sek\u00e4 p\u00f6yt\u00e4telineen ja lattiatelineen. P\u00f6yt\u00e4teline on 37 cm korkea ja 19 cm py\u00f6re\u00e4n pohjalevyn ansiosta se seisoo eritt\u00e4in tukevasti. TWIST FLOORissa on kolmen jalan teleskooppinen lattiajalusta, jonka j\u00e4nnev\u00e4li on suuri korkeuden s\u00e4\u00e4t\u00e4miseksi v\u00e4lill\u00e4 1,12-1,69 m. Taitettuna jalusta on 70 cm ja mukana tuleva pussi helpottaa sen ottamista mukaan. Tehokas hanhenkaula portaaton korkeuden ja lukukulman s\u00e4\u00e4d\u00f6ll\u00e4, joka pysyy halutussa asennossa. Valmistettu 40%-kierr\u00e4tysmateriaalista, 100 % on lopputuote kierr\u00e4tett\u00e4v\u00e4.<\/p>","protected":false},"excerpt":{"rendered":"<p>Teline tabletille tai matkapuhelimelle 4,7-13\u2033. Setti, jossa on p\u00f6yt\u00e4teline ja lattiateline, jossa on taivutettava hanhenkaula ja kuulanivel.<\/p>","protected":false},"featured_media":137183,"template":"","meta":{"_acf_changed":false},"product_brand":[],"product_cat":[4236],"product_tag":[4381],"class_list":{"0":"post-118242","1":"product","2":"type-product","3":"status-publish","4":"has-post-thumbnail","6":"product_cat-surfplattehallare","7":"product_tag-svart","8":"product_shipping_class-tunga-paket","9":"pa_brands-durable","10":"pa_farg-svart","11":"tm-no-options","13":"first","14":"instock","15":"sale","16":"taxable","17":"shipping-taxable","18":"purchasable","19":"product-type-simple"},"acf":[],"_links":{"self":[{"href":"https:\/\/secureus.se\/fi\/wp-json\/wp\/v2\/product\/118242","targetHints":{"allow":["GET"]}}],"collection":[{"href":"https:\/\/secureus.se\/fi\/wp-json\/wp\/v2\/product"}],"about":[{"href":"https:\/\/secureus.se\/fi\/wp-json\/wp\/v2\/types\/product"}],"wp:featuredmedia":[{"embeddable":true,"href":"https:\/\/secureus.se\/fi\/wp-json\/wp\/v2\/media\/137183"}],"wp:attachment":[{"href":"https:\/\/secureus.se\/fi\/wp-json\/wp\/v2\/media?parent=118242"}],"wp:term":[{"taxonomy":"product_brand","embeddable":true,"href":"https:\/\/secureus.se\/fi\/wp-json\/wp\/v2\/product_brand?post=118242"},{"taxonomy":"product_cat","embeddable":true,"href":"https:\/\/secureus.se\/fi\/wp-json\/wp\/v2\/product_cat?post=118242"},{"taxonomy":"product_tag","embeddable":true,"href":"https:\/\/secureus.se\/fi\/wp-json\/wp\/v2\/product_tag?post=118242"}],"curies":[{"name":"wp","href":"https:\/\/api.w.org\/{rel}","templated":true}]}}