{"id":118281,"date":"2024-11-05T17:16:20","date_gmt":"2024-11-05T16:16:20","guid":{"rendered":"https:\/\/secureus.se\/?post_type=product&#038;p=118281"},"modified":"2026-01-12T12:33:00","modified_gmt":"2026-01-12T11:33:00","slug":"skarmhallare-pro-med-arm-for-1-skarm-kabelhalsfaste","status":"publish","type":"product","link":"https:\/\/secureus.se\/fi\/skarmhallare-pro-med-arm-for-1-skarm-kabelhalsfaste\/","title":{"rendered":"N\u00e4yt\u00f6n pidike PRO varrella 1 n\u00e4yt\u00f6lle, kaapelinreik\u00e4kiinnitys"},"content":{"rendered":"<p>Durablen hyv\u00e4laatuiset helppok\u00e4ytt\u00f6iset n\u00e4yt\u00f6n pidikkeet (tai n\u00e4ytt\u00f6varret, kuten niit\u00e4 my\u00f6s kutsutaan) vapauttavat tilaa p\u00f6yd\u00e4ll\u00e4 ja tarjoavat hyv\u00e4n ty\u00f6ergonomian. Ajattoman ja tyylikk\u00e4\u00e4n muotoilun ansiosta ne toimivat hyvin monissa eri ymp\u00e4rist\u00f6iss\u00e4. Tarkoitettu vakion\u00e4yt\u00f6ille ja kaareville n\u00e4yt\u00f6ille, joiden koko on 21-27 tuumaa ja paino 3-8 kg ja jotka on valmistettu VESA-kiinnitykseen 75 x 75 mm tai 100 x 100 mm. N\u00e4ytt\u00f6 napsautetaan yksinkertaisesti patentoitavaan pikakiinnikkeeseen. N\u00e4yt\u00f6n pidikkeet ovat joustavia, koska niit\u00e4 voidaan k\u00e4\u00e4nt\u00e4\u00e4, jotta n\u00e4ytt\u00f6 on pysty- tai vaaka-asennossa, ja niit\u00e4 voidaan kallistaa hyv\u00e4n lukukulman saavuttamiseksi. Valmistettu valikoiduista korkealaatuisista materiaaleista pitk\u00e4n k\u00e4ytt\u00f6i\u00e4n takaamiseksi \u2013 alumiinista, metallista ja korkealaatuisesta muovista, jopa 60 % kierr\u00e4tysmateriaalista. Kierr\u00e4tett\u00e4v\u00e4 jopa 100 % tekee n\u00e4ist\u00e4 n\u00e4yt\u00f6n pidikkeist\u00e4 ymp\u00e4rist\u00f6yst\u00e4v\u00e4llisi\u00e4 ISO 14021 -standardin mukaisesti. Valmistus tapahtuu DURABLE:n tuotantolaitoksessa Saksassa. 10 vuoden takuu. Hakemus n\u00e4iden n\u00e4yt\u00f6n pidikkeiden hyv\u00e4ksymisest\u00e4 turvamerkinn\u00e4ll\u00e4 GS (proven safety), joka antaa ostajille, j\u00e4lleenmyyjille ja loppukuluttajille takuun siit\u00e4, ett\u00e4 tuote t\u00e4ytt\u00e4\u00e4 viimeisimm\u00e4t turvallisuusvaatimukset, on j\u00e4tetty sek\u00e4 hakemus T\u00dcV-sertifioinnista, joka on my\u00f6s tunnustettu saksalainen tuoteturvallisuus- ja laatusertifikaatti.<\/p>\n<p>T\u00e4m\u00e4 malli on p\u00f6yt\u00e4\u00e4n kiinnitett\u00e4v\u00e4 n\u00e4yt\u00f6n pidike kaasujousivarrella yhdelle n\u00e4yt\u00f6lle. Voidaan k\u00e4ytt\u00e4\u00e4 my\u00f6s 28-38 tuuman n\u00e4ytt\u00f6jen kanssa, mutta silloin k\u00e4\u00e4nnett\u00e4vyys pysty- tai vaakamuotoon on rajoitettu. Varsi on suunniteltu siten, ett\u00e4 liikkuvien osien puristumisvaaraa ei ole ja n\u00e4yt\u00f6n pidike on helposti s\u00e4\u00e4dett\u00e4viss\u00e4 nupilla n\u00e4yt\u00f6n painon mukaan. Mukana tulee kolme kaapelipidikett\u00e4, jotka voidaan sijoittaa yksitellen sopivaan paikkaan - jotta kaapelit pysyv\u00e4t j\u00e4rjestyksess\u00e4. N\u00e4ytt\u00f6\u00e4 voidaan kallistaa 110 - 85\u00b0 yl\u00f6sp\u00e4in ja 25\u00b0 alasp\u00e4in, n\u00e4yt\u00f6n pidikkeen alavartta voidaan k\u00e4\u00e4nt\u00e4\u00e4 enint\u00e4\u00e4n 200\u00b0, olkavartta enint\u00e4\u00e4n 360\u00b0. Olkavarren korkeutta voi s\u00e4\u00e4t\u00e4\u00e4 v\u00e4lill\u00e4 20-130 mm. Helppo koota: kaapelinreik\u00e4kiinnike p\u00f6yt\u00e4levyille, joiden kaapelinrei\u00e4t ovat halkaisijaltaan 60-80 mm. Mitat: 345 x 470 x 120 mm (L x K x S)<\/p>\n<p>Lue lis\u00e4\u00e4 GS-merkinn\u00e4st\u00e4: https:\/\/www.handelskammer.se\/vara-tjanster\/miljorapportering\/symbolguiden\/geprufte-sicherheit-provad-sakerhet<br \/>\nLue lis\u00e4\u00e4 T\u00dcV-sertifioinnista: https:\/\/www.handelskammer.se\/vara-tjanster\/miljorapportering\/symbolguiden\/tuv-technischer-uberwachungsverein<br \/>\nTakuuehdot l\u00f6ytyv\u00e4t t\u00e4\u00e4lt\u00e4: https:\/\/www.durable.se\/sv_SE\/service\/garanti\/garanti-foer-skaermhaallare\/<\/p>","protected":false},"excerpt":{"rendered":"<p>Joustava n\u00e4yt\u00f6n pidike kaapelinrei\u00e4ll\u00e4. Kaasujousivarsi, joka tekee tietokoneen n\u00e4yt\u00f6n s\u00e4\u00e4t\u00e4misest\u00e4 helppoa ja joustavaa.<\/p>","protected":false},"featured_media":136450,"template":"","meta":{"_acf_changed":false},"product_brand":[],"product_cat":[4243],"product_tag":[4382],"class_list":{"0":"post-118281","1":"product","2":"type-product","3":"status-publish","4":"has-post-thumbnail","6":"product_cat-skarmhallare","7":"product_tag-silver","8":"product_shipping_class-tunga-paket","9":"pa_brands-durable","10":"pa_farg-silver","11":"tm-no-options","13":"first","14":"instock","15":"sale","16":"taxable","17":"shipping-taxable","18":"purchasable","19":"product-type-simple"},"acf":[],"_links":{"self":[{"href":"https:\/\/secureus.se\/fi\/wp-json\/wp\/v2\/product\/118281","targetHints":{"allow":["GET"]}}],"collection":[{"href":"https:\/\/secureus.se\/fi\/wp-json\/wp\/v2\/product"}],"about":[{"href":"https:\/\/secureus.se\/fi\/wp-json\/wp\/v2\/types\/product"}],"wp:featuredmedia":[{"embeddable":true,"href":"https:\/\/secureus.se\/fi\/wp-json\/wp\/v2\/media\/136450"}],"wp:attachment":[{"href":"https:\/\/secureus.se\/fi\/wp-json\/wp\/v2\/media?parent=118281"}],"wp:term":[{"taxonomy":"product_brand","embeddable":true,"href":"https:\/\/secureus.se\/fi\/wp-json\/wp\/v2\/product_brand?post=118281"},{"taxonomy":"product_cat","embeddable":true,"href":"https:\/\/secureus.se\/fi\/wp-json\/wp\/v2\/product_cat?post=118281"},{"taxonomy":"product_tag","embeddable":true,"href":"https:\/\/secureus.se\/fi\/wp-json\/wp\/v2\/product_tag?post=118281"}],"curies":[{"name":"wp","href":"https:\/\/api.w.org\/{rel}","templated":true}]}}