{"id":118293,"date":"2024-11-05T16:49:56","date_gmt":"2024-11-05T15:49:56","guid":{"rendered":"https:\/\/secureus.se\/?post_type=product&#038;p=118293"},"modified":"2026-01-12T12:32:35","modified_gmt":"2026-01-12T11:32:35","slug":"skarmstall-effect","status":"publish","type":"product","link":"https:\/\/secureus.se\/fi\/skarmstall-effect\/","title":{"rendered":"N\u00e4yt\u00f6n teline EFFECT"},"content":{"rendered":"<p>N\u00e4ytt\u00f6teline sijoittaa tietokoneen n\u00e4yt\u00f6n hyv\u00e4lle ergonomiselle korkeudelle \u2013 n\u00e4yt\u00f6n yl\u00e4reunan tulee olla silmien tasolla tai sen alapuolella, jolloin katse putoaa vinosti alasp\u00e4in ja lep\u00e4\u00e4 silmille. Teline vapauttaa p\u00f6yt\u00e4tilaa yhdistettyn\u00e4 laatikkoon kynien, asiakirjojen, kaapeleiden jne. s\u00e4ilytykseen, ty\u00f6p\u00f6yt\u00e4 pidet\u00e4\u00e4n siistin\u00e4. EFFECT-sarja, johon t\u00e4m\u00e4 teline kuuluu, on pitk\u00e4lti valmistettu pehme\u00e4st\u00e4, \u00e4\u00e4nt\u00e4 vaimentavasta ja kest\u00e4v\u00e4st\u00e4 huopamateriaalista. Peitto on valmistettu PET-muovista, josta 60% on ker\u00e4tyst\u00e4 ja kierr\u00e4tetyst\u00e4 PET-muovista (rPET). Sarjan tuotteet ovat 100 % kierr\u00e4tett\u00e4vi\u00e4 ja ne on pakattu kest\u00e4v\u00e4sti resursseja s\u00e4\u00e4st\u00e4viin ja muovittomiin materiaaleihin. Metallihylly voidaan sijoittaa kolmelle eri korkeudelle, 9 -12 -15 cm, kahden kiinnittimen avulla - ei vaadi ty\u00f6l\u00e4st\u00e4 ruuvaamista tai liimaamista. Aukko latauskaapelille. Jalusta on vakaa ja sen enimm\u00e4iskuorma on 10 kg. Mitat: 49,6 x 16,2 x 26 cm (L x K x S)<br \/>\nTarvikkeet: Box EFFECT, tuotenro 508201<\/p>","protected":false},"excerpt":{"rendered":"<p>Korkeuss\u00e4\u00e4dett\u00e4v\u00e4 monitoriteline takaa ergonomisemman ty\u00f6asennon ja j\u00e4rjest\u00e4ytyneen ty\u00f6p\u00f6yd\u00e4n. <\/p>","protected":false},"featured_media":136184,"template":"","meta":{"_acf_changed":false},"product_brand":[],"product_cat":[4243],"product_tag":[4390],"class_list":{"0":"post-118293","1":"product","2":"type-product","3":"status-publish","4":"has-post-thumbnail","6":"product_cat-skarmhallare","7":"product_tag-morkgra","8":"product_shipping_class-tunga-paket","9":"pa_brands-durable","10":"pa_farg-morkgra","11":"tm-no-options","13":"first","14":"instock","15":"sale","16":"taxable","17":"shipping-taxable","18":"purchasable","19":"product-type-simple"},"acf":[],"_links":{"self":[{"href":"https:\/\/secureus.se\/fi\/wp-json\/wp\/v2\/product\/118293","targetHints":{"allow":["GET"]}}],"collection":[{"href":"https:\/\/secureus.se\/fi\/wp-json\/wp\/v2\/product"}],"about":[{"href":"https:\/\/secureus.se\/fi\/wp-json\/wp\/v2\/types\/product"}],"wp:featuredmedia":[{"embeddable":true,"href":"https:\/\/secureus.se\/fi\/wp-json\/wp\/v2\/media\/136184"}],"wp:attachment":[{"href":"https:\/\/secureus.se\/fi\/wp-json\/wp\/v2\/media?parent=118293"}],"wp:term":[{"taxonomy":"product_brand","embeddable":true,"href":"https:\/\/secureus.se\/fi\/wp-json\/wp\/v2\/product_brand?post=118293"},{"taxonomy":"product_cat","embeddable":true,"href":"https:\/\/secureus.se\/fi\/wp-json\/wp\/v2\/product_cat?post=118293"},{"taxonomy":"product_tag","embeddable":true,"href":"https:\/\/secureus.se\/fi\/wp-json\/wp\/v2\/product_tag?post=118293"}],"curies":[{"name":"wp","href":"https:\/\/api.w.org\/{rel}","templated":true}]}}