{"id":118309,"date":"2024-11-05T17:15:14","date_gmt":"2024-11-05T16:15:14","guid":{"rendered":"https:\/\/secureus.se\/?post_type=product&#038;p=118309"},"modified":"2025-12-31T21:19:57","modified_gmt":"2025-12-31T20:19:57","slug":"surfplattehallare-varicolor","status":"publish","type":"product","link":"https:\/\/secureus.se\/fi\/surfplattehallare-varicolor\/","title":{"rendered":"Tablettipidike VARICOLOR\u00b0"},"content":{"rendered":"<p>K\u00e4yt\u00e4nn\u00f6llinen tablet-teline, jossa on pehme\u00e4 kumip\u00e4\u00e4llysteinen pinta, joka pit\u00e4\u00e4 tabletin vakaana ja hieman kallistettuna, kun se on pidikkeen p\u00e4\u00e4ll\u00e4. Jos tabletti asetetaan pidikkeeseen - joko vaaka- tai pystysuunnassa - lukukulma on erilainen. Tabletti voidaan asettaa &quot;ojaan&quot; sek\u00e4 suojakotelon kanssa ett\u00e4 ilman. Tabletin pidikett\u00e4 voidaan k\u00e4\u00e4nt\u00e4\u00e4 360\u00b0 ja my\u00f6s lukita haluttuun asentoon. Kumijalat suojaavat pintaa naarmuilta ja pit\u00e4v\u00e4t sen tukevasti paikallaan. Mitat: 145 x 59 mm (\u00d8 x K)<\/p>","protected":false},"excerpt":{"rendered":"<p>Tablettiteline, joka voidaan k\u00e4\u00e4nt\u00e4\u00e4 360\u00b0. Tableteille sek\u00e4 suojakotelolla ett\u00e4 ilman.<\/p>","protected":false},"featured_media":135538,"template":"","meta":{"_acf_changed":false},"product_brand":[],"product_cat":[4236],"product_tag":[4390],"class_list":{"0":"post-118309","1":"product","2":"type-product","3":"status-publish","4":"has-post-thumbnail","6":"product_cat-surfplattehallare","7":"product_tag-morkgra","8":"product_shipping_class-tunga-paket","9":"pa_brands-durable","10":"pa_farg-morkgra","11":"tm-no-options","13":"first","14":"instock","15":"sale","16":"taxable","17":"shipping-taxable","18":"purchasable","19":"product-type-simple"},"acf":[],"_links":{"self":[{"href":"https:\/\/secureus.se\/fi\/wp-json\/wp\/v2\/product\/118309","targetHints":{"allow":["GET"]}}],"collection":[{"href":"https:\/\/secureus.se\/fi\/wp-json\/wp\/v2\/product"}],"about":[{"href":"https:\/\/secureus.se\/fi\/wp-json\/wp\/v2\/types\/product"}],"wp:featuredmedia":[{"embeddable":true,"href":"https:\/\/secureus.se\/fi\/wp-json\/wp\/v2\/media\/135538"}],"wp:attachment":[{"href":"https:\/\/secureus.se\/fi\/wp-json\/wp\/v2\/media?parent=118309"}],"wp:term":[{"taxonomy":"product_brand","embeddable":true,"href":"https:\/\/secureus.se\/fi\/wp-json\/wp\/v2\/product_brand?post=118309"},{"taxonomy":"product_cat","embeddable":true,"href":"https:\/\/secureus.se\/fi\/wp-json\/wp\/v2\/product_cat?post=118309"},{"taxonomy":"product_tag","embeddable":true,"href":"https:\/\/secureus.se\/fi\/wp-json\/wp\/v2\/product_tag?post=118309"}],"curies":[{"name":"wp","href":"https:\/\/api.w.org\/{rel}","templated":true}]}}