{"id":118331,"date":"2024-11-05T16:48:50","date_gmt":"2024-11-05T15:48:50","guid":{"rendered":"https:\/\/secureus.se\/?post_type=product&#038;p=118331"},"modified":"2026-01-12T12:49:38","modified_gmt":"2026-01-12T11:49:38","slug":"sjalvhaftande-hornficka-cornerfix-175x175","status":"publish","type":"product","link":"https:\/\/secureus.se\/fi\/sjalvhaftande-hornficka-cornerfix-175x175\/","title":{"rendered":"Itsekiinnittyv\u00e4 kulmatasku CORNERFIX\u00ae 175\u00d7175"},"content":{"rendered":"<p>Kiinnit\u00e4 vino kulmatasku CORNERFIX\u00ae kansion, kansion tai muistikirjan sis\u00e4puolelle, ja taskuun voit laittaa irtonaiset materiaalit, kuten k\u00e4yntikortit, irralliset arkit v\u00e4liaikaisilla tarjouksilla jne. L\u00e4pin\u00e4kyv\u00e4t taskut kirkkaasta polypropeenista itseliimautuvalla taustalla. 25 arkkia, 4 taskua per arkki, yhteens\u00e4 100 taskua pakkauksessa. Suuri tasku, mitat 175x175mm. <\/p>","protected":false},"excerpt":{"rendered":"<p>Kolmion muotoinen itseliimautuva tasku irtonaisille papereille kansioissa ja kansioissa<\/p>","protected":false},"featured_media":137222,"template":"","meta":{"_acf_changed":false},"product_brand":[],"product_cat":[4252],"product_tag":[4376],"class_list":{"0":"post-118331","1":"product","2":"type-product","3":"status-publish","4":"has-post-thumbnail","6":"product_cat-sjalvhaftande-fickor","7":"product_tag-transparent","8":"product_shipping_class-tunga-paket","9":"pa_brands-durable","10":"pa_farg-transparent","11":"tm-no-options","13":"first","14":"instock","15":"sale","16":"taxable","17":"shipping-taxable","18":"purchasable","19":"product-type-simple"},"acf":[],"_links":{"self":[{"href":"https:\/\/secureus.se\/fi\/wp-json\/wp\/v2\/product\/118331","targetHints":{"allow":["GET"]}}],"collection":[{"href":"https:\/\/secureus.se\/fi\/wp-json\/wp\/v2\/product"}],"about":[{"href":"https:\/\/secureus.se\/fi\/wp-json\/wp\/v2\/types\/product"}],"wp:featuredmedia":[{"embeddable":true,"href":"https:\/\/secureus.se\/fi\/wp-json\/wp\/v2\/media\/137222"}],"wp:attachment":[{"href":"https:\/\/secureus.se\/fi\/wp-json\/wp\/v2\/media?parent=118331"}],"wp:term":[{"taxonomy":"product_brand","embeddable":true,"href":"https:\/\/secureus.se\/fi\/wp-json\/wp\/v2\/product_brand?post=118331"},{"taxonomy":"product_cat","embeddable":true,"href":"https:\/\/secureus.se\/fi\/wp-json\/wp\/v2\/product_cat?post=118331"},{"taxonomy":"product_tag","embeddable":true,"href":"https:\/\/secureus.se\/fi\/wp-json\/wp\/v2\/product_tag?post=118331"}],"curies":[{"name":"wp","href":"https:\/\/api.w.org\/{rel}","templated":true}]}}