{"id":119772,"date":"2024-11-18T10:16:09","date_gmt":"2024-11-18T09:16:09","guid":{"rendered":"https:\/\/secureus.se\/nyckelband-10mm-rod-metallklamma-100-pack\/"},"modified":"2025-12-31T21:43:20","modified_gmt":"2025-12-31T20:43:20","slug":"nyckelband-10mm-rod-metallklamma-100-pack","status":"publish","type":"product","link":"https:\/\/secureus.se\/fi\/nyckelband-10mm-rod-metallklamma-100-pack\/","title":{"rendered":"Avaimenper\u00e4 10 mm punainen - metallinen hummeripidike ja turvasolki - 100 kpl"},"content":{"rendered":"<p>N\u00e4m\u00e4 10 mm leve\u00e4t punaiset kaulanauhat ovat ihanteellinen yhdistelm\u00e4 kest\u00e4vyytt\u00e4 ja k\u00e4yt\u00e4nn\u00f6llisyytt\u00e4. Ne on valmistettu kest\u00e4v\u00e4st\u00e4 kierr\u00e4tetyst\u00e4 PET-materiaalista, ja ne ovat sek\u00e4 ymp\u00e4rist\u00f6yst\u00e4v\u00e4llisi\u00e4 ett\u00e4 toimivia. Vakiopituus 90 cm (45 cm pudotuspituus) ja turvasolje, joka on helppo ja turvallinen irrottaa, ovat ihanteellisia ty\u00f6paikoille, tapahtumiin ja kouluihin.<\/p>\n<ul>\n<li><strong>Kest\u00e4v\u00e4t materiaalit:<\/strong> Kierr\u00e4tetty PET-materiaali ymp\u00e4rist\u00f6yst\u00e4v\u00e4lliseen k\u00e4ytt\u00f6\u00f6n.<\/li>\n<li><strong>Metallinen hummeripuristin:<\/strong> Tarjoaa turvallisen kiinnityksen henkil\u00f6korteille, avaimenper\u00e4lle tai USB-tikuille.<\/li>\n<li><strong>Turvasolki:<\/strong> Helppo irrottaa tarvittaessa.<\/li>\n<li><strong>Monipuolisuus:<\/strong> T\u00e4ydellinen henkil\u00f6korteille, k\u00e4yntikorteille, avaimenper\u00e4lle, muistitikulle ja matkapuhelimille.<\/li>\n<li><strong>V\u00e4rivaihtoehdot:<\/strong> Saatavana useissa v\u00e4reiss\u00e4, mukaan lukien musta, sininen, vihre\u00e4, oranssi, pinkki, punainen, valkoinen ja keltainen.<\/li>\n<\/ul>\n<p><strong>Tekniset tiedot:<\/strong><\/p>\n<ul>\n<li><strong>Leveys:<\/strong> 10 mm<\/li>\n<li><strong>Pituus:<\/strong> 90 cm (45 cm pudotuksen pituus)<\/li>\n<li><strong>Materiaali:<\/strong> Kierr\u00e4tetty PET-materiaali<\/li>\n<li><strong>Pakkaus:<\/strong> 100 kpl per paketti<\/li>\n<\/ul>\n<p>N\u00e4m\u00e4 punaiset kaulanauhat ovat sek\u00e4 tyylikk\u00e4it\u00e4 ett\u00e4 k\u00e4yt\u00e4nn\u00f6llisi\u00e4, joten ne sopivat erinomaisesti kaikkiin tilaisuuksiin, joissa tarvitaan tunnisteita tai esineit\u00e4. T\u00e4ydellinen yrityksille ja j\u00e4rjest\u00e4jille, jotka haluavat yhdist\u00e4\u00e4 laadun ymp\u00e4rist\u00f6tietoisuuteen.<\/p>","protected":false},"excerpt":{"rendered":"<p>Kest\u00e4v\u00e4t punaiset kaulanauhat 10 mm kierr\u00e4tetyst\u00e4 PET-materiaalista, metallinen hummerilukko ja turvasolki. T\u00e4ydellinen henkil\u00f6korteille, avaimenper\u00e4lle ja muistitikuille. Myyd\u00e4\u00e4n 100 kappaleen pakkauksissa.<\/p>","protected":false},"featured_media":134751,"template":"","meta":{"_acf_changed":false},"product_brand":[],"product_cat":[1875],"product_tag":[4348,4358],"class_list":{"0":"post-119772","1":"product","2":"type-product","3":"status-publish","4":"has-post-thumbnail","6":"product_cat-nyckelband","7":"product_tag-10mm","8":"product_tag-roda-nyckelband","9":"product_shipping_class-tunga-paket","10":"pa_brands-stonehouse-security","11":"pa_farg-svart","12":"pa_farg-nyckelband-svart","13":"pa_rfid-tillbehor-nyckelband-halsband","14":"tm-no-options","16":"first","17":"instock","18":"sale","19":"featured","20":"taxable","21":"shipping-taxable","22":"purchasable","23":"product-type-simple"},"acf":[],"_links":{"self":[{"href":"https:\/\/secureus.se\/fi\/wp-json\/wp\/v2\/product\/119772","targetHints":{"allow":["GET"]}}],"collection":[{"href":"https:\/\/secureus.se\/fi\/wp-json\/wp\/v2\/product"}],"about":[{"href":"https:\/\/secureus.se\/fi\/wp-json\/wp\/v2\/types\/product"}],"wp:featuredmedia":[{"embeddable":true,"href":"https:\/\/secureus.se\/fi\/wp-json\/wp\/v2\/media\/134751"}],"wp:attachment":[{"href":"https:\/\/secureus.se\/fi\/wp-json\/wp\/v2\/media?parent=119772"}],"wp:term":[{"taxonomy":"product_brand","embeddable":true,"href":"https:\/\/secureus.se\/fi\/wp-json\/wp\/v2\/product_brand?post=119772"},{"taxonomy":"product_cat","embeddable":true,"href":"https:\/\/secureus.se\/fi\/wp-json\/wp\/v2\/product_cat?post=119772"},{"taxonomy":"product_tag","embeddable":true,"href":"https:\/\/secureus.se\/fi\/wp-json\/wp\/v2\/product_tag?post=119772"}],"curies":[{"name":"wp","href":"https:\/\/api.w.org\/{rel}","templated":true}]}}