{"id":120155,"date":"2024-11-21T10:54:34","date_gmt":"2024-11-21T09:54:34","guid":{"rendered":"https:\/\/secureus.se\/?post_type=product&#038;p=120155"},"modified":"2026-04-12T15:10:54","modified_gmt":"2026-04-12T13:10:54","slug":"sim-kort-till-larm-100mb-manad-12-manader","status":"publish","type":"product","link":"https:\/\/secureus.se\/fi\/sim-kort-till-larm-100mb-manad-12-manader\/","title":{"rendered":"SIM-kortti h\u00e4lyttimelle - 100MB\/kk - 12 kuukautta"},"content":{"rendered":"<h1 data-start=\"804\" data-end=\"856\">IoT SIM-kortti h\u00e4lyttimille - 100MB\/kk - 12 kuukautta<\/h1>\n<p data-start=\"857\" data-end=\"922\"><strong data-start=\"857\" data-end=\"922\">Ammattimainen ja turvallinen yhteys h\u00e4lyttimille ja h\u00e4lytysl\u00e4hettimille.<\/strong><\/p>\n<hr data-start=\"924\" data-end=\"927\" \/>\n<h3 data-start=\"929\" data-end=\"987\"><strong data-start=\"933\" data-end=\"985\">Luotettava viestint\u00e4 - kun sill\u00e4 on eniten merkityst\u00e4<\/strong><\/h3>\n<p data-start=\"988\" data-end=\"1226\">T\u00e4m\u00e4 IoT-SIM-kortti on suunniteltu erityisesti turvallisuuskriittisiin sovelluksiin, kuten h\u00e4lyttimiin ja h\u00e4lytysl\u00e4hettimiin. Tele2:n verkon kautta tapahtuvan priorisoidun liikenteen ja yksityisen APN:n ansiosta saat vakaan, turvallisen ja nopean yhteyden - my\u00f6s suuressa verkkokuormituksessa.<\/p>\n<p data-start=\"1228\" data-end=\"1369\">Sopii t\u00e4ydellisesti <strong data-start=\"1247\" data-end=\"1255\">Ajax<\/strong> ja muita kehittyneit\u00e4 h\u00e4lytysj\u00e4rjestelmi\u00e4 sek\u00e4 ensisijaisena yhteyten\u00e4 ett\u00e4 varayhteyten\u00e4, jos kiinte\u00e4 internet-yhteys katkeaa.<\/p>\n<hr data-start=\"1371\" data-end=\"1374\" \/>\n<h3 data-start=\"1376\" data-end=\"1411\"><strong data-start=\"1380\" data-end=\"1409\">IoT-SIM:n edut<\/strong><\/h3>\n<ul data-start=\"1412\" data-end=\"1816\">\n<li data-start=\"1412\" data-end=\"1473\">\n<p data-start=\"1414\" data-end=\"1473\"><strong data-start=\"1414\" data-end=\"1430\">100 MB\/kk<\/strong> - riitt\u00e4\u00e4 useimpiin h\u00e4lytysj\u00e4rjestelmiin.<\/p>\n<\/li>\n<li data-start=\"1474\" data-end=\"1549\">\n<p data-start=\"1476\" data-end=\"1549\"><strong data-start=\"1476\" data-end=\"1502\">Priorisoitu tietoliikenne<\/strong> - vakaa yhteys my\u00f6s suuressa kuormituksessa.<\/p>\n<\/li>\n<li data-start=\"1550\" data-end=\"1638\">\n<p data-start=\"1552\" data-end=\"1638\"><strong data-start=\"1552\" data-end=\"1566\">Yksityinen APN<\/strong> - lis\u00e4turvaa ja oma yhteysverkko <code data-start=\"1613\" data-end=\"1635\">stonehouse.tele2.com<\/code>.<\/p>\n<\/li>\n<li data-start=\"1639\" data-end=\"1740\">\n<p data-start=\"1641\" data-end=\"1740\"><strong data-start=\"1641\" data-end=\"1664\">Joustava verkkoratkaisu<\/strong> - vakiona Tele2:n kautta, mutta se kytkeytyy automaattisesti alueesi parhaalle operaattorille\/mastolle.<\/p>\n<\/li>\n<li data-start=\"1741\" data-end=\"1816\">\n<p data-start=\"1743\" data-end=\"1816\"><strong data-start=\"1743\" data-end=\"1760\">T\u00e4ysi valvonta<\/strong> - hallita ja uusia tilauksesi asiakasportaalin kautta.<\/p>\n<\/li>\n<\/ul>\n<hr data-start=\"1818\" data-end=\"1821\" \/>\n<h3 data-start=\"1823\" data-end=\"1848\"><strong data-start=\"1827\" data-end=\"1846\">Tekniset tiedot<\/strong><\/h3>\n<ul data-start=\"1849\" data-end=\"2086\">\n<li data-start=\"1849\" data-end=\"1919\">\n<p data-start=\"1851\" data-end=\"1919\"><strong data-start=\"1851\" data-end=\"1863\">Verkko:<\/strong> Tele2.<\/p>\n<\/li>\n<li data-start=\"1920\" data-end=\"1953\">\n<p data-start=\"1922\" data-end=\"1953\"><strong data-start=\"1922\" data-end=\"1937\">Dataliikenne:<\/strong> 100 Mt\/kk.<\/p>\n<\/li>\n<li data-start=\"1954\" data-end=\"2006\">\n<p data-start=\"1956\" data-end=\"2006\"><strong data-start=\"1956\" data-end=\"1971\">Tilaukset:<\/strong> 12 kuukautta (ennakkomaksu).<\/p>\n<\/li>\n<li data-start=\"2007\" data-end=\"2041\">\n<p data-start=\"2009\" data-end=\"2041\"><strong data-start=\"2009\" data-end=\"2018\">Hinta:<\/strong> 460 \/ 365 p\u00e4iv\u00e4\u00e4 (sis\u00e4lt\u00e4\u00e4 arvonlis\u00e4veron).<\/p>\n<\/li>\n<li data-start=\"2042\" data-end=\"2086\">\n<p data-start=\"2044\" data-end=\"2086\"><strong data-start=\"2044\" data-end=\"2052\">Tyyppi:<\/strong> Datakortti - ei tekstiviestej\u00e4 tai puheluita.<\/p>\n<\/li>\n<\/ul>\n<hr data-start=\"2088\" data-end=\"2091\" \/>\n<h3 data-start=\"2093\" data-end=\"2135\"><strong data-start=\"2097\" data-end=\"2133\">Asennus - nopea ja helppo<\/strong><\/h3>\n<ol data-start=\"2136\" data-end=\"2277\">\n<li data-start=\"2136\" data-end=\"2172\">\n<p data-start=\"2139\" data-end=\"2172\">Aseta SIM-kortti laitteeseen ja aktivoi verkkovierailut.<\/p>\n<\/li>\n<li data-start=\"2173\" data-end=\"2211\">\n<p data-start=\"2176\" data-end=\"2211\">Sy\u00f6t\u00e4 APN: <code data-start=\"2186\" data-end=\"2208\">stonehouse.tele2.com<\/code>.<\/p>\n<\/li>\n<li data-start=\"2212\" data-end=\"2277\">\n<p data-start=\"2215\" data-end=\"2277\">Valmis - h\u00e4lytysj\u00e4rjestelm\u00e4si on nyt verkossa, ja liikenne on priorisoitu.<\/p>\n<\/li>\n<\/ol>\n<blockquote data-start=\"2279\" data-end=\"2430\">\n<p data-start=\"2281\" data-end=\"2430\"><strong data-start=\"2281\" data-end=\"2289\">Huom!<\/strong> Korttia ei ole sovitettu videokameroihin, koska videon suoratoisto vaatii suurempia tietom\u00e4\u00e4ri\u00e4. Kameravalvontaa varten tarjoamme erityisi\u00e4 SIM-kortteja. Ensimm\u00e4isen yhteyden muodostaminen voi kest\u00e4\u00e4 jonkin aikaa, koska SIM-kortti aktivoituu ensimm\u00e4isen yhteyden muodostamisen yhteydess\u00e4! Sinun on ehk\u00e4 k\u00e4ynnistett\u00e4v\u00e4 laite uudelleen, jos olet asettanut SIM-kortin kytkettyyn laitteeseen.<\/p>\n<\/blockquote>\n<hr data-start=\"2432\" data-end=\"2435\" \/>\n<h3 data-start=\"2437\" data-end=\"2481\"><strong data-start=\"2441\" data-end=\"2479\">T\u00e4rke\u00e4\u00e4 tiet\u00e4\u00e4 ennen tilaamista<\/strong><\/h3>\n<p data-start=\"2482\" data-end=\"2578\">T\u00e4m\u00e4n tuotteen tilaamiseksi sinun on luotava tili kassalla, t\u00e4m\u00e4 on helppo tehd\u00e4 kassalla. T\u00e4m\u00e4 on v\u00e4ltt\u00e4m\u00e4t\u00f6nt\u00e4, jotta:<\/p>\n<ul data-start=\"2579\" data-end=\"2713\">\n<li data-start=\"2579\" data-end=\"2615\">\n<p data-start=\"2581\" data-end=\"2615\">Hallitse ja uudista tilauksesi.<\/p>\n<\/li>\n<li data-start=\"2616\" data-end=\"2651\">\n<p data-start=\"2618\" data-end=\"2651\">Peruuta palvelu milloin tahansa.<\/p>\n<\/li>\n<li data-start=\"2652\" data-end=\"2713\">\n<p data-start=\"2654\" data-end=\"2713\">Varmista SIM-kortin asianmukainen ja turvallinen k\u00e4sittely.<\/p>\n<\/li>\n<\/ul>\n<hr data-start=\"2715\" data-end=\"2718\" \/>\n<p data-start=\"2720\" data-end=\"2801\">\u2705 <strong data-start=\"2722\" data-end=\"2731\">Hinta:<\/strong> 460 kruunua 365 p\u00e4iv\u00e4\u00e4 kohti (sis. alv).<br data-start=\"2751\" data-end=\"2754\" \/>\ud83d\udce6 <strong data-start=\"2757\" data-end=\"2770\">Toimitus:<\/strong> L\u00e4hetet\u00e4\u00e4n 1-2 ty\u00f6p\u00e4iv\u00e4n kuluessa<\/p>","protected":false},"excerpt":{"rendered":"<p data-start=\"280\" data-end=\"603\"><strong data-start=\"280\" data-end=\"332\">IoT SIM-kortti h\u00e4lyttimille - 100MB\/kk - 12 kuukautta<\/strong><br data-start=\"332\" data-end=\"335\" \/>Suojaa h\u00e4lytysj\u00e4rjestelm\u00e4si ammattimaisella IoT SIM-kortilla, joka on optimoitu turvallisuuskriittiseen viestint\u00e4\u00e4n. Priorisoitu tietoliikenne Tele2-verkon kautta, yksityinen APN (<code data-start=\"485\" data-end=\"507\">stonehouse.tele2.com<\/code>) ja korkea luotettavuus takaavat vakaan yhteyden - ihanteellinen Ajax- ja muille h\u00e4lytysj\u00e4rjestelmille.<\/p>\n<p data-start=\"605\" data-end=\"770\"><strong data-start=\"605\" data-end=\"617\">T\u00e4rke\u00e4\u00e4:<\/strong> Ostaaksesi t\u00e4m\u00e4n tuotteen sinun on luotava tili kassalla, jos sinulla ei viel\u00e4 ole tili\u00e4. T\u00e4m\u00e4 voidaan tehd\u00e4 helposti tilauksen yhteydess\u00e4. T\u00e4t\u00e4 tarvitaan tilauksen hallintaan, uusimiseen tai peruuttamiseen asiakasportaalimme kautta.<\/p>","protected":false},"featured_media":146587,"template":"","meta":{"_acf_changed":false},"product_brand":[],"product_cat":[1551],"product_tag":[],"class_list":{"0":"post-120155","1":"product","2":"type-product","3":"status-publish","4":"has-post-thumbnail","6":"product_cat-larmoverforing","7":"product_shipping_class-postnord-varubrev","8":"pa_brands-secureus","9":"pa_brands-tele2","10":"tm-no-options","12":"first","13":"instock","14":"taxable","15":"shipping-taxable","16":"purchasable","17":"product-type-simple"},"acf":[],"_links":{"self":[{"href":"https:\/\/secureus.se\/fi\/wp-json\/wp\/v2\/product\/120155","targetHints":{"allow":["GET"]}}],"collection":[{"href":"https:\/\/secureus.se\/fi\/wp-json\/wp\/v2\/product"}],"about":[{"href":"https:\/\/secureus.se\/fi\/wp-json\/wp\/v2\/types\/product"}],"wp:featuredmedia":[{"embeddable":true,"href":"https:\/\/secureus.se\/fi\/wp-json\/wp\/v2\/media\/146587"}],"wp:attachment":[{"href":"https:\/\/secureus.se\/fi\/wp-json\/wp\/v2\/media?parent=120155"}],"wp:term":[{"taxonomy":"product_brand","embeddable":true,"href":"https:\/\/secureus.se\/fi\/wp-json\/wp\/v2\/product_brand?post=120155"},{"taxonomy":"product_cat","embeddable":true,"href":"https:\/\/secureus.se\/fi\/wp-json\/wp\/v2\/product_cat?post=120155"},{"taxonomy":"product_tag","embeddable":true,"href":"https:\/\/secureus.se\/fi\/wp-json\/wp\/v2\/product_tag?post=120155"}],"curies":[{"name":"wp","href":"https:\/\/api.w.org\/{rel}","templated":true}]}}