{"id":120194,"date":"2024-10-24T13:02:30","date_gmt":"2024-10-24T11:02:30","guid":{"rendered":"https:\/\/secureus.se\/passerkort-rfid-kort-kombi-4200-mifare4k-chip\/"},"modified":"2026-03-27T14:12:08","modified_gmt":"2026-03-27T13:12:08","slug":"passerkort-rfid-kort-kombi-em-mifare4k-chip","status":"publish","type":"product","link":"https:\/\/secureus.se\/fi\/passerkort-rfid-kort-kombi-em-mifare4k-chip\/","title":{"rendered":"P\u00e4\u00e4sykortti \/ RFID-kortti Combi EM\/MIFARE4k -yhteensopiva siru"},"content":{"rendered":"<p>P\u00e4\u00e4sykortti \/ RFID-kortti Combi EM\/MIFARE4k -yhteensopiva siru<\/p>\n<p>Yhdistelm\u00e4korttimme sis\u00e4lt\u00e4\u00e4 kaksi pelimerkki\u00e4 yhdess\u00e4 kortissa, mik\u00e4 antaa sinulle maksimaalisen joustavuuden eri p\u00e4\u00e4syj\u00e4rjestelmille ja sovelluksille. Levy on varustettu Fudan S50:ll\u00e4, joka vastaa MIFARE1k:t\u00e4, sek\u00e4 HT4168:lla, joka on yhteensopiva EM4200-tekniikan kanssa.<\/p>\n<p>T\u00e4m\u00e4 kortti on t\u00e4ydellinen ratkaisu ymp\u00e4rist\u00f6ihin, joissa k\u00e4ytet\u00e4\u00e4n useita j\u00e4rjestelmi\u00e4 samanaikaisesti, esimerkiksi ty\u00f6paikoilla tai kerrostaloissa. Laadukas muovimateriaali takaa kest\u00e4vyyden ja pitk\u00e4n k\u00e4ytt\u00f6i\u00e4n. Lis\u00e4ksi tarjoamme 2 vuoden takuun mielenrauhasi takaamiseksi.<\/p>\n<p>**Ominaisuudet:**<br \/>\n\u2013 **Yhteensopivuus:**<br \/>\n\u2013 **Fudan S70:** MIFARE4k<br \/>\n\u2013 **HT4168:** EM4200<br \/>\n\u2013 **Ominaisuus:** Kaksoissirutekniikka k\u00e4ytett\u00e4v\u00e4ksi useissa j\u00e4rjestelmiss\u00e4<br \/>\n\u2013 **Materiaalit:** Korkealaatuinen muovi<br \/>\n\u2013 **Takuu:** 2 vuotta<\/p>\n<p>T\u00e4ll\u00e4 yhdistelm\u00e4kortilla saat monipuolisen ja luotettavan ratkaisun kulunvalvontaan ja tunnistamiseen. Valitse laatu ja toimivuus samassa kortissa!<\/p>","protected":false},"excerpt":{"rendered":"<p>T\u00e4m\u00e4 tuote on suunniteltu t\u00e4ytt\u00e4m\u00e4\u00e4n samat vaatimukset ja toiminnot, joita NXP-siru vaatii, mutta yhteensopivalla sirulla ja halvemmalla.<\/p>\n<p>Annamme toimivuudelle ja kortin sis\u00e4ll\u00f6lle 2 vuoden takuun.<\/p>","protected":false},"featured_media":136040,"template":"","meta":{"_acf_changed":false},"product_brand":[],"product_cat":[4346],"product_tag":[4415,2958],"class_list":{"0":"post-120194","1":"product","2":"type-product","3":"status-publish","4":"has-post-thumbnail","6":"product_cat-mifare4k-em4200-kombinerade","7":"product_tag-kompatibelt-chip","8":"product_tag-stonehouse-produkt","9":"product_shipping_class-postnord-varubrev","10":"pa_brands-stonehouse-security","11":"pa_farg-vit","12":"pa_plastkort-teknik-kombi-em-mifare4k","13":"tm-has-options","15":"first","16":"instock","17":"sale","18":"featured","19":"taxable","20":"shipping-taxable","21":"purchasable","22":"product-type-simple"},"acf":[],"_links":{"self":[{"href":"https:\/\/secureus.se\/fi\/wp-json\/wp\/v2\/product\/120194","targetHints":{"allow":["GET"]}}],"collection":[{"href":"https:\/\/secureus.se\/fi\/wp-json\/wp\/v2\/product"}],"about":[{"href":"https:\/\/secureus.se\/fi\/wp-json\/wp\/v2\/types\/product"}],"wp:featuredmedia":[{"embeddable":true,"href":"https:\/\/secureus.se\/fi\/wp-json\/wp\/v2\/media\/136040"}],"wp:attachment":[{"href":"https:\/\/secureus.se\/fi\/wp-json\/wp\/v2\/media?parent=120194"}],"wp:term":[{"taxonomy":"product_brand","embeddable":true,"href":"https:\/\/secureus.se\/fi\/wp-json\/wp\/v2\/product_brand?post=120194"},{"taxonomy":"product_cat","embeddable":true,"href":"https:\/\/secureus.se\/fi\/wp-json\/wp\/v2\/product_cat?post=120194"},{"taxonomy":"product_tag","embeddable":true,"href":"https:\/\/secureus.se\/fi\/wp-json\/wp\/v2\/product_tag?post=120194"}],"curies":[{"name":"wp","href":"https:\/\/api.w.org\/{rel}","templated":true}]}}