{"id":120197,"date":"2024-10-24T12:35:10","date_gmt":"2024-10-24T10:35:10","guid":{"rendered":"https:\/\/secureus.se\/passerkort-rfid-kort-mifare1k-classic-kompatibelt-chip\/"},"modified":"2026-04-16T15:17:36","modified_gmt":"2026-04-16T13:17:36","slug":"passerkort-rfid-kort-mifare1k-classic-kompatibelt-chip","status":"publish","type":"product","link":"https:\/\/secureus.se\/fi\/passerkort-rfid-kort-mifare1k-classic-kompatibelt-chip\/","title":{"rendered":"P\u00e4\u00e4sykortti \/ RFID-kortti MIFARE1k yhteensopiva siru"},"content":{"rendered":"<h1>P\u00e4\u00e4sykortti \/ RFID-kortti MIFARE1k yhteensopiva siru<\/h1>\n<p>Fudan-sirulla varustetut p\u00e4\u00e4sykorttimme ovat t\u00e4ysin yhteensopivia MIFARE Classic -tekniikan kanssa ja tarjoavat luotettavan ja kustannustehokkaan ratkaisun RFID-tarpeisiisi. Fudan S50 vastaa MIFARE1k:t\u00e4, kun taas Fudan S70 vastaa MIFARE4k:t\u00e4.<\/p>\n<p>Korttien muovimateriaali s\u00e4ilytt\u00e4\u00e4 samaa korkeaa laatua kuin kaikki muutkin korttimme, mik\u00e4 tekee niist\u00e4 sek\u00e4 kest\u00e4vi\u00e4 ett\u00e4 kest\u00e4vi\u00e4. Olemme niin varmoja laadusta, ett\u00e4 tarjoamme kaikille yhteensopiville RFID-korteillemme 2 vuoden takuun.<\/p>\n<p>N\u00e4m\u00e4 kortit ovat ihanteellisia kulunvalvontaan, tunnistamiseen, p\u00e4\u00e4synhallintaan ja muihin sovelluksiin, joissa k\u00e4ytet\u00e4\u00e4n MIFARE-tekniikkaa.<\/p>\n<p>**Ominaisuudet:**<br \/>\n\u2013 **Yhteensopivuus:** MIFARE Classic (1k)<br \/>\n\u2013 **Sirun tyyppi:** Fudan S50 (MIFARE1k)<br \/>\n\u2013 **Materiaalit:** Korkealaatuinen muovi<br \/>\n\u2013 **Takuu:** 2 vuotta<\/p>\n<p>Valitse luotettava kortti, joka t\u00e4ytt\u00e4\u00e4 turvallisuus- ja toiminnallisuusvaatimukset!<\/p>\n<p>&nbsp;<\/p>","protected":false},"excerpt":{"rendered":"<p>T\u00e4m\u00e4 tuote on suunniteltu t\u00e4ytt\u00e4m\u00e4\u00e4n samat vaatimukset ja toiminnot, joita NXP-siru vaatii, mutta yhteensopivalla sirulla ja halvemmalla.<\/p>\n<p>Annamme toimivuudelle ja kortin sis\u00e4ll\u00f6lle 2 vuoden takuun.<\/p>","protected":false},"featured_media":136040,"template":"","meta":{"_acf_changed":false},"product_brand":[],"product_cat":[4225,4822],"product_tag":[4415,2958],"class_list":{"0":"post-120197","1":"product","2":"type-product","3":"status-publish","4":"has-post-thumbnail","6":"product_cat-rfid-kort-mifare-classic-1k","7":"product_cat-mifare-kort","8":"product_tag-kompatibelt-chip","9":"product_tag-stonehouse-produkt","10":"product_shipping_class-postnord-varubrev","11":"pa_brands-stonehouse-security","12":"pa_farg-vit","13":"pa_plastkort-teknik-mifare1k","14":"tm-has-options","16":"first","17":"instock","18":"sale","19":"featured","20":"taxable","21":"shipping-taxable","22":"purchasable","23":"product-type-simple"},"acf":[],"_links":{"self":[{"href":"https:\/\/secureus.se\/fi\/wp-json\/wp\/v2\/product\/120197","targetHints":{"allow":["GET"]}}],"collection":[{"href":"https:\/\/secureus.se\/fi\/wp-json\/wp\/v2\/product"}],"about":[{"href":"https:\/\/secureus.se\/fi\/wp-json\/wp\/v2\/types\/product"}],"wp:featuredmedia":[{"embeddable":true,"href":"https:\/\/secureus.se\/fi\/wp-json\/wp\/v2\/media\/136040"}],"wp:attachment":[{"href":"https:\/\/secureus.se\/fi\/wp-json\/wp\/v2\/media?parent=120197"}],"wp:term":[{"taxonomy":"product_brand","embeddable":true,"href":"https:\/\/secureus.se\/fi\/wp-json\/wp\/v2\/product_brand?post=120197"},{"taxonomy":"product_cat","embeddable":true,"href":"https:\/\/secureus.se\/fi\/wp-json\/wp\/v2\/product_cat?post=120197"},{"taxonomy":"product_tag","embeddable":true,"href":"https:\/\/secureus.se\/fi\/wp-json\/wp\/v2\/product_tag?post=120197"}],"curies":[{"name":"wp","href":"https:\/\/api.w.org\/{rel}","templated":true}]}}