{"id":132356,"date":"2024-11-26T10:28:52","date_gmt":"2024-11-26T09:28:52","guid":{"rendered":"https:\/\/secureus.se\/?post_type=product&#038;p=132356"},"modified":"2026-02-18T13:50:16","modified_gmt":"2026-02-18T12:50:16","slug":"risco-rw432kpp802a-panda-wireless-2-way-keypad-for-lightsys","status":"publish","type":"product","link":"https:\/\/secureus.se\/fi\/risco-rw432kpp802a-panda-wireless-2-way-keypad-for-lightsys\/","title":{"rendered":"RISCO Langaton 2-suuntainen n\u00e4pp\u00e4imist\u00f6 Prox-lukijalla \u2013 LightSYS Air- ja LightSYS+ -laitteille (valkoinen)"},"content":{"rendered":"<p data-start=\"673\" data-end=\"733\"><strong data-start=\"673\" data-end=\"731\">RISCO RW432KPP802A \u2013 Langaton 2-suuntainen n\u00e4pp\u00e4imist\u00f6 Prox-lukolla<\/strong><\/p>\n<p data-start=\"735\" data-end=\"1005\">RISCO RW432KPP802A on <strong data-start=\"760\" data-end=\"789\">langaton kaksisuuntainen n\u00e4pp\u00e4imist\u00f6<\/strong> LCD-n\u00e4yt\u00f6ll\u00e4, kehitetty k\u00e4ytett\u00e4v\u00e4ksi <strong data-start=\"836\" data-end=\"866\">LightSYS Air ja LightSYS+<\/strong>Se yhdist\u00e4\u00e4 <strong data-start=\"883\" data-end=\"935\">moderni muotoilu, helppok\u00e4ytt\u00f6isyys ja korkea turvallisuus<\/strong> joustavana ratkaisuna sek\u00e4 asuin- ett\u00e4 liikekiinteist\u00f6ille.<\/p>\n<p data-start=\"1007\" data-end=\"1448\"><strong data-start=\"1009\" data-end=\"1033\">Langaton asennus<\/strong> \u2013 nopea kokoonpano sis\u00e4\u00e4nrakennetun kiinnikkeen ansiosta<br data-start=\"1069\" data-end=\"1072\" \/><strong data-start=\"1074\" data-end=\"1089\">LCD-n\u00e4ytt\u00f6<\/strong> \u2013 selke\u00e4 j\u00e4rjestelm\u00e4n tila ja helppo navigointi<br data-start=\"1132\" data-end=\"1135\" \/><strong data-start=\"1137\" data-end=\"1171\">MIFARE RFID-lukija (13,56 MHz)<\/strong> \u2013 nopea ja turvallinen p\u00e4\u00e4sy l\u00e4himaksukorteilla<br data-start=\"1210\" data-end=\"1213\" \/><strong data-start=\"1215\" data-end=\"1239\">Visuaaliset ilmaisimet<\/strong> \u2013 n\u00e4ytt\u00e4\u00e4 j\u00e4rjestelm\u00e4n tilan, yhteyden Risco Cloudiin, virheet ja h\u00e4lytykset<br data-start=\"1303\" data-end=\"1306\" \/><strong data-start=\"1308\" data-end=\"1328\">Taktiset painikkeet<\/strong> \u2013 herkk\u00e4 ja kest\u00e4v\u00e4 luotettavaan k\u00e4ytt\u00f6\u00f6n<br data-start=\"1378\" data-end=\"1381\" \/><strong data-start=\"1383\" data-end=\"1408\">868 MHz:n tiedonsiirto<\/strong> \u2013 turvallinen ja vakaa langaton yhteys<\/p>\n<p data-start=\"1450\" data-end=\"1561\">N\u00e4pp\u00e4imist\u00f6 saa virtansa <strong data-start=\"1473\" data-end=\"1497\">4 x CR123A-paristoa<\/strong> ja on varustettu <strong data-start=\"1518\" data-end=\"1539\">sabotaasin vastainen suoja<\/strong> lis\u00e4turvallisuuden vuoksi.<\/p>\n<hr data-start=\"1563\" data-end=\"1566\" \/>\n<h3 data-start=\"1568\" data-end=\"1593\"><strong data-start=\"1572\" data-end=\"1591\">Tekniset tiedot<\/strong><\/h3>\n<ul data-start=\"1594\" data-end=\"1950\">\n<li data-start=\"1594\" data-end=\"1622\">\n<p data-start=\"1596\" data-end=\"1622\"><strong data-start=\"1596\" data-end=\"1607\">Malli:<\/strong> RW432KPP802A<\/p>\n<\/li>\n<li data-start=\"1623\" data-end=\"1640\">\n<p data-start=\"1625\" data-end=\"1640\"><strong data-start=\"1625\" data-end=\"1634\">Maali:<\/strong> Valkoinen<\/p>\n<\/li>\n<li data-start=\"1641\" data-end=\"1689\">\n<p data-start=\"1643\" data-end=\"1689\"><strong data-start=\"1643\" data-end=\"1662\">Yhteensopivuus:<\/strong> LightSYS Air ja LightSYS+<\/p>\n<\/li>\n<li data-start=\"1690\" data-end=\"1710\">\n<p data-start=\"1692\" data-end=\"1710\"><strong data-start=\"1692\" data-end=\"1704\">N\u00e4ytt\u00f6:<\/strong> LCD-n\u00e4ytt\u00f6<\/p>\n<\/li>\n<li data-start=\"1711\" data-end=\"1741\">\n<p data-start=\"1713\" data-end=\"1741\"><strong data-start=\"1713\" data-end=\"1722\">RFID-tunniste:<\/strong> MIFARE 13,56 MHz<\/p>\n<\/li>\n<li data-start=\"1742\" data-end=\"1773\">\n<p data-start=\"1744\" data-end=\"1773\"><strong data-start=\"1744\" data-end=\"1763\">Ty\u00f6taajuus:<\/strong> 868 MHz<\/p>\n<\/li>\n<li data-start=\"1774\" data-end=\"1820\">\n<p data-start=\"1776\" data-end=\"1820\"><strong data-start=\"1776\" data-end=\"1797\">Virtal\u00e4hde:<\/strong> 4 \u00d7 CR123A-paristoa<\/p>\n<\/li>\n<li data-start=\"1821\" data-end=\"1852\">\n<p data-start=\"1823\" data-end=\"1852\"><strong data-start=\"1823\" data-end=\"1832\">Mitata:<\/strong> 180 \u00d7 115 \u00d7 35 mm<\/p>\n<\/li>\n<li data-start=\"1853\" data-end=\"1872\">\n<p data-start=\"1855\" data-end=\"1872\"><strong data-start=\"1855\" data-end=\"1864\">Paino:<\/strong> 287 g<\/p>\n<\/li>\n<li data-start=\"1873\" data-end=\"1922\">\n<p data-start=\"1875\" data-end=\"1922\"><strong data-start=\"1875\" data-end=\"1892\">Asennus:<\/strong> Langaton kiinnitystelineell\u00e4<\/p>\n<\/li>\n<li data-start=\"1923\" data-end=\"1950\">\n<p data-start=\"1925\" data-end=\"1950\"><strong data-start=\"1925\" data-end=\"1935\">Suojaus:<\/strong> Sabotaasin vastainen<\/p>\n<\/li>\n<\/ul>","protected":false},"excerpt":{"rendered":"<p>RISCO RW432KPP802A on langaton kaksisuuntainen n\u00e4pp\u00e4imist\u00f6 LightSYS Air- ja LightSYS+-j\u00e4rjestelmille. LCD-n\u00e4yt\u00f6n, MIFARE RFID -lukijan ja modernin muotoilun ansiosta se tarjoaa yksinkertaisen, turvallisen ja joustavan ohjauksen.<\/p>","protected":false},"featured_media":133566,"template":"","meta":{"_acf_changed":false},"product_brand":[],"product_cat":[4880],"product_tag":[],"class_list":{"0":"post-132356","1":"product","2":"type-product","3":"status-publish","4":"has-post-thumbnail","6":"product_cat-lightsys-air-v6","7":"product_shipping_class-tunga-paket","8":"pa_brands-4risco","9":"tm-no-options","11":"first","12":"instock","13":"taxable","14":"shipping-taxable","15":"purchasable","16":"product-type-simple"},"acf":[],"_links":{"self":[{"href":"https:\/\/secureus.se\/fi\/wp-json\/wp\/v2\/product\/132356","targetHints":{"allow":["GET"]}}],"collection":[{"href":"https:\/\/secureus.se\/fi\/wp-json\/wp\/v2\/product"}],"about":[{"href":"https:\/\/secureus.se\/fi\/wp-json\/wp\/v2\/types\/product"}],"wp:featuredmedia":[{"embeddable":true,"href":"https:\/\/secureus.se\/fi\/wp-json\/wp\/v2\/media\/133566"}],"wp:attachment":[{"href":"https:\/\/secureus.se\/fi\/wp-json\/wp\/v2\/media?parent=132356"}],"wp:term":[{"taxonomy":"product_brand","embeddable":true,"href":"https:\/\/secureus.se\/fi\/wp-json\/wp\/v2\/product_brand?post=132356"},{"taxonomy":"product_cat","embeddable":true,"href":"https:\/\/secureus.se\/fi\/wp-json\/wp\/v2\/product_cat?post=132356"},{"taxonomy":"product_tag","embeddable":true,"href":"https:\/\/secureus.se\/fi\/wp-json\/wp\/v2\/product_tag?post=132356"}],"curies":[{"name":"wp","href":"https:\/\/api.w.org\/{rel}","templated":true}]}}