{"id":132488,"date":"2024-11-26T10:28:55","date_gmt":"2024-11-26T09:28:55","guid":{"rendered":"https:\/\/secureus.se\/?post_type=product&#038;p=132488"},"modified":"2026-03-19T10:26:00","modified_gmt":"2026-03-19T09:26:00","slug":"risco-rw432m08000a-128-zone-lightsys-air-panel-wifi-and-ip-868-mhz-white","status":"publish","type":"product","link":"https:\/\/secureus.se\/fi\/risco-rw432m08000a-128-zone-lightsys-air-panel-wifi-and-ip-868-mhz-white\/","title":{"rendered":"RISCO LightSYS -ilmakeskusyksikk\u00f6 - 128 vy\u00f6hykett\u00e4, WiFi ja IP, valkoinen"},"content":{"rendered":"<h1>RISCO RW432M08000A 128 vy\u00f6hyke LightSYS Air Panel, WiFi ja IP, 868 MHz, valkoinen<\/h1>\n<p data-start=\"426\" data-end=\"938\">RISCO RW432M08000A LightSYS -ilmakeskus on edistynyt ja langaton turvaratkaisu, jonka kapasiteetti on jopa 128 vy\u00f6hykett\u00e4, joten se sopii t\u00e4ydellisesti sek\u00e4 pienten ett\u00e4 suurten asennusten kattamiseen.<\/p>\n<p data-start=\"426\" data-end=\"938\">Paneelissa on integroitu WiFi ja IP saumattoman ja luotettavan yhteyden takaamiseksi, joten se sopii erinomaisesti k\u00e4ytett\u00e4v\u00e4ksi sek\u00e4 asuin- ett\u00e4 liikekiinteist\u00f6iss\u00e4.<\/p>\n<p data-start=\"426\" data-end=\"938\">Se toimii 868 MHz:n taajuudella varmistaakseen luotettavan suorituskyvyn ja vakaan tiedonsiirron kaikkien kytkettyjen laitteiden v\u00e4lill\u00e4.<\/p>\n<p data-start=\"940\" data-end=\"1253\">Nopean ja helpon asennusprosessin ansiosta LightSYS Air tarjoaa k\u00e4ytt\u00e4j\u00e4yst\u00e4v\u00e4llisen j\u00e4rjestelm\u00e4n, jota voidaan mukauttaa laajalla valikoimalla langattomia lis\u00e4varusteita.<\/p>\n<p data-start=\"940\" data-end=\"1253\">Asennatpa j\u00e4rjestelm\u00e4n kotiin tai liiketiloihin, edistynyt teknologia lis\u00e4\u00e4 turvallisuusratkaisusi turvallisuutta ja tehokkuutta.<\/p>","protected":false},"excerpt":{"rendered":"<p>RISCO RW432M08000A on 128-vy\u00f6hykkeinen LightSYS Air -keskus, jossa on WiFi ja IP, ja joka on suunniteltu sek\u00e4 asuin- ett\u00e4 liikeymp\u00e4rist\u00f6ihin.<\/p>\n<p>Se tarjoaa laajan kattavuuden langattomalla suojauksella ja luotettavalla suorituskyvyll\u00e4 868 MHz:n taajuudella.<\/p>","protected":false},"featured_media":133532,"template":"","meta":{"_acf_changed":false},"product_brand":[],"product_cat":[4880],"product_tag":[],"class_list":{"0":"post-132488","1":"product","2":"type-product","3":"status-publish","4":"has-post-thumbnail","6":"product_cat-lightsys-air-v6","7":"product_shipping_class-tunga-paket","8":"pa_brands-4risco","9":"tm-no-options","11":"first","12":"instock","13":"taxable","14":"shipping-taxable","15":"purchasable","16":"product-type-simple"},"acf":[],"_links":{"self":[{"href":"https:\/\/secureus.se\/fi\/wp-json\/wp\/v2\/product\/132488","targetHints":{"allow":["GET"]}}],"collection":[{"href":"https:\/\/secureus.se\/fi\/wp-json\/wp\/v2\/product"}],"about":[{"href":"https:\/\/secureus.se\/fi\/wp-json\/wp\/v2\/types\/product"}],"wp:featuredmedia":[{"embeddable":true,"href":"https:\/\/secureus.se\/fi\/wp-json\/wp\/v2\/media\/133532"}],"wp:attachment":[{"href":"https:\/\/secureus.se\/fi\/wp-json\/wp\/v2\/media?parent=132488"}],"wp:term":[{"taxonomy":"product_brand","embeddable":true,"href":"https:\/\/secureus.se\/fi\/wp-json\/wp\/v2\/product_brand?post=132488"},{"taxonomy":"product_cat","embeddable":true,"href":"https:\/\/secureus.se\/fi\/wp-json\/wp\/v2\/product_cat?post=132488"},{"taxonomy":"product_tag","embeddable":true,"href":"https:\/\/secureus.se\/fi\/wp-json\/wp\/v2\/product_tag?post=132488"}],"curies":[{"name":"wp","href":"https:\/\/api.w.org\/{rel}","templated":true}]}}