{"id":132640,"date":"2024-11-27T13:49:51","date_gmt":"2024-11-27T12:49:51","guid":{"rendered":"https:\/\/secureus.se\/ajax-manualcallpoint-rod-tradlos-brandlarmsknapp\/"},"modified":"2026-03-09T17:38:51","modified_gmt":"2026-03-09T16:38:51","slug":"ajax-manualcallpoint-rod-tradlos-brandlarmsknapp","status":"publish","type":"product","link":"https:\/\/secureus.se\/fi\/ajax-manualcallpoint-rod-tradlos-brandlarmsknapp\/","title":{"rendered":"Ajax ManualCallPoint Red - Langaton paloh\u00e4lytyspainike"},"content":{"rendered":"<h1><strong>Ajax ManualCallPoint Red<\/strong> on innovatiivinen, langaton paloh\u00e4lytyspainike, joka mahdollistaa nopean ja luotettavan paloh\u00e4lytyksen aktivoinnin h\u00e4t\u00e4tilanteissa.<\/h1>\n<p>Tyylikk\u00e4\u00e4n muotoilunsa ja edistyneiden toimintojensa ansiosta t\u00e4m\u00e4 palopainike on t\u00e4ydellinen valinta koteihin, yrityksiin ja julkisiin tiloihin.<\/p>\n<h4>Ominaisuudet ja edut<\/h4>\n<ul>\n<li><strong>Pikaaktivointi:<\/strong> Napin painalluksella sireenit aktivoituvat kaikissa paloilmaisimissa ja automaatiotilanteissa evakuoinnin tukemiseksi.<\/li>\n<li><strong>Ohjelmoitavat skenaariot:<\/strong> Ohjaa turvavalaistusta, ilmanvaihtoj\u00e4rjestelmi\u00e4, lukkoja ja energianhallintaa kiinteist\u00f6n suojaamiseksi.<\/li>\n<li><strong>Yhteensopivuus<\/strong>: Hub Plus, Hub 2, Hub2Plus, Hub Hybrid 2G ja 4G ja toistimet ReX ja ReX 2<\/li>\n<li><strong>Visuaalinen vahvistus:<\/strong> K\u00e4yt\u00e4 kameran ilmaisimia (PhOD) tai Ajax NVR:\u00e4\u00e4 tulipalon syiden nopeaan tunnistamiseen.<\/li>\n<li><strong>Helppo nollaus:<\/strong> Painike nollataan manuaalisesti mukana toimitetulla avaimella aktivoinnin j\u00e4lkeen.<\/li>\n<\/ul>\n<h4>Tekniset tiedot<\/h4>\n<ul>\n<li><strong>Maali:<\/strong> PUNAINEN<\/li>\n<li><strong>Viestint\u00e4protokolla:<\/strong> Jeweller, jopa 1700 metrin kantama avoimessa maastossa<\/li>\n<li><strong>Sertifiointi:<\/strong> EN 54-11:2001<\/li>\n<li><strong>Akun tyyppi:<\/strong> 2x CR2032, 3V (mukana)<\/li>\n<li><strong>Akun kesto:<\/strong> Jopa 7 vuotta<\/li>\n<li><strong>IP-luokitus:<\/strong> IP55 (p\u00f6lytiivis ja roisketiivis)<\/li>\n<li><strong>L\u00e4mp\u00f6tila-alue:<\/strong> 0\u00b0\u0421 - +50\u00b0\u0421<\/li>\n<li><strong>Mitata:<\/strong> 102 x 104 x 39 mm<\/li>\n<li><strong>Paino:<\/strong> 214 g<\/li>\n<\/ul>\n<h4>K\u00e4ytt\u00f6alueet<\/h4>\n<ul>\n<li>Koteja ja asuntoja<\/li>\n<li>Toimitilat ja toimistot<\/li>\n<li>Julkiset tilat, kuten koulut ja sairaalat<\/li>\n<li>Teollisuuskiinteist\u00f6t ja liikekeskukset<\/li>\n<\/ul>\n<h4>Toimituksen laajuus<\/h4>\n<ul>\n<li>Ajax ManualCallPoint Red<\/li>\n<li>2x litiumparistot (CR2032 esiasennettu)<\/li>\n<li>L\u00e4pin\u00e4kyv\u00e4 suojakuori<\/li>\n<li>K\u00e4ytt\u00f6ohjeet<\/li>\n<\/ul>\n<h4>Helppo asennus ja huolto<\/h4>\n<p>Painike toimitetaan k\u00e4ytt\u00f6valmiina ja muodostaa yhteyden Ajax-j\u00e4rjestelm\u00e4\u00e4n muutamalla napsautuksella sovelluksessa.<\/p>\n<p>Se ei vaadi s\u00e4\u00e4nn\u00f6llist\u00e4 manuaalista testausta automaattisen itsediagnoosin ja keskittimen kautta tapahtuvan reaaliaikaisen valvonnan ansiosta.<\/p>","protected":false},"excerpt":{"rendered":"<p>Langaton Ajaxin punainen paloh\u00e4lytyspainike manuaaliseen paloh\u00e4lyttimen aktivointiin. Aktivoi sireenit, automatisointiskenaariot ja l\u00e4hett\u00e4\u00e4 h\u00e4lytyksi\u00e4 sek\u00e4 k\u00e4ytt\u00e4jille ett\u00e4 h\u00e4lytyskeskukseen, jos t\u00e4m\u00e4 hyv\u00e4ksyt\u00e4\u00e4n. Kest\u00e4v\u00e4, luotettava ja sertifioitu EN 54-11:2001 mukaisesti. Yksinkertainen asennus ja pitk\u00e4 akun k\u00e4ytt\u00f6ik\u00e4 jopa 7 vuotta.<\/p>","protected":false},"featured_media":151922,"template":"","meta":{"_acf_changed":false},"product_brand":[],"product_cat":[3159,3165],"product_tag":[4863],"class_list":{"0":"post-132640","1":"product","2":"type-product","3":"status-publish","4":"has-post-thumbnail","6":"product_cat-brandvarnare","7":"product_cat-overfallslarm-knappar","8":"product_tag-pf","9":"pa_brands-ajax-systems","10":"pa_farg-rod","11":"tm-no-options","13":"first","14":"instock","15":"sale","16":"taxable","17":"shipping-taxable","18":"purchasable","19":"product-type-simple"},"acf":[],"_links":{"self":[{"href":"https:\/\/secureus.se\/fi\/wp-json\/wp\/v2\/product\/132640","targetHints":{"allow":["GET"]}}],"collection":[{"href":"https:\/\/secureus.se\/fi\/wp-json\/wp\/v2\/product"}],"about":[{"href":"https:\/\/secureus.se\/fi\/wp-json\/wp\/v2\/types\/product"}],"wp:featuredmedia":[{"embeddable":true,"href":"https:\/\/secureus.se\/fi\/wp-json\/wp\/v2\/media\/151922"}],"wp:attachment":[{"href":"https:\/\/secureus.se\/fi\/wp-json\/wp\/v2\/media?parent=132640"}],"wp:term":[{"taxonomy":"product_brand","embeddable":true,"href":"https:\/\/secureus.se\/fi\/wp-json\/wp\/v2\/product_brand?post=132640"},{"taxonomy":"product_cat","embeddable":true,"href":"https:\/\/secureus.se\/fi\/wp-json\/wp\/v2\/product_cat?post=132640"},{"taxonomy":"product_tag","embeddable":true,"href":"https:\/\/secureus.se\/fi\/wp-json\/wp\/v2\/product_tag?post=132640"}],"curies":[{"name":"wp","href":"https:\/\/api.w.org\/{rel}","templated":true}]}}