{"id":133412,"date":"2024-12-02T15:56:39","date_gmt":"2024-12-02T14:56:39","guid":{"rendered":"https:\/\/secureus.se\/aptusnyckel-stalbla\/"},"modified":"2026-03-26T11:23:31","modified_gmt":"2026-03-26T10:23:31","slug":"aptusnyckel-stalbla","status":"publish","type":"product","link":"https:\/\/secureus.se\/fi\/aptusnyckel-stalbla\/","title":{"rendered":"APTUS KEY TER\u00c4KSEN SININEN"},"content":{"rendered":"","protected":false},"excerpt":{"rendered":"<p>Kosketusvapaa avain avaimenreik\u00e4symbolissa, kaiverrettu numero 1-9 voidaan valita v\u00e4rein\u00e4 ter\u00e4ksensininen, tummansininen, vihre\u00e4, punainen.<\/p>","protected":false},"featured_media":133411,"template":"","meta":{"_acf_changed":false},"product_brand":[],"product_cat":[3841],"product_tag":[],"class_list":{"0":"post-133412","1":"product","2":"type-product","3":"status-publish","4":"has-post-thumbnail","6":"product_cat-aptus-taggar","7":"product_shipping_class-tunga-paket","8":"pa_brands-aptus","9":"tm-no-options","11":"first","12":"instock","13":"sale","14":"taxable","15":"shipping-taxable","16":"purchasable","17":"product-type-simple"},"acf":[],"_links":{"self":[{"href":"https:\/\/secureus.se\/fi\/wp-json\/wp\/v2\/product\/133412","targetHints":{"allow":["GET"]}}],"collection":[{"href":"https:\/\/secureus.se\/fi\/wp-json\/wp\/v2\/product"}],"about":[{"href":"https:\/\/secureus.se\/fi\/wp-json\/wp\/v2\/types\/product"}],"wp:featuredmedia":[{"embeddable":true,"href":"https:\/\/secureus.se\/fi\/wp-json\/wp\/v2\/media\/133411"}],"wp:attachment":[{"href":"https:\/\/secureus.se\/fi\/wp-json\/wp\/v2\/media?parent=133412"}],"wp:term":[{"taxonomy":"product_brand","embeddable":true,"href":"https:\/\/secureus.se\/fi\/wp-json\/wp\/v2\/product_brand?post=133412"},{"taxonomy":"product_cat","embeddable":true,"href":"https:\/\/secureus.se\/fi\/wp-json\/wp\/v2\/product_cat?post=133412"},{"taxonomy":"product_tag","embeddable":true,"href":"https:\/\/secureus.se\/fi\/wp-json\/wp\/v2\/product_tag?post=133412"}],"curies":[{"name":"wp","href":"https:\/\/api.w.org\/{rel}","templated":true}]}}