{"id":133527,"date":"2024-11-26T15:05:36","date_gmt":"2024-11-26T14:05:36","guid":{"rendered":"https:\/\/secureus.se\/?post_type=product&#038;p=133527"},"modified":"2026-03-24T11:03:34","modified_gmt":"2026-03-24T10:03:34","slug":"dorrstangarsats-dc500-paket-silver","status":"publish","type":"product","link":"https:\/\/secureus.se\/fi\/dorrstangarsats-dc500-paket-silver\/","title":{"rendered":"ASSA ABLOY DC500 Ovensuljin \u2013 T\u00e4ydellinen sarja \u2013 EN 1-4 \u2013 Liukuovi G195 \u2013 Hopea"},"content":{"rendered":"<p><strong>ASSA ABLOY DC500<\/strong> on moderni ja luotettava ovensuljin niille, jotka haluavat ulko-ovien, sis\u00e4ovien ja palo-ovien turvallisen, hallitun ja sujuvan sulkeutumisen. T\u00e4m\u00e4 malli toimitetaan <strong>t\u00e4ydellinen pakkaus<\/strong> hopeassa <strong>liukukisko G195<\/strong>, joten se on k\u00e4tev\u00e4 valinta sek\u00e4 uusiin asennuksiin ett\u00e4 korvaaviin asennuksiin.<\/p>\n<p>DC500 sopii oviin, joiden koko on enint\u00e4\u00e4n <strong>1100 mm<\/strong> ja sill\u00e4 on <strong>s\u00e4\u00e4dett\u00e4v\u00e4 sulkemisvoima EN 1-4<\/strong>. Ansiosta <strong>Cam Motion -teknologia<\/strong> Saat kevyemm\u00e4n avausvastuksen perinteiseen ovensulkimeen verrattuna s\u00e4ilytt\u00e4en samalla sulkeutumisvoiman. T\u00e4m\u00e4 tekee mallista hyv\u00e4n valinnan ovien ymp\u00e4rist\u00f6ihin, joissa toimivuus, mukavuus ja esteett\u00f6myys ovat t\u00e4rkeit\u00e4.<\/p>\n<h3>T\u00e4m\u00e4 sis\u00e4ltyy pakettiin<\/h3>\n<ul>\n<li>Ovensulkimen kotelo DC500<\/li>\n<li>Liukukisko G195<\/li>\n<li>Asennuslevy A120<\/li>\n<\/ul>\n<h3>Ominaisuudet<\/h3>\n<ul>\n<li>T\u00e4ydellinen sarja, jossa ovensulkimen kotelo, liukukisko ja asennuslevy<\/li>\n<li>S\u00e4\u00e4dett\u00e4v\u00e4 jousivoima <strong>FI 1-4<\/strong><\/li>\n<li>Sulkemismomentti <strong>9\u201326 Nm<\/strong><\/li>\n<li>Oven enimm\u00e4isleveys <strong>1100 mm<\/strong><\/li>\n<li>L\u00e4p\u00e4isyluokka <strong>C5<\/strong><\/li>\n<li>Cam Motion -teknologia kevyemp\u00e4\u00e4n avausvastukseen<\/li>\n<li>S\u00e4\u00e4dett\u00e4v\u00e4 varren korkeus jopa <strong>14 mm<\/strong> helpompaa asennusta varten<\/li>\n<li>S\u00e4\u00e4dett\u00e4v\u00e4 sulkeutumisnopeus<\/li>\n<li>S\u00e4\u00e4dett\u00e4v\u00e4 iskuvoima<\/li>\n<li>S\u00e4\u00e4dett\u00e4v\u00e4 avausjarru<\/li>\n<li>Avauskulma saranapuolella yl\u00f6sp\u00e4in noin. <strong>170\u00b0<\/strong><\/li>\n<li>Avauskulma pys\u00e4ytyspuolella jopa noin. <strong>120\u00b0<\/strong><\/li>\n<li>Hyv\u00e4ksytty standardin mukaisesti <strong>EN1154<\/strong><\/li>\n<li>Tyyppihyv\u00e4ksytty palo-oville <strong>EI60<\/strong><\/li>\n<li>Sopii vasen- ja oikeak\u00e4tisille oville<\/li>\n<li>Piilotettu asennuslevy<\/li>\n<li>Pintak\u00e4sittely: <strong>Hopea<\/strong><\/li>\n<\/ul>\n<h3>Toiminto<\/h3>\n<p>ASSA ABLOY DC500 on <strong>nokka-levyoven suljin<\/strong> jossa liukukiskoa k\u00e4ytet\u00e4\u00e4n samalla kun sulkemisvoima s\u00e4ilyy. Nokkalevytekniikan etuna on my\u00f6s se, ett\u00e4 avausvastus on pienempi suhteessa sulkemisvoimaan kuin tavallisessa ovensulkimessa.<\/p>\n<h3>T\u00e4rkeit\u00e4 tietoja kokoonpanon aikana<\/h3>\n<p>Asennettaessa <strong>ilmoitussivu<\/strong> yhdess\u00e4 <strong>liukukisko G195<\/strong> suositeltu <strong>avauspelti A153<\/strong> paremman ja hallitumman toiminnan saavuttamiseksi.<\/p>\n<h3>Mitata<\/h3>\n<ul>\n<li>Korkeus: <strong>64 mm<\/strong><\/li>\n<li>Syvyys: <strong>57 mm<\/strong><\/li>\n<li>Pituus: <strong>270 mm<\/strong><\/li>\n<\/ul>\n<h3>Sopii<\/h3>\n<ul>\n<li>etuovet<\/li>\n<li>sis\u00e4ovet<\/li>\n<li>palo-ovet<\/li>\n<li>sis\u00e4\u00e4nk\u00e4yntiovet<\/li>\n<li>kiinteist\u00f6t, toimistot ja julkiset tilat<\/li>\n<\/ul>\n<p>ASSA ABLOY DC500 on hyv\u00e4 valinta niille, jotka etsiv\u00e4t <strong>oven suljin liukukiskolla<\/strong> T\u00e4ydellisess\u00e4 sarjassa kevyempiin oviymp\u00e4rist\u00f6ihin. Saat luotettavan ovensulkimen, jolla on tasainen toiminta, hyv\u00e4t s\u00e4\u00e4dett\u00e4vyysmahdollisuudet ja huomaamaton ulkon\u00e4k\u00f6, joka sopii monenlaisiin kiinteist\u00f6ihin.<\/p>\n<div style=\"background: #f6f8fa;padding: 14px;border-radius: 6px;margin: 18px 0\"><strong>Tarvitsetko apua oikean ovensulkimen valinnassa?<\/strong><br \/>\nVertaile oven tyyppi\u00e4, oven leveytt\u00e4 ja varren muotoilua tai katso lis\u00e4\u00e4 malleja valikoimastamme.<br \/>\n<a style=\"font-weight: bold\" href=\"https:\/\/secureus.se\/fi\/dorrstangare-kompletta\/\"><br \/>\nKatso kaikki t\u00e4ydelliset ovensulkimet t\u00e4\u00e4lt\u00e4 \u2192<br \/>\n<\/a><\/div>","protected":false},"excerpt":{"rendered":"<p><strong>ASSA ABLOY DC500 -ovensuljin, t\u00e4ydellinen sarja, hopeanv\u00e4rinen<\/strong> liukukiskolla G195 ulko-ovien, sis\u00e4ovien ja palo-ovien turvalliseen ja hallittuun sulkemiseen. Sopii oviin, joiden koko on enint\u00e4\u00e4n <strong>1100 mm<\/strong> ja sill\u00e4 on <strong>Cam Motion -teknologia<\/strong> kevyemm\u00e4n avausvastuksen saavuttamiseksi.<\/p>\n<p>T\u00e4ydellinen sarja sis\u00e4lt\u00e4\u00e4: <strong>ovensulkimen kotelo DC500, liukukisko G195 ja asennuslevy A120<\/strong>. Mallissa on <strong>s\u00e4\u00e4dett\u00e4v\u00e4 sulkemisvoima EN 1-4<\/strong>, avausjarru ja sopii sek\u00e4 vasen- ett\u00e4 oikeak\u00e4tisille oville.<\/p>","protected":false},"featured_media":133525,"template":"","meta":{"_acf_changed":false},"product_brand":[],"product_cat":[3258,4864],"product_tag":[4863],"class_list":{"0":"post-133527","1":"product","2":"type-product","3":"status-publish","4":"has-post-thumbnail","6":"product_cat-dorrstangare","7":"product_cat-dorrstangare-kompletta","8":"product_tag-pf","9":"product_shipping_class-tunga-paket","10":"pa_brands-abloy","11":"tm-no-options","13":"first","14":"instock","15":"sale","16":"taxable","17":"shipping-taxable","18":"purchasable","19":"product-type-simple"},"acf":[],"_links":{"self":[{"href":"https:\/\/secureus.se\/fi\/wp-json\/wp\/v2\/product\/133527","targetHints":{"allow":["GET"]}}],"collection":[{"href":"https:\/\/secureus.se\/fi\/wp-json\/wp\/v2\/product"}],"about":[{"href":"https:\/\/secureus.se\/fi\/wp-json\/wp\/v2\/types\/product"}],"wp:featuredmedia":[{"embeddable":true,"href":"https:\/\/secureus.se\/fi\/wp-json\/wp\/v2\/media\/133525"}],"wp:attachment":[{"href":"https:\/\/secureus.se\/fi\/wp-json\/wp\/v2\/media?parent=133527"}],"wp:term":[{"taxonomy":"product_brand","embeddable":true,"href":"https:\/\/secureus.se\/fi\/wp-json\/wp\/v2\/product_brand?post=133527"},{"taxonomy":"product_cat","embeddable":true,"href":"https:\/\/secureus.se\/fi\/wp-json\/wp\/v2\/product_cat?post=133527"},{"taxonomy":"product_tag","embeddable":true,"href":"https:\/\/secureus.se\/fi\/wp-json\/wp\/v2\/product_tag?post=133527"}],"curies":[{"name":"wp","href":"https:\/\/api.w.org\/{rel}","templated":true}]}}