{"id":134611,"date":"2020-05-26T17:13:12","date_gmt":"2020-05-26T15:13:12","guid":{"rendered":"https:\/\/secureus.se\/kurvig-2\/"},"modified":"2025-12-31T19:34:17","modified_gmt":"2025-12-31T18:34:17","slug":"kurvig","status":"publish","type":"product","link":"https:\/\/secureus.se\/fi\/kurvig\/","title":{"rendered":"Kurvikas ovikyltti"},"content":{"rendered":"<p>Mitat: 130 x 50 mm<br \/>\nMateriaali: Messinki<br \/>\nPaino: 140 grammaa<br \/>\nPintak\u00e4sittely: Kirkkaaksi lakattu<\/p>\n<p>Tervetuloa kylttikauppaamme! T\u00e4\u00e4lt\u00e4 voit tutustua messinkisten ovikylttivalikoimaamme.<\/p>\n<p><em><strong><a href=\"https:\/\/dinskylt.se\/shop-dorrskyltar-massing\/\" target=\"_blank\" rel=\"noopener\">Napsauta haluamaasi kyltti\u00e4 ja kirjoita nimesi tuotteen rakentajaan osoitteessa https:\/\/dinskylt.se<\/a>\/<\/strong><\/em><\/p>\n<p>Kylttikaupassa n\u00e4et helposti etuk\u00e4teen, milt\u00e4 messinkiovikylttisi n\u00e4ytt\u00e4\u00e4. Kun olet tehnyt tilauksen, messinkiovikyltti kaiverretaan ja l\u00e4hetet\u00e4\u00e4n sinulle 24 tunnin kuluessa. Kaikki kyltimme valmistetaan Alings\u00e5sissa ja toimitetaan koko Pohjoismaihin 5 p\u00e4iv\u00e4n sis\u00e4ll\u00e4. Jos sinulla on kysytt\u00e4v\u00e4\u00e4 ovikylteist\u00e4mme, olet aina tervetullut ottamaan yhteytt\u00e4 meihin!<\/p>","protected":false},"excerpt":{"rendered":"<p>Huomaa, ett\u00e4 ostat kyltin designmyym\u00e4l\u00e4st\u00e4mme - Hinta on sama ja toimitus ilmainen.<\/p>\n<p>Jos Kim Kardashian olisi ovikyltti, t\u00e4m\u00e4 on se. Kurvikas, ainutlaatuinen ja katseenvangitsija.<\/p>\n<p>Py\u00f6ristetyill\u00e4 muodoilla t\u00e4m\u00e4 messinkinen ovikyltti on ilmeinen valinta niille, jotka haluavat koristella etuoven koriste-esineell\u00e4, jonka naapurisi pian unohtavat.<\/p>\n<h5><em><strong><a href=\"https:\/\/dinskylt.se\/shop-dorrskyltar-massing\/\" target=\"_blank\" rel=\"noopener\">T\u00e4\u00e4lt\u00e4 ostat ja muokkaat omilla nimill\u00e4si tuotteen rakentajassa osoitteessa https:\/\/dinskylt.se<\/a>\/<\/strong><\/em><\/h5>\n<p><img decoding=\"async\" class=\"alignnone wp-image-123502210 size-medium\" src=\"https:\/\/securityonline.se\/wp-content\/uploads\/2020\/07\/Skylt_499kr_dinskylt.se_-300x240.jpg\" alt=\"ovikyltit-messinki-korkein-laatu-brf\" width=\"300\" height=\"240\" \/><\/p>\n<p>Ps T\u00e4m\u00e4 pikkupala sopii t\u00e4ydellisesti Ei mainontaa -kylttiin, katso se\u00a0<a href=\"http:\/\/dinskylt.se\/product\/ingen-reklam-tack\/\">t\u00e4ss\u00e4<\/a>.<\/p>","protected":false},"featured_media":134609,"template":"","meta":{"_acf_changed":false},"product_brand":[],"product_cat":[2920],"product_tag":[],"class_list":{"0":"post-134611","1":"product","2":"type-product","3":"status-publish","4":"has-post-thumbnail","6":"product_cat-dorrskyltar-i-massing","7":"pa_available-n","8":"pa_available-y","9":"pa_brands-secureus","10":"pa_color-gold","11":"pa_color-silver","12":"pa_holes-y","13":"pa_holes-n","14":"tm-no-options","16":"first","17":"instock","18":"taxable","19":"shipping-taxable","20":"purchasable","21":"product-type-simple"},"acf":[],"_links":{"self":[{"href":"https:\/\/secureus.se\/fi\/wp-json\/wp\/v2\/product\/134611","targetHints":{"allow":["GET"]}}],"collection":[{"href":"https:\/\/secureus.se\/fi\/wp-json\/wp\/v2\/product"}],"about":[{"href":"https:\/\/secureus.se\/fi\/wp-json\/wp\/v2\/types\/product"}],"wp:featuredmedia":[{"embeddable":true,"href":"https:\/\/secureus.se\/fi\/wp-json\/wp\/v2\/media\/134609"}],"wp:attachment":[{"href":"https:\/\/secureus.se\/fi\/wp-json\/wp\/v2\/media?parent=134611"}],"wp:term":[{"taxonomy":"product_brand","embeddable":true,"href":"https:\/\/secureus.se\/fi\/wp-json\/wp\/v2\/product_brand?post=134611"},{"taxonomy":"product_cat","embeddable":true,"href":"https:\/\/secureus.se\/fi\/wp-json\/wp\/v2\/product_cat?post=134611"},{"taxonomy":"product_tag","embeddable":true,"href":"https:\/\/secureus.se\/fi\/wp-json\/wp\/v2\/product_tag?post=134611"}],"curies":[{"name":"wp","href":"https:\/\/api.w.org\/{rel}","templated":true}]}}