{"id":134615,"date":"2020-05-26T00:15:53","date_gmt":"2020-05-25T22:15:53","guid":{"rendered":"https:\/\/secureus.se\/klassiskdorrskylt-2\/"},"modified":"2025-12-31T19:34:13","modified_gmt":"2025-12-31T18:34:13","slug":"klassiskdorrskylt","status":"publish","type":"product","link":"https:\/\/secureus.se\/fi\/klassiskdorrskylt\/","title":{"rendered":"Klassinen ovikyltti"},"content":{"rendered":"<p>Huomaa, ett\u00e4 ostat kyltin designmyym\u00e4l\u00e4st\u00e4mme - Hinta on sama ja toimitus ilmainen.<\/p>\n<p><em><strong><a href=\"https:\/\/dinskylt.se\/shop-dorrskyltar-massing\/\" target=\"_blank\" rel=\"noopener\">Napsauta haluamaasi kyltti\u00e4 ja kirjoita nimesi tuotteen rakentajaan osoitteessa https:\/\/dinskylt.se<\/a>\/<\/strong><\/em><\/p>\n<p><img decoding=\"async\" class=\"alignnone wp-image-123502210 size-medium\" src=\"https:\/\/securityonline.se\/wp-content\/uploads\/2020\/07\/Skylt_499kr_dinskylt.se_-300x240.jpg\" alt=\"\" width=\"300\" height=\"240\" \/><\/p>\n<p>Mitat: 155 x 60 mm<br \/>\nMateriaali: Messinki<br \/>\nPaino: 250 grammaa<\/p>\n<p>Pintak\u00e4sittely: Kirkkaaksi lakattu<\/p>","protected":false},"excerpt":{"rendered":"<p>Huomaa, ett\u00e4 ostat kyltin designmyym\u00e4l\u00e4st\u00e4mme - Hinta on sama ja toimitus ilmainen.<\/p>\n<h5><em><strong><a href=\"https:\/\/dinskylt.se\/shop-dorrskyltar-massing\/\" target=\"_blank\" rel=\"noopener\">T\u00e4\u00e4lt\u00e4 ostat ja muokkaat omilla nimill\u00e4si tuotteen rakentajassa osoitteessa https:\/\/dinskylt.se<\/a>\/<\/strong><\/em><\/h5>\n<p><img decoding=\"async\" class=\"alignnone wp-image-123502210 size-medium\" src=\"https:\/\/securityonline.se\/wp-content\/uploads\/2020\/07\/Skylt_499kr_dinskylt.se_-300x240.jpg\" alt=\"ovikyltit-messinki-korkein-laatu-brf\" width=\"300\" height=\"240\" \/><\/p>\n<p>Jos George Clooney tilaisi ovikyltin koristamaan oveaan, se olisi t\u00e4m\u00e4.<\/p>\n<p>Klassinen messinginen ovikyltti kaikkien taiteen s\u00e4\u00e4nt\u00f6jen mukaan. Suorat linjat viistetyill\u00e4 eleganteilla reunoilla. T\u00e4m\u00e4 kyltti on ilmeinen valinta niille, jotka haluavat ylim\u00e4\u00e4r\u00e4ist\u00e4 kultaista reunaa arkeen, oveen ja ovikylttiin.<\/p>\n<p>Ps T\u00e4m\u00e4 pikkupala sopii t\u00e4ydellisesti Ei mainontaa -kylttiin, katso se <a href=\"http:\/\/dinskylt.se\/product\/ingen-reklam-tack\/\">t\u00e4ss\u00e4<\/a>.<\/p>","protected":false},"featured_media":134613,"template":"","meta":{"_acf_changed":false},"product_brand":[],"product_cat":[2920],"product_tag":[],"class_list":{"0":"post-134615","1":"product","2":"type-product","3":"status-publish","4":"has-post-thumbnail","6":"product_cat-dorrskyltar-i-massing","7":"pa_available-n","8":"pa_available-y","9":"pa_brands-secureus","10":"pa_color-gold","11":"pa_color-silver","12":"pa_holes-y","13":"pa_holes-n","14":"tm-no-options","16":"first","17":"instock","18":"taxable","19":"shipping-taxable","20":"purchasable","21":"product-type-simple"},"acf":[],"_links":{"self":[{"href":"https:\/\/secureus.se\/fi\/wp-json\/wp\/v2\/product\/134615","targetHints":{"allow":["GET"]}}],"collection":[{"href":"https:\/\/secureus.se\/fi\/wp-json\/wp\/v2\/product"}],"about":[{"href":"https:\/\/secureus.se\/fi\/wp-json\/wp\/v2\/types\/product"}],"wp:featuredmedia":[{"embeddable":true,"href":"https:\/\/secureus.se\/fi\/wp-json\/wp\/v2\/media\/134613"}],"wp:attachment":[{"href":"https:\/\/secureus.se\/fi\/wp-json\/wp\/v2\/media?parent=134615"}],"wp:term":[{"taxonomy":"product_brand","embeddable":true,"href":"https:\/\/secureus.se\/fi\/wp-json\/wp\/v2\/product_brand?post=134615"},{"taxonomy":"product_cat","embeddable":true,"href":"https:\/\/secureus.se\/fi\/wp-json\/wp\/v2\/product_cat?post=134615"},{"taxonomy":"product_tag","embeddable":true,"href":"https:\/\/secureus.se\/fi\/wp-json\/wp\/v2\/product_tag?post=134615"}],"curies":[{"name":"wp","href":"https:\/\/api.w.org\/{rel}","templated":true}]}}