{"id":137044,"date":"2024-06-12T13:12:56","date_gmt":"2024-06-12T11:12:56","guid":{"rendered":"https:\/\/secureus.se\/?post_type=product&#038;p=137044"},"modified":"2026-03-26T12:27:50","modified_gmt":"2026-03-26T11:27:50","slug":"provkit-solo-20-93-m-rok-barvaskor","status":"publish","type":"product","link":"https:\/\/secureus.se\/fi\/provkit-solo-20-93-m-rok-barvaskor\/","title":{"rendered":"Solo 20 -n\u00e4ytesarja \u2013 9,3 m (savu) \u2013 kantolaukut"},"content":{"rendered":"<h1>Solo 20 -n\u00e4ytesarja \u2013 9,3 m (savu) \u2013 kantolaukut<\/h1>\n<h3 data-start=\"299\" data-end=\"345\">Ammattimainen savuilmaisimen testipakkaus<\/h3>\n<p data-start=\"346\" data-end=\"559\">Solo 20 on t\u00e4ydellinen testisarja, joka on suunniteltu savuilmaisimien helppoon ja turvalliseen toiminnan testaamiseen korkeissa asennuksissa, jopa noin 9,3 metrin korkeudessa.<\/p>\n<p data-start=\"346\" data-end=\"559\">Pakkaus on optimoitu sek\u00e4 tehokkuutta ett\u00e4 helppok\u00e4ytt\u00f6ist\u00e4 kuljetusta silm\u00e4ll\u00e4 pit\u00e4en.<\/p>\n<h3 data-start=\"561\" data-end=\"585\">Solo 20:n sis\u00e4lt\u00f6<\/h3>\n<ul data-start=\"586\" data-end=\"1129\">\n<li data-start=\"586\" data-end=\"674\">\n<p data-start=\"588\" data-end=\"674\"><strong data-start=\"588\" data-end=\"616\">Ilmaisimen testaaja Solo 330<\/strong> \u2013 savuilmaisimien testaus Solo A5 -testikaasupulloilla.<\/p>\n<\/li>\n<li data-start=\"675\" data-end=\"833\">\n<p data-start=\"677\" data-end=\"833\"><strong data-start=\"677\" data-end=\"703\">Teleskooppivarsi Solo 100<\/strong> \u2013 pitk\u00e4, 4,5 m, nelj\u00e4ll\u00e4 lasikuitusegmentill\u00e4, voidaan yhdist\u00e4\u00e4 kolmeen Solo 101 -jatkovarteen, jolloin kokonaisulottuvuus on jopa 9,3 m.<\/p>\n<\/li>\n<li data-start=\"834\" data-end=\"912\">\n<p data-start=\"836\" data-end=\"912\"><strong data-start=\"836\" data-end=\"872\">3 \u00d7 Solo 101 -jatkotangot<\/strong> \u2013 lis\u00e4\u00e4 n\u00e4ytteen korkeutta ja joustavuutta.<\/p>\n<\/li>\n<li data-start=\"913\" data-end=\"1026\">\n<p data-start=\"915\" data-end=\"1026\"><strong data-start=\"915\" data-end=\"944\">Kantolaukku + viiri Solo 610<\/strong> \u2013 k\u00e4yt\u00e4nn\u00f6llinen s\u00e4ilytysj\u00e4rjestelm\u00e4, jossa on tilaa sauvoille, testereille ja testikaasupulloille.<\/p>\n<\/li>\n<li data-start=\"1027\" data-end=\"1129\">\n<p data-start=\"1029\" data-end=\"1129\"><strong data-start=\"1029\" data-end=\"1059\">3 \u00d7 Solo A5 -testikaasupulloa<\/strong> \u2013 optimoitu savuilmaisimille, riitt\u00e4\u00e4 noin 400 n\u00e4ytteeseen pulloa kohden.<\/p>\n<\/li>\n<\/ul>\n<h3 data-start=\"1131\" data-end=\"1163\">Helppo ja turvallinen k\u00e4ytt\u00f6<\/h3>\n<ol data-start=\"1164\" data-end=\"1431\">\n<li data-start=\"1164\" data-end=\"1223\">\n<p data-start=\"1167\" data-end=\"1223\">Ravista Solo A5 -testikaasupulloja ja asenna ne Solo 330 -laitteeseen.<\/p>\n<\/li>\n<li data-start=\"1224\" data-end=\"1268\">\n<p data-start=\"1227\" data-end=\"1268\">Kierr\u00e4 s\u00e4ili\u00f6 kiinni ja k\u00e4\u00e4nn\u00e4 sit\u00e4 \u00bc kierrosta.<\/p>\n<\/li>\n<li data-start=\"1269\" data-end=\"1351\">\n<p data-start=\"1272\" data-end=\"1351\">Aseta kuppi ilmaisimen ymp\u00e4rille, paina sit\u00e4 kevyesti kattoa vasten ja anna kaasun virrata ulos.<\/p>\n<\/li>\n<li data-start=\"1352\" data-end=\"1431\">\n<p data-start=\"1355\" data-end=\"1431\">Odota noin 10 sekuntia, kunnes ilmaisin h\u00e4lytt\u00e4\u00e4. Toista lyhyt testi tarvittaessa.<\/p>\n<\/li>\n<\/ol>\n<h3 data-start=\"1433\" data-end=\"1459\">Solo 20:n edut<\/h3>\n<ul data-start=\"1460\" data-end=\"1722\">\n<li data-start=\"1460\" data-end=\"1494\">\n<p data-start=\"1462\" data-end=\"1494\">T\u00e4ydellinen savuilmaisimien sarja<\/p>\n<\/li>\n<li data-start=\"1495\" data-end=\"1558\">\n<p data-start=\"1497\" data-end=\"1558\">Ylett\u00e4\u00e4 jopa 9,3 metriin teleskooppivarren ja jatkovarsien avulla<\/p>\n<\/li>\n<li data-start=\"1559\" data-end=\"1615\">\n<p data-start=\"1561\" data-end=\"1615\">Ammattimainen kantolaukku ja viiri helppoon kuljetukseen<\/p>\n<\/li>\n<li data-start=\"1616\" data-end=\"1675\">\n<p data-start=\"1618\" data-end=\"1675\">Helppo k\u00e4sitell\u00e4 ilmaisimien nopean nollauksen ansiosta<\/p>\n<\/li>\n<li data-start=\"1676\" data-end=\"1722\">\n<p data-start=\"1678\" data-end=\"1722\">Sopii useimpiin savuilmaisimiin<\/p>\n<\/li>\n<\/ul>\n<h3 data-start=\"1724\" data-end=\"1754\">Tekniset tiedot<\/h3>\n<ul data-start=\"1755\" data-end=\"2021\">\n<li data-start=\"1755\" data-end=\"1788\">\n<p data-start=\"1757\" data-end=\"1788\">Testikorkeus: jopa 9,3 m<\/p>\n<\/li>\n<li data-start=\"1789\" data-end=\"1858\">\n<p data-start=\"1791\" data-end=\"1858\">Sis\u00e4lt\u00f6: Solo 330, Solo 100, 3 \u00d7 Solo 101, Solo 610, 3 \u00d7 Solo A5<\/p>\n<\/li>\n<li data-start=\"1859\" data-end=\"1921\">\n<p data-start=\"1861\" data-end=\"1921\">Teleskooppivarren materiaali: Lasikuitu, s\u00e4hk\u00f6\u00e4 johtamaton<\/p>\n<\/li>\n<li data-start=\"1922\" data-end=\"1973\">\n<p data-start=\"1924\" data-end=\"1973\">Testikaasupullon kapasiteetti: noin 400 n\u00e4ytett\u00e4 pulloa kohden<\/p>\n<\/li>\n<li data-start=\"1974\" data-end=\"2021\">\n<p data-start=\"1976\" data-end=\"2021\">\n<\/li>\n<\/ul>","protected":false},"excerpt":{"rendered":"<p>Solo 20 -testisarja on t\u00e4ydellinen sarja jopa noin 9,3 metrin et\u00e4isyydell\u00e4 olevien savuilmaisimien toiminnan testaamiseen.<\/p>\n<p>Sis\u00e4lt\u00e4\u00e4 Solo 100 -teleskooppitangon, kolme Solo 101 -jatkovartta, Solo 330 -ilmaisimen testerin, kolme Solo A5 -testikaasupulloa sek\u00e4 Solo 610 -kantolaukun ja -viinin.<\/p>","protected":false},"featured_media":137043,"template":"","meta":{"_acf_changed":false},"product_brand":[],"product_cat":[2945,3849],"product_tag":[],"class_list":{"0":"post-137044","1":"product","2":"type-product","3":"status-publish","4":"has-post-thumbnail","6":"product_cat-solo","7":"product_cat-solo-kit","8":"product_shipping_class-tunga-paket","9":"pa_brands-solo","10":"tm-no-options","12":"first","13":"onbackorder","14":"taxable","15":"shipping-taxable","16":"purchasable","17":"product-type-simple"},"acf":[],"_links":{"self":[{"href":"https:\/\/secureus.se\/fi\/wp-json\/wp\/v2\/product\/137044","targetHints":{"allow":["GET"]}}],"collection":[{"href":"https:\/\/secureus.se\/fi\/wp-json\/wp\/v2\/product"}],"about":[{"href":"https:\/\/secureus.se\/fi\/wp-json\/wp\/v2\/types\/product"}],"wp:featuredmedia":[{"embeddable":true,"href":"https:\/\/secureus.se\/fi\/wp-json\/wp\/v2\/media\/137043"}],"wp:attachment":[{"href":"https:\/\/secureus.se\/fi\/wp-json\/wp\/v2\/media?parent=137044"}],"wp:term":[{"taxonomy":"product_brand","embeddable":true,"href":"https:\/\/secureus.se\/fi\/wp-json\/wp\/v2\/product_brand?post=137044"},{"taxonomy":"product_cat","embeddable":true,"href":"https:\/\/secureus.se\/fi\/wp-json\/wp\/v2\/product_cat?post=137044"},{"taxonomy":"product_tag","embeddable":true,"href":"https:\/\/secureus.se\/fi\/wp-json\/wp\/v2\/product_tag?post=137044"}],"curies":[{"name":"wp","href":"https:\/\/api.w.org\/{rel}","templated":true}]}}