{"id":137843,"date":"2024-06-05T12:50:22","date_gmt":"2024-06-05T10:50:22","guid":{"rendered":"https:\/\/secureus.se\/tradlos-powerg-co-detektor-pg8913-dsc\/"},"modified":"2026-04-01T11:04:51","modified_gmt":"2026-04-01T09:04:51","slug":"tradlos-powerg-co-detektor-pg8913-dsc","status":"publish","type":"product","link":"https:\/\/secureus.se\/fi\/tradlos-powerg-co-detektor-pg8913-dsc\/","title":{"rendered":"Langaton PowerG CO-ilmaisin PG8913 DSC"},"content":{"rendered":"<h1>Langaton PowerG CO-ilmaisin PG8913 DSC \u2013 Huippuluokan turvallisuus<\/h1>\n<p>The <strong>Langaton CO-ilmaisin PG8913 DSC:lt\u00e4<\/strong> on luotettava ratkaisu kotisi tai yrityksesi suojaamiseen vaarallisilta hiilimonoksidipitoisuuksilta (CO).<\/p>\n<p>Langattoman PowerG-tekniikan, visuaalisen ja akustisen h\u00e4lytyksen sek\u00e4 pitk\u00e4n akun k\u00e4ytt\u00f6i\u00e4n ansiosta t\u00e4m\u00e4 ilmaisin tarjoaa erinomaisen suorituskyvyn ja turvallisuuden.<\/p>\n<h5>P\u00e4\u00e4toiminnot<\/h5>\n<ul>\n<li><strong>Varhainen varoitus hiilidioksidin havaitsemisesta<\/strong>: Havaitsee nopeasti hiilimonoksidin ja antaa ennakkovaroituksen ennen kuin siit\u00e4 tulee vaarallinen.<\/li>\n<li><strong>Vahva h\u00e4lytys ja visuaalinen ilmaisin<\/strong>:\n<ul>\n<li>95 dB:n sis\u00e4\u00e4nrakennettu sireeni varmistaa, ett\u00e4 kaikki l\u00e4hell\u00e4 olevat saavat h\u00e4lytyksen.<\/li>\n<li>Vilkkuvat LED-valot visuaalista vahvistusta varten.<\/li>\n<\/ul>\n<\/li>\n<li><strong>Pitk\u00e4 akunkesto<\/strong>: Jopa 4 vuoden k\u00e4ytt\u00f6ik\u00e4 normaalissa k\u00e4yt\u00f6ss\u00e4, mik\u00e4 minimoi huollon.<\/li>\n<li><strong>Sertifioitu turvallisuus<\/strong>: T\u00e4ytt\u00e4\u00e4 tiukimmat turvallisuusstandardit, mukaan lukien EN 50291 (Eurooppa) ja UL 2075 (USA).<\/li>\n<li><strong>Testitoiminto<\/strong>: Automaattiset itsetestit ja manuaalinen testipainike optimaalisen toiminnan varmistamiseksi.<\/li>\n<li><strong>Alhaisen akun ilmaisin<\/strong>: Visuaalinen ja langaton ilmoitus, kun akku on vaihdettava.<\/li>\n<\/ul>\n<h5>Edut<\/h5>\n<ul>\n<li><strong>Langaton asennus<\/strong>: Nopea ja helppo asentaa ilman johtoja.<\/li>\n<li><strong>Ylivoimainen ulottuvuus<\/strong>: PowerG-tekniikka tarjoaa turvallisen ja luotettavan tiedonsiirron my\u00f6s suurissa kiinteist\u00f6iss\u00e4.<\/li>\n<li><strong>T\u00e4ydellinen kotiin ja yritykseen<\/strong>: Suojaa sek\u00e4 yksityisi\u00e4 koteja ett\u00e4 kaupallisia ymp\u00e4rist\u00f6j\u00e4.<\/li>\n<\/ul>\n<h5>Tekniset tiedot<\/h5>\n<ul>\n<li><strong>H\u00e4lytyssignaali<\/strong>: 95 dB \u00e4\u00e4nitaso.<\/li>\n<li><strong>Akun kesto<\/strong>: 4 vuotta normaalik\u00e4yt\u00f6ss\u00e4.<\/li>\n<li><strong>Sertifiointi<\/strong>: EN 50291, LPCB (UK) ja UL 2075 (USA).<\/li>\n<li><strong>Toiminnot<\/strong>: Automaattinen itsetesti, manuaalinen testipainike ja alhaisen akun ilmaisin.<\/li>\n<\/ul>\n<p>Kanssa <strong>PG8913 CO-ilmaisin<\/strong> voit varmistaa turvallisemman kodin ja turvallisemman ty\u00f6ymp\u00e4rist\u00f6n nopealla ja luotettavalla varoituksella h\u00e4k\u00e4vuodon sattuessa.<\/p>","protected":false},"excerpt":{"rendered":"<p>DSC:n langaton PowerG-CO-ilmaisin PG8913 varoittaa vaarallisista CO-tasoista varhaisessa vaiheessa.<\/p>\n<p>95 dB:n sireenin, LED-h\u00e4lyttimen ja pitk\u00e4n akunkeston ansiosta se on ihanteellinen koti- ja yritysturvallisuusasennuksiin.<\/p>","protected":false},"featured_media":137840,"template":"","meta":{"_acf_changed":false},"product_brand":[],"product_cat":[3319],"product_tag":[],"class_list":{"0":"post-137843","1":"product","2":"type-product","3":"status-publish","4":"has-post-thumbnail","6":"product_cat-brandvarnare-dsc-larm-neo-power-hybridlarm","7":"pa_brands-4dsc","8":"tm-no-options","10":"first","11":"instock","12":"sale","13":"taxable","14":"shipping-taxable","15":"purchasable","16":"product-type-simple"},"acf":[],"_links":{"self":[{"href":"https:\/\/secureus.se\/fi\/wp-json\/wp\/v2\/product\/137843","targetHints":{"allow":["GET"]}}],"collection":[{"href":"https:\/\/secureus.se\/fi\/wp-json\/wp\/v2\/product"}],"about":[{"href":"https:\/\/secureus.se\/fi\/wp-json\/wp\/v2\/types\/product"}],"wp:featuredmedia":[{"embeddable":true,"href":"https:\/\/secureus.se\/fi\/wp-json\/wp\/v2\/media\/137840"}],"wp:attachment":[{"href":"https:\/\/secureus.se\/fi\/wp-json\/wp\/v2\/media?parent=137843"}],"wp:term":[{"taxonomy":"product_brand","embeddable":true,"href":"https:\/\/secureus.se\/fi\/wp-json\/wp\/v2\/product_brand?post=137843"},{"taxonomy":"product_cat","embeddable":true,"href":"https:\/\/secureus.se\/fi\/wp-json\/wp\/v2\/product_cat?post=137843"},{"taxonomy":"product_tag","embeddable":true,"href":"https:\/\/secureus.se\/fi\/wp-json\/wp\/v2\/product_tag?post=137843"}],"curies":[{"name":"wp","href":"https:\/\/api.w.org\/{rel}","templated":true}]}}