{"id":138067,"date":"2024-06-12T13:12:59","date_gmt":"2024-06-12T11:12:59","guid":{"rendered":"https:\/\/secureus.se\/?post_type=product&#038;p=138067"},"modified":"2026-03-26T12:27:28","modified_gmt":"2026-03-26T11:27:28","slug":"provkit-solo-22-93-m-varme-rok-vaskor-nedtagare","status":"publish","type":"product","link":"https:\/\/secureus.se\/fi\/provkit-solo-22-93-m-varme-rok-vaskor-nedtagare\/","title":{"rendered":"Solo 22 -testisarja \u2013 9,3 m (l\u00e4mp\u00f6\/savu) \u2013 Laukut ja take-Down Kit"},"content":{"rendered":"<h1>Solo 22 -testisarja \u2013 9,3 m (l\u00e4mp\u00f6\/savu) \u2013 Laukut ja take-Down Kit<\/h1>\n<h3 data-start=\"361\" data-end=\"427\">T\u00e4ydellinen testisarja savu- ja l\u00e4mp\u00f6ilmaisimille jopa 9,3 metriin asti<\/h3>\n<p data-start=\"428\" data-end=\"646\">Solo 22 on ammattimainen testipakkaus, joka tarjoaa t\u00e4yden palvelun savu- ja l\u00e4mp\u00f6ilmaisimien testaukseen ja huoltoon suurissa tiloissa tai korkeissa katoissa.<\/p>\n<p data-start=\"428\" data-end=\"646\">Pakkaus on suunniteltu tehokkuutta, turvallisuutta ja helppoa kuljetusta silm\u00e4ll\u00e4 pit\u00e4en.<\/p>\n<h3 data-start=\"648\" data-end=\"672\">Solo 22:n sis\u00e4lt\u00f6<\/h3>\n<ul data-start=\"673\" data-end=\"1417\">\n<li data-start=\"673\" data-end=\"782\">\n<p data-start=\"675\" data-end=\"782\"><strong data-start=\"675\" data-end=\"703\">Ilmaisimen testaaja Solo 330<\/strong> \u2013 savu- ja h\u00e4k\u00e4ilmaisimien testaus Solo A5- ja Solo C3 -testikaasupulloilla.<\/p>\n<\/li>\n<li data-start=\"783\" data-end=\"941\">\n<p data-start=\"785\" data-end=\"941\"><strong data-start=\"785\" data-end=\"811\">Teleskooppivarsi Solo 100<\/strong> \u2013 pitk\u00e4, 4,5 m, nelj\u00e4ll\u00e4 lasikuitusegmentill\u00e4, voidaan yhdist\u00e4\u00e4 kolmeen Solo 101 -jatkovarteen, jolloin kokonaisulottuvuus on jopa 9,3 m.<\/p>\n<\/li>\n<li data-start=\"942\" data-end=\"1019\">\n<p data-start=\"944\" data-end=\"1019\"><strong data-start=\"944\" data-end=\"980\">3 \u00d7 Solo 101 -jatkotangot<\/strong> \u2013 tarjoaa maksimaalisen korkeuden ja joustavuuden.<\/p>\n<\/li>\n<li data-start=\"1020\" data-end=\"1123\">\n<p data-start=\"1022\" data-end=\"1123\"><strong data-start=\"1022\" data-end=\"1055\">Yleisk\u00e4ytt\u00f6inen irrotuslaite Solo 200<\/strong> \u2013 s\u00e4\u00e4dett\u00e4v\u00e4t kynnet useimpien palovaroittimien k\u00e4sittelyyn.<\/p>\n<\/li>\n<li data-start=\"1124\" data-end=\"1189\">\n<p data-start=\"1126\" data-end=\"1189\"><strong data-start=\"1126\" data-end=\"1149\">Toimitusjohtajan testaaja Solo 461<\/strong> \u2013 paristok\u00e4ytt\u00f6inen l\u00e4mp\u00f6ilmaisimen testaaja<\/p>\n<\/li>\n<li data-start=\"1190\" data-end=\"1292\">\n<p data-start=\"1192\" data-end=\"1292\"><strong data-start=\"1192\" data-end=\"1222\">3 \u00d7 Solo A5 -testikaasupulloa<\/strong> \u2013 optimoitu savuilmaisimille, riitt\u00e4\u00e4 noin 400 n\u00e4ytteeseen pulloa kohden.<\/p>\n<\/li>\n<li data-start=\"1293\" data-end=\"1417\">\n<p data-start=\"1295\" data-end=\"1417\"><strong data-start=\"1295\" data-end=\"1324\">Kantolaukku + viiri Solo 610<\/strong> \u2013 k\u00e4yt\u00e4nn\u00f6llinen s\u00e4ilytysj\u00e4rjestelm\u00e4, jossa on tilaa sauvoille, testereille, testikaasupulloille ja purkulaitteille.<\/p>\n<\/li>\n<\/ul>\n<h3 data-start=\"1419\" data-end=\"1451\">Helppo ja turvallinen k\u00e4ytt\u00f6<\/h3>\n<ol data-start=\"1452\" data-end=\"1788\">\n<li data-start=\"1452\" data-end=\"1511\">\n<p data-start=\"1455\" data-end=\"1511\">Ravista Solo A5 -testikaasupulloja ja asenna ne Solo 330 -laitteeseen.<\/p>\n<\/li>\n<li data-start=\"1512\" data-end=\"1556\">\n<p data-start=\"1515\" data-end=\"1556\">Kierr\u00e4 s\u00e4ili\u00f6 kiinni ja k\u00e4\u00e4nn\u00e4 sit\u00e4 \u00bc kierrosta.<\/p>\n<\/li>\n<li data-start=\"1557\" data-end=\"1639\">\n<p data-start=\"1560\" data-end=\"1639\">Aseta kuppi ilmaisimen ymp\u00e4rille, paina sit\u00e4 kevyesti kattoa vasten ja anna kaasun virrata ulos.<\/p>\n<\/li>\n<li data-start=\"1640\" data-end=\"1719\">\n<p data-start=\"1643\" data-end=\"1719\">Odota noin 10 sekuntia, kunnes ilmaisin h\u00e4lytt\u00e4\u00e4. Toista lyhyt testi tarvittaessa.<\/p>\n<\/li>\n<li data-start=\"1720\" data-end=\"1788\">\n<p data-start=\"1723\" data-end=\"1788\">L\u00e4mp\u00f6ilmaisintesteri\u00e4 Solo 461 k\u00e4ytet\u00e4\u00e4n l\u00e4mp\u00f6tila-antureille.<\/p>\n<\/li>\n<\/ol>\n<h3 data-start=\"1790\" data-end=\"1816\">Solo 22:n edut<\/h3>\n<ul data-start=\"1817\" data-end=\"2110\">\n<li data-start=\"1817\" data-end=\"1884\">\n<p data-start=\"1819\" data-end=\"1884\">T\u00e4ydelliset laitteet savu- ja l\u00e4mp\u00f6ilmaisimien testaamiseen<\/p>\n<\/li>\n<li data-start=\"1885\" data-end=\"1948\">\n<p data-start=\"1887\" data-end=\"1948\">Ylett\u00e4\u00e4 jopa 9,3 metriin teleskooppivarren ja jatkovarsien avulla<\/p>\n<\/li>\n<li data-start=\"1949\" data-end=\"2005\">\n<p data-start=\"1951\" data-end=\"2005\">Ammattimainen kantolaukku ja viiri helppoon kuljetukseen<\/p>\n<\/li>\n<li data-start=\"2006\" data-end=\"2049\">\n<p data-start=\"2008\" data-end=\"2049\">Sopii useimpiin ilmaisimiin<\/p>\n<\/li>\n<li data-start=\"2050\" data-end=\"2110\">\n<p data-start=\"2052\" data-end=\"2110\">Helppo k\u00e4ytt\u00f6 ilmaisimien nopean nollauksen ansiosta<\/p>\n<\/li>\n<\/ul>\n<h3 data-start=\"2112\" data-end=\"2142\">Tekniset tiedot<\/h3>\n<ul data-start=\"2143\" data-end=\"2440\">\n<li data-start=\"2143\" data-end=\"2176\">\n<p data-start=\"2145\" data-end=\"2176\">Testikorkeus: jopa 9,3 m<\/p>\n<\/li>\n<li data-start=\"2177\" data-end=\"2266\">\n<p data-start=\"2179\" data-end=\"2266\">Sis\u00e4lt\u00f6: Solo 330, Solo 461, Solo 100, 3 \u00d7 Solo 101, Solo 200, Solo 610, 3 \u00d7 Solo A5<\/p>\n<\/li>\n<li data-start=\"2267\" data-end=\"2329\">\n<p data-start=\"2269\" data-end=\"2329\">Teleskooppivarren materiaali: Lasikuitu, s\u00e4hk\u00f6\u00e4 johtamaton<\/p>\n<\/li>\n<li data-start=\"2330\" data-end=\"2381\">\n<p data-start=\"2332\" data-end=\"2381\">Testikaasupullon kapasiteetti: noin 400 n\u00e4ytett\u00e4 pulloa kohden<\/p>\n<\/li>\n<li data-start=\"2382\" data-end=\"2440\">\n<p data-start=\"2384\" data-end=\"2440\">Yhteensopiva seuraavien kanssa: Solo- ja Testifire-testerit, alasvientitesterit<\/p>\n<\/li>\n<\/ul>","protected":false},"excerpt":{"rendered":"<p>Solo 22 -testaussarja on t\u00e4ydellinen sarja savu- ja l\u00e4mp\u00f6ilmaisimien toiminnan testaamiseen noin 9,3 metriin asti. Sis\u00e4lt\u00e4\u00e4 Solo 100 -teleskooppitangon ja kolme Solo 101 -jatkovartta, Solo 330 -ilmaisintesterin, Solo 461 -l\u00e4mp\u00f6ilmaisintesterin, Solo 200 -irrotuslaitteen, kolme Solo A5 -testikaasupulloa sek\u00e4 Solo 610 -kantolaukun ja -viinin.<\/p>","protected":false},"featured_media":138066,"template":"","meta":{"_acf_changed":false},"product_brand":[],"product_cat":[3849,2945],"product_tag":[],"class_list":{"0":"post-138067","1":"product","2":"type-product","3":"status-publish","4":"has-post-thumbnail","6":"product_cat-solo-kit","7":"product_cat-solo","8":"product_shipping_class-tunga-paket","9":"tm-no-options","11":"first","12":"onbackorder","13":"taxable","14":"shipping-taxable","15":"purchasable","16":"product-type-simple"},"acf":[],"_links":{"self":[{"href":"https:\/\/secureus.se\/fi\/wp-json\/wp\/v2\/product\/138067","targetHints":{"allow":["GET"]}}],"collection":[{"href":"https:\/\/secureus.se\/fi\/wp-json\/wp\/v2\/product"}],"about":[{"href":"https:\/\/secureus.se\/fi\/wp-json\/wp\/v2\/types\/product"}],"wp:featuredmedia":[{"embeddable":true,"href":"https:\/\/secureus.se\/fi\/wp-json\/wp\/v2\/media\/138066"}],"wp:attachment":[{"href":"https:\/\/secureus.se\/fi\/wp-json\/wp\/v2\/media?parent=138067"}],"wp:term":[{"taxonomy":"product_brand","embeddable":true,"href":"https:\/\/secureus.se\/fi\/wp-json\/wp\/v2\/product_brand?post=138067"},{"taxonomy":"product_cat","embeddable":true,"href":"https:\/\/secureus.se\/fi\/wp-json\/wp\/v2\/product_cat?post=138067"},{"taxonomy":"product_tag","embeddable":true,"href":"https:\/\/secureus.se\/fi\/wp-json\/wp\/v2\/product_tag?post=138067"}],"curies":[{"name":"wp","href":"https:\/\/api.w.org\/{rel}","templated":true}]}}