{"id":138076,"date":"2024-06-12T13:12:58","date_gmt":"2024-06-12T11:12:58","guid":{"rendered":"https:\/\/secureus.se\/?post_type=product&#038;p=138076"},"modified":"2026-04-08T16:07:01","modified_gmt":"2026-04-08T14:07:01","slug":"provkit-solo-23-93-m-rok-vaskor-nedtagare","status":"publish","type":"product","link":"https:\/\/secureus.se\/fi\/provkit-solo-23-93-m-rok-vaskor-nedtagare\/","title":{"rendered":"Solo 23 -n\u00e4ytepakkaus \u2013 9,3 m (savu) \u2013 Laukut ja tavarat"},"content":{"rendered":"<h1>Solo 23 -n\u00e4ytepakkaus \u2013 9,3 m (savu) \u2013 Laukut ja tavarat<\/h1>\n<h3 data-start=\"319\" data-end=\"380\">Ammattimainen testisarja jopa 9,3 metrin savuilmaisimille<\/h3>\n<p data-start=\"381\" data-end=\"561\">Solo 23 on tehokas testipakkaus, joka tarjoaa t\u00e4yden palvelun savuilmaisimien testaukseen ja huoltoon korkeissa rakennuksissa.<\/p>\n<p data-start=\"381\" data-end=\"561\">Pakkaus on suunniteltu helppoa k\u00e4sittely\u00e4, turvallisuutta ja kuljetusta silm\u00e4ll\u00e4 pit\u00e4en.<\/p>\n<h3 data-start=\"563\" data-end=\"587\">Solo 23:n sis\u00e4lt\u00f6<\/h3>\n<ul data-start=\"588\" data-end=\"1234\">\n<li data-start=\"588\" data-end=\"676\">\n<p data-start=\"590\" data-end=\"676\"><strong data-start=\"590\" data-end=\"618\">Ilmaisimen testaaja Solo 330<\/strong> \u2013 savuilmaisimien testaus Solo A5 -testikaasupulloilla.<\/p>\n<\/li>\n<li data-start=\"677\" data-end=\"835\">\n<p data-start=\"679\" data-end=\"835\"><strong data-start=\"679\" data-end=\"705\">Teleskooppivarsi Solo 100<\/strong> \u2013 pitk\u00e4, 4,5 m, nelj\u00e4ll\u00e4 lasikuitusegmentill\u00e4, voidaan yhdist\u00e4\u00e4 kolmeen Solo 101 -jatkovarteen, jolloin kokonaisulottuvuus on jopa 9,3 m.<\/p>\n<\/li>\n<li data-start=\"836\" data-end=\"913\">\n<p data-start=\"838\" data-end=\"913\"><strong data-start=\"838\" data-end=\"874\">3 \u00d7 Solo 101 -jatkotangot<\/strong> \u2013 tarjoaa maksimaalisen korkeuden ja joustavuuden.<\/p>\n<\/li>\n<li data-start=\"914\" data-end=\"1017\">\n<p data-start=\"916\" data-end=\"1017\"><strong data-start=\"916\" data-end=\"949\">Yleisk\u00e4ytt\u00f6inen irrotuslaite Solo 200<\/strong> \u2013 s\u00e4\u00e4dett\u00e4v\u00e4t kynnet useimpien palovaroittimien k\u00e4sittelyyn.<\/p>\n<\/li>\n<li data-start=\"1018\" data-end=\"1120\">\n<p data-start=\"1020\" data-end=\"1120\"><strong data-start=\"1020\" data-end=\"1050\">3 \u00d7 Solo A5 -testikaasupulloa<\/strong> \u2013 optimoitu savuilmaisimille, riitt\u00e4\u00e4 noin 400 n\u00e4ytteeseen pulloa kohden.<\/p>\n<\/li>\n<li data-start=\"1121\" data-end=\"1234\">\n<p data-start=\"1123\" data-end=\"1234\"><strong data-start=\"1123\" data-end=\"1152\">Kantolaukku + viiri Solo 610<\/strong> \u2013 k\u00e4yt\u00e4nn\u00f6llinen s\u00e4ilytysj\u00e4rjestelm\u00e4, jossa on tilaa sauvoille, testereille ja testikaasupulloille.<\/p>\n<\/li>\n<\/ul>\n<h3 data-start=\"1236\" data-end=\"1268\">Helppo ja turvallinen k\u00e4ytt\u00f6<\/h3>\n<ol data-start=\"1269\" data-end=\"1536\">\n<li data-start=\"1269\" data-end=\"1328\">\n<p data-start=\"1272\" data-end=\"1328\">Ravista Solo A5 -testikaasupulloja ja asenna ne Solo 330 -laitteeseen.<\/p>\n<\/li>\n<li data-start=\"1329\" data-end=\"1373\">\n<p data-start=\"1332\" data-end=\"1373\">Kierr\u00e4 s\u00e4ili\u00f6 kiinni ja k\u00e4\u00e4nn\u00e4 sit\u00e4 \u00bc kierrosta.<\/p>\n<\/li>\n<li data-start=\"1374\" data-end=\"1456\">\n<p data-start=\"1377\" data-end=\"1456\">Aseta kuppi ilmaisimen ymp\u00e4rille, paina sit\u00e4 kevyesti kattoa vasten ja anna kaasun virrata ulos.<\/p>\n<\/li>\n<li data-start=\"1457\" data-end=\"1536\">\n<p data-start=\"1460\" data-end=\"1536\">Odota noin 10 sekuntia, kunnes ilmaisin h\u00e4lytt\u00e4\u00e4. Toista lyhyt testi tarvittaessa.<\/p>\n<\/li>\n<\/ol>\n<h3 data-start=\"1538\" data-end=\"1564\">Solo 23:n edut<\/h3>\n<ul data-start=\"1565\" data-end=\"1843\">\n<li data-start=\"1565\" data-end=\"1618\">\n<p data-start=\"1567\" data-end=\"1618\">T\u00e4ydelliset laitteet savuilmaisimien testaamiseen<\/p>\n<\/li>\n<li data-start=\"1619\" data-end=\"1682\">\n<p data-start=\"1621\" data-end=\"1682\">Ylett\u00e4\u00e4 jopa 9,3 metriin teleskooppivarren ja jatkovarsien avulla<\/p>\n<\/li>\n<li data-start=\"1683\" data-end=\"1739\">\n<p data-start=\"1685\" data-end=\"1739\">Ammattimainen kantolaukku ja viiri helppoon kuljetukseen<\/p>\n<\/li>\n<li data-start=\"1740\" data-end=\"1783\">\n<p data-start=\"1742\" data-end=\"1783\">Sopii useimpiin ilmaisimiin<\/p>\n<\/li>\n<li data-start=\"1784\" data-end=\"1843\">\n<p data-start=\"1786\" data-end=\"1843\">Helppo k\u00e4sitell\u00e4 ja ilmaisimien nopea nollaus<\/p>\n<\/li>\n<\/ul>\n<h3 data-start=\"1845\" data-end=\"1875\">Tekniset tiedot<\/h3>\n<ul data-start=\"1876\" data-end=\"2163\">\n<li data-start=\"1876\" data-end=\"1909\">\n<p data-start=\"1878\" data-end=\"1909\">Testikorkeus: jopa 9,3 m<\/p>\n<\/li>\n<li data-start=\"1910\" data-end=\"1989\">\n<p data-start=\"1912\" data-end=\"1989\">Sis\u00e4lt\u00f6: Solo 330, Solo 100, 3 \u00d7 Solo 101, Solo 200, Solo 610, 3 \u00d7 Solo A5<\/p>\n<\/li>\n<li data-start=\"1990\" data-end=\"2052\">\n<p data-start=\"1992\" data-end=\"2052\">Teleskooppivarren materiaali: Lasikuitu, s\u00e4hk\u00f6\u00e4 johtamaton<\/p>\n<\/li>\n<li data-start=\"2053\" data-end=\"2104\">\n<p data-start=\"2055\" data-end=\"2104\">Testikaasupullon kapasiteetti: noin 400 n\u00e4ytett\u00e4 pulloa kohden<\/p>\n<\/li>\n<li data-start=\"2105\" data-end=\"2163\">\n<p data-start=\"2107\" data-end=\"2163\">Yhteensopiva seuraavien kanssa: Solo- ja Testifire-testerit, alasvientitesterit<\/p>\n<\/li>\n<\/ul>","protected":false},"excerpt":{"rendered":"<p>Solo 23 -testaussarja on t\u00e4ydellinen sarja savuilmaisimien toiminnan testaamiseen noin 9,3 metriin asti. Sis\u00e4lt\u00e4\u00e4 Solo 100 -teleskooppitangon ja kolme Solo 101 -jatkovartta, Solo 330 -ilmaisintesterin, Solo 200 -laskulaitteen, kolme Solo A5 -testikaasupulloa sek\u00e4 Solo 610 -kantolaukun ja -viinin.<\/p>","protected":false},"featured_media":138075,"template":"","meta":{"_acf_changed":false},"product_brand":[],"product_cat":[2945,3849],"product_tag":[],"class_list":{"0":"post-138076","1":"product","2":"type-product","3":"status-publish","4":"has-post-thumbnail","6":"product_cat-solo","7":"product_cat-solo-kit","8":"product_shipping_class-tunga-paket","9":"tm-no-options","11":"first","12":"instock","13":"taxable","14":"shipping-taxable","15":"purchasable","16":"product-type-simple"},"acf":[],"_links":{"self":[{"href":"https:\/\/secureus.se\/fi\/wp-json\/wp\/v2\/product\/138076","targetHints":{"allow":["GET"]}}],"collection":[{"href":"https:\/\/secureus.se\/fi\/wp-json\/wp\/v2\/product"}],"about":[{"href":"https:\/\/secureus.se\/fi\/wp-json\/wp\/v2\/types\/product"}],"wp:featuredmedia":[{"embeddable":true,"href":"https:\/\/secureus.se\/fi\/wp-json\/wp\/v2\/media\/138075"}],"wp:attachment":[{"href":"https:\/\/secureus.se\/fi\/wp-json\/wp\/v2\/media?parent=138076"}],"wp:term":[{"taxonomy":"product_brand","embeddable":true,"href":"https:\/\/secureus.se\/fi\/wp-json\/wp\/v2\/product_brand?post=138076"},{"taxonomy":"product_cat","embeddable":true,"href":"https:\/\/secureus.se\/fi\/wp-json\/wp\/v2\/product_cat?post=138076"},{"taxonomy":"product_tag","embeddable":true,"href":"https:\/\/secureus.se\/fi\/wp-json\/wp\/v2\/product_tag?post=138076"}],"curies":[{"name":"wp","href":"https:\/\/api.w.org\/{rel}","templated":true}]}}