{"id":138488,"date":"2024-03-07T14:44:15","date_gmt":"2024-03-07T13:44:15","guid":{"rendered":"https:\/\/secureus.se\/optex-flx-p-st-flipx-professional-indoor-pir-with-dual-technology\/"},"modified":"2025-12-31T21:05:19","modified_gmt":"2025-12-31T20:05:19","slug":"optex-flx-p-st-flipx-professional-indoor-pir-with-dual-technology","status":"publish","type":"product","link":"https:\/\/secureus.se\/fi\/optex-flx-p-st-flipx-professional-indoor-pir-with-dual-technology\/","title":{"rendered":"Optex FLX-P-ST Professional FlipX PIR-ilmaisin 15 metrin kulma tai pitk\u00e4 s\u00e4de 24 metri\u00e4"},"content":{"rendered":"<h1><strong>Optex FLX-P-ST FlipX \u2013 Kehittynyt PIR-tunnistin ainutlaatuisella s\u00e4\u00e4dett\u00e4v\u00e4ll\u00e4 linssill\u00e4<\/strong><\/h1>\n<p>Optex FLX-P-ST FlipX on ammattimainen PIR-anturi, joka tarjoaa innovatiivisen ratkaisun sis\u00e4tilojen liikkeentunnistukseen.<\/p>\n<p>Ainutlaatuisella ominaisuudellaan \u2013 180\u00b0 k\u00e4\u00e4ntyv\u00e4ll\u00e4 linssill\u00e4 \u2013 t\u00e4m\u00e4 ilmaisin antaa k\u00e4ytt\u00e4jille t\u00e4ydellisen joustavuuden tunnistusalueen mukauttamisessa erilaisiin tarpeisiin ja ymp\u00e4rist\u00f6ihin.<\/p>\n<p>FlipX-sarja on yksi Optexin edistyneimmist\u00e4 tuotelinjoista ja sopii kaikkeen asuinrakennuksista kaupallisten kiinteist\u00f6jen kehittyneisiin turvaj\u00e4rjestelmiin.<\/p>\n<p><strong>Ainutlaatuinen 180\u00b0 k\u00e4\u00e4ntyv\u00e4 linssi mukautettua tunnistusta varten:<\/strong> Yksi Optex FLX-P-ST:n merkitt\u00e4vimmist\u00e4 ominaisuuksista on sen 180\u00b0 k\u00e4\u00e4ntyv\u00e4 linssi.<\/p>\n<p>T\u00e4m\u00e4 ainutlaatuinen muotoilu mahdollistaa tunnistuskuvion mukauttamisen tavalla, joka ei ole aikaisemmin ollut mahdollista perinteisill\u00e4 PIR-ilmaisimilla.<\/p>\n<p>Yksinkertaisesti irrottamalla suojus ja k\u00e4\u00e4nt\u00e4m\u00e4ll\u00e4 linssi\u00e4 k\u00e4ytt\u00e4j\u00e4 voi s\u00e4\u00e4t\u00e4\u00e4 tunnistuskulmaa leve\u00e4st\u00e4 85\u00b0 kattaakseen suuret avoimet alueet kapeaan 5\u00b0 kulmaan, joka on t\u00e4ydellinen pitkien k\u00e4yt\u00e4vien tai ikkunoiden peitt\u00e4miseen.<\/p>\n<p>T\u00e4m\u00e4 ominaisuus tarjoaa poikkeuksellisen joustavuuden vastaamaan kunkin huoneen tai alueen erityisiin turvallisuustarpeisiin.<\/p>\n<p><strong>Parannettu tunnistustekniikka pyros\u00e4hk\u00f6isill\u00e4 elementeill\u00e4:<\/strong> FlipX-sarja on varustettu uusimmilla pyros\u00e4hk\u00f6isill\u00e4 elementeill\u00e4, mik\u00e4 mahdollistaa liikkeen havaitsemisen tarkemmin ja luotettavammin kuin monet muut perinteiset PIR-ilmaisimet.<\/p>\n<p>N\u00e4m\u00e4 elementit reagoivat nopeasti infrapunas\u00e4teilyn muutoksiin, jolloin FLX-P-ST tunnistaa tehokkaasti ihmisten liikkeet ja suodattaa samalla ei-toivotut h\u00e4iri\u00f6t, kuten el\u00e4imet tai liikkumattomat esineet.<\/p>\n<p><strong>Joustava asennus asuin- ja liikekiinteist\u00f6ihin:<\/strong> Optex FLX-P-ST FlipX on suunniteltu yht\u00e4 tehokkaaksi sek\u00e4 pieniss\u00e4 ett\u00e4 suurissa ymp\u00e4rist\u00f6iss\u00e4.<\/p>\n<p>Haluatpa tarkkailla avointa toimistomaisemaa tai ahtasta k\u00e4yt\u00e4v\u00e4huonetta, voit s\u00e4\u00e4t\u00e4\u00e4 ilmaisinta optimaalisen peiton ja turvallisuuden takaamiseksi.<\/p>\n<p>Tunnistin on helppo asentaa ja se voidaan asentaa sein\u00e4lle tai kattoon tunnistustarpeen mukaan, ja s\u00e4\u00e4dett\u00e4v\u00e4 linssi helpottaa asennusta entisest\u00e4\u00e4n.<\/p>\n<p><strong>LED-lamppu selke\u00e4\u00e4n ilmaisuun:<\/strong> FLX-P-ST on varustettu n\u00e4kyv\u00e4ll\u00e4 LED-valolla, jotta k\u00e4ytt\u00e4j\u00e4t saisivat nopean ja selke\u00e4n visuaalisen ilmaisun laitteen tilasta.<\/p>\n<p>T\u00e4m\u00e4 valo antaa v\u00e4litt\u00f6m\u00e4n visuaalisen signaalin, ett\u00e4 ilmaisin on aktiivinen tai havaitsee liikett\u00e4, mik\u00e4 helpottaa sek\u00e4 asennusta ett\u00e4 k\u00e4ytt\u00f6\u00e4. LED-valo helpottaa my\u00f6s laitteen testaamista ja s\u00e4\u00e4t\u00e4mist\u00e4 sen varmistamiseksi, ett\u00e4 se on asetettu oikein optimaalista suorituskyky\u00e4 varten.<\/p>\n<p><strong>Yhteensopivuus ja integrointi:<\/strong> FLX-P-ST on yhteensopiva kaikkien Optex-turvaj\u00e4rjestelmien ja muiden turvaratkaisujen kanssa, mik\u00e4 tekee siit\u00e4 helpon integroinnin nykyiseen turvaverkkoosi.<\/p>\n<p>Sen joustavuus havaitsemisessa tekee siit\u00e4 hy\u00f6dyllisen monissa erilaisissa sovelluksissa, yksityisasunnoista suurempiin kaupallisiin turvaj\u00e4rjestelmiin.<\/p>\n<p><strong>Pitk\u00e4 kest\u00e4vyys ja luotettavuus:<\/strong> Optex tunnetaan korkealaatuisten tuotteiden luomisesta, eik\u00e4 FLX-P-ST FlipX ole poikkeus.<\/p>\n<p>Se on rakennettu kest\u00e4v\u00e4ksi ja luotettavaksi, ja innovatiivisilla tekniikoillaan se tarjoaa pitk\u00e4kestoisen suorituskyvyn ja jatkuvan suojan. Asennus on nopeaa ja helppoa, ja yksik\u00f6n k\u00e4ytt\u00f6ik\u00e4 on pitk\u00e4, mik\u00e4 tekee siit\u00e4 kustannustehokkaan vaihtoehdon pitk\u00e4ll\u00e4 aikav\u00e4lill\u00e4.<\/p>\n<p><strong>Tekniset tiedot:<\/strong><\/p>\n<ul>\n<li><strong>Tunnistustekniikka:<\/strong> PIR (Passive Infrared) ja pyros\u00e4hk\u00f6inen elementti<\/li>\n<li><strong>Py\u00f6ritett\u00e4v\u00e4 linssi:<\/strong> 180\u00b0 s\u00e4\u00e4dett\u00e4v\u00e4\u00e4 tunnistuskulmaa varten<\/li>\n<li><strong>Tunnistuskulma:<\/strong> S\u00e4\u00e4dett\u00e4viss\u00e4 5\u00b0 - 85\u00b0<\/li>\n<li><strong>LED-merkkivalo:<\/strong> Kyll\u00e4, visuaalista tilailmaisua varten<\/li>\n<li><strong>Ty\u00f6alue:<\/strong> Asuin-, liikekiinteist\u00f6t, k\u00e4yt\u00e4v\u00e4t ja k\u00e4yt\u00e4v\u00e4t<\/li>\n<li><strong>L\u00e4mp\u00f6tila-alue:<\/strong> -10\u00b0C - +50\u00b0C<\/li>\n<li><strong>Asennus:<\/strong> Asennus sein\u00e4\u00e4n tai kattoon<\/li>\n<li><strong>Mitata:<\/strong> 80 x 50 x 50 mm<\/li>\n<li><strong>Paino:<\/strong> 150 g<\/li>\n<\/ul>","protected":false},"excerpt":{"rendered":"<p>Optex FLX-P-ST FlipX on ammattimainen PIR-anturi sis\u00e4k\u00e4ytt\u00f6\u00f6n, joka on varustettu ainutlaatuisella 180\u00b0 k\u00e4\u00e4ntyv\u00e4ll\u00e4 linssill\u00e4 r\u00e4\u00e4t\u00e4l\u00f6ity\u00e4 havaitsemista varten.<\/p>\n<p>T\u00e4ydellinen sek\u00e4 asuin- ett\u00e4 liikekiinteist\u00f6ihin, se tarjoaa joustavan peiton s\u00e4\u00e4dett\u00e4v\u00e4ll\u00e4 tunnistuskulmalla.<\/p>","protected":false},"featured_media":138481,"template":"","meta":{"_acf_changed":false},"product_brand":[],"product_cat":[1325],"product_tag":[2989,2145,2465],"class_list":{"0":"post-138488","1":"product","2":"type-product","3":"status-publish","4":"has-post-thumbnail","6":"product_cat-larmgivare-skalskydd","7":"product_tag-egen-logo-ej-taggar-kort","8":"product_tag-rorelsedetektor-ir-detektorer","9":"product_tag-sbsc-larmklass2","10":"product_shipping_class-postnord-varubrev","11":"pa_brands-optex","12":"tm-no-options","14":"first","15":"instock","16":"featured","17":"taxable","18":"shipping-taxable","19":"purchasable","20":"product-type-simple"},"acf":[],"_links":{"self":[{"href":"https:\/\/secureus.se\/fi\/wp-json\/wp\/v2\/product\/138488","targetHints":{"allow":["GET"]}}],"collection":[{"href":"https:\/\/secureus.se\/fi\/wp-json\/wp\/v2\/product"}],"about":[{"href":"https:\/\/secureus.se\/fi\/wp-json\/wp\/v2\/types\/product"}],"wp:featuredmedia":[{"embeddable":true,"href":"https:\/\/secureus.se\/fi\/wp-json\/wp\/v2\/media\/138481"}],"wp:attachment":[{"href":"https:\/\/secureus.se\/fi\/wp-json\/wp\/v2\/media?parent=138488"}],"wp:term":[{"taxonomy":"product_brand","embeddable":true,"href":"https:\/\/secureus.se\/fi\/wp-json\/wp\/v2\/product_brand?post=138488"},{"taxonomy":"product_cat","embeddable":true,"href":"https:\/\/secureus.se\/fi\/wp-json\/wp\/v2\/product_cat?post=138488"},{"taxonomy":"product_tag","embeddable":true,"href":"https:\/\/secureus.se\/fi\/wp-json\/wp\/v2\/product_tag?post=138488"}],"curies":[{"name":"wp","href":"https:\/\/api.w.org\/{rel}","templated":true}]}}