{"id":138500,"date":"2024-01-11T12:14:17","date_gmt":"2024-01-11T11:14:17","guid":{"rendered":"https:\/\/secureus.se\/exxact-stromstallare-utvandig-valfri-gravyr-oppnaknapp\/"},"modified":"2025-12-12T13:17:33","modified_gmt":"2025-12-12T12:17:33","slug":"exxact-stromstallare-utvandig-valfri-gravyr-oppnaknapp","status":"publish","type":"product","link":"https:\/\/secureus.se\/fi\/exxact-stromstallare-utvandig-valfri-gravyr-oppnaknapp\/","title":{"rendered":"Exxact Switch Exterior - valinnainen kaiverrus &quot;Open Button&quot;"},"content":{"rendered":"<p>Avaa nappikiinnitys ja jousipalautus valitsemallasi tavalla \u2013 Uusiin tuotteisiin tulee aina vedoksia. Huomaa, ett\u00e4 kaiverrus on yksiv\u00e4rinen.<\/p>\n<p>Toimitusaika on 2-5 p\u00e4iv\u00e4\u00e4 ja hinnat sis\u00e4lt\u00e4v\u00e4t kaiverruksen ja suunnittelun.<\/p>\n<p>Jos haluat, ett\u00e4 avoimet painikkeet julkaistaan asiakaskohtaiselle tasolle, kerro siit\u00e4 meille.<\/p>\n<p>&nbsp;<\/p>","protected":false},"excerpt":{"rendered":"<p>\u00d6ppnaknapp slutande funktion och \u00e5terfj\u00e4drande med ert val av design &#8211; Korrektur kommer allid p\u00e5 nya produkter. Observera att gravyr \u00e4r 1-f\u00e4rgad. Leveranstiden \u00e4r 2-5 dagar och priser inkluderar gravyr<\/p>","protected":false},"featured_media":138497,"template":"","meta":{"_acf_changed":false},"product_brand":[],"product_cat":[1830,4826],"product_tag":[2989,2936,2937],"class_list":{"0":"post-138500","1":"product","2":"type-product","3":"status-publish","4":"has-post-thumbnail","6":"product_cat-brandknappar","7":"product_cat-exxact","8":"product_tag-egen-logo-ej-taggar-kort","9":"product_tag-oppna-brand-design-produkt","10":"product_tag-oppnaknappar","11":"product_shipping_class-postnord-varubrev","12":"pa_brands-schneider-electric","13":"tm-has-options","15":"first","16":"instock","17":"featured","18":"taxable","19":"shipping-taxable","20":"purchasable","21":"product-type-simple"},"acf":[],"_links":{"self":[{"href":"https:\/\/secureus.se\/fi\/wp-json\/wp\/v2\/product\/138500","targetHints":{"allow":["GET"]}}],"collection":[{"href":"https:\/\/secureus.se\/fi\/wp-json\/wp\/v2\/product"}],"about":[{"href":"https:\/\/secureus.se\/fi\/wp-json\/wp\/v2\/types\/product"}],"wp:featuredmedia":[{"embeddable":true,"href":"https:\/\/secureus.se\/fi\/wp-json\/wp\/v2\/media\/138497"}],"wp:attachment":[{"href":"https:\/\/secureus.se\/fi\/wp-json\/wp\/v2\/media?parent=138500"}],"wp:term":[{"taxonomy":"product_brand","embeddable":true,"href":"https:\/\/secureus.se\/fi\/wp-json\/wp\/v2\/product_brand?post=138500"},{"taxonomy":"product_cat","embeddable":true,"href":"https:\/\/secureus.se\/fi\/wp-json\/wp\/v2\/product_cat?post=138500"},{"taxonomy":"product_tag","embeddable":true,"href":"https:\/\/secureus.se\/fi\/wp-json\/wp\/v2\/product_tag?post=138500"}],"curies":[{"name":"wp","href":"https:\/\/api.w.org\/{rel}","templated":true}]}}