{"id":139620,"date":"2023-09-26T13:08:01","date_gmt":"2023-09-26T11:08:01","guid":{"rendered":"https:\/\/secureus.se\/elslutbleck-step-28e-hoger-omvand-24v-9mm-regel\/"},"modified":"2026-04-23T12:33:34","modified_gmt":"2026-04-23T10:33:34","slug":"elslutbleck-step-28e-hoger-omvand-24v-9mm-regel","status":"publish","type":"product","link":"https:\/\/secureus.se\/fi\/elslutbleck-step-28e-hoger-omvand-24v-9mm-regel\/","title":{"rendered":"S\u00e4hk\u00f6inen p\u00e4\u00e4tylevy STEP 28E Oikea K\u00e4\u00e4nteinen 24V 9mm s\u00e4\u00e4nt\u00f6"},"content":{"rendered":"<h1>S\u00e4hk\u00f6inen p\u00e4\u00e4tylevy STEP 28E Oikea K\u00e4\u00e4nteinen 24V 9mm s\u00e4\u00e4nt\u00f6<\/h1>\n<p>K\u00e4\u00e4nteistoiminnolla varustettu STEP 28E Secure Electric Strike on suunniteltu eritt\u00e4in turvallisiin ymp\u00e4rist\u00f6ihin ja se t\u00e4ytt\u00e4\u00e4 palovaatimukset, evakuointivaatimukset ja nauhapaineen 500 kg asti.<\/p>\n<p class=\"\" data-start=\"232\" data-end=\"643\">STEP 28E Secure on edistyksellinen s\u00e4hk\u00f6isku k\u00e4\u00e4nteisell\u00e4 toiminnolla, joka on suunniteltu erityisesti ymp\u00e4rist\u00f6ihin, joissa t\u00e4ytet\u00e4\u00e4n korkeat turvallisuus-, palo- ja evakuointivaatimukset.<\/p>\n<p class=\"\" data-start=\"232\" data-end=\"643\">K\u00e4\u00e4nteinen toiminto tarkoittaa, ett\u00e4 lehti avautuu j\u00e4nnitteett\u00f6m\u00e4ss\u00e4 asennossa, mik\u00e4 tekee siit\u00e4 ihanteellisen oviin, jotka vaativat vapaata kulkua s\u00e4hk\u00f6katkon aikana \u2013 esimerkiksi julkisissa rakennuksissa, terveydenhuoltolaitoksissa tai kouluissa.<\/p>\n<p class=\"\" data-start=\"645\" data-end=\"950\">S\u00e4hk\u00f6inen vastalevy on sovitettu Connect-sarjan 9 mm m\u00e4nnill\u00e4 varustettuihin pulttilukoihin ja se on hyv\u00e4ksytty palonkest\u00e4vyysluokkaan E\/EI 60 asti.<\/p>\n<p class=\"\" data-start=\"645\" data-end=\"950\">Tuote on varustettu m\u00e4nt\u00e4koskettimella ja salpakoskettimella, joka mahdollistaa oven tilan ilmaisemisen \u2013 kiinni\/auki ja lukittu\/auki \u2013 kulunvalvonta- tai h\u00e4lytysj\u00e4rjestelmiin integroitavaksi.<\/p>\n<p class=\"\" data-start=\"952\" data-end=\"1264\">Yli 15 kN:n murtolujuus ja jopa 5 kN:n nauhapaineesta huolimatta avautuva STEP 28E Secure tarjoaa luotettavan toiminnan vaativissakin olosuhteissa.<\/p>\n<p class=\"\" data-start=\"952\" data-end=\"1264\">Vankka ja tukeva rakenne sis\u00e4lt\u00e4\u00e4 5 metrin halogeenittoman kaapelin, joka on valmis nopeaan ja turvalliseen asennukseen oikealle ripustetuille oville.<\/p>\n<p class=\"\" data-start=\"1266\" data-end=\"1294\"><strong data-start=\"1266\" data-end=\"1292\">Ominaisuudet ja edut:<\/strong><\/p>\n<ul data-start=\"1295\" data-end=\"1581\">\n<li class=\"\" data-start=\"1295\" data-end=\"1339\">\n<p class=\"\" data-start=\"1297\" data-end=\"1339\">Peruutustoiminto (avataan j\u00e4nnitteett\u00f6m\u00e4ss\u00e4 tilassa)<\/p>\n<\/li>\n<li class=\"\" data-start=\"1340\" data-end=\"1395\">\n<p class=\"\" data-start=\"1342\" data-end=\"1395\">Korkea murtokest\u00e4vyys \u2013 murtolujuus yli 1500 kg<\/p>\n<\/li>\n<li class=\"\" data-start=\"1396\" data-end=\"1429\">\n<p class=\"\" data-start=\"1398\" data-end=\"1429\">Palohyv\u00e4ksytty E\/EI 60 asti<\/p>\n<\/li>\n<li class=\"\" data-start=\"1430\" data-end=\"1471\">\n<p class=\"\" data-start=\"1432\" data-end=\"1471\">M\u00e4nt\u00e4- ja salpakosketin ilmaisua varten<\/p>\n<\/li>\n<li class=\"\" data-start=\"1472\" data-end=\"1505\">\n<p class=\"\" data-start=\"1474\" data-end=\"1505\">Kest\u00e4\u00e4 puristuspainetta 500 kg asti<\/p>\n<\/li>\n<li class=\"\" data-start=\"1506\" data-end=\"1551\">\n<p class=\"\" data-start=\"1508\" data-end=\"1551\">Sis\u00e4lt\u00e4\u00e4 5 m halogeenittoman liit\u00e4nt\u00e4kaapelin<\/p>\n<\/li>\n<li class=\"\" data-start=\"1552\" data-end=\"1581\">\n<p class=\"\" data-start=\"1554\" data-end=\"1581\">Sopii oikeanpuoleisiin oviin<\/p>\n<\/li>\n<\/ul>\n<p class=\"\" data-start=\"1583\" data-end=\"1949\"><strong data-start=\"1583\" data-end=\"1612\">Tekniset tiedot:<\/strong><br data-start=\"1612\" data-end=\"1615\" \/>K\u00e4ytt\u00f6j\u00e4nnite: 24 V DC (21,6-27,6 V)<br data-start=\"1651\" data-end=\"1654\" \/>Virrankulutus: 500 mA lukitsematon<br data-start=\"1684\" data-end=\"1687\" \/>M\u00e4nn\u00e4n kosketin: Kyll\u00e4, mikrokytkin max 30 V DC, 1 A<br data-start=\"1733\" data-end=\"1736\" \/>Murtolujuus: &gt;15 kN (n. 1500 kg)<br data-start=\"1772\" data-end=\"1775\" \/>Listan paine: 500 kg<br data-start=\"1792\" data-end=\"1795\" \/>Lukon tyyppi: Koukkusalvan lukko, Salpalukko<br data-start=\"1824\" data-end=\"1827\" \/>Mitat (LxSxK): 35 x 40 x 230 mm<br data-start=\"1857\" data-end=\"1860\" \/>Pintak\u00e4sittely: ruostumaton ter\u00e4s<br data-start=\"1881\" data-end=\"1884\" \/>Kaapeli: 5 m halogeeniton<br data-start=\"1905\" data-end=\"1908\" \/>Arvioidut rakennusmateriaalit: Kyll\u00e4<br data-start=\"1926\" data-end=\"1929\" \/>SundaHouse arvioitu: Kyll\u00e4<\/p>","protected":false},"excerpt":{"rendered":"<p>T\u00e4\u00e4lt\u00e4 n\u00e4et, mitk\u00e4 pylv\u00e4\u00e4t ja mallit sopivat yhteen STEP-sarjan s\u00e4hk\u00f6isist\u00e4 oven pys\u00e4yttimist\u00e4.<\/p>\n<h5><strong><a href=\"https:\/\/steplock.com\/sv\/stolpguide\/#!?lang=sv&amp;blog_id=1&amp;paged=1&amp;number=50\" target=\"_blank\" rel=\"noopener\">STEP Viestiopas\u00a0<\/a><\/strong><\/h5>\n<h5><strong><a href=\"https:\/\/steplock.com\/sv\/projekteringsguide\/#!?lang=sv&amp;blog_id=1&amp;paged=1&amp;number=999\" target=\"_blank\" rel=\"noopener\">STEP-suunnitteluopas<\/a><\/strong><\/h5>","protected":false},"featured_media":139615,"template":"","meta":{"_acf_changed":false},"product_brand":[],"product_cat":[3355],"product_tag":[4197,4201],"class_list":{"0":"post-139620","1":"product","2":"type-product","3":"status-publish","4":"has-post-thumbnail","6":"product_cat-elslutbleck","7":"product_tag-24v","8":"product_tag-omvand","9":"product_shipping_class-tunga-paket","10":"pa_brands-step","11":"tm-no-options","13":"first","14":"outofstock","15":"sale","16":"taxable","17":"shipping-taxable","18":"purchasable","19":"product-type-simple"},"acf":[],"_links":{"self":[{"href":"https:\/\/secureus.se\/fi\/wp-json\/wp\/v2\/product\/139620","targetHints":{"allow":["GET"]}}],"collection":[{"href":"https:\/\/secureus.se\/fi\/wp-json\/wp\/v2\/product"}],"about":[{"href":"https:\/\/secureus.se\/fi\/wp-json\/wp\/v2\/types\/product"}],"wp:featuredmedia":[{"embeddable":true,"href":"https:\/\/secureus.se\/fi\/wp-json\/wp\/v2\/media\/139615"}],"wp:attachment":[{"href":"https:\/\/secureus.se\/fi\/wp-json\/wp\/v2\/media?parent=139620"}],"wp:term":[{"taxonomy":"product_brand","embeddable":true,"href":"https:\/\/secureus.se\/fi\/wp-json\/wp\/v2\/product_brand?post=139620"},{"taxonomy":"product_cat","embeddable":true,"href":"https:\/\/secureus.se\/fi\/wp-json\/wp\/v2\/product_cat?post=139620"},{"taxonomy":"product_tag","embeddable":true,"href":"https:\/\/secureus.se\/fi\/wp-json\/wp\/v2\/product_tag?post=139620"}],"curies":[{"name":"wp","href":"https:\/\/api.w.org\/{rel}","templated":true}]}}