{"id":139646,"date":"2023-09-26T13:07:35","date_gmt":"2023-09-26T11:07:35","guid":{"rendered":"https:\/\/secureus.se\/elslutbleck-step-18-hoger-omvand-12v-7mm-regel-connect\/"},"modified":"2026-04-23T12:42:48","modified_gmt":"2026-04-23T10:42:48","slug":"elslutbleck-step-18-hoger-omvand-12v-7mm-regel-connect","status":"publish","type":"product","link":"https:\/\/secureus.se\/fi\/elslutbleck-step-18-hoger-omvand-12v-7mm-regel-connect\/","title":{"rendered":"S\u00e4hk\u00f6inen p\u00e4\u00e4tylevy STEP 18 Oikea Taakse 12V 7mm Regel Connect"},"content":{"rendered":"<h1>S\u00e4hk\u00f6inen p\u00e4\u00e4tylevy STEP 18 Oikea Taakse 12V 7mm Regel Connect<\/h1>\n<p>VAIHE 18 Kiinnit\u00e4 s\u00e4hk\u00f6isku k\u00e4\u00e4nteisell\u00e4 toiminnolla oikealle ripustetuille oville 7 mm:n liitospultilla. Palohyv\u00e4ksytty E\/EI60, m\u00e4nt\u00e4kosketin ja korkea turvallisuus.<\/p>\n<p class=\"\" data-start=\"231\" data-end=\"665\">STEP 18 Secure Electric Strike on vankka ja eritt\u00e4in turvallinen vaihtoehto oviymp\u00e4rist\u00f6ihin, joissa on korkeat vaatimukset sek\u00e4 toimintavarmuudelle ett\u00e4 tunkeutumissuojaukselle.<\/p>\n<p class=\"\" data-start=\"231\" data-end=\"665\">T\u00e4m\u00e4 versio on erityisesti sovitettu oikealle ripustetuille oville ja 7 mm m\u00e4nn\u00e4ll\u00e4 varustettuihin lukkoon Connect-sarjassa.<\/p>\n<p class=\"\" data-start=\"231\" data-end=\"665\">K\u00e4\u00e4nteistoiminnon ansiosta metallilevyn lukitus avautuu s\u00e4hk\u00f6katkon sattuessa, joten se sopii poistumisreiteille, joissa turvallisuus on yhdistett\u00e4v\u00e4 saavutettavuuteen.<\/p>\n<p class=\"\" data-start=\"667\" data-end=\"1061\">STEP 18 on osa STEPin Secure-sarjaa, joka on suunniteltu asennettavaksi vilkkaaseen liikenteeseen, kuten pankkeihin, vankiloihin ja muihin suojattuihin kohteisiin.<\/p>\n<p class=\"\" data-start=\"667\" data-end=\"1061\">STEP 18:n paloluokitus jopa E\/EI60 ja murtolujuus on vaikuttava 15 kN, joten se pystyy k\u00e4sittelem\u00e4\u00e4n vaativimmatkin oviratkaisut.<\/p>\n<p class=\"\" data-start=\"667\" data-end=\"1061\">Tuote on varustettu m\u00e4nt\u00e4- ja salpakoskettimella, jotta se voidaan helposti integroida nykyaikaisiin kulunvalvontaj\u00e4rjestelmiin ja h\u00e4lytysj\u00e4rjestelmiin.<\/p>\n<p class=\"\" data-start=\"1063\" data-end=\"1281\">STEPin patentoidun teknologian ansiosta toiminta on taattu jopa 500 kg:n muovauspaineilla.<\/p>\n<p class=\"\" data-start=\"1063\" data-end=\"1281\">S\u00e4hk\u00f6iskulevy toimitetaan 5 metrin halogeenivapaalla kaapelilla, suojadiodilla ja nakutussuojalla lis\u00e4\u00e4 turvallisuutta ja helppoa asennusta.<\/p>\n<p class=\"\" data-start=\"1283\" data-end=\"1311\"><strong data-start=\"1283\" data-end=\"1309\">Ominaisuudet ja edut:<\/strong><\/p>\n<ul data-start=\"1312\" data-end=\"1582\">\n<li class=\"\" data-start=\"1312\" data-end=\"1338\">\n<p class=\"\" data-start=\"1314\" data-end=\"1338\">7 mm:n liit\u00e4nt\u00e4nastalle<\/p>\n<\/li>\n<li class=\"\" data-start=\"1339\" data-end=\"1384\">\n<p class=\"\" data-start=\"1341\" data-end=\"1384\">Peruutustoiminto \u2013 avataan s\u00e4hk\u00f6katkon sattuessa<\/p>\n<\/li>\n<li class=\"\" data-start=\"1385\" data-end=\"1411\">\n<p class=\"\" data-start=\"1387\" data-end=\"1411\">Oikeanpuoleisiin oviin<\/p>\n<\/li>\n<li class=\"\" data-start=\"1412\" data-end=\"1433\">\n<p class=\"\" data-start=\"1414\" data-end=\"1433\">Paloluokka E\/EI60<\/p>\n<\/li>\n<li class=\"\" data-start=\"1434\" data-end=\"1460\">\n<p class=\"\" data-start=\"1436\" data-end=\"1460\">M\u00e4nt\u00e4 ja lukituskytkin<\/p>\n<\/li>\n<li class=\"\" data-start=\"1461\" data-end=\"1494\">\n<p class=\"\" data-start=\"1463\" data-end=\"1494\">Kest\u00e4\u00e4 puristuspainetta 500 kg asti<\/p>\n<\/li>\n<li class=\"\" data-start=\"1495\" data-end=\"1521\">\n<p class=\"\" data-start=\"1497\" data-end=\"1521\">Murtolujuus: 15 kN<\/p>\n<\/li>\n<li class=\"\" data-start=\"1522\" data-end=\"1552\">\n<p class=\"\" data-start=\"1524\" data-end=\"1552\">Mukana 5 m halogeeniton kaapeli<\/p>\n<\/li>\n<li class=\"\" data-start=\"1553\" data-end=\"1582\">\n<p class=\"\" data-start=\"1555\" data-end=\"1582\">Suojadiodi ja ylij\u00e4nnitesuoja<\/p>\n<\/li>\n<\/ul>","protected":false},"excerpt":{"rendered":"<p>T\u00e4\u00e4lt\u00e4 n\u00e4et, mitk\u00e4 pylv\u00e4\u00e4t ja mallit sopivat yhteen STEP-sarjan s\u00e4hk\u00f6isist\u00e4 oven pys\u00e4yttimist\u00e4.<\/p>\n<h5><strong><a href=\"https:\/\/steplock.com\/sv\/stolpguide\/#!?lang=sv&amp;blog_id=1&amp;paged=1&amp;number=50\" target=\"_blank\" rel=\"noopener\">STEP Viestiopas\u00a0<\/a><\/strong><\/h5>\n<h5><strong><a href=\"https:\/\/steplock.com\/sv\/projekteringsguide\/#!?lang=sv&amp;blog_id=1&amp;paged=1&amp;number=999\" target=\"_blank\" rel=\"noopener\">STEP-suunnitteluopas<\/a><\/strong><\/h5>","protected":false},"featured_media":139642,"template":"","meta":{"_acf_changed":false},"product_brand":[],"product_cat":[3355],"product_tag":[4198,4201],"class_list":{"0":"post-139646","1":"product","2":"type-product","3":"status-publish","4":"has-post-thumbnail","6":"product_cat-elslutbleck","7":"product_tag-12v","8":"product_tag-omvand","9":"product_shipping_class-tunga-paket","10":"pa_brands-step","11":"tm-no-options","13":"first","14":"onbackorder","15":"sale","16":"taxable","17":"shipping-taxable","18":"purchasable","19":"product-type-simple"},"acf":[],"_links":{"self":[{"href":"https:\/\/secureus.se\/fi\/wp-json\/wp\/v2\/product\/139646","targetHints":{"allow":["GET"]}}],"collection":[{"href":"https:\/\/secureus.se\/fi\/wp-json\/wp\/v2\/product"}],"about":[{"href":"https:\/\/secureus.se\/fi\/wp-json\/wp\/v2\/types\/product"}],"wp:featuredmedia":[{"embeddable":true,"href":"https:\/\/secureus.se\/fi\/wp-json\/wp\/v2\/media\/139642"}],"wp:attachment":[{"href":"https:\/\/secureus.se\/fi\/wp-json\/wp\/v2\/media?parent=139646"}],"wp:term":[{"taxonomy":"product_brand","embeddable":true,"href":"https:\/\/secureus.se\/fi\/wp-json\/wp\/v2\/product_brand?post=139646"},{"taxonomy":"product_cat","embeddable":true,"href":"https:\/\/secureus.se\/fi\/wp-json\/wp\/v2\/product_cat?post=139646"},{"taxonomy":"product_tag","embeddable":true,"href":"https:\/\/secureus.se\/fi\/wp-json\/wp\/v2\/product_tag?post=139646"}],"curies":[{"name":"wp","href":"https:\/\/api.w.org\/{rel}","templated":true}]}}