{"id":139670,"date":"2023-09-26T13:07:14","date_gmt":"2023-09-26T11:07:14","guid":{"rendered":"https:\/\/secureus.se\/elslutbleck-step-28e-hoger-omvand-24v-12mm-regel\/"},"modified":"2026-04-23T12:41:50","modified_gmt":"2026-04-23T10:41:50","slug":"elslutbleck-step-28e-hoger-omvand-24v-12mm-regel","status":"publish","type":"product","link":"https:\/\/secureus.se\/fi\/elslutbleck-step-28e-hoger-omvand-24v-12mm-regel\/","title":{"rendered":"S\u00e4hk\u00f6inen p\u00e4\u00e4tylevy STEP 28E Oikea K\u00e4\u00e4nteinen 24V 12mm s\u00e4\u00e4nt\u00f6"},"content":{"rendered":"<h1>S\u00e4hk\u00f6inen p\u00e4\u00e4tylevy STEP 28E Oikea K\u00e4\u00e4nteinen 24V 12mm s\u00e4\u00e4nt\u00f6<\/h1>\n<p>VAIHE 28E Turvallinen s\u00e4hk\u00f6iskun peruutustoiminto oikealle ripustetuille oville.<\/p>\n<p>Mukautettu Modul-sarjan 12 mm m\u00e4nnille, 24 V DC.<\/p>\n<p>Paloluokitus E\/EI 60, peukaloinnin kest\u00e4v\u00e4 ja valmis kulunvalvontaj\u00e4rjestelmiin. Mukana 5 m halogeenivapaa kaapeli.<\/p>\n<p class=\"\" data-start=\"421\" data-end=\"878\">STEP 28E Secure Electric Strike on eritt\u00e4in turvallinen s\u00e4hk\u00f6isku, joka yhdist\u00e4\u00e4 tunkeutumissuojauksen, paloluokituksen ja poistumiskyvyn vaatimukset yhdess\u00e4 kest\u00e4v\u00e4ss\u00e4 paketissa.<\/p>\n<p class=\"\" data-start=\"421\" data-end=\"878\">T\u00e4m\u00e4 versio on tarkoitettu oikealle ripustetuille oville ja sit\u00e4 k\u00e4ytet\u00e4\u00e4n yhdess\u00e4 Modul-sarjan 12 mm m\u00e4nt\u00e4pulttilukkojen kanssa.<\/p>\n<p class=\"\" data-start=\"421\" data-end=\"878\">Levy on varustettu peruutustoiminnolla \u2013 mik\u00e4 tarkoittaa, ett\u00e4 se on lukittu j\u00e4nnitteett\u00f6m\u00e4\u00e4n asentoon, mik\u00e4 on t\u00e4rke\u00e4 ominaisuus turvaluokitelluissa asennuksissa.<\/p>\n<p class=\"\" data-start=\"880\" data-end=\"1168\">STEP 28E Secure on sertifioitu paloluokan E\/EI 60 mukaan ja sit\u00e4 k\u00e4ytet\u00e4\u00e4n usein oviymp\u00e4rist\u00f6iss\u00e4, joissa on standardin SS-EN 179 vaatimukset.<\/p>\n<p class=\"\" data-start=\"880\" data-end=\"1168\">Sis\u00e4\u00e4nrakennetun oven tilan (auki\/kiinni) ja lukon tilan (lukittu\/auki) osoittimen ansiosta paneeli voidaan helposti integroida kulunvalvontaj\u00e4rjestelmiin, h\u00e4lyttimiin tai muihin valvontaratkaisuihin.<\/p>\n<p class=\"\" data-start=\"1170\" data-end=\"1503\">Yli 15 kN:n murtolujuus ja jopa 500 kg:n nauhapaineen kesto tekev\u00e4t siit\u00e4 eritt\u00e4in kest\u00e4v\u00e4n ja iskunkest\u00e4v\u00e4n ratkaisun.<\/p>\n<p class=\"\" data-start=\"1170\" data-end=\"1503\">Ruostumattomasta ter\u00e4ksest\u00e4 valmistettu rakenne takaa pitk\u00e4n k\u00e4ytt\u00f6i\u00e4n my\u00f6s altisissa ymp\u00e4rist\u00f6iss\u00e4.<\/p>\n<p class=\"\" data-start=\"1170\" data-end=\"1503\">Tuote on SundaHusin arvioima ja hyv\u00e4ksym\u00e4 rakennustuote, ja se toimitetaan 5 metrin halogeenittoman liit\u00e4nt\u00e4kaapelin kanssa.<\/p>\n<p class=\"\" data-start=\"1505\" data-end=\"1629\">K\u00e4ytt\u00f6j\u00e4nnite on 24 V DC, joten paneeli on t\u00e4ydellinen moderniin turvaj\u00e4rjestelmiin liike- tai julkisissa rakennuksissa.<\/p>","protected":false},"excerpt":{"rendered":"<p>T\u00e4\u00e4lt\u00e4 n\u00e4et, mitk\u00e4 pylv\u00e4\u00e4t ja mallit sopivat yhteen STEP-sarjan s\u00e4hk\u00f6isist\u00e4 oven pys\u00e4yttimist\u00e4.<\/p>\n<h5><strong><a href=\"https:\/\/steplock.com\/sv\/stolpguide\/#!?lang=sv&amp;blog_id=1&amp;paged=1&amp;number=50\" target=\"_blank\" rel=\"noopener\">STEP Viestiopas\u00a0<\/a><\/strong><\/h5>\n<h5><strong><a href=\"https:\/\/steplock.com\/sv\/projekteringsguide\/#!?lang=sv&amp;blog_id=1&amp;paged=1&amp;number=999\" target=\"_blank\" rel=\"noopener\">STEP-suunnitteluopas<\/a><\/strong><\/h5>","protected":false},"featured_media":139668,"template":"","meta":{"_acf_changed":false},"product_brand":[],"product_cat":[3355],"product_tag":[4197,4201],"class_list":{"0":"post-139670","1":"product","2":"type-product","3":"status-publish","4":"has-post-thumbnail","6":"product_cat-elslutbleck","7":"product_tag-24v","8":"product_tag-omvand","9":"product_shipping_class-tunga-paket","10":"pa_brands-step","11":"tm-no-options","13":"first","14":"onbackorder","15":"sale","16":"taxable","17":"shipping-taxable","18":"purchasable","19":"product-type-simple"},"acf":[],"_links":{"self":[{"href":"https:\/\/secureus.se\/fi\/wp-json\/wp\/v2\/product\/139670","targetHints":{"allow":["GET"]}}],"collection":[{"href":"https:\/\/secureus.se\/fi\/wp-json\/wp\/v2\/product"}],"about":[{"href":"https:\/\/secureus.se\/fi\/wp-json\/wp\/v2\/types\/product"}],"wp:featuredmedia":[{"embeddable":true,"href":"https:\/\/secureus.se\/fi\/wp-json\/wp\/v2\/media\/139668"}],"wp:attachment":[{"href":"https:\/\/secureus.se\/fi\/wp-json\/wp\/v2\/media?parent=139670"}],"wp:term":[{"taxonomy":"product_brand","embeddable":true,"href":"https:\/\/secureus.se\/fi\/wp-json\/wp\/v2\/product_brand?post=139670"},{"taxonomy":"product_cat","embeddable":true,"href":"https:\/\/secureus.se\/fi\/wp-json\/wp\/v2\/product_cat?post=139670"},{"taxonomy":"product_tag","embeddable":true,"href":"https:\/\/secureus.se\/fi\/wp-json\/wp\/v2\/product_tag?post=139670"}],"curies":[{"name":"wp","href":"https:\/\/api.w.org\/{rel}","templated":true}]}}