{"id":139699,"date":"2023-09-26T13:06:55","date_gmt":"2023-09-26T11:06:55","guid":{"rendered":"https:\/\/secureus.se\/elslutbleck-step-30-rattvand-12v-kolvkontakt\/"},"modified":"2026-04-08T16:30:19","modified_gmt":"2026-04-08T14:30:19","slug":"elslutbleck-step-30-rattvand-12v-kolvkontakt","status":"publish","type":"product","link":"https:\/\/secureus.se\/fi\/elslutbleck-step-30-rattvand-12v-kolvkontakt\/","title":{"rendered":"S\u00e4hk\u00f6liitinlevy STEP 30 Oikealle p\u00e4in oleva 12 V m\u00e4nt\u00e4kosketin"},"content":{"rendered":"<h1>S\u00e4hk\u00f6liitinlevy STEP 30 Oikealle p\u00e4in oleva 12 V m\u00e4nt\u00e4kosketin<\/h1>\n<p>STEP 30 Preload on minimaalinen s\u00e4hk\u00f6isku m\u00e4nt\u00e4koskettimella, joka on suunniteltu korvaamaan vanhat yksinkertaiset s\u00e4hk\u00f6iskut ja luomaan luotettava oviymp\u00e4rist\u00f6.<\/p>\n<p>Varustettu HPR\u00ae-tekniikalla ja murtolujuus 500 kg.<\/p>\n<p class=\"\" data-start=\"397\" data-end=\"826\">STEP 30 Preload Electric Strike on kompakti ja luotettava s\u00e4hk\u00f6isku, joka on t\u00e4ydellinen korvaamaan vanhemmat tai yksinkertaisemmat s\u00e4hk\u00f6iskut ja luomaan turvallisen oviymp\u00e4rist\u00f6n my\u00f6s vanhemmissa oviosissa ja syvennyksess\u00e4.<\/p>\n<p class=\"\" data-start=\"397\" data-end=\"826\">STEP 30 Preload on varustettu STEPin patentoidulla nauhapainetekniikalla, mik\u00e4 tarkoittaa, ett\u00e4 ovi voi aina avautua, vaikka se olisi alttiina paineelle.<\/p>\n<p class=\"\" data-start=\"397\" data-end=\"826\">T\u00e4m\u00e4 tekee siit\u00e4 luotettavan ratkaisun sek\u00e4 uusiin ett\u00e4 vanhoihin ovij\u00e4rjestelmiin.<\/p>\n<p class=\"\" data-start=\"828\" data-end=\"1290\">STEP 30:n murtolujuus 5 kN (n. 500 kg) takaa sek\u00e4 luotettavuuden ett\u00e4 pitk\u00e4aikaisen kest\u00e4vyyden.<\/p>\n<p class=\"\" data-start=\"828\" data-end=\"1290\">Siin\u00e4 on k\u00e4\u00e4nnett\u00e4v\u00e4 toiminto, jossa oven lukitus avataan j\u00e4nnitteett\u00f6m\u00e4ss\u00e4 asennossa, jolloin se voidaan avata tarvittaessa nopeasti ja helposti.<\/p>\n<p class=\"\" data-start=\"828\" data-end=\"1290\">Sis\u00e4\u00e4nrakennettu m\u00e4nt\u00e4kytkin n\u00e4ytt\u00e4\u00e4 oven kiinni\/auki-tilan, mik\u00e4 tekee integroinnista kulunvalvonta- ja h\u00e4lytysj\u00e4rjestelmiin helppoa.<\/p>\n<p class=\"\" data-start=\"828\" data-end=\"1290\">STEP 30 on my\u00f6s iskunkest\u00e4v\u00e4 ja k\u00e4\u00e4nnett\u00e4v\u00e4 sopimaan sek\u00e4 oikea- ett\u00e4 vasenk\u00e4tisiin oviin.<\/p>\n<p class=\"\" data-start=\"1292\" data-end=\"1307\"><strong data-start=\"1292\" data-end=\"1307\">Ominaisuudet:<\/strong><\/p>\n<ul data-start=\"1308\" data-end=\"1735\">\n<li class=\"\" data-start=\"1308\" data-end=\"1352\">\n<p class=\"\" data-start=\"1310\" data-end=\"1352\">Oikealle suunnattu toiminto (avataan j\u00e4nnitteett\u00f6m\u00e4ss\u00e4 tilassa)<\/p>\n<\/li>\n<li class=\"\" data-start=\"1353\" data-end=\"1408\">\n<p class=\"\" data-start=\"1355\" data-end=\"1408\">M\u00e4nn\u00e4n kosketin. Oven tilan ilmaisin (kiinni\/auki)<\/p>\n<\/li>\n<li class=\"\" data-start=\"1409\" data-end=\"1447\">\n<p class=\"\" data-start=\"1411\" data-end=\"1447\">Sis\u00e4\u00e4nrakennettu suojadiodi lis\u00e4\u00e4 turvallisuutta<\/p>\n<\/li>\n<li class=\"\" data-start=\"1448\" data-end=\"1485\">\n<p class=\"\" data-start=\"1450\" data-end=\"1485\">Murtolujuus 5 kN (n. 500 kg)<\/p>\n<\/li>\n<li class=\"\" data-start=\"1486\" data-end=\"1588\">\n<p class=\"\" data-start=\"1488\" data-end=\"1588\">Takaa avautumisen jopa 0,4 kN (n. 40 kg) nauhapaineesta huolimatta sek\u00e4 eteen- ett\u00e4 taaksep\u00e4in-toiminnossa<\/p>\n<\/li>\n<li class=\"\" data-start=\"1589\" data-end=\"1648\">\n<p class=\"\" data-start=\"1591\" data-end=\"1648\">Nakutuksenesto ja k\u00e4\u00e4nnett\u00e4v\u00e4 sek\u00e4 oikea- ett\u00e4 vasenk\u00e4tisille oville<\/p>\n<\/li>\n<li class=\"\" data-start=\"1649\" data-end=\"1691\">\n<p class=\"\" data-start=\"1651\" data-end=\"1691\">Sopii yksi- ja kaksilehtisille lukoksille<\/p>\n<\/li>\n<li class=\"\" data-start=\"1692\" data-end=\"1735\">\n<p class=\"\" data-start=\"1694\" data-end=\"1735\">Mukana 5 metrin halogeeniton liit\u00e4nt\u00e4kaapeli<\/p>\n<\/li>\n<\/ul>\n<p class=\"\" data-start=\"1737\" data-end=\"1766\"><strong data-start=\"1737\" data-end=\"1766\">Tekniset tiedot:<\/strong><\/p>\n<ul data-start=\"1767\" data-end=\"2436\">\n<li class=\"\" data-start=\"1767\" data-end=\"1874\">\n<p class=\"\" data-start=\"1769\" data-end=\"1874\">Virtal\u00e4hde: 24 V DC (+15% -10%) 110 mAh \/ max 300 mA tai 12 V DC (+15% -10%) 220 mAh \/ max 600 mA<\/p>\n<\/li>\n<li class=\"\" data-start=\"1875\" data-end=\"1938\">\n<p class=\"\" data-start=\"1877\" data-end=\"1938\">M\u00e4nn\u00e4n kosketin: Mikrokytkin yksinapainen vuorotteleva, max. 30V DC, 1A<\/p>\n<\/li>\n<li class=\"\" data-start=\"1939\" data-end=\"1979\">\n<p class=\"\" data-start=\"1941\" data-end=\"1979\">Kest\u00e4vyys: Luokka X standardin SS-EN 14846 mukaan<\/p>\n<\/li>\n<li class=\"\" data-start=\"1980\" data-end=\"2019\">\n<p class=\"\" data-start=\"1982\" data-end=\"2019\">Korroosio: luokka M standardin SS-EN 14846 mukaan<\/p>\n<\/li>\n<li class=\"\" data-start=\"2020\" data-end=\"2058\">\n<p class=\"\" data-start=\"2022\" data-end=\"2058\">Turvallisuus: luokka 3 standardin SS-EN 14846 mukaan<\/p>\n<\/li>\n<li class=\"\" data-start=\"2059\" data-end=\"2084\">\n<p class=\"\" data-start=\"2061\" data-end=\"2084\">Murtolujuus: 500 kg<\/p>\n<\/li>\n<li class=\"\" data-start=\"2085\" data-end=\"2115\">\n<p class=\"\" data-start=\"2087\" data-end=\"2115\">Oven sarana: Oikea, Vasen<\/p>\n<\/li>\n<li class=\"\" data-start=\"2116\" data-end=\"2134\">\n<p class=\"\" data-start=\"2118\" data-end=\"2134\">Mukana kaapeli: Ei<\/p>\n<\/li>\n<li class=\"\" data-start=\"2135\" data-end=\"2153\">\n<p class=\"\" data-start=\"2137\" data-end=\"2153\">Listan paine: 40 kg<\/p>\n<\/li>\n<li class=\"\" data-start=\"2154\" data-end=\"2189\">\n<p class=\"\" data-start=\"2156\" data-end=\"2189\">Lukon tyyppi: yksisalpalukko, kaksoissalpalukko<\/p>\n<\/li>\n<li class=\"\" data-start=\"2190\" data-end=\"2245\">\n<p class=\"\" data-start=\"2192\" data-end=\"2245\">Tuotteen mitat: Leveys: 20,5 mm, Syvyys: 28 mm, Korkeus: 99 mm<\/p>\n<\/li>\n<li class=\"\" data-start=\"2246\" data-end=\"2263\">\n<p class=\"\" data-start=\"2248\" data-end=\"2263\">M\u00e4nn\u00e4n kosketin: Kyll\u00e4<\/p>\n<\/li>\n<li class=\"\" data-start=\"2264\" data-end=\"2284\">\n<p class=\"\" data-start=\"2266\" data-end=\"2284\">J\u00e4nnite AC\/DC: DC<\/p>\n<\/li>\n<li class=\"\" data-start=\"2285\" data-end=\"2307\">\n<p class=\"\" data-start=\"2287\" data-end=\"2307\">Maksimij\u00e4nnite: 13,8 V<\/p>\n<\/li>\n<li class=\"\" data-start=\"2308\" data-end=\"2330\">\n<p class=\"\" data-start=\"2310\" data-end=\"2330\">Minimij\u00e4nnite: 10,8 V<\/p>\n<\/li>\n<li class=\"\" data-start=\"2331\" data-end=\"2359\">\n<p class=\"\" data-start=\"2333\" data-end=\"2359\">V\u00e4ri\/viimeistely: ruostumaton ter\u00e4s<\/p>\n<\/li>\n<li class=\"\" data-start=\"2360\" data-end=\"2380\">\n<p class=\"\" data-start=\"2362\" data-end=\"2380\">Arvioidut rakennusmateriaalit: Kyll\u00e4<\/p>\n<\/li>\n<li class=\"\" data-start=\"2381\" data-end=\"2402\">\n<p class=\"\" data-start=\"2383\" data-end=\"2402\">EPD-varmennettu: Ei<\/p>\n<\/li>\n<li class=\"\" data-start=\"2403\" data-end=\"2415\">\n<p class=\"\" data-start=\"2405\" data-end=\"2415\">FINFO: Ei<\/p>\n<\/li>\n<li class=\"\" data-start=\"2416\" data-end=\"2436\">\n<p class=\"\" data-start=\"2418\" data-end=\"2436\">SundaHouse arvioitu: Kyll\u00e4<\/p>\n<\/li>\n<\/ul>","protected":false},"excerpt":{"rendered":"<p>T\u00e4\u00e4lt\u00e4 n\u00e4et, mitk\u00e4 pylv\u00e4\u00e4t ja mallit sopivat yhteen STEP-sarjan s\u00e4hk\u00f6isist\u00e4 oven pys\u00e4yttimist\u00e4.<\/p>\n<h5><strong><a href=\"https:\/\/steplock.com\/sv\/stolpguide\/#!?lang=sv&amp;blog_id=1&amp;paged=1&amp;number=50\" target=\"_blank\" rel=\"noopener\">STEP Viestiopas\u00a0<\/a><\/strong><\/h5>\n<h5><strong><a href=\"https:\/\/steplock.com\/sv\/projekteringsguide\/#!?lang=sv&amp;blog_id=1&amp;paged=1&amp;number=999\" target=\"_blank\" rel=\"noopener\">STEP-suunnitteluopas<\/a><\/strong><\/h5>","protected":false},"featured_media":139697,"template":"","meta":{"_acf_changed":false},"product_brand":[],"product_cat":[3355],"product_tag":[4198,4200],"class_list":{"0":"post-139699","1":"product","2":"type-product","3":"status-publish","4":"has-post-thumbnail","6":"product_cat-elslutbleck","7":"product_tag-12v","8":"product_tag-rattvand","9":"product_shipping_class-tunga-paket","10":"pa_brands-step","11":"tm-no-options","13":"first","14":"onbackorder","15":"sale","16":"taxable","17":"shipping-taxable","18":"purchasable","19":"product-type-simple"},"acf":[],"_links":{"self":[{"href":"https:\/\/secureus.se\/fi\/wp-json\/wp\/v2\/product\/139699","targetHints":{"allow":["GET"]}}],"collection":[{"href":"https:\/\/secureus.se\/fi\/wp-json\/wp\/v2\/product"}],"about":[{"href":"https:\/\/secureus.se\/fi\/wp-json\/wp\/v2\/types\/product"}],"wp:featuredmedia":[{"embeddable":true,"href":"https:\/\/secureus.se\/fi\/wp-json\/wp\/v2\/media\/139697"}],"wp:attachment":[{"href":"https:\/\/secureus.se\/fi\/wp-json\/wp\/v2\/media?parent=139699"}],"wp:term":[{"taxonomy":"product_brand","embeddable":true,"href":"https:\/\/secureus.se\/fi\/wp-json\/wp\/v2\/product_brand?post=139699"},{"taxonomy":"product_cat","embeddable":true,"href":"https:\/\/secureus.se\/fi\/wp-json\/wp\/v2\/product_cat?post=139699"},{"taxonomy":"product_tag","embeddable":true,"href":"https:\/\/secureus.se\/fi\/wp-json\/wp\/v2\/product_tag?post=139699"}],"curies":[{"name":"wp","href":"https:\/\/api.w.org\/{rel}","templated":true}]}}