{"id":139728,"date":"2023-09-26T13:06:34","date_gmt":"2023-09-26T11:06:34","guid":{"rendered":"https:\/\/secureus.se\/elslutbleck-step-30-omstallbar-12v\/"},"modified":"2026-03-26T10:00:56","modified_gmt":"2026-03-26T09:00:56","slug":"elslutbleck-step-30-omstallbar-12v","status":"publish","type":"product","link":"https:\/\/secureus.se\/fi\/elslutbleck-step-30-omstallbar-12v\/","title":{"rendered":"S\u00e4hk\u00f6inen p\u00e4\u00e4televy STEP 30 Kytkett\u00e4v\u00e4 12V"},"content":{"rendered":"<h1>S\u00e4hk\u00f6inen p\u00e4\u00e4televy STEP 30 Kytkett\u00e4v\u00e4 12V<\/h1>\n<p>Electric Strike STEP 30 Preload on minimaalinen s\u00e4hk\u00f6isku, joka varmistaa oven luotettavan toiminnan sek\u00e4 vanhoissa ett\u00e4 uusissa ovij\u00e4rjestelmiss\u00e4.<\/p>\n<p>Nauhapainetekniikalla ja 500 kg:n murtolujuudella varustettuna se avautuu jopa 40 kg:n paineella.<\/p>\n<p class=\"\" data-start=\"401\" data-end=\"752\">STEP 30 Preload -s\u00e4hk\u00f6isku on optimaalinen valinta olemassa olevien yksinkertaisten s\u00e4hk\u00f6iskujen korvaamiseen ja luotettavan oviymp\u00e4rist\u00f6n luomiseen my\u00f6s vanhemmissa oviosissa ja syvennyksiss\u00e4.<\/p>\n<p class=\"\" data-start=\"401\" data-end=\"752\">Kompaktin rakenteen ja STEPin patentoidun nauhapainetekniikan ansiosta STEP 30 varmistaa, ett\u00e4 ovi voidaan aina avata, jopa 40 kg:n paineen alaisena.<\/p>\n<p class=\"\" data-start=\"754\" data-end=\"1074\">T\u00e4m\u00e4n s\u00e4hk\u00f6iskun murtolujuus on 5 kN (noin 500 kg) ja se kuuluu STEPin Preload-sarjaan, joten se sopii erinomaisesti tiloihin, joissa vaaditaan suurta avautumistiheytt\u00e4 ja toimintavarmuutta.<\/p>\n<p class=\"\" data-start=\"754\" data-end=\"1074\">STEP 30 voidaan asentaa helposti sek\u00e4 eteen- ett\u00e4 taaksep\u00e4in, ja se on suunniteltu sopimaan sek\u00e4 oikealle ett\u00e4 vasemmalle ripustetuille oville.<\/p>\n<p class=\"\" data-start=\"1076\" data-end=\"1091\"><strong data-start=\"1076\" data-end=\"1091\">Ominaisuudet:<\/strong><\/p>\n<ul data-start=\"1092\" data-end=\"1430\">\n<li class=\"\" data-start=\"1092\" data-end=\"1171\">\n<p class=\"\" data-start=\"1094\" data-end=\"1171\">Kytkett\u00e4v\u00e4 eteen- tai taaksep\u00e4in-toiminto (lukittu tai avattu j\u00e4nnitteett\u00f6m\u00e4ss\u00e4 tilassa)<\/p>\n<\/li>\n<li class=\"\" data-start=\"1172\" data-end=\"1190\">\n<p class=\"\" data-start=\"1174\" data-end=\"1190\">M\u00e4nn\u00e4n kosketin: Ei<\/p>\n<\/li>\n<li class=\"\" data-start=\"1191\" data-end=\"1229\">\n<p class=\"\" data-start=\"1193\" data-end=\"1229\">Sis\u00e4\u00e4nrakennettu suojadiodi lis\u00e4\u00e4 turvallisuutta<\/p>\n<\/li>\n<li class=\"\" data-start=\"1230\" data-end=\"1267\">\n<p class=\"\" data-start=\"1232\" data-end=\"1267\">Murtolujuus 5 kN (n. 500 kg)<\/p>\n<\/li>\n<li class=\"\" data-start=\"1268\" data-end=\"1370\">\n<p class=\"\" data-start=\"1270\" data-end=\"1370\">Takaa avautumisen jopa 0,4 kN (n. 40 kg) nauhapaineesta huolimatta sek\u00e4 eteen- ett\u00e4 taaksep\u00e4in-toiminnossa<\/p>\n<\/li>\n<li class=\"\" data-start=\"1371\" data-end=\"1430\">\n<p class=\"\" data-start=\"1373\" data-end=\"1430\">Nakutuksenesto ja k\u00e4\u00e4nnett\u00e4v\u00e4 sek\u00e4 oikea- ett\u00e4 vasenk\u00e4tisille oville<\/p>\n<\/li>\n<\/ul>\n<p class=\"\" data-start=\"1432\" data-end=\"1461\"><strong data-start=\"1432\" data-end=\"1461\">Tekniset tiedot:<\/strong><\/p>\n<ul data-start=\"1462\" data-end=\"1955\">\n<li class=\"\" data-start=\"1462\" data-end=\"1491\">\n<p class=\"\" data-start=\"1464\" data-end=\"1491\">Murtolujuus max: 500 kg<\/p>\n<\/li>\n<li class=\"\" data-start=\"1492\" data-end=\"1522\">\n<p class=\"\" data-start=\"1494\" data-end=\"1522\">Oven sarana: Oikea, Vasen<\/p>\n<\/li>\n<li class=\"\" data-start=\"1523\" data-end=\"1541\">\n<p class=\"\" data-start=\"1525\" data-end=\"1541\">Mukana kaapeli: Ei<\/p>\n<\/li>\n<li class=\"\" data-start=\"1542\" data-end=\"1560\">\n<p class=\"\" data-start=\"1544\" data-end=\"1560\">Listan paine: 40 kg<\/p>\n<\/li>\n<li class=\"\" data-start=\"1561\" data-end=\"1596\">\n<p class=\"\" data-start=\"1563\" data-end=\"1596\">Lukon tyyppi: yksisalpalukko, kaksoissalpalukko<\/p>\n<\/li>\n<li class=\"\" data-start=\"1597\" data-end=\"1621\">\n<p class=\"\" data-start=\"1599\" data-end=\"1621\">Tuotteen leveys: 20,5 mm<\/p>\n<\/li>\n<li class=\"\" data-start=\"1622\" data-end=\"1642\">\n<p class=\"\" data-start=\"1624\" data-end=\"1642\">Arvioidut rakennusmateriaalit: Kyll\u00e4<\/p>\n<\/li>\n<li class=\"\" data-start=\"1643\" data-end=\"1664\">\n<p class=\"\" data-start=\"1645\" data-end=\"1664\">Tuotteen syvyys: 28 mm<\/p>\n<\/li>\n<li class=\"\" data-start=\"1665\" data-end=\"1693\">\n<p class=\"\" data-start=\"1667\" data-end=\"1693\">K\u00e4ytt\u00f6j\u00e4nnite 12V\/24V: 12V<\/p>\n<\/li>\n<li class=\"\" data-start=\"1694\" data-end=\"1716\">\n<p class=\"\" data-start=\"1696\" data-end=\"1716\">Double twist drop: Ei<\/p>\n<\/li>\n<li class=\"\" data-start=\"1717\" data-end=\"1738\">\n<p class=\"\" data-start=\"1719\" data-end=\"1738\">EPD-varmennettu: Ei<\/p>\n<\/li>\n<li class=\"\" data-start=\"1739\" data-end=\"1751\">\n<p class=\"\" data-start=\"1741\" data-end=\"1751\">FINFO: Ei<\/p>\n<\/li>\n<li class=\"\" data-start=\"1752\" data-end=\"1780\">\n<p class=\"\" data-start=\"1754\" data-end=\"1780\">V\u00e4ri\/viimeistely: ruostumaton ter\u00e4s<\/p>\n<\/li>\n<li class=\"\" data-start=\"1781\" data-end=\"1802\">\n<p class=\"\" data-start=\"1783\" data-end=\"1802\">Tuotteen korkeus: 99 mm<\/p>\n<\/li>\n<li class=\"\" data-start=\"1803\" data-end=\"1821\">\n<p class=\"\" data-start=\"1805\" data-end=\"1821\">M\u00e4nn\u00e4n kosketin: Ei<\/p>\n<\/li>\n<li class=\"\" data-start=\"1822\" data-end=\"1867\">\n<p class=\"\" data-start=\"1824\" data-end=\"1867\">Eteen\/taakse: vaihdettavissa eteen\/taakse<\/p>\n<\/li>\n<li class=\"\" data-start=\"1868\" data-end=\"1888\">\n<p class=\"\" data-start=\"1870\" data-end=\"1888\">J\u00e4nnite AC\/DC: DC<\/p>\n<\/li>\n<li class=\"\" data-start=\"1889\" data-end=\"1911\">\n<p class=\"\" data-start=\"1891\" data-end=\"1911\">Maksimij\u00e4nnite: 13,8 V<\/p>\n<\/li>\n<li class=\"\" data-start=\"1912\" data-end=\"1934\">\n<p class=\"\" data-start=\"1914\" data-end=\"1934\">Minimij\u00e4nnite: 10,8 V<\/p>\n<\/li>\n<li class=\"\" data-start=\"1935\" data-end=\"1955\">\n<p class=\"\" data-start=\"1937\" data-end=\"1955\">SundaHouse arvioitu: Kyll\u00e4<\/p>\n<\/li>\n<\/ul>\n<div>\n<p>&nbsp;<\/p>\n<\/div>","protected":false},"excerpt":{"rendered":"<p>T\u00e4\u00e4lt\u00e4 n\u00e4et, mitk\u00e4 pylv\u00e4\u00e4t ja mallit sopivat yhteen STEP-sarjan s\u00e4hk\u00f6isist\u00e4 oven pys\u00e4yttimist\u00e4.<\/p>\n<h5><strong><a href=\"https:\/\/steplock.com\/sv\/stolpguide\/#!?lang=sv&amp;blog_id=1&amp;paged=1&amp;number=50\" target=\"_blank\" rel=\"noopener\">STEP Viestiopas\u00a0<\/a><\/strong><\/h5>\n<h5><strong><a href=\"https:\/\/steplock.com\/sv\/projekteringsguide\/#!?lang=sv&amp;blog_id=1&amp;paged=1&amp;number=999\" target=\"_blank\" rel=\"noopener\">STEP-suunnitteluopas<\/a><\/strong><\/h5>","protected":false},"featured_media":139726,"template":"","meta":{"_acf_changed":false},"product_brand":[],"product_cat":[3355],"product_tag":[4198,4202],"class_list":{"0":"post-139728","1":"product","2":"type-product","3":"status-publish","4":"has-post-thumbnail","6":"product_cat-elslutbleck","7":"product_tag-12v","8":"product_tag-omstallbar-rattvand-omvand","9":"product_shipping_class-tunga-paket","10":"pa_brands-step","11":"tm-no-options","13":"first","14":"onbackorder","15":"sale","16":"taxable","17":"shipping-taxable","18":"purchasable","19":"product-type-simple"},"acf":[],"_links":{"self":[{"href":"https:\/\/secureus.se\/fi\/wp-json\/wp\/v2\/product\/139728","targetHints":{"allow":["GET"]}}],"collection":[{"href":"https:\/\/secureus.se\/fi\/wp-json\/wp\/v2\/product"}],"about":[{"href":"https:\/\/secureus.se\/fi\/wp-json\/wp\/v2\/types\/product"}],"wp:featuredmedia":[{"embeddable":true,"href":"https:\/\/secureus.se\/fi\/wp-json\/wp\/v2\/media\/139726"}],"wp:attachment":[{"href":"https:\/\/secureus.se\/fi\/wp-json\/wp\/v2\/media?parent=139728"}],"wp:term":[{"taxonomy":"product_brand","embeddable":true,"href":"https:\/\/secureus.se\/fi\/wp-json\/wp\/v2\/product_brand?post=139728"},{"taxonomy":"product_cat","embeddable":true,"href":"https:\/\/secureus.se\/fi\/wp-json\/wp\/v2\/product_cat?post=139728"},{"taxonomy":"product_tag","embeddable":true,"href":"https:\/\/secureus.se\/fi\/wp-json\/wp\/v2\/product_tag?post=139728"}],"curies":[{"name":"wp","href":"https:\/\/api.w.org\/{rel}","templated":true}]}}