{"id":139731,"date":"2023-09-26T13:07:58","date_gmt":"2023-09-26T11:07:58","guid":{"rendered":"https:\/\/secureus.se\/elslutbleck-step-90-rattvand-12v\/"},"modified":"2026-03-26T09:48:52","modified_gmt":"2026-03-26T08:48:52","slug":"elslutbleck-step-90-rattvand-12v","status":"publish","type":"product","link":"https:\/\/secureus.se\/fi\/elslutbleck-step-90-rattvand-12v\/","title":{"rendered":"S\u00e4hk\u00f6liitinlevy STEP 90 Oikea 12V"},"content":{"rendered":"<h1>S\u00e4hk\u00f6liitinlevy STEP 90 Oikea 12V<\/h1>\n<p>STEP 90 Preload on paloturvallinen s\u00e4hk\u00f6isku kompaktissa muodossa, jossa on eteenp\u00e4in suuntautuva toiminto. Ihanteellinen oviymp\u00e4rist\u00f6ihin, joissa vaaditaan korkeaa turvallisuutta ja luotettavuutta lukittaessa p\u00e4iv\u00e4saikaan.<\/p>\n<p class=\"\" data-start=\"244\" data-end=\"625\">Oikealle suuntautuva STEP 90 Preload -s\u00e4hk\u00f6isku on luotettava ja turvallinen ratkaisu oviymp\u00e4rist\u00f6ihin, joissa turvallinen lukitus yhdistyy paloluokituksen ja suuren avautumistiheyden vaatimuksiin.<\/p>\n<p class=\"\" data-start=\"244\" data-end=\"625\">Kompaktin rakenteensa ansiosta pelti on helppo asentaa ahtaisiinkin tiloihin, joten se on erinomainen valinta olemassa olevien ovien p\u00e4ivitykseen.<\/p>\n<p class=\"\" data-start=\"627\" data-end=\"900\">Tuote kuuluu STEPin Preload-sarjaan ja on varustettu patentoidulla HPR\u00ae-valuteknologialla.<\/p>\n<p class=\"\" data-start=\"627\" data-end=\"900\">Se mahdollistaa turvallisen lukituksen avaamisen jopa 250 kg:n nauhapaineella, mik\u00e4 on ratkaisevan t\u00e4rke\u00e4\u00e4 oviymp\u00e4rist\u00f6iss\u00e4, joissa on tiivistenauhat tai automaattinen oviautomaatio.<\/p>\n<p class=\"\" data-start=\"902\" data-end=\"1268\">STEP 90 on palohyv\u00e4ksytty E\/EI 120 asti standardin SS-EN 14846:2008 mukaisesti ja testattu kest\u00e4m\u00e4\u00e4n 1200 kg:n murtolujuutta.<\/p>\n<p class=\"\" data-start=\"902\" data-end=\"1268\">Oikealle suunnattu toiminto tarkoittaa, ett\u00e4 paneeli on lukittu j\u00e4nnitteett\u00f6m\u00e4\u00e4n asentoon, mik\u00e4 on vakiona turvallisuuskriittisiss\u00e4 asennuksissa.<\/p>\n<p class=\"\" data-start=\"902\" data-end=\"1268\">Tuote on k\u00e4\u00e4nnett\u00e4v\u00e4 ja sopii sek\u00e4 oikealle ett\u00e4 vasemmalle ripustettaviin oviin sek\u00e4 Connect-, Modul- ja Narrow Profile -sarjojen lukkokoteloihin.<\/p>\n<p class=\"\" data-start=\"1270\" data-end=\"1296\"><strong data-start=\"1270\" data-end=\"1296\">Ominaisuudet ja edut:<\/strong><\/p>\n<ul data-start=\"1297\" data-end=\"1529\">\n<li class=\"\" data-start=\"1297\" data-end=\"1340\">\n<p class=\"\" data-start=\"1299\" data-end=\"1340\">Oikealle suunnattu toiminto (lukittu j\u00e4nnitteett\u00f6m\u00e4ss\u00e4 tilassa)<\/p>\n<\/li>\n<li class=\"\" data-start=\"1341\" data-end=\"1381\">\n<p class=\"\" data-start=\"1343\" data-end=\"1381\">Paloluokka E\/EI 120 standardin SS-EN 14846 mukaan<\/p>\n<\/li>\n<li class=\"\" data-start=\"1382\" data-end=\"1425\">\n<p class=\"\" data-start=\"1384\" data-end=\"1425\">HPR\u00ae-tekniikka nauhatulostukseen 250 kg asti<\/p>\n<\/li>\n<li class=\"\" data-start=\"1426\" data-end=\"1461\">\n<p class=\"\" data-start=\"1428\" data-end=\"1461\">Kompaktit mitat \u2013 helppo asennus<\/p>\n<\/li>\n<li class=\"\" data-start=\"1462\" data-end=\"1494\">\n<p class=\"\" data-start=\"1464\" data-end=\"1494\">K\u00e4\u00e4nnett\u00e4v\u00e4 ja iskunkest\u00e4v\u00e4 muotoilu<\/p>\n<\/li>\n<li class=\"\" data-start=\"1495\" data-end=\"1529\">\n<p class=\"\" data-start=\"1497\" data-end=\"1529\">Yksisalpa- ja kaksisalpalukkoon<\/p>\n<\/li>\n<\/ul>\n<p class=\"\" data-start=\"1531\" data-end=\"1857\"><strong data-start=\"1531\" data-end=\"1560\">Tekniset tiedot:<\/strong><br data-start=\"1560\" data-end=\"1563\" \/>K\u00e4ytt\u00f6j\u00e4nnite: 12 V DC (10,8-13,8 V)<br data-start=\"1599\" data-end=\"1602\" \/>Virrankulutus: 220 mAh \/ max 600 mA<br data-start=\"1640\" data-end=\"1643\" \/>Murtolujuus: 1200 kg (12 kN)<br data-start=\"1675\" data-end=\"1678\" \/>Listan paine: 250 kg<br data-start=\"1695\" data-end=\"1698\" \/>Mitat (LxSxK): 25 x 28 x 90 mm<br data-start=\"1727\" data-end=\"1730\" \/>Lukon tyyppi: yksisalpalukko, kaksoissalpalukko<br data-start=\"1763\" data-end=\"1766\" \/>M\u00e4nn\u00e4n kosketin: Ei<br data-start=\"1782\" data-end=\"1785\" \/>Kaapeli: Ei<br data-start=\"1795\" data-end=\"1798\" \/>Pintak\u00e4sittely: ruostumaton ter\u00e4s<br data-start=\"1819\" data-end=\"1822\" \/>Rakennusmateriaalit ja SundaHus: Kyll\u00e4<\/p>","protected":false},"excerpt":{"rendered":"<p>T\u00e4\u00e4lt\u00e4 n\u00e4et, mitk\u00e4 pylv\u00e4\u00e4t ja mallit sopivat yhteen STEP-sarjan s\u00e4hk\u00f6isist\u00e4 oven pys\u00e4yttimist\u00e4.<\/p>\n<h5><strong><a href=\"https:\/\/steplock.com\/sv\/stolpguide\/#!?lang=sv&amp;blog_id=1&amp;paged=1&amp;number=50\" target=\"_blank\" rel=\"noopener\">STEP Viestiopas\u00a0<\/a><\/strong><\/h5>\n<h5><strong><a href=\"https:\/\/steplock.com\/sv\/projekteringsguide\/#!?lang=sv&amp;blog_id=1&amp;paged=1&amp;number=999\" target=\"_blank\" rel=\"noopener\">STEP-suunnitteluopas<\/a><\/strong><\/h5>","protected":false},"featured_media":139727,"template":"","meta":{"_acf_changed":false},"product_brand":[],"product_cat":[3355],"product_tag":[4198,4200],"class_list":{"0":"post-139731","1":"product","2":"type-product","3":"status-publish","4":"has-post-thumbnail","6":"product_cat-elslutbleck","7":"product_tag-12v","8":"product_tag-rattvand","9":"product_shipping_class-tunga-paket","10":"pa_brands-step","11":"tm-no-options","13":"first","14":"instock","15":"sale","16":"taxable","17":"shipping-taxable","18":"purchasable","19":"product-type-simple"},"acf":[],"_links":{"self":[{"href":"https:\/\/secureus.se\/fi\/wp-json\/wp\/v2\/product\/139731","targetHints":{"allow":["GET"]}}],"collection":[{"href":"https:\/\/secureus.se\/fi\/wp-json\/wp\/v2\/product"}],"about":[{"href":"https:\/\/secureus.se\/fi\/wp-json\/wp\/v2\/types\/product"}],"wp:featuredmedia":[{"embeddable":true,"href":"https:\/\/secureus.se\/fi\/wp-json\/wp\/v2\/media\/139727"}],"wp:attachment":[{"href":"https:\/\/secureus.se\/fi\/wp-json\/wp\/v2\/media?parent=139731"}],"wp:term":[{"taxonomy":"product_brand","embeddable":true,"href":"https:\/\/secureus.se\/fi\/wp-json\/wp\/v2\/product_brand?post=139731"},{"taxonomy":"product_cat","embeddable":true,"href":"https:\/\/secureus.se\/fi\/wp-json\/wp\/v2\/product_cat?post=139731"},{"taxonomy":"product_tag","embeddable":true,"href":"https:\/\/secureus.se\/fi\/wp-json\/wp\/v2\/product_tag?post=139731"}],"curies":[{"name":"wp","href":"https:\/\/api.w.org\/{rel}","templated":true}]}}