{"id":139739,"date":"2023-09-27T18:04:29","date_gmt":"2023-09-27T16:04:29","guid":{"rendered":"https:\/\/secureus.se\/anslutningskabel-960-961-5m\/"},"modified":"2025-09-15T13:08:10","modified_gmt":"2025-09-15T11:08:10","slug":"anslutningskabel-960-961-5m","status":"publish","type":"product","link":"https:\/\/secureus.se\/fi\/anslutningskabel-960-961-5m\/","title":{"rendered":"Liit\u00e4nt\u00e4kaapeli 960\/961 5m"},"content":{"rendered":"<p><b>Kuvaus:<br \/>\n<\/b>Liit\u00e4nt\u00e4kaapeli ASSA ABLOY s\u00e4hk\u00f6p\u00e4\u00e4tylevylle 960 ja 961. Pituus 5 metri\u00e4.<\/p>","protected":false},"excerpt":{"rendered":"<h5><a href=\"https:\/\/elslutblecksguiden.se\/\" target=\"_blank\" rel=\"noopener\">Opas ASSA S\u00e4hk\u00f6lukot, moottorilukot, S\u00e4hk\u00f6iset vastalevyt ja vaihto-opas<\/a><\/h5>","protected":false},"featured_media":139738,"template":"","meta":{"_acf_changed":false},"product_brand":[],"product_cat":[2834],"product_tag":[2967],"class_list":{"0":"post-139739","1":"product","2":"type-product","3":"status-publish","4":"has-post-thumbnail","6":"product_cat-ellas-motorlastillbehor","7":"product_tag-rg-assa-abloy","8":"product_shipping_class-tunga-paket","9":"pa_brands-abloy","10":"tm-no-options","12":"first","13":"outofstock","14":"taxable","15":"shipping-taxable","16":"purchasable","17":"product-type-simple"},"acf":[],"_links":{"self":[{"href":"https:\/\/secureus.se\/fi\/wp-json\/wp\/v2\/product\/139739","targetHints":{"allow":["GET"]}}],"collection":[{"href":"https:\/\/secureus.se\/fi\/wp-json\/wp\/v2\/product"}],"about":[{"href":"https:\/\/secureus.se\/fi\/wp-json\/wp\/v2\/types\/product"}],"wp:featuredmedia":[{"embeddable":true,"href":"https:\/\/secureus.se\/fi\/wp-json\/wp\/v2\/media\/139738"}],"wp:attachment":[{"href":"https:\/\/secureus.se\/fi\/wp-json\/wp\/v2\/media?parent=139739"}],"wp:term":[{"taxonomy":"product_brand","embeddable":true,"href":"https:\/\/secureus.se\/fi\/wp-json\/wp\/v2\/product_brand?post=139739"},{"taxonomy":"product_cat","embeddable":true,"href":"https:\/\/secureus.se\/fi\/wp-json\/wp\/v2\/product_cat?post=139739"},{"taxonomy":"product_tag","embeddable":true,"href":"https:\/\/secureus.se\/fi\/wp-json\/wp\/v2\/product_tag?post=139739"}],"curies":[{"name":"wp","href":"https:\/\/api.w.org\/{rel}","templated":true}]}}