{"id":139753,"date":"2023-09-26T13:07:49","date_gmt":"2023-09-26T11:07:49","guid":{"rendered":"https:\/\/secureus.se\/elslutbleck-step-40-omvand-12v-kolvkontakt\/"},"modified":"2026-04-08T16:10:28","modified_gmt":"2026-04-08T14:10:28","slug":"elslutbleck-step-40-omvand-12v-kolvkontakt","status":"publish","type":"product","link":"https:\/\/secureus.se\/fi\/elslutbleck-step-40-omvand-12v-kolvkontakt\/","title":{"rendered":"S\u00e4hk\u00f6liitinlevy STEP 40 K\u00e4\u00e4nteinen 12V M\u00e4nn\u00e4n kosketin"},"content":{"rendered":"<h1>S\u00e4hk\u00f6liitinlevy STEP 40 K\u00e4\u00e4nteinen 12V M\u00e4nn\u00e4n kosketin<\/h1>\n<p>VAIHE 40 Esikuormita HPR-s\u00e4hk\u00f6isku k\u00e4\u00e4nteisell\u00e4 toiminnolla ja m\u00e4nn\u00e4n koskettimella. Mukautettu 12V j\u00e4rjestelmiin. Hiljainen ja luotettava avautuminen jopa 250 kg nauhapaineella. K\u00e4\u00e4nnett\u00e4v\u00e4 muotoilu.<\/p>\n<p class=\"\" data-start=\"248\" data-end=\"580\">STEP 40 Preload HPR -s\u00e4hk\u00f6iskussa yhdistyv\u00e4t luotettava toiminta, kompakti muotoilu ja korkea turvallisuus \u2013 t\u00e4ydellinen p\u00e4iv\u00e4lukitukseen oviymp\u00e4rist\u00f6iss\u00e4, joissa on korkeat vaatimukset.<\/p>\n<p class=\"\" data-start=\"248\" data-end=\"580\">Peruutustoiminto (avoinna s\u00e4hk\u00f6katkon sattuessa) tekee siit\u00e4 erityisen sopivan poistumisreiteille tai oville, joissa tarvitaan vapaata kulkua s\u00e4hk\u00f6katkon sattuessa.<\/p>\n<p class=\"\" data-start=\"582\" data-end=\"933\">STEPin patentoidun HPR\u00ae-nauhapainetekniikan ansiosta s\u00e4hk\u00f6isku voi avata lukituksen jopa 250 kg:n paineen alaisena.<\/p>\n<p class=\"\" data-start=\"582\" data-end=\"933\">Se tarjoaa luotettavan toiminnan my\u00f6s raskaissa oviymp\u00e4rist\u00f6iss\u00e4, joissa k\u00e4ytt\u00f6virta on suuri. STEP 40 on testattu yli 1,5 miljoonalla jaksolla, ja sen murtolujuus on 1 200 kg, mik\u00e4 takaa pitk\u00e4n k\u00e4ytt\u00f6i\u00e4n ja turvallisen lukituksen.<\/p>\n<p class=\"\" data-start=\"935\" data-end=\"1220\">Sis\u00e4\u00e4nrakennetun m\u00e4nt\u00e4koskettimen avulla saat tilailmoituksen siit\u00e4, onko ovi kiinni vai auki, mik\u00e4 helpottaa integrointia kulunvalvonta- tai h\u00e4lytysj\u00e4rjestelmiin.<\/p>\n<p class=\"\" data-start=\"935\" data-end=\"1220\">Levy on k\u00e4\u00e4nnett\u00e4v\u00e4 ja sopii sek\u00e4 oikea- ett\u00e4 vasenk\u00e4tisiin oviin, ja se voidaan asentaa Connect-, Modul- ja Narrow Profile -sarjojen lukkokoteloihin.<\/p>\n<p class=\"\" data-start=\"1222\" data-end=\"1248\"><strong data-start=\"1222\" data-end=\"1248\">Ominaisuudet ja edut:<\/strong><\/p>\n<ul data-start=\"1249\" data-end=\"1555\">\n<li class=\"\" data-start=\"1249\" data-end=\"1294\">\n<p class=\"\" data-start=\"1251\" data-end=\"1294\">K\u00e4\u00e4nteinen toiminto \u2013 auki s\u00e4hk\u00f6katkon sattuessa<\/p>\n<\/li>\n<li class=\"\" data-start=\"1295\" data-end=\"1325\">\n<p class=\"\" data-start=\"1297\" data-end=\"1325\">M\u00e4nt\u00e4kytkin oven tilaan<\/p>\n<\/li>\n<li class=\"\" data-start=\"1326\" data-end=\"1355\">\n<p class=\"\" data-start=\"1328\" data-end=\"1355\">Murtolujuus: 1200 kg<\/p>\n<\/li>\n<li class=\"\" data-start=\"1356\" data-end=\"1389\">\n<p class=\"\" data-start=\"1358\" data-end=\"1389\">Kest\u00e4\u00e4 puristuspainetta 250 kg asti<\/p>\n<\/li>\n<li class=\"\" data-start=\"1390\" data-end=\"1416\">\n<p class=\"\" data-start=\"1392\" data-end=\"1416\">Patentoitu HPR\u00ae-tekniikka<\/p>\n<\/li>\n<li class=\"\" data-start=\"1417\" data-end=\"1451\">\n<p class=\"\" data-start=\"1419\" data-end=\"1451\">Kompakti ja k\u00e4\u00e4nnett\u00e4v\u00e4 muotoilu<\/p>\n<\/li>\n<li class=\"\" data-start=\"1452\" data-end=\"1483\">\n<p class=\"\" data-start=\"1454\" data-end=\"1483\">Suojadiodi ja ylij\u00e4nnitesuoja<\/p>\n<\/li>\n<li class=\"\" data-start=\"1484\" data-end=\"1517\">\n<p class=\"\" data-start=\"1486\" data-end=\"1517\">Yksi- tai kaksilehtisille lukoille<\/p>\n<\/li>\n<li class=\"\" data-start=\"1518\" data-end=\"1555\">\n<p class=\"\" data-start=\"1520\" data-end=\"1555\">Rakennusmateriaalit arvioitu ja SundaHus arvioitu<\/p>\n<\/li>\n<\/ul>","protected":false},"excerpt":{"rendered":"<p>T\u00e4\u00e4lt\u00e4 n\u00e4et, mitk\u00e4 pylv\u00e4\u00e4t ja mallit sopivat yhteen STEP-sarjan s\u00e4hk\u00f6isist\u00e4 oven pys\u00e4yttimist\u00e4.<\/p>\n<h5><strong><a href=\"https:\/\/steplock.com\/sv\/stolpguide\/#!?lang=sv&amp;blog_id=1&amp;paged=1&amp;number=50\" target=\"_blank\" rel=\"noopener\">STEP Viestiopas\u00a0<\/a><\/strong><\/h5>\n<h5><strong><a href=\"https:\/\/steplock.com\/sv\/projekteringsguide\/#!?lang=sv&amp;blog_id=1&amp;paged=1&amp;number=999\" target=\"_blank\" rel=\"noopener\">STEP-suunnitteluopas<\/a><\/strong><\/h5>","protected":false},"featured_media":139746,"template":"","meta":{"_acf_changed":false},"product_brand":[],"product_cat":[3355],"product_tag":[4198,4201],"class_list":{"0":"post-139753","1":"product","2":"type-product","3":"status-publish","4":"has-post-thumbnail","6":"product_cat-elslutbleck","7":"product_tag-12v","8":"product_tag-omvand","9":"product_shipping_class-tunga-paket","10":"pa_brands-step","11":"tm-no-options","13":"first","14":"onbackorder","15":"sale","16":"taxable","17":"shipping-taxable","18":"purchasable","19":"product-type-simple"},"acf":[],"_links":{"self":[{"href":"https:\/\/secureus.se\/fi\/wp-json\/wp\/v2\/product\/139753","targetHints":{"allow":["GET"]}}],"collection":[{"href":"https:\/\/secureus.se\/fi\/wp-json\/wp\/v2\/product"}],"about":[{"href":"https:\/\/secureus.se\/fi\/wp-json\/wp\/v2\/types\/product"}],"wp:featuredmedia":[{"embeddable":true,"href":"https:\/\/secureus.se\/fi\/wp-json\/wp\/v2\/media\/139746"}],"wp:attachment":[{"href":"https:\/\/secureus.se\/fi\/wp-json\/wp\/v2\/media?parent=139753"}],"wp:term":[{"taxonomy":"product_brand","embeddable":true,"href":"https:\/\/secureus.se\/fi\/wp-json\/wp\/v2\/product_brand?post=139753"},{"taxonomy":"product_cat","embeddable":true,"href":"https:\/\/secureus.se\/fi\/wp-json\/wp\/v2\/product_cat?post=139753"},{"taxonomy":"product_tag","embeddable":true,"href":"https:\/\/secureus.se\/fi\/wp-json\/wp\/v2\/product_tag?post=139753"}],"curies":[{"name":"wp","href":"https:\/\/api.w.org\/{rel}","templated":true}]}}