{"id":139763,"date":"2023-09-26T13:07:41","date_gmt":"2023-09-26T11:07:41","guid":{"rendered":"https:\/\/secureus.se\/elslutbleck-step-18-vanster-rattvand-12v-9mm-regel-connect\/"},"modified":"2026-04-08T16:13:36","modified_gmt":"2026-04-08T14:13:36","slug":"elslutbleck-step-18-vanster-rattvand-12v-9mm-regel-connect","status":"publish","type":"product","link":"https:\/\/secureus.se\/fi\/elslutbleck-step-18-vanster-rattvand-12v-9mm-regel-connect\/","title":{"rendered":"S\u00e4hk\u00f6inen p\u00e4\u00e4tylevy STEP 18 Vasen Oikea 12V 9mm Regel Connect"},"content":{"rendered":"<h1>S\u00e4hk\u00f6inen p\u00e4\u00e4tylevy STEP 18 Vasen Oikea 12V 9mm Regel Connect<\/h1>\n<p>VAIHE 18 Secure on korkean turvatason s\u00e4hk\u00f6isku oikeak\u00e4tisell\u00e4 toiminnolla vasemmalle ripustetuille oville.<\/p>\n<p>Mukautettu 9 mm:n liitospulttiin, palosuojattu E\/EI60 asti ja varustettu m\u00e4nt\u00e4- ja salpakoskettimella.<\/p>\n<p class=\"\" data-start=\"288\" data-end=\"661\">Electric Strike STEP 18 Secure on edistynyt s\u00e4hk\u00f6isku, joka on kehitetty t\u00e4ytt\u00e4m\u00e4\u00e4n korkeat turvallisuuden, kest\u00e4vyyden ja toiminnan vaatimukset usein k\u00e4ytetyiss\u00e4 oviymp\u00e4rist\u00f6iss\u00e4.<\/p>\n<p class=\"\" data-start=\"288\" data-end=\"661\">Tuote on erityisesti sovitettu vasemmalle ripustetuille oville, joissa on 9 mm:n pultti Connect-sarjassa, ja sit\u00e4 k\u00e4ytet\u00e4\u00e4n usein turvaluokitelluissa ymp\u00e4rist\u00f6iss\u00e4, kuten pankeissa, laitoksissa ja julkisissa rakennuksissa.<\/p>\n<p class=\"\" data-start=\"663\" data-end=\"968\">Oikealle suuntautuvalla toiminnallaan levy on lukittu j\u00e4nnitteett\u00f6m\u00e4\u00e4n tilaan, mik\u00e4 antaa lis\u00e4suojaa esimerkiksi s\u00e4hk\u00f6katkon sattuessa.<\/p>\n<p class=\"\" data-start=\"663\" data-end=\"968\">Sis\u00e4\u00e4nrakennettu m\u00e4nt\u00e4kytkin ja salpakytkin mahdollistavat tarkan tilan seurannan oven kiinni\/auki ja lukittu\/auki-asennoissa \u2013 t\u00e4ydellinen integroitavaksi h\u00e4lytys- ja kulunvalvontaj\u00e4rjestelmiin.<\/p>\n<p class=\"\" data-start=\"970\" data-end=\"1277\">STEP 18 on palosertifioitu E\/EI60:n mukaan ja testattu kest\u00e4m\u00e4\u00e4n 500 kg:n nauhapainetta ja 15 kN:n murtolujuutta, mik\u00e4 takaa turvallisen lukon my\u00f6s paineolosuhteissa.<\/p>\n<p class=\"\" data-start=\"970\" data-end=\"1277\">Arkki on peukaloitumaton ja varustettu sis\u00e4\u00e4nrakennetulla suojadiodilla. 5 metrin halogeeniton liit\u00e4nt\u00e4kaapeli sis\u00e4ltyy toimitukseen.<\/p>\n<p class=\"\" data-start=\"1279\" data-end=\"1307\"><strong data-start=\"1279\" data-end=\"1305\">Ominaisuudet ja edut:<\/strong><\/p>\n<ul data-start=\"1308\" data-end=\"1614\">\n<li class=\"\" data-start=\"1308\" data-end=\"1347\">\n<p class=\"\" data-start=\"1310\" data-end=\"1347\">Oikea toiminta (lukittu ilman virtaa)<\/p>\n<\/li>\n<li class=\"\" data-start=\"1348\" data-end=\"1399\">\n<p class=\"\" data-start=\"1350\" data-end=\"1399\">Vasemmalle ripustetuille oville 9 mm:n liitospultilla<\/p>\n<\/li>\n<li class=\"\" data-start=\"1400\" data-end=\"1448\">\n<p class=\"\" data-start=\"1402\" data-end=\"1448\">M\u00e4nt\u00e4 ja pid\u00e4tinkosketin tilan valvontaa varten<\/p>\n<\/li>\n<li class=\"\" data-start=\"1449\" data-end=\"1472\">\n<p class=\"\" data-start=\"1451\" data-end=\"1472\">Paloluokitus E\/EI60<\/p>\n<\/li>\n<li class=\"\" data-start=\"1473\" data-end=\"1506\">\n<p class=\"\" data-start=\"1475\" data-end=\"1506\">Kest\u00e4\u00e4 puristuspainetta 500 kg asti<\/p>\n<\/li>\n<li class=\"\" data-start=\"1507\" data-end=\"1533\">\n<p class=\"\" data-start=\"1509\" data-end=\"1533\">Murtolujuus: 15 kN<\/p>\n<\/li>\n<li class=\"\" data-start=\"1534\" data-end=\"1576\">\n<p class=\"\" data-start=\"1536\" data-end=\"1576\">Mukana 5 metrin halogeeniton kaapeli<\/p>\n<\/li>\n<li class=\"\" data-start=\"1577\" data-end=\"1614\">\n<p class=\"\" data-start=\"1579\" data-end=\"1614\">Mukana suojadiodi ja ylij\u00e4nnitesuoja<\/p>\n<\/li>\n<\/ul>","protected":false},"excerpt":{"rendered":"<p>T\u00e4\u00e4lt\u00e4 n\u00e4et, mitk\u00e4 pylv\u00e4\u00e4t ja mallit sopivat yhteen STEP-sarjan s\u00e4hk\u00f6isist\u00e4 oven pys\u00e4yttimist\u00e4.<\/p>\n<h5><strong><a href=\"https:\/\/steplock.com\/sv\/stolpguide\/#!?lang=sv&amp;blog_id=1&amp;paged=1&amp;number=50\" target=\"_blank\" rel=\"noopener\">STEP Viestiopas\u00a0<\/a><\/strong><\/h5>\n<h5><strong><a href=\"https:\/\/steplock.com\/sv\/projekteringsguide\/#!?lang=sv&amp;blog_id=1&amp;paged=1&amp;number=999\" target=\"_blank\" rel=\"noopener\">STEP-suunnitteluopas<\/a><\/strong><\/h5>","protected":false},"featured_media":139761,"template":"","meta":{"_acf_changed":false},"product_brand":[],"product_cat":[3355],"product_tag":[4198,4200],"class_list":{"0":"post-139763","1":"product","2":"type-product","3":"status-publish","4":"has-post-thumbnail","6":"product_cat-elslutbleck","7":"product_tag-12v","8":"product_tag-rattvand","9":"product_shipping_class-tunga-paket","10":"pa_brands-step","11":"tm-no-options","13":"first","14":"onbackorder","15":"sale","16":"taxable","17":"shipping-taxable","18":"purchasable","19":"product-type-simple"},"acf":[],"_links":{"self":[{"href":"https:\/\/secureus.se\/fi\/wp-json\/wp\/v2\/product\/139763","targetHints":{"allow":["GET"]}}],"collection":[{"href":"https:\/\/secureus.se\/fi\/wp-json\/wp\/v2\/product"}],"about":[{"href":"https:\/\/secureus.se\/fi\/wp-json\/wp\/v2\/types\/product"}],"wp:featuredmedia":[{"embeddable":true,"href":"https:\/\/secureus.se\/fi\/wp-json\/wp\/v2\/media\/139761"}],"wp:attachment":[{"href":"https:\/\/secureus.se\/fi\/wp-json\/wp\/v2\/media?parent=139763"}],"wp:term":[{"taxonomy":"product_brand","embeddable":true,"href":"https:\/\/secureus.se\/fi\/wp-json\/wp\/v2\/product_brand?post=139763"},{"taxonomy":"product_cat","embeddable":true,"href":"https:\/\/secureus.se\/fi\/wp-json\/wp\/v2\/product_cat?post=139763"},{"taxonomy":"product_tag","embeddable":true,"href":"https:\/\/secureus.se\/fi\/wp-json\/wp\/v2\/product_tag?post=139763"}],"curies":[{"name":"wp","href":"https:\/\/api.w.org\/{rel}","templated":true}]}}