{"id":139800,"date":"2023-09-26T13:07:29","date_gmt":"2023-09-26T11:07:29","guid":{"rendered":"https:\/\/secureus.se\/elslutbleck-step-28e-hoger-rattvand-12v-7mm-regel\/"},"modified":"2026-04-08T16:11:31","modified_gmt":"2026-04-08T14:11:31","slug":"elslutbleck-step-28e-hoger-rattvand-12v-7mm-regel","status":"publish","type":"product","link":"https:\/\/secureus.se\/fi\/elslutbleck-step-28e-hoger-rattvand-12v-7mm-regel\/","title":{"rendered":"S\u00e4hk\u00f6inen p\u00e4\u00e4tylevy STEP 28E Oikea Oikealle p\u00e4in 12V 7mm s\u00e4\u00e4nt\u00f6"},"content":{"rendered":"<h1>S\u00e4hk\u00f6inen p\u00e4\u00e4tylevy STEP 28E Oikea Oikealle p\u00e4in 12V 7mm s\u00e4\u00e4nt\u00f6<\/h1>\n<p>STEP 28E Secure on palosuojattu s\u00e4hk\u00f6isku oikealle ripustetuille oville 7 mm:n pultilla. Oikea toiminta, m\u00e4nn\u00e4n kosketus ja korkea turvallisuus. Mukana 5 m kaapeli.<\/p>\n<p>STEP 28E Secure Electric Strike tarjoaa vankan ratkaisun ymp\u00e4rist\u00f6ihin, joissa turvallisuus, palovaatimukset ja evakuointi on yhdistett\u00e4v\u00e4 automaattiseen ovenhallintaan.<\/p>\n<p>T\u00e4m\u00e4 s\u00e4hk\u00f6isku on kehitetty k\u00e4ytett\u00e4v\u00e4ksi Connect-sarjan pulttilukkojen kanssa, erityisesti kun k\u00e4ytet\u00e4\u00e4n 7 mm:n pulttia, ja se on tarkoitettu oikealle ripustetuille oville.<\/p>\n<p class=\"\" data-start=\"572\" data-end=\"916\">Oikeak\u00e4tinen toiminto tarkoittaa, ett\u00e4 s\u00e4hk\u00f6isku lukitaan j\u00e4nnitteett\u00f6m\u00e4\u00e4n asentoon, mik\u00e4 varmistaa, ett\u00e4 ovi pysyy lukittuna s\u00e4hk\u00f6katkon sattuessa \u2013 t\u00e4rke\u00e4 n\u00e4k\u00f6kohta turvallisuusluokitelluissa ymp\u00e4rist\u00f6iss\u00e4.<\/p>\n<p class=\"\" data-start=\"572\" data-end=\"916\">STEP 28E Secure on hyv\u00e4ksytty palonkest\u00e4vyyteen E\/EI 60 asti soveltuvien standardien mukaan ja sit\u00e4 k\u00e4ytet\u00e4\u00e4n usein yhdess\u00e4 SS-EN 179 mukaisten h\u00e4t\u00e4poistumislukkojen kanssa.<\/p>\n<p class=\"\" data-start=\"918\" data-end=\"1240\">S\u00e4hk\u00f6iskussa on sis\u00e4\u00e4nrakennettu m\u00e4nt\u00e4kosketin ja salpakosketin oven tilan ilmaisemiseksi, mik\u00e4 mahdollistaa yhteyden kulunvalvontaj\u00e4rjestelmiin, h\u00e4lyttimiin tai muihin ohjausj\u00e4rjestelmiin.<\/p>\n<p class=\"\" data-start=\"918\" data-end=\"1240\">Murtolujuus ylitt\u00e4\u00e4 15 kN ja yksikk\u00f6 toimii my\u00f6s 500 kg:n nauhapaineilla. Rakenne on suojattu turvallisuuden ja luotettavuuden lis\u00e4\u00e4miseksi.<\/p>\n<p class=\"\" data-start=\"1242\" data-end=\"1374\">Tuote toimitetaan 5 metrin halogeenivapaalla liit\u00e4nt\u00e4kaapelilla ja se on helppo asentaa harkitun muotoilunsa ja ruostumattoman ter\u00e4spinnan ansiosta.<\/p>\n<p class=\"\" data-start=\"1376\" data-end=\"1404\"><strong data-start=\"1376\" data-end=\"1402\">Ominaisuudet ja edut:<\/strong><\/p>\n<ul data-start=\"1405\" data-end=\"1674\">\n<li class=\"\" data-start=\"1405\" data-end=\"1439\">\n<p class=\"\" data-start=\"1407\" data-end=\"1439\">7 mm Connect-sarjan m\u00e4nnille<\/p>\n<\/li>\n<li class=\"\" data-start=\"1440\" data-end=\"1479\">\n<p class=\"\" data-start=\"1442\" data-end=\"1479\">Oikealle suunnattu toiminto - lukittu ilman virtaa<\/p>\n<\/li>\n<li class=\"\" data-start=\"1480\" data-end=\"1515\">\n<p class=\"\" data-start=\"1482\" data-end=\"1515\">Soveltuu oikealle ripustetuille oville<\/p>\n<\/li>\n<li class=\"\" data-start=\"1516\" data-end=\"1538\">\n<p class=\"\" data-start=\"1518\" data-end=\"1538\">Paloluokka E\/EI 60<\/p>\n<\/li>\n<li class=\"\" data-start=\"1539\" data-end=\"1579\">\n<p class=\"\" data-start=\"1541\" data-end=\"1579\">Sis\u00e4\u00e4nrakennettu m\u00e4nt\u00e4kytkin ja salpakytkin<\/p>\n<\/li>\n<li class=\"\" data-start=\"1580\" data-end=\"1613\">\n<p class=\"\" data-start=\"1582\" data-end=\"1613\">Kest\u00e4\u00e4 puristuspainetta 500 kg asti<\/p>\n<\/li>\n<li class=\"\" data-start=\"1614\" data-end=\"1644\">\n<p class=\"\" data-start=\"1616\" data-end=\"1644\">Murtolujuus yli 15 kN<\/p>\n<\/li>\n<li class=\"\" data-start=\"1645\" data-end=\"1674\">\n<p class=\"\" data-start=\"1647\" data-end=\"1674\">Mukana 5 metrin kaapeli<\/p>\n<\/li>\n<\/ul>","protected":false},"excerpt":{"rendered":"<p>T\u00e4\u00e4lt\u00e4 n\u00e4et, mitk\u00e4 pylv\u00e4\u00e4t ja mallit sopivat yhteen STEP-sarjan s\u00e4hk\u00f6isist\u00e4 oven pys\u00e4yttimist\u00e4.<\/p>\n<h5><strong><a href=\"https:\/\/steplock.com\/sv\/stolpguide\/#!?lang=sv&amp;blog_id=1&amp;paged=1&amp;number=50\" target=\"_blank\" rel=\"noopener\">STEP Viestiopas\u00a0<\/a><\/strong><\/h5>\n<h5><strong><a href=\"https:\/\/steplock.com\/sv\/projekteringsguide\/#!?lang=sv&amp;blog_id=1&amp;paged=1&amp;number=999\" target=\"_blank\" rel=\"noopener\">STEP-suunnitteluopas<\/a><\/strong><\/h5>","protected":false},"featured_media":139798,"template":"","meta":{"_acf_changed":false},"product_brand":[],"product_cat":[3355],"product_tag":[4198,4200],"class_list":{"0":"post-139800","1":"product","2":"type-product","3":"status-publish","4":"has-post-thumbnail","6":"product_cat-elslutbleck","7":"product_tag-12v","8":"product_tag-rattvand","9":"product_shipping_class-tunga-paket","10":"pa_brands-step","11":"tm-no-options","13":"first","14":"onbackorder","15":"sale","16":"taxable","17":"shipping-taxable","18":"purchasable","19":"product-type-simple"},"acf":[],"_links":{"self":[{"href":"https:\/\/secureus.se\/fi\/wp-json\/wp\/v2\/product\/139800","targetHints":{"allow":["GET"]}}],"collection":[{"href":"https:\/\/secureus.se\/fi\/wp-json\/wp\/v2\/product"}],"about":[{"href":"https:\/\/secureus.se\/fi\/wp-json\/wp\/v2\/types\/product"}],"wp:featuredmedia":[{"embeddable":true,"href":"https:\/\/secureus.se\/fi\/wp-json\/wp\/v2\/media\/139798"}],"wp:attachment":[{"href":"https:\/\/secureus.se\/fi\/wp-json\/wp\/v2\/media?parent=139800"}],"wp:term":[{"taxonomy":"product_brand","embeddable":true,"href":"https:\/\/secureus.se\/fi\/wp-json\/wp\/v2\/product_brand?post=139800"},{"taxonomy":"product_cat","embeddable":true,"href":"https:\/\/secureus.se\/fi\/wp-json\/wp\/v2\/product_cat?post=139800"},{"taxonomy":"product_tag","embeddable":true,"href":"https:\/\/secureus.se\/fi\/wp-json\/wp\/v2\/product_tag?post=139800"}],"curies":[{"name":"wp","href":"https:\/\/api.w.org\/{rel}","templated":true}]}}