{"id":139843,"date":"2023-09-26T13:06:37","date_gmt":"2023-09-26T11:06:37","guid":{"rendered":"https:\/\/secureus.se\/elslutbleck-step-48-rattvand-12v\/"},"modified":"2026-03-26T09:54:05","modified_gmt":"2026-03-26T08:54:05","slug":"elslutbleck-step-48-rattvand-12v","status":"publish","type":"product","link":"https:\/\/secureus.se\/fi\/elslutbleck-step-48-rattvand-12v\/","title":{"rendered":"S\u00e4hk\u00f6liitinlevy STEP 48 Oikea 12V"},"content":{"rendered":"<h1>S\u00e4hk\u00f6liitinlevy STEP 48 Oikea 12V<\/h1>\n<p>STEP 48 Preload -s\u00e4hk\u00f6isku tarjoaa korkean turvallisuuden oville, jotka on lukittava nupilla tai avaimella.<\/p>\n<p>Nauhapainetekniikalla ja 900 kg:n murtolujuudella varustettu se takaa avautumisen jopa 40 kg:n paineissa.<\/p>\n<p class=\"\" data-start=\"371\" data-end=\"784\">STEP 48 Preload -s\u00e4hk\u00f6isku on suunniteltu tiloihin, jotka on lukittava nupilla tai avaimella, ja siihen voidaan asentaa pulttiilmaisin (ST4880), joka mahdollistaa oven p\u00e4\u00e4syj\u00e4rjestelm\u00e4n tai koodilukon tukkimisen, kun lukkokotelon koukku- tai suorapultti on mekaanisesti avattu.<\/p>\n<p class=\"\" data-start=\"371\" data-end=\"784\">T\u00e4m\u00e4 tekee siit\u00e4 luotettavan valinnan sek\u00e4 uusiin ett\u00e4 vanhoihin ovij\u00e4rjestelmiin, joissa vaaditaan lis\u00e4turvaa.<\/p>\n<p class=\"\" data-start=\"786\" data-end=\"1075\">STEPin patentoitu nauhapainetekniikka varmistaa, ett\u00e4 ovi voidaan avata jopa 40 kg:n paineen alla.<\/p>\n<p class=\"\" data-start=\"786\" data-end=\"1075\">STEP 48:n murtolujuus on 9 kN (n. 900 kg) ja se kest\u00e4\u00e4 sek\u00e4 eteen- ett\u00e4 taaksep\u00e4in -toiminnon, joten se on turvallinen ratkaisu asennettavaksi erilaisiin ymp\u00e4rist\u00f6ihin.<\/p>\n<p class=\"\" data-start=\"1077\" data-end=\"1092\"><strong data-start=\"1077\" data-end=\"1092\">Ominaisuudet:<\/strong><\/p>\n<ul data-start=\"1093\" data-end=\"1500\">\n<li class=\"\" data-start=\"1093\" data-end=\"1136\">\n<p class=\"\" data-start=\"1095\" data-end=\"1136\">Oikealle suunnattu toiminto (lukittu j\u00e4nnitteett\u00f6m\u00e4ss\u00e4 tilassa)<\/p>\n<\/li>\n<li class=\"\" data-start=\"1137\" data-end=\"1175\">\n<p class=\"\" data-start=\"1139\" data-end=\"1175\">Sis\u00e4\u00e4nrakennettu suojadiodi lis\u00e4\u00e4 turvallisuutta<\/p>\n<\/li>\n<li class=\"\" data-start=\"1176\" data-end=\"1257\">\n<p class=\"\" data-start=\"1178\" data-end=\"1257\">Oven tilan ilmaisin (kiinni\/auki) (koskee tuotteita, joissa on m\u00e4nt\u00e4kontakti)<\/p>\n<\/li>\n<li class=\"\" data-start=\"1258\" data-end=\"1295\">\n<p class=\"\" data-start=\"1260\" data-end=\"1295\">Murtolujuus 9 kN (n. 900 kg)<\/p>\n<\/li>\n<li class=\"\" data-start=\"1296\" data-end=\"1393\">\n<p class=\"\" data-start=\"1298\" data-end=\"1393\">Takaa avautumisen jopa 0,4 kN (n. 40 kg) nauhapaineesta huolimatta eteen- ja taaksep\u00e4in-toiminnossa<\/p>\n<\/li>\n<li class=\"\" data-start=\"1394\" data-end=\"1453\">\n<p class=\"\" data-start=\"1396\" data-end=\"1453\">Nakutuksenesto ja k\u00e4\u00e4nnett\u00e4v\u00e4 sek\u00e4 oikea- ett\u00e4 vasenk\u00e4tisille oville<\/p>\n<\/li>\n<li class=\"\" data-start=\"1454\" data-end=\"1500\">\n<p class=\"\" data-start=\"1456\" data-end=\"1500\">Pystyy lukitsemaan koukkupultit tai suorat pultit<\/p>\n<\/li>\n<\/ul>\n<p class=\"\" data-start=\"1502\" data-end=\"1531\"><strong data-start=\"1502\" data-end=\"1531\">Tekniset tiedot:<\/strong><\/p>\n<ul data-start=\"1532\" data-end=\"2005\">\n<li class=\"\" data-start=\"1532\" data-end=\"1561\">\n<p class=\"\" data-start=\"1534\" data-end=\"1561\">Murtolujuus max: 900 kg<\/p>\n<\/li>\n<li class=\"\" data-start=\"1562\" data-end=\"1592\">\n<p class=\"\" data-start=\"1564\" data-end=\"1592\">Oven sarana: Oikea, Vasen<\/p>\n<\/li>\n<li class=\"\" data-start=\"1593\" data-end=\"1611\">\n<p class=\"\" data-start=\"1595\" data-end=\"1611\">Mukana kaapeli: Ei<\/p>\n<\/li>\n<li class=\"\" data-start=\"1612\" data-end=\"1630\">\n<p class=\"\" data-start=\"1614\" data-end=\"1630\">Listan paine: 40 kg<\/p>\n<\/li>\n<li class=\"\" data-start=\"1631\" data-end=\"1666\">\n<p class=\"\" data-start=\"1633\" data-end=\"1666\">Lukon tyyppi: yksisalpalukko, kaksoissalpalukko<\/p>\n<\/li>\n<li class=\"\" data-start=\"1667\" data-end=\"1689\">\n<p class=\"\" data-start=\"1669\" data-end=\"1689\">Tuotteen leveys: 25 mm<\/p>\n<\/li>\n<li class=\"\" data-start=\"1690\" data-end=\"1710\">\n<p class=\"\" data-start=\"1692\" data-end=\"1710\">Arvioidut rakennusmateriaalit: Kyll\u00e4<\/p>\n<\/li>\n<li class=\"\" data-start=\"1711\" data-end=\"1732\">\n<p class=\"\" data-start=\"1713\" data-end=\"1732\">Tuotteen syvyys: 35 mm<\/p>\n<\/li>\n<li class=\"\" data-start=\"1733\" data-end=\"1761\">\n<p class=\"\" data-start=\"1735\" data-end=\"1761\">K\u00e4ytt\u00f6j\u00e4nnite 12V\/24V: 12V<\/p>\n<\/li>\n<li class=\"\" data-start=\"1762\" data-end=\"1784\">\n<p class=\"\" data-start=\"1764\" data-end=\"1784\">Double twist drop: Ei<\/p>\n<\/li>\n<li class=\"\" data-start=\"1785\" data-end=\"1806\">\n<p class=\"\" data-start=\"1787\" data-end=\"1806\">EPD-varmennettu: Ei<\/p>\n<\/li>\n<li class=\"\" data-start=\"1807\" data-end=\"1819\">\n<p class=\"\" data-start=\"1809\" data-end=\"1819\">FINFO: Ei<\/p>\n<\/li>\n<li class=\"\" data-start=\"1820\" data-end=\"1848\">\n<p class=\"\" data-start=\"1822\" data-end=\"1848\">V\u00e4ri\/viimeistely: ruostumaton ter\u00e4s<\/p>\n<\/li>\n<li class=\"\" data-start=\"1849\" data-end=\"1870\">\n<p class=\"\" data-start=\"1851\" data-end=\"1870\">Tuotteen korkeus: 90 mm<\/p>\n<\/li>\n<li class=\"\" data-start=\"1871\" data-end=\"1889\">\n<p class=\"\" data-start=\"1873\" data-end=\"1889\">M\u00e4nn\u00e4n kosketin: Ei<\/p>\n<\/li>\n<li class=\"\" data-start=\"1890\" data-end=\"1917\">\n<p class=\"\" data-start=\"1892\" data-end=\"1917\">Oikea\/Reverse: Oikea<\/p>\n<\/li>\n<li class=\"\" data-start=\"1918\" data-end=\"1938\">\n<p class=\"\" data-start=\"1920\" data-end=\"1938\">J\u00e4nnite AC\/DC: DC<\/p>\n<\/li>\n<li class=\"\" data-start=\"1939\" data-end=\"1961\">\n<p class=\"\" data-start=\"1941\" data-end=\"1961\">Maksimij\u00e4nnite: 27,6 V<\/p>\n<\/li>\n<li class=\"\" data-start=\"1962\" data-end=\"1984\">\n<p class=\"\" data-start=\"1964\" data-end=\"1984\">Minimij\u00e4nnite: 21,6 V<\/p>\n<\/li>\n<li class=\"\" data-start=\"1985\" data-end=\"2005\">\n<p class=\"\" data-start=\"1987\" data-end=\"2005\">SundaHouse arvioitu: Kyll\u00e4<\/p>\n<\/li>\n<\/ul>","protected":false},"excerpt":{"rendered":"<p>T\u00e4\u00e4lt\u00e4 n\u00e4et, mitk\u00e4 pylv\u00e4\u00e4t ja mallit sopivat yhteen STEP-sarjan s\u00e4hk\u00f6isist\u00e4 oven pys\u00e4yttimist\u00e4.<\/p>\n<h5><strong><a href=\"https:\/\/steplock.com\/sv\/stolpguide\/#!?lang=sv&amp;blog_id=1&amp;paged=1&amp;number=50\" target=\"_blank\" rel=\"noopener\">STEP Viestiopas\u00a0<\/a><\/strong><\/h5>\n<h5><strong><a href=\"https:\/\/steplock.com\/sv\/projekteringsguide\/#!?lang=sv&amp;blog_id=1&amp;paged=1&amp;number=999\" target=\"_blank\" rel=\"noopener\">STEP-suunnitteluopas<\/a><\/strong><\/h5>","protected":false},"featured_media":139840,"template":"","meta":{"_acf_changed":false},"product_brand":[],"product_cat":[3355],"product_tag":[4198,4200],"class_list":{"0":"post-139843","1":"product","2":"type-product","3":"status-publish","4":"has-post-thumbnail","6":"product_cat-elslutbleck","7":"product_tag-12v","8":"product_tag-rattvand","9":"product_shipping_class-tunga-paket","10":"pa_brands-step","11":"tm-no-options","13":"first","14":"onbackorder","15":"sale","16":"taxable","17":"shipping-taxable","18":"purchasable","19":"product-type-simple"},"acf":[],"_links":{"self":[{"href":"https:\/\/secureus.se\/fi\/wp-json\/wp\/v2\/product\/139843","targetHints":{"allow":["GET"]}}],"collection":[{"href":"https:\/\/secureus.se\/fi\/wp-json\/wp\/v2\/product"}],"about":[{"href":"https:\/\/secureus.se\/fi\/wp-json\/wp\/v2\/types\/product"}],"wp:featuredmedia":[{"embeddable":true,"href":"https:\/\/secureus.se\/fi\/wp-json\/wp\/v2\/media\/139840"}],"wp:attachment":[{"href":"https:\/\/secureus.se\/fi\/wp-json\/wp\/v2\/media?parent=139843"}],"wp:term":[{"taxonomy":"product_brand","embeddable":true,"href":"https:\/\/secureus.se\/fi\/wp-json\/wp\/v2\/product_brand?post=139843"},{"taxonomy":"product_cat","embeddable":true,"href":"https:\/\/secureus.se\/fi\/wp-json\/wp\/v2\/product_cat?post=139843"},{"taxonomy":"product_tag","embeddable":true,"href":"https:\/\/secureus.se\/fi\/wp-json\/wp\/v2\/product_tag?post=139843"}],"curies":[{"name":"wp","href":"https:\/\/api.w.org\/{rel}","templated":true}]}}