{"id":139855,"date":"2023-09-26T13:06:31","date_gmt":"2023-09-26T11:06:31","guid":{"rendered":"https:\/\/secureus.se\/elslutbleck-step-48-omstallbar-12v\/"},"modified":"2026-03-26T09:57:20","modified_gmt":"2026-03-26T08:57:20","slug":"elslutbleck-step-48-omstallbar-12v","status":"publish","type":"product","link":"https:\/\/secureus.se\/fi\/elslutbleck-step-48-omstallbar-12v\/","title":{"rendered":"S\u00e4hk\u00f6inen p\u00e4\u00e4televy STEP 48 Kytkett\u00e4v\u00e4 12V"},"content":{"rendered":"<h1>S\u00e4hk\u00f6inen p\u00e4\u00e4televy STEP 48 Kytkett\u00e4v\u00e4 12V<\/h1>\n<p>STEP 48 Preload -s\u00e4hk\u00f6isku tarjoaa luotettavan avautumisen ja turvallisuuden tiloissa, jotka on lukittu nupilla tai avaimella.<\/p>\n<p>STEPin nauhapainetekniikalla varustettu se takaa toiminnan jopa 40 kg:n paineessa. T\u00e4ydellinen sek\u00e4 eteen- ett\u00e4 taaksep\u00e4in toimintoihin.<\/p>\n<p class=\"\" data-start=\"411\" data-end=\"791\">STEP 48 Preload -s\u00e4hk\u00f6isku on ihanteellinen ratkaisu tiloihin, joissa turvallisuus ja luotettavuus ovat ratkaisevan t\u00e4rkeit\u00e4.<\/p>\n<p class=\"\" data-start=\"411\" data-end=\"791\">Nupilla tai avaimella lukittaville oville se tarjoaa luotettavan avautumisen my\u00f6s silloin, kun oveen kohdistuu jopa 40 kg:n muovauspaine.<\/p>\n<p class=\"\" data-start=\"411\" data-end=\"791\">STEP 48 on osa STEPin Preload-sarjaa ja tarjoaa korkeaa laatua ja joustavuutta sek\u00e4 uusille ett\u00e4 vanhemmille ovij\u00e4rjestelmille.<\/p>\n<p class=\"\" data-start=\"793\" data-end=\"1212\">STEP 48:n murtolujuus on 9 kN (n. 900 kg) ja mahdollisuus asentaa pulttiilmaisin ST4880, joten STEP 48 tarjoaa automaattisen oven kulkuj\u00e4rjestelm\u00e4n tai koodilukon lukituksen, kun lukkokotelon koukku tai suorapultti on mekaanisesti lukittu ulos.<\/p>\n<p class=\"\" data-start=\"793\" data-end=\"1212\">STEP:n Preload-sarjan tuotteet on testattu kest\u00e4m\u00e4\u00e4n korkeita avautumistaajuuksia ja \u00e4\u00e4rimm\u00e4ist\u00e4 rasitusta, joten ne ovat ihanteellinen valinta turvallisuudesta kiinnostuneille k\u00e4ytt\u00e4jille.<\/p>\n<p class=\"\" data-start=\"1214\" data-end=\"1229\"><strong data-start=\"1214\" data-end=\"1229\">Ominaisuudet:<\/strong><\/p>\n<ul data-start=\"1230\" data-end=\"1597\">\n<li class=\"\" data-start=\"1230\" data-end=\"1307\">\n<p class=\"\" data-start=\"1232\" data-end=\"1307\">Kytkett\u00e4v\u00e4 eteen- ja taaksep\u00e4in-toiminto (lukittu tai avattu j\u00e4nnitteett\u00f6m\u00e4ss\u00e4 tilassa)<\/p>\n<\/li>\n<li class=\"\" data-start=\"1308\" data-end=\"1346\">\n<p class=\"\" data-start=\"1310\" data-end=\"1346\">Sis\u00e4\u00e4nrakennettu suojadiodi lis\u00e4\u00e4 turvallisuutta<\/p>\n<\/li>\n<li class=\"\" data-start=\"1347\" data-end=\"1384\">\n<p class=\"\" data-start=\"1349\" data-end=\"1384\">Murtolujuus 9 kN (n. 900 kg)<\/p>\n<\/li>\n<li class=\"\" data-start=\"1385\" data-end=\"1487\">\n<p class=\"\" data-start=\"1387\" data-end=\"1487\">Takaa avautumisen jopa 0,4 kN (n. 40 kg) nauhapaineesta huolimatta sek\u00e4 eteen- ett\u00e4 taaksep\u00e4in-toiminnossa<\/p>\n<\/li>\n<li class=\"\" data-start=\"1488\" data-end=\"1501\">\n<p class=\"\" data-start=\"1490\" data-end=\"1501\">Nakutuksenesto<\/p>\n<\/li>\n<li class=\"\" data-start=\"1502\" data-end=\"1550\">\n<p class=\"\" data-start=\"1504\" data-end=\"1550\">K\u00e4\u00e4nnett\u00e4v\u00e4 sopivaksi oikeaan ja vasempaan oveen<\/p>\n<\/li>\n<li class=\"\" data-start=\"1551\" data-end=\"1597\">\n<p class=\"\" data-start=\"1553\" data-end=\"1597\">Pystyy lukitsemaan koukkupultit tai suorat pultit<\/p>\n<\/li>\n<\/ul>\n<p class=\"\" data-start=\"1599\" data-end=\"1628\"><strong data-start=\"1599\" data-end=\"1628\">Tekniset tiedot:<\/strong><\/p>\n<ul data-start=\"1629\" data-end=\"2102\">\n<li class=\"\" data-start=\"1629\" data-end=\"1658\">\n<p class=\"\" data-start=\"1631\" data-end=\"1658\">Murtolujuus max: 900 kg<\/p>\n<\/li>\n<li class=\"\" data-start=\"1659\" data-end=\"1689\">\n<p class=\"\" data-start=\"1661\" data-end=\"1689\">Oven sarana: Oikea, Vasen<\/p>\n<\/li>\n<li class=\"\" data-start=\"1690\" data-end=\"1708\">\n<p class=\"\" data-start=\"1692\" data-end=\"1708\">Mukana kaapeli: Ei<\/p>\n<\/li>\n<li class=\"\" data-start=\"1709\" data-end=\"1727\">\n<p class=\"\" data-start=\"1711\" data-end=\"1727\">Listan paine: 40 kg<\/p>\n<\/li>\n<li class=\"\" data-start=\"1728\" data-end=\"1763\">\n<p class=\"\" data-start=\"1730\" data-end=\"1763\">Lukon tyyppi: yksisalpalukko, kaksoissalpalukko<\/p>\n<\/li>\n<li class=\"\" data-start=\"1764\" data-end=\"1786\">\n<p class=\"\" data-start=\"1766\" data-end=\"1786\">Tuotteen leveys: 25 mm<\/p>\n<\/li>\n<li class=\"\" data-start=\"1787\" data-end=\"1807\">\n<p class=\"\" data-start=\"1789\" data-end=\"1807\">Arvioidut rakennusmateriaalit: Kyll\u00e4<\/p>\n<\/li>\n<li class=\"\" data-start=\"1808\" data-end=\"1829\">\n<p class=\"\" data-start=\"1810\" data-end=\"1829\">Tuotteen syvyys: 35 mm<\/p>\n<\/li>\n<li class=\"\" data-start=\"1830\" data-end=\"1858\">\n<p class=\"\" data-start=\"1832\" data-end=\"1858\">K\u00e4ytt\u00f6j\u00e4nnite 12V\/24V: 12V<\/p>\n<\/li>\n<li class=\"\" data-start=\"1859\" data-end=\"1881\">\n<p class=\"\" data-start=\"1861\" data-end=\"1881\">Double twist drop: Ei<\/p>\n<\/li>\n<li class=\"\" data-start=\"1882\" data-end=\"1903\">\n<p class=\"\" data-start=\"1884\" data-end=\"1903\">EPD-varmennettu: Ei<\/p>\n<\/li>\n<li class=\"\" data-start=\"1904\" data-end=\"1916\">\n<p class=\"\" data-start=\"1906\" data-end=\"1916\">FINFO: Ei<\/p>\n<\/li>\n<li class=\"\" data-start=\"1917\" data-end=\"1945\">\n<p class=\"\" data-start=\"1919\" data-end=\"1945\">V\u00e4ri\/viimeistely: ruostumaton ter\u00e4s<\/p>\n<\/li>\n<li class=\"\" data-start=\"1946\" data-end=\"1967\">\n<p class=\"\" data-start=\"1948\" data-end=\"1967\">Tuotteen korkeus: 90 mm<\/p>\n<\/li>\n<li class=\"\" data-start=\"1968\" data-end=\"1986\">\n<p class=\"\" data-start=\"1970\" data-end=\"1986\">M\u00e4nn\u00e4n kosketin: Ei<\/p>\n<\/li>\n<li class=\"\" data-start=\"1987\" data-end=\"2014\">\n<p class=\"\" data-start=\"1989\" data-end=\"2014\">Oikea\/Reverse: Oikea<\/p>\n<\/li>\n<li class=\"\" data-start=\"2015\" data-end=\"2035\">\n<p class=\"\" data-start=\"2017\" data-end=\"2035\">J\u00e4nnite AC\/DC: DC<\/p>\n<\/li>\n<li class=\"\" data-start=\"2036\" data-end=\"2058\">\n<p class=\"\" data-start=\"2038\" data-end=\"2058\">Maksimij\u00e4nnite: 27,6 V<\/p>\n<\/li>\n<li class=\"\" data-start=\"2059\" data-end=\"2081\">\n<p class=\"\" data-start=\"2061\" data-end=\"2081\">Minimij\u00e4nnite: 21,6 V<\/p>\n<\/li>\n<li class=\"\" data-start=\"2082\" data-end=\"2102\">\n<p class=\"\" data-start=\"2084\" data-end=\"2102\">SundaHouse arvioitu: Kyll\u00e4<\/p>\n<\/li>\n<\/ul>","protected":false},"excerpt":{"rendered":"<p>T\u00e4\u00e4lt\u00e4 n\u00e4et, mitk\u00e4 pylv\u00e4\u00e4t ja mallit sopivat yhteen STEP-sarjan s\u00e4hk\u00f6isist\u00e4 oven pys\u00e4yttimist\u00e4.<\/p>\n<h5><strong><a href=\"https:\/\/steplock.com\/sv\/stolpguide\/#!?lang=sv&amp;blog_id=1&amp;paged=1&amp;number=50\" target=\"_blank\" rel=\"noopener\">STEP Viestiopas\u00a0<\/a><\/strong><\/h5>\n<h5><strong><a href=\"https:\/\/steplock.com\/sv\/projekteringsguide\/#!?lang=sv&amp;blog_id=1&amp;paged=1&amp;number=999\" target=\"_blank\" rel=\"noopener\">STEP-suunnitteluopas<\/a><\/strong><\/h5>","protected":false},"featured_media":139853,"template":"","meta":{"_acf_changed":false},"product_brand":[],"product_cat":[3355],"product_tag":[4198,4200],"class_list":{"0":"post-139855","1":"product","2":"type-product","3":"status-publish","4":"has-post-thumbnail","6":"product_cat-elslutbleck","7":"product_tag-12v","8":"product_tag-rattvand","9":"product_shipping_class-tunga-paket","10":"pa_brands-step","11":"tm-no-options","13":"first","14":"onbackorder","15":"sale","16":"taxable","17":"shipping-taxable","18":"purchasable","19":"product-type-simple"},"acf":[],"_links":{"self":[{"href":"https:\/\/secureus.se\/fi\/wp-json\/wp\/v2\/product\/139855","targetHints":{"allow":["GET"]}}],"collection":[{"href":"https:\/\/secureus.se\/fi\/wp-json\/wp\/v2\/product"}],"about":[{"href":"https:\/\/secureus.se\/fi\/wp-json\/wp\/v2\/types\/product"}],"wp:featuredmedia":[{"embeddable":true,"href":"https:\/\/secureus.se\/fi\/wp-json\/wp\/v2\/media\/139853"}],"wp:attachment":[{"href":"https:\/\/secureus.se\/fi\/wp-json\/wp\/v2\/media?parent=139855"}],"wp:term":[{"taxonomy":"product_brand","embeddable":true,"href":"https:\/\/secureus.se\/fi\/wp-json\/wp\/v2\/product_brand?post=139855"},{"taxonomy":"product_cat","embeddable":true,"href":"https:\/\/secureus.se\/fi\/wp-json\/wp\/v2\/product_cat?post=139855"},{"taxonomy":"product_tag","embeddable":true,"href":"https:\/\/secureus.se\/fi\/wp-json\/wp\/v2\/product_tag?post=139855"}],"curies":[{"name":"wp","href":"https:\/\/api.w.org\/{rel}","templated":true}]}}