{"id":139859,"date":"2023-09-26T13:08:06","date_gmt":"2023-09-26T11:08:06","guid":{"rendered":"https:\/\/secureus.se\/elslutbleck-step-48-omstallbar-24v-kolvkontakt\/"},"modified":"2026-03-26T09:48:04","modified_gmt":"2026-03-26T08:48:04","slug":"elslutbleck-step-48-omstallbar-24v-kolvkontakt","status":"publish","type":"product","link":"https:\/\/secureus.se\/fi\/elslutbleck-step-48-omstallbar-24v-kolvkontakt\/","title":{"rendered":"S\u00e4hk\u00f6inen p\u00e4\u00e4televy STEP 48 S\u00e4\u00e4dett\u00e4v\u00e4 24 V m\u00e4nt\u00e4kosketin"},"content":{"rendered":"<h1>S\u00e4hk\u00f6inen p\u00e4\u00e4televy STEP 48 S\u00e4\u00e4dett\u00e4v\u00e4 24 V m\u00e4nt\u00e4kosketin<\/h1>\n<p>VAIHE 48 Esikuormita s\u00e4hk\u00f6isku kytkett\u00e4v\u00e4ll\u00e4 toiminnolla eteen-\/taaksek\u00e4ytt\u00f6\u00e4 varten. M\u00e4nt\u00e4kosketin, liuskapainetekniikka ja kompakti rakenne turvalliseen lukitukseen.<\/p>\n<p class=\"\" data-start=\"230\" data-end=\"712\">Electric Strike STEP 48 Preload on kompakti ja monipuolinen s\u00e4hk\u00f6isku, joka on suunniteltu oviymp\u00e4rist\u00f6ihin, joissa vaaditaan joustavuutta, turvallisuutta ja korkeaa toimintavarmuutta.<\/p>\n<p class=\"\" data-start=\"230\" data-end=\"712\">K\u00e4\u00e4nnett\u00e4v\u00e4n toiminnon ansiosta levy on helposti s\u00e4\u00e4dett\u00e4viss\u00e4 eteenp\u00e4in suunnatun (lukittu s\u00e4hk\u00f6katkon sattuessa) ja taaksep\u00e4in suunnatun (lukitus auki s\u00e4hk\u00f6katkon sattuessa) v\u00e4lill\u00e4 asennuksen tarpeiden mukaan.<\/p>\n<p class=\"\" data-start=\"230\" data-end=\"712\">T\u00e4m\u00e4 tekee tuotteesta erityisen sopivan ymp\u00e4rist\u00f6ihin, joissa k\u00e4ytt\u00f6olosuhteet voivat muuttua tai joissa sovelletaan erityisi\u00e4 turvallisuusvaatimuksia.<\/p>\n<p class=\"\" data-start=\"714\" data-end=\"1106\">T\u00e4m\u00e4 s\u00e4hk\u00f6isku on varustettu STEPin patentoidulla nauhapainetekniikalla, mik\u00e4 tarkoittaa, ett\u00e4 ovi voidaan avata jopa 40 kg:n nauhapaineella - ominaisuus, joka varmistaa ongelmattoman toiminnan kapeissa tai paljaissa oviosissa.<\/p>\n<p class=\"\" data-start=\"714\" data-end=\"1106\">M\u00e4nt\u00e4kosketin n\u00e4ytt\u00e4\u00e4 luotettavasti oven tilan (auki\/kiinni), joten STEP 48 on erinomainen valinta integroitavaksi kulunvalvontaj\u00e4rjestelmiin tai h\u00e4lyttimiin.<\/p>\n<p class=\"\" data-start=\"1108\" data-end=\"1340\">STEP 48 kest\u00e4\u00e4 9 kN:n murtolujuuden ja on k\u00e4\u00e4nnett\u00e4v\u00e4 sopimaan sek\u00e4 oikealle ett\u00e4 vasemmalle ripustetuille oville.<\/p>\n<p class=\"\" data-start=\"1108\" data-end=\"1340\">Se on yhteensopiva my\u00f6s koukkupulttien ja suorien pulttilukkojen kanssa, ja tukee my\u00f6s ulkoista pulttiosoitusta ST4880-lis\u00e4varusteen kautta.<\/p>\n<p class=\"\" data-start=\"1342\" data-end=\"1370\"><strong data-start=\"1342\" data-end=\"1368\">Ominaisuudet ja edut:<\/strong><\/p>\n<ul data-start=\"1371\" data-end=\"1680\">\n<li class=\"\" data-start=\"1371\" data-end=\"1421\">\n<p class=\"\" data-start=\"1373\" data-end=\"1421\">Vaihdettavissa eteen- ja taaksep\u00e4in-toiminnon v\u00e4lill\u00e4<\/p>\n<\/li>\n<li class=\"\" data-start=\"1422\" data-end=\"1466\">\n<p class=\"\" data-start=\"1424\" data-end=\"1466\">M\u00e4nn\u00e4n kosketin oven tilan ilmaisemiseksi<\/p>\n<\/li>\n<li class=\"\" data-start=\"1467\" data-end=\"1502\">\n<p class=\"\" data-start=\"1469\" data-end=\"1502\">Kest\u00e4\u00e4 nauhan paineen 40 kg asti<\/p>\n<\/li>\n<li class=\"\" data-start=\"1503\" data-end=\"1527\">\n<p class=\"\" data-start=\"1505\" data-end=\"1527\">Murtolujuus 9 kN<\/p>\n<\/li>\n<li class=\"\" data-start=\"1528\" data-end=\"1568\">\n<p class=\"\" data-start=\"1530\" data-end=\"1568\">Yhteensopiva ST4880 s\u00e4\u00e4nt\u00f6ilmaisimen kanssa<\/p>\n<\/li>\n<li class=\"\" data-start=\"1569\" data-end=\"1605\">\n<p class=\"\" data-start=\"1571\" data-end=\"1605\">K\u00e4\u00e4nnett\u00e4v\u00e4 oikealle\/vasemmalle ovelle<\/p>\n<\/li>\n<li class=\"\" data-start=\"1606\" data-end=\"1643\">\n<p class=\"\" data-start=\"1608\" data-end=\"1643\">Mukana suojadiodi ja ylij\u00e4nnitesuoja<\/p>\n<\/li>\n<li class=\"\" data-start=\"1644\" data-end=\"1680\">\n<p class=\"\" data-start=\"1646\" data-end=\"1680\">Yksisalpa- ja kaksisalpalukkoon<\/p>\n<\/li>\n<\/ul>\n<p class=\"\" data-start=\"1682\" data-end=\"1867\"><strong data-start=\"1682\" data-end=\"1705\">K\u00e4ytt\u00f6alueet:<\/strong><br data-start=\"1705\" data-end=\"1708\" \/>Soveltuu toimistoihin, kouluihin, liikekiinteist\u00f6ihin ja muihin oviymp\u00e4rist\u00f6ihin, joissa vaaditaan erilaisia lukituss\u00e4\u00e4nt\u00f6j\u00e4, sek\u00e4 oviin, joissa on nupit, avaimet ja automaattinen lukituksen avaus.<\/p>\n<p class=\"\" data-start=\"1869\" data-end=\"2251\"><strong data-start=\"1869\" data-end=\"1898\">Tekniset tiedot:<\/strong><br data-start=\"1898\" data-end=\"1901\" \/>K\u00e4ytt\u00f6j\u00e4nnite: 24 V DC (21,6-27,6 V)<br data-start=\"1937\" data-end=\"1940\" \/>Virrankulutus: 110 mAh \/ max 300 mA<br data-start=\"1978\" data-end=\"1981\" \/>M\u00e4nn\u00e4n kosketin: Mikrokytkin, 30 V DC \/ 1 A<br data-start=\"2021\" data-end=\"2024\" \/>Murtolujuus: 900 kg<br data-start=\"2047\" data-end=\"2050\" \/>Listan paine: 40 kg<br data-start=\"2066\" data-end=\"2069\" \/>Oven sarana: Oikea\/vasen<br data-start=\"2096\" data-end=\"2099\" \/>Lukon tyyppi: yksisalpalukko, kaksoissalpalukko<br data-start=\"2132\" data-end=\"2135\" \/>Mitat (LxSxK): 25 x 35 x 90 mm<br data-start=\"2164\" data-end=\"2167\" \/>Pintak\u00e4sittely: ruostumaton ter\u00e4s<br data-start=\"2188\" data-end=\"2191\" \/>Arvioidut rakennusmateriaalit: Kyll\u00e4<br data-start=\"2209\" data-end=\"2212\" \/>SundaHouse arvioitu: Kyll\u00e4<br data-start=\"2230\" data-end=\"2233\" \/>Mukana kaapeli: Ei<\/p>","protected":false},"excerpt":{"rendered":"<p>T\u00e4\u00e4lt\u00e4 n\u00e4et, mitk\u00e4 pylv\u00e4\u00e4t ja mallit sopivat yhteen STEP-sarjan s\u00e4hk\u00f6isist\u00e4 oven pys\u00e4yttimist\u00e4.<\/p>\n<h5><strong><a href=\"https:\/\/steplock.com\/sv\/stolpguide\/#!?lang=sv&amp;blog_id=1&amp;paged=1&amp;number=50\" target=\"_blank\" rel=\"noopener\">STEP Viestiopas\u00a0<\/a><\/strong><\/h5>\n<h5><strong><a href=\"https:\/\/steplock.com\/sv\/projekteringsguide\/#!?lang=sv&amp;blog_id=1&amp;paged=1&amp;number=999\" target=\"_blank\" rel=\"noopener\">STEP-suunnitteluopas<\/a><\/strong><\/h5>","protected":false},"featured_media":139857,"template":"","meta":{"_acf_changed":false},"product_brand":[],"product_cat":[3355],"product_tag":[4197,4202],"class_list":{"0":"post-139859","1":"product","2":"type-product","3":"status-publish","4":"has-post-thumbnail","6":"product_cat-elslutbleck","7":"product_tag-24v","8":"product_tag-omstallbar-rattvand-omvand","9":"product_shipping_class-tunga-paket","10":"pa_brands-step","11":"tm-no-options","13":"first","14":"instock","15":"sale","16":"taxable","17":"shipping-taxable","18":"purchasable","19":"product-type-simple"},"acf":[],"_links":{"self":[{"href":"https:\/\/secureus.se\/fi\/wp-json\/wp\/v2\/product\/139859","targetHints":{"allow":["GET"]}}],"collection":[{"href":"https:\/\/secureus.se\/fi\/wp-json\/wp\/v2\/product"}],"about":[{"href":"https:\/\/secureus.se\/fi\/wp-json\/wp\/v2\/types\/product"}],"wp:featuredmedia":[{"embeddable":true,"href":"https:\/\/secureus.se\/fi\/wp-json\/wp\/v2\/media\/139857"}],"wp:attachment":[{"href":"https:\/\/secureus.se\/fi\/wp-json\/wp\/v2\/media?parent=139859"}],"wp:term":[{"taxonomy":"product_brand","embeddable":true,"href":"https:\/\/secureus.se\/fi\/wp-json\/wp\/v2\/product_brand?post=139859"},{"taxonomy":"product_cat","embeddable":true,"href":"https:\/\/secureus.se\/fi\/wp-json\/wp\/v2\/product_cat?post=139859"},{"taxonomy":"product_tag","embeddable":true,"href":"https:\/\/secureus.se\/fi\/wp-json\/wp\/v2\/product_tag?post=139859"}],"curies":[{"name":"wp","href":"https:\/\/api.w.org\/{rel}","templated":true}]}}