{"id":139864,"date":"2023-09-26T13:06:28","date_gmt":"2023-09-26T11:06:28","guid":{"rendered":"https:\/\/secureus.se\/elslutbleck-step-60-rattvand-12v-kolvkontakt-10m-kabel\/"},"modified":"2026-04-08T16:29:57","modified_gmt":"2026-04-08T14:29:57","slug":"elslutbleck-step-60-rattvand-12v-kolvkontakt-10m-kabel","status":"publish","type":"product","link":"https:\/\/secureus.se\/fi\/elslutbleck-step-60-rattvand-12v-kolvkontakt-10m-kabel\/","title":{"rendered":"S\u00e4hk\u00f6inen p\u00e4\u00e4televy STEP 60 Oikealle p\u00e4in oleva 12 V m\u00e4nt\u00e4liitin 10 m kaapeli"},"content":{"rendered":"<div>\n<h1>S\u00e4hk\u00f6inen p\u00e4\u00e4televy STEP 60 Oikealle p\u00e4in oleva 12 V m\u00e4nt\u00e4liitin 10 m kaapeli<\/h1>\n<p>STEP 60 Silent Electric Strike tarjoaa hiljaisen ja turvallisen toiminnan korkean k\u00e4ytt\u00f6tiheyden oville.<\/p>\n<p>Tukevan rakenteen, paloluokan E\/EI120 ja 10 metrin kaapelin ansiosta se on tehokas ratkaisu sek\u00e4 turvallisuuteen ett\u00e4 \u00e4\u00e4nenvaimennuksen kannalta.<\/p>\n<p class=\"\" data-start=\"423\" data-end=\"918\">STEP 60 Silent Electric Strike on suunniteltu v\u00e4hent\u00e4m\u00e4\u00e4n melutasoa avattaessa ja suljettaessa samalla kun varmistetaan korkea tunkeutumissuoja.<\/p>\n<p class=\"\" data-start=\"423\" data-end=\"918\">T\u00e4m\u00e4 s\u00e4hk\u00f6isku on t\u00e4ydellinen asennettavaksi usein k\u00e4ytettyihin oviin, esimerkiksi ymp\u00e4rist\u00f6ihin, joissa \u00e4\u00e4nieristys on etusijalla.<\/p>\n<p class=\"\" data-start=\"423\" data-end=\"918\">STEP 60 Silent kuuluu STEPin Silent-sarjaan ja k\u00e4ytt\u00e4\u00e4 patentoitua STEP silent -tekniikkaa, joka tekee k\u00e4yt\u00e4vist\u00e4 hiljaisia ja tasaisia, v\u00e4hent\u00e4\u00e4 h\u00e4iritsev\u00e4\u00e4 melua ja parantaa k\u00e4ytt\u00f6kokemusta.<\/p>\n<p class=\"\" data-start=\"920\" data-end=\"1316\">Se on sertifioitu palonkest\u00e4vyyteen E\/EI 120 asti, joten se soveltuu palokennojen rajoihin.<\/p>\n<p class=\"\" data-start=\"920\" data-end=\"1316\">Se tarjoaa my\u00f6s eritt\u00e4in suuren murtolujuuden 16 kN (n. 1600 kg) ja voi avautua jopa 100 kg:n nauhapaineella.<\/p>\n<p class=\"\" data-start=\"920\" data-end=\"1316\">Sis\u00e4\u00e4nrakennettu m\u00e4nt\u00e4kytkin n\u00e4ytt\u00e4\u00e4, onko ovi kiinni\/auki ja lukittu\/avattu, joten se on ihanteellinen integroitavaksi kulunvalvonta- tai h\u00e4lytysj\u00e4rjestelmiin.<\/p>\n<p class=\"\" data-start=\"1318\" data-end=\"1333\"><strong data-start=\"1318\" data-end=\"1333\">Ominaisuudet:<\/strong><\/p>\n<ul data-start=\"1334\" data-end=\"1854\">\n<li class=\"\" data-start=\"1334\" data-end=\"1377\">\n<p class=\"\" data-start=\"1336\" data-end=\"1377\">Oikealle suunnattu toiminto (lukittu j\u00e4nnitteett\u00f6m\u00e4ss\u00e4 tilassa)<\/p>\n<\/li>\n<li class=\"\" data-start=\"1378\" data-end=\"1451\">\n<p class=\"\" data-start=\"1380\" data-end=\"1451\">Sertifioitu palonkest\u00e4vyydelle E\/EI 120 asti standardin SS-EN 14846:2008 mukaisesti<\/p>\n<\/li>\n<li class=\"\" data-start=\"1452\" data-end=\"1503\">\n<p class=\"\" data-start=\"1454\" data-end=\"1503\">Mikrokytkin yksinapainen vuorotteleva, max. 30 V DC, 1 A<\/p>\n<\/li>\n<li class=\"\" data-start=\"1504\" data-end=\"1599\">\n<p class=\"\" data-start=\"1506\" data-end=\"1599\">Sis\u00e4\u00e4nrakennettu m\u00e4nt\u00e4kytkin, joka ilmaisee oven tilan (kiinni\/auki, lukittu\/auki)<\/p>\n<\/li>\n<li class=\"\" data-start=\"1600\" data-end=\"1666\">\n<p class=\"\" data-start=\"1602\" data-end=\"1666\">Lukituskosketin kulunvalvontaj\u00e4rjestelm\u00e4\u00e4n tai h\u00e4lytysj\u00e4rjestelm\u00e4\u00e4n liitt\u00e4mist\u00e4 varten<\/p>\n<\/li>\n<li class=\"\" data-start=\"1667\" data-end=\"1706\">\n<p class=\"\" data-start=\"1669\" data-end=\"1706\">Murtolujuus 16 kN (n. 1600 kg)<\/p>\n<\/li>\n<li class=\"\" data-start=\"1707\" data-end=\"1793\">\n<p class=\"\" data-start=\"1709\" data-end=\"1793\">Takaa avautumisen jopa 100 kg:n nauhapaineesta huolimatta eteen- ja taaksep\u00e4in-toiminnoissa<\/p>\n<\/li>\n<li class=\"\" data-start=\"1794\" data-end=\"1820\">\n<p class=\"\" data-start=\"1796\" data-end=\"1820\">Nakutusta est\u00e4v\u00e4 rakenne<\/p>\n<\/li>\n<li class=\"\" data-start=\"1821\" data-end=\"1854\">\n<p class=\"\" data-start=\"1823\" data-end=\"1854\">Mukana 10 metrin halogeeniton kaapeli<\/p>\n<\/li>\n<\/ul>\n<p class=\"\" data-start=\"1856\" data-end=\"1885\"><strong data-start=\"1856\" data-end=\"1885\">Tekniset tiedot:<\/strong><\/p>\n<ul data-start=\"1886\" data-end=\"2390\">\n<li class=\"\" data-start=\"1886\" data-end=\"1916\">\n<p class=\"\" data-start=\"1888\" data-end=\"1916\">Murtolujuus max: 1600 kg<\/p>\n<\/li>\n<li class=\"\" data-start=\"1917\" data-end=\"1947\">\n<p class=\"\" data-start=\"1919\" data-end=\"1947\">Oven sarana: Oikea, Vasen<\/p>\n<\/li>\n<li class=\"\" data-start=\"1948\" data-end=\"1993\">\n<p class=\"\" data-start=\"1950\" data-end=\"1993\">Mukana kaapeli: Kyll\u00e4 (10 metrin halogeeniton kaapeli)<\/p>\n<\/li>\n<li class=\"\" data-start=\"1994\" data-end=\"2013\">\n<p class=\"\" data-start=\"1996\" data-end=\"2013\">Nauhan paine: 100 kg<\/p>\n<\/li>\n<li class=\"\" data-start=\"2014\" data-end=\"2049\">\n<p class=\"\" data-start=\"2016\" data-end=\"2049\">Lukon tyyppi: yksisalpalukko, kaksoissalpalukko<\/p>\n<\/li>\n<li class=\"\" data-start=\"2050\" data-end=\"2072\">\n<p class=\"\" data-start=\"2052\" data-end=\"2072\">Tuotteen leveys: 28 mm<\/p>\n<\/li>\n<li class=\"\" data-start=\"2073\" data-end=\"2093\">\n<p class=\"\" data-start=\"2075\" data-end=\"2093\">Arvioidut rakennusmateriaalit: Kyll\u00e4<\/p>\n<\/li>\n<li class=\"\" data-start=\"2094\" data-end=\"2115\">\n<p class=\"\" data-start=\"2096\" data-end=\"2115\">Tuotteen syvyys: 34 mm<\/p>\n<\/li>\n<li class=\"\" data-start=\"2116\" data-end=\"2144\">\n<p class=\"\" data-start=\"2118\" data-end=\"2144\">K\u00e4ytt\u00f6j\u00e4nnite 12V\/24V: 12V<\/p>\n<\/li>\n<li class=\"\" data-start=\"2145\" data-end=\"2167\">\n<p class=\"\" data-start=\"2147\" data-end=\"2167\">Double twist drop: Ei<\/p>\n<\/li>\n<li class=\"\" data-start=\"2168\" data-end=\"2189\">\n<p class=\"\" data-start=\"2170\" data-end=\"2189\">EPD-varmennettu: Ei<\/p>\n<\/li>\n<li class=\"\" data-start=\"2190\" data-end=\"2202\">\n<p class=\"\" data-start=\"2192\" data-end=\"2202\">FINFO: Ei<\/p>\n<\/li>\n<li class=\"\" data-start=\"2203\" data-end=\"2231\">\n<p class=\"\" data-start=\"2205\" data-end=\"2231\">V\u00e4ri\/viimeistely: ruostumaton ter\u00e4s<\/p>\n<\/li>\n<li class=\"\" data-start=\"2232\" data-end=\"2256\">\n<p class=\"\" data-start=\"2234\" data-end=\"2256\">Tuotteen korkeus: 149,5 mm<\/p>\n<\/li>\n<li class=\"\" data-start=\"2257\" data-end=\"2274\">\n<p class=\"\" data-start=\"2259\" data-end=\"2274\">M\u00e4nn\u00e4n kosketin: Kyll\u00e4<\/p>\n<\/li>\n<li class=\"\" data-start=\"2275\" data-end=\"2302\">\n<p class=\"\" data-start=\"2277\" data-end=\"2302\">Oikea\/Reverse: Oikea<\/p>\n<\/li>\n<li class=\"\" data-start=\"2303\" data-end=\"2323\">\n<p class=\"\" data-start=\"2305\" data-end=\"2323\">J\u00e4nnite AC\/DC: DC<\/p>\n<\/li>\n<li class=\"\" data-start=\"2324\" data-end=\"2346\">\n<p class=\"\" data-start=\"2326\" data-end=\"2346\">Maksimij\u00e4nnite: 13,8 V<\/p>\n<\/li>\n<li class=\"\" data-start=\"2347\" data-end=\"2369\">\n<p class=\"\" data-start=\"2349\" data-end=\"2369\">Minimij\u00e4nnite: 10,8 V<\/p>\n<\/li>\n<li class=\"\" data-start=\"2370\" data-end=\"2390\">\n<p class=\"\" data-start=\"2372\" data-end=\"2390\">SundaHouse arvioitu: Kyll\u00e4<\/p>\n<\/li>\n<\/ul>\n<div>\n<div><\/div>\n<\/div>\n<\/div>","protected":false},"excerpt":{"rendered":"<p>T\u00e4\u00e4lt\u00e4 n\u00e4et, mitk\u00e4 pylv\u00e4\u00e4t ja mallit sopivat yhteen STEP-sarjan s\u00e4hk\u00f6isist\u00e4 oven pys\u00e4yttimist\u00e4.<\/p>\n<h5><strong><a href=\"https:\/\/steplock.com\/sv\/stolpguide\/#!?lang=sv&amp;blog_id=1&amp;paged=1&amp;number=50\" target=\"_blank\" rel=\"noopener\">STEP Viestiopas\u00a0<\/a><\/strong><\/h5>\n<h5><strong><a href=\"https:\/\/steplock.com\/sv\/projekteringsguide\/#!?lang=sv&amp;blog_id=1&amp;paged=1&amp;number=999\" target=\"_blank\" rel=\"noopener\">STEP-suunnitteluopas<\/a><\/strong><\/h5>","protected":false},"featured_media":139863,"template":"","meta":{"_acf_changed":false},"product_brand":[],"product_cat":[3355],"product_tag":[4198,4200],"class_list":{"0":"post-139864","1":"product","2":"type-product","3":"status-publish","4":"has-post-thumbnail","6":"product_cat-elslutbleck","7":"product_tag-12v","8":"product_tag-rattvand","9":"product_shipping_class-tunga-paket","10":"pa_brands-step","11":"tm-no-options","13":"first","14":"onbackorder","15":"sale","16":"taxable","17":"shipping-taxable","18":"purchasable","19":"product-type-simple"},"acf":[],"_links":{"self":[{"href":"https:\/\/secureus.se\/fi\/wp-json\/wp\/v2\/product\/139864","targetHints":{"allow":["GET"]}}],"collection":[{"href":"https:\/\/secureus.se\/fi\/wp-json\/wp\/v2\/product"}],"about":[{"href":"https:\/\/secureus.se\/fi\/wp-json\/wp\/v2\/types\/product"}],"wp:featuredmedia":[{"embeddable":true,"href":"https:\/\/secureus.se\/fi\/wp-json\/wp\/v2\/media\/139863"}],"wp:attachment":[{"href":"https:\/\/secureus.se\/fi\/wp-json\/wp\/v2\/media?parent=139864"}],"wp:term":[{"taxonomy":"product_brand","embeddable":true,"href":"https:\/\/secureus.se\/fi\/wp-json\/wp\/v2\/product_brand?post=139864"},{"taxonomy":"product_cat","embeddable":true,"href":"https:\/\/secureus.se\/fi\/wp-json\/wp\/v2\/product_cat?post=139864"},{"taxonomy":"product_tag","embeddable":true,"href":"https:\/\/secureus.se\/fi\/wp-json\/wp\/v2\/product_tag?post=139864"}],"curies":[{"name":"wp","href":"https:\/\/api.w.org\/{rel}","templated":true}]}}