{"id":139873,"date":"2023-09-26T13:06:25","date_gmt":"2023-09-26T11:06:25","guid":{"rendered":"https:\/\/secureus.se\/elslutbleck-step-98-rattvand-12v-kolvkontakt\/"},"modified":"2026-04-08T16:35:39","modified_gmt":"2026-04-08T14:35:39","slug":"elslutbleck-step-98-rattvand-12v-kolvkontakt","status":"publish","type":"product","link":"https:\/\/secureus.se\/fi\/elslutbleck-step-98-rattvand-12v-kolvkontakt\/","title":{"rendered":"S\u00e4hk\u00f6liitinlevy STEP 98 Oikealle p\u00e4in oleva 12 V m\u00e4nt\u00e4kosketin"},"content":{"rendered":"<div>\n<h1>S\u00e4hk\u00f6liitinlevy STEP 98 Oikealle p\u00e4in oleva 12 V m\u00e4nt\u00e4kosketin<\/h1>\n<p>Electric Strike STEP 98 Preload HPR on palohyv\u00e4ksytty s\u00e4hk\u00f6isku, jolla on korkea turvallisuus ja toiminnallisuus, ja se on suunniteltu sopimaan korkeataajuisiin oviin ja tiloihin, joissa on turvallisuusvaatimukset.<\/p>\n<p class=\"\" data-start=\"349\" data-end=\"871\">STEP 98 Preload on palosuojattu s\u00e4hk\u00f6isku, joka sopii t\u00e4ydellisesti oviin, jotka on lukittava nupilla tai avaimella.<\/p>\n<p class=\"\" data-start=\"349\" data-end=\"871\">Tuote on sertifioitu palonkest\u00e4vyydeksi E\/EI 120 asti ja siin\u00e4 on patentoitu nauhapainetekniikka, joka varmistaa, ett\u00e4 ovi voidaan avata jopa 40 kg:n paineella.<\/p>\n<p class=\"\" data-start=\"349\" data-end=\"871\">STEP 98 Preload on osa STEPin Preload-sarjaa ja sopii asennettavaksi sek\u00e4 vasemmalle ett\u00e4 oikealle ripustettavaan oviin. K\u00e4\u00e4nnett\u00e4v\u00e4n ominaisuuden ansiosta sit\u00e4 voidaan k\u00e4ytt\u00e4\u00e4 sek\u00e4 eteenp\u00e4in ett\u00e4 taaksep\u00e4in suuntautuviin sovelluksiin.<\/p>\n<p class=\"\" data-start=\"873\" data-end=\"1156\">S\u00e4hk\u00f6isku on varustettu m\u00e4nt\u00e4koskettimella, joka mahdollistaa oven sulkemisen\/aukinnan ja lukittumisen\/aukotuksen ilmaisun, mik\u00e4 tekee siit\u00e4 ihanteellisen integroitavaksi kulunvalvonta- ja h\u00e4lytysj\u00e4rjestelmiin.<\/p>\n<p class=\"\" data-start=\"873\" data-end=\"1156\">Tuote on my\u00f6s peukaloinninsuojattu ja k\u00e4\u00e4nnett\u00e4v\u00e4, joten se on helppo asentaa erilaisiin ovij\u00e4rjestelmiin.<\/p>\n<p class=\"\" data-start=\"1158\" data-end=\"1175\"><strong data-start=\"1158\" data-end=\"1172\">Ominaisuudet<\/strong>:<\/p>\n<ul data-start=\"1176\" data-end=\"1692\">\n<li class=\"\" data-start=\"1176\" data-end=\"1221\">\n<p class=\"\" data-start=\"1178\" data-end=\"1221\">Oikealle suunnattu toiminto (lukittu j\u00e4nnitteett\u00f6m\u00e4ss\u00e4 tilassa)<\/p>\n<\/li>\n<li class=\"\" data-start=\"1222\" data-end=\"1274\">\n<p class=\"\" data-start=\"1224\" data-end=\"1274\">Mikrokytkimen yksinapainen vaihto (max 30 V DC, 1A)<\/p>\n<\/li>\n<li class=\"\" data-start=\"1275\" data-end=\"1330\">\n<p class=\"\" data-start=\"1277\" data-end=\"1330\">Oven kiinni\/avoin tunnistusilmaisin<\/p>\n<\/li>\n<li class=\"\" data-start=\"1331\" data-end=\"1410\">\n<p class=\"\" data-start=\"1333\" data-end=\"1410\">Sertifioitu palonkest\u00e4vyyteen F asti (E\/EI 120) standardin SS-EN 14846:2008 mukaisesti<\/p>\n<\/li>\n<li class=\"\" data-start=\"1411\" data-end=\"1444\">\n<p class=\"\" data-start=\"1413\" data-end=\"1444\">Murtolujuus 900 kg (9 kN)<\/p>\n<\/li>\n<li class=\"\" data-start=\"1445\" data-end=\"1529\">\n<p class=\"\" data-start=\"1447\" data-end=\"1529\">Takaa avautumisen jopa 40 kg:n nauhapaineesta huolimatta eteen- ja taaksep\u00e4in-toiminnoissa<\/p>\n<\/li>\n<li class=\"\" data-start=\"1530\" data-end=\"1545\">\n<p class=\"\" data-start=\"1532\" data-end=\"1545\">Nakutuksenesto<\/p>\n<\/li>\n<li class=\"\" data-start=\"1546\" data-end=\"1596\">\n<p class=\"\" data-start=\"1548\" data-end=\"1596\">K\u00e4\u00e4nnett\u00e4v\u00e4 sopivaksi oikeaan ja vasempaan oveen<\/p>\n<\/li>\n<li class=\"\" data-start=\"1597\" data-end=\"1645\">\n<p class=\"\" data-start=\"1599\" data-end=\"1645\">Pystyy lukitsemaan koukkupultit tai suorat pultit<\/p>\n<\/li>\n<li class=\"\" data-start=\"1646\" data-end=\"1692\">\n<p class=\"\" data-start=\"1648\" data-end=\"1692\">Mukana 10 metrin halogeeniton liit\u00e4nt\u00e4kaapeli<\/p>\n<\/li>\n<\/ul>\n<p class=\"\" data-start=\"1694\" data-end=\"1725\"><strong data-start=\"1694\" data-end=\"1722\">Tekniset tiedot<\/strong>:<\/p>\n<ul data-start=\"1726\" data-end=\"2318\">\n<li class=\"\" data-start=\"1726\" data-end=\"1761\">\n<p class=\"\" data-start=\"1728\" data-end=\"1761\"><strong data-start=\"1728\" data-end=\"1751\">Murtolujuus max<\/strong>paino: 900 kg<\/p>\n<\/li>\n<li class=\"\" data-start=\"1762\" data-end=\"1798\">\n<p class=\"\" data-start=\"1764\" data-end=\"1798\"><strong data-start=\"1764\" data-end=\"1780\">Ovi roikkuu<\/strong>: Oikea, vasen<\/p>\n<\/li>\n<li class=\"\" data-start=\"1799\" data-end=\"1823\">\n<p class=\"\" data-start=\"1801\" data-end=\"1823\"><strong data-start=\"1801\" data-end=\"1816\">Kaapeli mukana<\/strong>: Ei<\/p>\n<\/li>\n<li class=\"\" data-start=\"1824\" data-end=\"1848\">\n<p class=\"\" data-start=\"1826\" data-end=\"1848\"><strong data-start=\"1826\" data-end=\"1839\">Listan tulostus<\/strong>paino: 40 kg<\/p>\n<\/li>\n<li class=\"\" data-start=\"1849\" data-end=\"1890\">\n<p class=\"\" data-start=\"1851\" data-end=\"1890\"><strong data-start=\"1851\" data-end=\"1861\">Lukon tyyppi<\/strong>: Yksisalpa lukko, kaksoissalpa lukko<\/p>\n<\/li>\n<li class=\"\" data-start=\"1891\" data-end=\"1919\">\n<p class=\"\" data-start=\"1893\" data-end=\"1919\"><strong data-start=\"1893\" data-end=\"1910\">Leve\u00e4 tuote<\/strong>: 25 mm<\/p>\n<\/li>\n<li class=\"\" data-start=\"1920\" data-end=\"1946\">\n<p class=\"\" data-start=\"1922\" data-end=\"1946\"><strong data-start=\"1922\" data-end=\"1940\">Rakennusmateriaalit arvioitu<\/strong>: Kyll\u00e4<\/p>\n<\/li>\n<li class=\"\" data-start=\"1947\" data-end=\"1974\">\n<p class=\"\" data-start=\"1949\" data-end=\"1974\"><strong data-start=\"1949\" data-end=\"1965\">Syv\u00e4 tuote<\/strong>: 35mm<\/p>\n<\/li>\n<li class=\"\" data-start=\"1975\" data-end=\"2009\">\n<p class=\"\" data-start=\"1977\" data-end=\"2009\"><strong data-start=\"1977\" data-end=\"2002\">K\u00e4ytt\u00f6j\u00e4nnite 12V\/24V<\/strong>: 12V<\/p>\n<\/li>\n<li class=\"\" data-start=\"2010\" data-end=\"2038\">\n<p class=\"\" data-start=\"2012\" data-end=\"2038\"><strong data-start=\"2012\" data-end=\"2031\">Kaksinkertainen kierrekotelo<\/strong>: Ei<\/p>\n<\/li>\n<li class=\"\" data-start=\"2039\" data-end=\"2066\">\n<p class=\"\" data-start=\"2041\" data-end=\"2066\"><strong data-start=\"2041\" data-end=\"2059\">EPD-varmennettu<\/strong>: Ei<\/p>\n<\/li>\n<li class=\"\" data-start=\"2067\" data-end=\"2085\">\n<p class=\"\" data-start=\"2069\" data-end=\"2085\"><strong data-start=\"2069\" data-end=\"2078\">HYV\u00c4 TIETO<\/strong>: Ei<\/p>\n<\/li>\n<li class=\"\" data-start=\"2086\" data-end=\"2120\">\n<p class=\"\" data-start=\"2088\" data-end=\"2120\"><strong data-start=\"2088\" data-end=\"2109\">V\u00e4ri\/pintak\u00e4sittely<\/strong>: Ruostumaton ter\u00e4s<\/p>\n<\/li>\n<li class=\"\" data-start=\"2121\" data-end=\"2148\">\n<p class=\"\" data-start=\"2123\" data-end=\"2148\"><strong data-start=\"2123\" data-end=\"2139\">Korotettu tuote<\/strong>: 90mm<\/p>\n<\/li>\n<li class=\"\" data-start=\"2149\" data-end=\"2172\">\n<p class=\"\" data-start=\"2151\" data-end=\"2172\"><strong data-start=\"2151\" data-end=\"2166\">M\u00e4nn\u00e4n liitin<\/strong>: Kyll\u00e4<\/p>\n<\/li>\n<li class=\"\" data-start=\"2173\" data-end=\"2206\">\n<p class=\"\" data-start=\"2175\" data-end=\"2206\"><strong data-start=\"2175\" data-end=\"2194\">Oikea\/taakse<\/strong>: Oikealle p\u00e4in<\/p>\n<\/li>\n<li class=\"\" data-start=\"2207\" data-end=\"2233\">\n<p class=\"\" data-start=\"2209\" data-end=\"2233\"><strong data-start=\"2209\" data-end=\"2227\">J\u00e4nnite AC\/DC<\/strong>: DC<\/p>\n<\/li>\n<li class=\"\" data-start=\"2234\" data-end=\"2262\">\n<p class=\"\" data-start=\"2236\" data-end=\"2262\"><strong data-start=\"2236\" data-end=\"2252\">J\u00e4nnite max<\/strong>: 13,8V<\/p>\n<\/li>\n<li class=\"\" data-start=\"2263\" data-end=\"2291\">\n<p class=\"\" data-start=\"2265\" data-end=\"2291\"><strong data-start=\"2265\" data-end=\"2281\">J\u00e4nnite min<\/strong>: 10,8V<\/p>\n<\/li>\n<li class=\"\" data-start=\"2292\" data-end=\"2318\">\n<p class=\"\" data-start=\"2294\" data-end=\"2318\"><strong data-start=\"2294\" data-end=\"2312\">SundaHouse arvioitu<\/strong>: Kyll\u00e4<\/p>\n<\/li>\n<\/ul>\n<div>\n<div>\n<p>&nbsp;<\/p>\n<\/div>\n<\/div>\n<\/div>","protected":false},"excerpt":{"rendered":"<p>T\u00e4\u00e4lt\u00e4 n\u00e4et, mitk\u00e4 pylv\u00e4\u00e4t ja mallit sopivat yhteen STEP-sarjan s\u00e4hk\u00f6isist\u00e4 oven pys\u00e4yttimist\u00e4.<\/p>\n<h5><strong><a href=\"https:\/\/steplock.com\/sv\/stolpguide\/#!?lang=sv&amp;blog_id=1&amp;paged=1&amp;number=50\" target=\"_blank\" rel=\"noopener\">STEP Viestiopas\u00a0<\/a><\/strong><\/h5>\n<h5><strong><a href=\"https:\/\/steplock.com\/sv\/projekteringsguide\/#!?lang=sv&amp;blog_id=1&amp;paged=1&amp;number=999\" target=\"_blank\" rel=\"noopener\">STEP-suunnitteluopas<\/a><\/strong><\/h5>","protected":false},"featured_media":139872,"template":"","meta":{"_acf_changed":false},"product_brand":[],"product_cat":[3355],"product_tag":[4198,4200],"class_list":{"0":"post-139873","1":"product","2":"type-product","3":"status-publish","4":"has-post-thumbnail","6":"product_cat-elslutbleck","7":"product_tag-12v","8":"product_tag-rattvand","9":"product_shipping_class-tunga-paket","10":"pa_brands-step","11":"tm-no-options","13":"first","14":"onbackorder","15":"sale","16":"taxable","17":"shipping-taxable","18":"purchasable","19":"product-type-simple"},"acf":[],"_links":{"self":[{"href":"https:\/\/secureus.se\/fi\/wp-json\/wp\/v2\/product\/139873","targetHints":{"allow":["GET"]}}],"collection":[{"href":"https:\/\/secureus.se\/fi\/wp-json\/wp\/v2\/product"}],"about":[{"href":"https:\/\/secureus.se\/fi\/wp-json\/wp\/v2\/types\/product"}],"wp:featuredmedia":[{"embeddable":true,"href":"https:\/\/secureus.se\/fi\/wp-json\/wp\/v2\/media\/139872"}],"wp:attachment":[{"href":"https:\/\/secureus.se\/fi\/wp-json\/wp\/v2\/media?parent=139873"}],"wp:term":[{"taxonomy":"product_brand","embeddable":true,"href":"https:\/\/secureus.se\/fi\/wp-json\/wp\/v2\/product_brand?post=139873"},{"taxonomy":"product_cat","embeddable":true,"href":"https:\/\/secureus.se\/fi\/wp-json\/wp\/v2\/product_cat?post=139873"},{"taxonomy":"product_tag","embeddable":true,"href":"https:\/\/secureus.se\/fi\/wp-json\/wp\/v2\/product_tag?post=139873"}],"curies":[{"name":"wp","href":"https:\/\/api.w.org\/{rel}","templated":true}]}}