{"id":139882,"date":"2023-09-26T13:07:55","date_gmt":"2023-09-26T11:07:55","guid":{"rendered":"https:\/\/secureus.se\/elslutbleck-step-18-hoger-omvand-24v-7mm-regel-connect\/"},"modified":"2026-04-08T16:13:33","modified_gmt":"2026-04-08T14:13:33","slug":"elslutbleck-step-18-hoger-omvand-24v-7mm-regel-connect","status":"publish","type":"product","link":"https:\/\/secureus.se\/fi\/elslutbleck-step-18-hoger-omvand-24v-7mm-regel-connect\/","title":{"rendered":"S\u00e4hk\u00f6inen p\u00e4\u00e4tylevy VAIHE 18 Oikea Taakse 24V 7mm Regel Connect"},"content":{"rendered":"<h1>S\u00e4hk\u00f6inen p\u00e4\u00e4tylevy VAIHE 18 Oikea Taakse 24V 7mm Regel Connect<\/h1>\n<p>STEP 18 Secure on korkean turvatason s\u00e4hk\u00f6isku, jossa on peruutustoiminto oikealle ripustetuille oville, sovitettu Connect-sarjan pulttilukkoon 7 mm m\u00e4nn\u00e4ll\u00e4.<\/p>\n<p>Tuote on paloturvallinen E\/EI60 asti ja sen mukana tulee 5 metrin halogeeniton kaapeli.<\/p>\n<p class=\"\" data-start=\"315\" data-end=\"847\">VAIHE 18 Secure on kehitetty vastaamaan korkeisiin turvallisuuteen ja toimintavarmuuteen asetettuihin vaatimuksiin ymp\u00e4rist\u00f6iss\u00e4, joihin tulee usein sis\u00e4\u00e4n ja sielt\u00e4 poistuu, kuten vankiloiden, pankkien ja valtion virastojen turvaovet.<\/p>\n<p class=\"\" data-start=\"315\" data-end=\"847\">T\u00e4m\u00e4 s\u00e4hk\u00f6isku on suunniteltu erityisesti oikealle ripustetuille oville, joissa on 7 mm:n m\u00e4nt\u00e4 Connect-sarjassa.<\/p>\n<p class=\"\" data-start=\"315\" data-end=\"847\">K\u00e4\u00e4nteistoiminnolla, mik\u00e4 tarkoittaa, ett\u00e4 levy on avattu j\u00e4nnitteett\u00f6m\u00e4ss\u00e4 asennossa, mahdollistaa turvallisen ja joustavan lukituksen avaamisen my\u00f6s s\u00e4hk\u00f6katkon sattuessa \u2013 ominaisuus, joka on ratkaiseva poistumisreiteiss\u00e4.<\/p>\n<p class=\"\" data-start=\"849\" data-end=\"1387\">VAIHE 18 Secure on palosuojattu E\/EI60 asti ja kest\u00e4\u00e4 fyysist\u00e4 rasitusta noin 1500 kg:n (15 kN) murtolujuudella.<\/p>\n<p class=\"\" data-start=\"849\" data-end=\"1387\">Tuotteessa on sis\u00e4\u00e4nrakennettu m\u00e4nt\u00e4kytkin ja salpakytkin, jotka antavat tarkan palautteen siit\u00e4, onko ovi auki vai kiinni ja lukittu vai avattu.<\/p>\n<p class=\"\" data-start=\"849\" data-end=\"1387\">T\u00e4m\u00e4 mahdollistaa saumattoman integroinnin kulunvalvontaj\u00e4rjestelmien, h\u00e4lytysj\u00e4rjestelmien ja muiden turvalaitteiden kanssa. Lis\u00e4ksi arkki on peukaloinninkest\u00e4v\u00e4 ja varustettu sis\u00e4\u00e4nrakennetulla suojadiodilla.<\/p>\n<p class=\"\" data-start=\"849\" data-end=\"1387\">Mukana olevan 5 metrin halogeenittoman liit\u00e4nt\u00e4kaapelin ansiosta asennus on sek\u00e4 helppoa ett\u00e4 joustavaa.<\/p>\n<p class=\"\" data-start=\"1389\" data-end=\"1417\"><strong data-start=\"1389\" data-end=\"1415\">Ominaisuudet ja edut:<\/strong><\/p>\n<ul data-start=\"1418\" data-end=\"1830\">\n<li class=\"\" data-start=\"1418\" data-end=\"1474\">\n<p class=\"\" data-start=\"1420\" data-end=\"1474\">Mukautettu Connect-sarjan pulttilukkoihin, joissa on 7 mm m\u00e4nt\u00e4<\/p>\n<\/li>\n<li class=\"\" data-start=\"1475\" data-end=\"1542\">\n<p class=\"\" data-start=\"1477\" data-end=\"1542\">Peruutustoiminto \u2013 avattu j\u00e4nnitteett\u00f6m\u00e4ss\u00e4 asennossa pakoturvallisuuden takaamiseksi<\/p>\n<\/li>\n<li class=\"\" data-start=\"1543\" data-end=\"1579\">\n<p class=\"\" data-start=\"1545\" data-end=\"1579\">Erityisesti oikealle ripustetuille oville<\/p>\n<\/li>\n<li class=\"\" data-start=\"1580\" data-end=\"1612\">\n<p class=\"\" data-start=\"1582\" data-end=\"1612\">Paloluokitus E\/EI60 asti<\/p>\n<\/li>\n<li class=\"\" data-start=\"1613\" data-end=\"1668\">\n<p class=\"\" data-start=\"1615\" data-end=\"1668\">Sis\u00e4\u00e4nrakennettu m\u00e4nt\u00e4 ja salpakytkin tilan ilmaisemiseen<\/p>\n<\/li>\n<li class=\"\" data-start=\"1669\" data-end=\"1713\">\n<p class=\"\" data-start=\"1671\" data-end=\"1713\">Murtolujuus noin 1500 kg (15 kN)<\/p>\n<\/li>\n<li class=\"\" data-start=\"1714\" data-end=\"1750\">\n<p class=\"\" data-start=\"1716\" data-end=\"1750\">Kest\u00e4\u00e4 puristuspainetta 500 kg asti<\/p>\n<\/li>\n<li class=\"\" data-start=\"1751\" data-end=\"1789\">\n<p class=\"\" data-start=\"1753\" data-end=\"1789\">Nakutuksenesto sis\u00e4\u00e4nrakennetulla suojadiodilla<\/p>\n<\/li>\n<li class=\"\" data-start=\"1790\" data-end=\"1830\">\n<p class=\"\" data-start=\"1792\" data-end=\"1830\">Mukana 5 metrin halogeeniton kaapeli<\/p>\n<\/li>\n<\/ul>\n<p class=\"\" data-start=\"1832\" data-end=\"2217\"><strong data-start=\"1832\" data-end=\"1861\">Tekniset tiedot:<\/strong><br data-start=\"1861\" data-end=\"1864\" \/>K\u00e4ytt\u00f6j\u00e4nnite: 24 V DC (21,6-27,6 V)<br data-start=\"1900\" data-end=\"1903\" \/>Virrankulutus: 313 mA lukitsematon<br data-start=\"1933\" data-end=\"1936\" \/>Mikrokytkin: Yksinapainen vaihto, max. 30V DC, 1A<br data-start=\"1986\" data-end=\"1989\" \/>Murtolujuus: 1500 kg<br data-start=\"2013\" data-end=\"2016\" \/>Listan paine: 500 kg<br data-start=\"2033\" data-end=\"2036\" data-is-only-node=\"\" \/>Oven sarana: Oikea<br data-start=\"2055\" data-end=\"2058\" \/>Kaapelin pituus: 5 metri\u00e4<br data-start=\"2077\" data-end=\"2080\" \/>Lukon tyyppi: Koukkusalvan lukko, Kaksoissalvan lukko<br data-start=\"2113\" data-end=\"2116\" \/>Mitat (LxSxK): 35 x 40 x 230 mm<br data-start=\"2146\" data-end=\"2149\" \/>V\u00e4ri\/viimeistely: ruostumaton ter\u00e4s<br data-start=\"2175\" data-end=\"2178\" \/>Arvioidut rakennusmateriaalit: Kyll\u00e4<br data-start=\"2196\" data-end=\"2199\" \/>SundaHouse arvioitu: Kyll\u00e4<\/p>","protected":false},"excerpt":{"rendered":"<p>T\u00e4\u00e4lt\u00e4 n\u00e4et, mitk\u00e4 pylv\u00e4\u00e4t ja mallit sopivat yhteen STEP-sarjan s\u00e4hk\u00f6isist\u00e4 oven pys\u00e4yttimist\u00e4.<\/p>\n<h5><strong><a href=\"https:\/\/steplock.com\/sv\/stolpguide\/#!?lang=sv&amp;blog_id=1&amp;paged=1&amp;number=50\" target=\"_blank\" rel=\"noopener\">STEP Viestiopas\u00a0<\/a><\/strong><\/h5>\n<h5><strong><a href=\"https:\/\/steplock.com\/sv\/projekteringsguide\/#!?lang=sv&amp;blog_id=1&amp;paged=1&amp;number=999\" target=\"_blank\" rel=\"noopener\">STEP-suunnitteluopas<\/a><\/strong><\/h5>","protected":false},"featured_media":139880,"template":"","meta":{"_acf_changed":false},"product_brand":[],"product_cat":[3355],"product_tag":[4197,4201],"class_list":{"0":"post-139882","1":"product","2":"type-product","3":"status-publish","4":"has-post-thumbnail","6":"product_cat-elslutbleck","7":"product_tag-24v","8":"product_tag-omvand","9":"product_shipping_class-tunga-paket","10":"pa_brands-step","11":"tm-no-options","13":"first","14":"onbackorder","15":"sale","16":"taxable","17":"shipping-taxable","18":"purchasable","19":"product-type-simple"},"acf":[],"_links":{"self":[{"href":"https:\/\/secureus.se\/fi\/wp-json\/wp\/v2\/product\/139882","targetHints":{"allow":["GET"]}}],"collection":[{"href":"https:\/\/secureus.se\/fi\/wp-json\/wp\/v2\/product"}],"about":[{"href":"https:\/\/secureus.se\/fi\/wp-json\/wp\/v2\/types\/product"}],"wp:featuredmedia":[{"embeddable":true,"href":"https:\/\/secureus.se\/fi\/wp-json\/wp\/v2\/media\/139880"}],"wp:attachment":[{"href":"https:\/\/secureus.se\/fi\/wp-json\/wp\/v2\/media?parent=139882"}],"wp:term":[{"taxonomy":"product_brand","embeddable":true,"href":"https:\/\/secureus.se\/fi\/wp-json\/wp\/v2\/product_brand?post=139882"},{"taxonomy":"product_cat","embeddable":true,"href":"https:\/\/secureus.se\/fi\/wp-json\/wp\/v2\/product_cat?post=139882"},{"taxonomy":"product_tag","embeddable":true,"href":"https:\/\/secureus.se\/fi\/wp-json\/wp\/v2\/product_tag?post=139882"}],"curies":[{"name":"wp","href":"https:\/\/api.w.org\/{rel}","templated":true}]}}