{"id":139907,"date":"2023-09-26T13:06:19","date_gmt":"2023-09-26T11:06:19","guid":{"rendered":"https:\/\/secureus.se\/elslutbleck-step-98-omvand-12v\/"},"modified":"2026-04-08T16:24:45","modified_gmt":"2026-04-08T14:24:45","slug":"elslutbleck-step-98-omvand-12v","status":"publish","type":"product","link":"https:\/\/secureus.se\/fi\/elslutbleck-step-98-omvand-12v\/","title":{"rendered":"S\u00e4hk\u00f6inen p\u00e4\u00e4televy STEP 98 K\u00e4\u00e4nteinen 12V"},"content":{"rendered":"<h1>S\u00e4hk\u00f6inen p\u00e4\u00e4televy STEP 98 K\u00e4\u00e4nteinen 12V<\/h1>\n<p>S\u00e4hk\u00f6isku STEP 98 Preload on palosuojattu ja turvaluokiteltu s\u00e4hk\u00f6isku, jolla on korkea murtolujuus ja kyky avautua muovauspaineesta huolimatta.<\/p>\n<p class=\"\" data-start=\"290\" data-end=\"657\">STEP 98 Preload on paloturvallinen s\u00e4hk\u00f6isku, joka on suunniteltu turvaominaisuuksia ja luotettavaa toimintaa vaativiin oviin.<\/p>\n<p class=\"\" data-start=\"290\" data-end=\"657\">T\u00e4m\u00e4n s\u00e4hk\u00f6iskun palonkest\u00e4vyys on E\/EI 120 (120 minuuttia) asti ja se on varustettu STEPin patentoidulla nauhapainetekniikalla, mik\u00e4 tarkoittaa, ett\u00e4 ovi voidaan aina avata, vaikka siihen kohdistuisi jopa 40 kg:n paine.<\/p>\n<p class=\"\" data-start=\"659\" data-end=\"1009\">STEP 98 Preload tarjoaa peruutustoiminnon (lukittu j\u00e4nnitteett\u00f6m\u00e4\u00e4n asentoon) ja on k\u00e4\u00e4nnett\u00e4viss\u00e4 sek\u00e4 oikean- ett\u00e4 vasemmanpuoleisiin oviin.<\/p>\n<p class=\"\" data-start=\"659\" data-end=\"1009\">Turvallisuuden lis\u00e4\u00e4miseksi tuote on varustettu suojadiodilla ja murtolujuus on 900 kg.<\/p>\n<p class=\"\" data-start=\"659\" data-end=\"1009\">S\u00e4hk\u00f6isku sopii erinomaisesti k\u00e4ytett\u00e4v\u00e4ksi paikoissa, joissa vaaditaan korkeaa turvallisuutta, kuten toimistoissa, kodeissa tai liikerakennuksissa.<\/p>\n<p class=\"\" data-start=\"1011\" data-end=\"1028\"><strong data-start=\"1011\" data-end=\"1025\">Ominaisuudet<\/strong>:<\/p>\n<ul data-start=\"1029\" data-end=\"1395\">\n<li class=\"\" data-start=\"1029\" data-end=\"1072\">\n<p class=\"\" data-start=\"1031\" data-end=\"1072\">Peruutustoiminto (lukittu j\u00e4nnitteett\u00f6m\u00e4\u00e4n tilaan)<\/p>\n<\/li>\n<li class=\"\" data-start=\"1073\" data-end=\"1131\">\n<p class=\"\" data-start=\"1075\" data-end=\"1131\">Palohyv\u00e4ksytty E\/EI 120 asti standardin SS-EN 14846:2008 mukaisesti<\/p>\n<\/li>\n<li class=\"\" data-start=\"1132\" data-end=\"1168\">\n<p class=\"\" data-start=\"1134\" data-end=\"1168\">Murtolujuus 9 kN (n. 900 kg)<\/p>\n<\/li>\n<li class=\"\" data-start=\"1169\" data-end=\"1256\">\n<p class=\"\" data-start=\"1171\" data-end=\"1256\">Takaa avautumisen jopa 40 kg:n nauhapaineesta huolimatta eteen- ja taaksep\u00e4in-toiminnoissa<\/p>\n<\/li>\n<li class=\"\" data-start=\"1257\" data-end=\"1279\">\n<p class=\"\" data-start=\"1259\" data-end=\"1279\">Sis\u00e4\u00e4nrakennettu suojadiodi<\/p>\n<\/li>\n<li class=\"\" data-start=\"1280\" data-end=\"1330\">\n<p class=\"\" data-start=\"1282\" data-end=\"1330\">K\u00e4\u00e4nnett\u00e4v\u00e4 sopivaksi oikeaan ja vasempaan oveen<\/p>\n<\/li>\n<li class=\"\" data-start=\"1331\" data-end=\"1346\">\n<p class=\"\" data-start=\"1333\" data-end=\"1346\">Nakutuksenesto<\/p>\n<\/li>\n<li class=\"\" data-start=\"1347\" data-end=\"1395\">\n<p class=\"\" data-start=\"1349\" data-end=\"1395\">Pystyy lukitsemaan koukkupultit tai suorat pultit<\/p>\n<\/li>\n<\/ul>\n<p class=\"\" data-start=\"1397\" data-end=\"1428\"><strong data-start=\"1397\" data-end=\"1425\">Tekniset tiedot<\/strong>:<\/p>\n<ul data-start=\"1429\" data-end=\"2020\">\n<li class=\"\" data-start=\"1429\" data-end=\"1464\">\n<p class=\"\" data-start=\"1431\" data-end=\"1464\"><strong data-start=\"1431\" data-end=\"1454\">Murtolujuus max<\/strong>paino: 900 kg<\/p>\n<\/li>\n<li class=\"\" data-start=\"1465\" data-end=\"1501\">\n<p class=\"\" data-start=\"1467\" data-end=\"1501\"><strong data-start=\"1467\" data-end=\"1483\">Ovi roikkuu<\/strong>: Oikea, vasen<\/p>\n<\/li>\n<li class=\"\" data-start=\"1502\" data-end=\"1526\">\n<p class=\"\" data-start=\"1504\" data-end=\"1526\"><strong data-start=\"1504\" data-end=\"1519\">Kaapeli mukana<\/strong>: Ei<\/p>\n<\/li>\n<li class=\"\" data-start=\"1527\" data-end=\"1551\">\n<p class=\"\" data-start=\"1529\" data-end=\"1551\"><strong data-start=\"1529\" data-end=\"1542\">Listan tulostus<\/strong>paino: 40 kg<\/p>\n<\/li>\n<li class=\"\" data-start=\"1552\" data-end=\"1593\">\n<p class=\"\" data-start=\"1554\" data-end=\"1593\"><strong data-start=\"1554\" data-end=\"1564\">Lukon tyyppi<\/strong>: Yksisalpa lukko, kaksoissalpa lukko<\/p>\n<\/li>\n<li class=\"\" data-start=\"1594\" data-end=\"1622\">\n<p class=\"\" data-start=\"1596\" data-end=\"1622\"><strong data-start=\"1596\" data-end=\"1613\">Leve\u00e4 tuote<\/strong>: 25 mm<\/p>\n<\/li>\n<li class=\"\" data-start=\"1623\" data-end=\"1649\">\n<p class=\"\" data-start=\"1625\" data-end=\"1649\"><strong data-start=\"1625\" data-end=\"1643\">Rakennusmateriaalit arvioitu<\/strong>: Kyll\u00e4<\/p>\n<\/li>\n<li class=\"\" data-start=\"1650\" data-end=\"1677\">\n<p class=\"\" data-start=\"1652\" data-end=\"1677\"><strong data-start=\"1652\" data-end=\"1668\">Syv\u00e4 tuote<\/strong>: 35mm<\/p>\n<\/li>\n<li class=\"\" data-start=\"1678\" data-end=\"1712\">\n<p class=\"\" data-start=\"1680\" data-end=\"1712\"><strong data-start=\"1680\" data-end=\"1705\">K\u00e4ytt\u00f6j\u00e4nnite 12V\/24V<\/strong>: 12V<\/p>\n<\/li>\n<li class=\"\" data-start=\"1713\" data-end=\"1741\">\n<p class=\"\" data-start=\"1715\" data-end=\"1741\"><strong data-start=\"1715\" data-end=\"1734\">Kaksinkertainen kierrekotelo<\/strong>: Ei<\/p>\n<\/li>\n<li class=\"\" data-start=\"1742\" data-end=\"1769\">\n<p class=\"\" data-start=\"1744\" data-end=\"1769\"><strong data-start=\"1744\" data-end=\"1762\">EPD-varmennettu<\/strong>: Ei<\/p>\n<\/li>\n<li class=\"\" data-start=\"1770\" data-end=\"1788\">\n<p class=\"\" data-start=\"1772\" data-end=\"1788\"><strong data-start=\"1772\" data-end=\"1781\">HYV\u00c4 TIETO<\/strong>: Ei<\/p>\n<\/li>\n<li class=\"\" data-start=\"1789\" data-end=\"1823\">\n<p class=\"\" data-start=\"1791\" data-end=\"1823\"><strong data-start=\"1791\" data-end=\"1812\">V\u00e4ri\/pintak\u00e4sittely<\/strong>: Ruostumaton ter\u00e4s<\/p>\n<\/li>\n<li class=\"\" data-start=\"1824\" data-end=\"1851\">\n<p class=\"\" data-start=\"1826\" data-end=\"1851\"><strong data-start=\"1826\" data-end=\"1842\">Korotettu tuote<\/strong>: 90mm<\/p>\n<\/li>\n<li class=\"\" data-start=\"1852\" data-end=\"1876\">\n<p class=\"\" data-start=\"1854\" data-end=\"1876\"><strong data-start=\"1854\" data-end=\"1869\">M\u00e4nn\u00e4n liitin<\/strong>: Ei<\/p>\n<\/li>\n<li class=\"\" data-start=\"1877\" data-end=\"1908\">\n<p class=\"\" data-start=\"1879\" data-end=\"1908\"><strong data-start=\"1879\" data-end=\"1898\">Oikea\/taakse<\/strong>: K\u00e4\u00e4nteinen<\/p>\n<\/li>\n<li class=\"\" data-start=\"1909\" data-end=\"1935\">\n<p class=\"\" data-start=\"1911\" data-end=\"1935\"><strong data-start=\"1911\" data-end=\"1929\">J\u00e4nnite AC\/DC<\/strong>: DC<\/p>\n<\/li>\n<li class=\"\" data-start=\"1936\" data-end=\"1964\">\n<p class=\"\" data-start=\"1938\" data-end=\"1964\"><strong data-start=\"1938\" data-end=\"1954\">J\u00e4nnite max<\/strong>: 13,8V<\/p>\n<\/li>\n<li class=\"\" data-start=\"1965\" data-end=\"1993\">\n<p class=\"\" data-start=\"1967\" data-end=\"1993\"><strong data-start=\"1967\" data-end=\"1983\">J\u00e4nnite min<\/strong>: 10,8V<\/p>\n<\/li>\n<li class=\"\" data-start=\"1994\" data-end=\"2020\">\n<p class=\"\" data-start=\"1996\" data-end=\"2020\"><strong data-start=\"1996\" data-end=\"2014\">SundaHouse arvioitu<\/strong>: Kyll\u00e4<\/p>\n<\/li>\n<\/ul>","protected":false},"excerpt":{"rendered":"<p>T\u00e4\u00e4lt\u00e4 n\u00e4et, mitk\u00e4 pylv\u00e4\u00e4t ja mallit sopivat yhteen STEP-sarjan s\u00e4hk\u00f6isist\u00e4 oven pys\u00e4yttimist\u00e4.<\/p>\n<h5><strong><a href=\"https:\/\/steplock.com\/sv\/stolpguide\/#!?lang=sv&amp;blog_id=1&amp;paged=1&amp;number=50\" target=\"_blank\" rel=\"noopener\">STEP Viestiopas\u00a0<\/a><\/strong><\/h5>\n<h5><strong><a href=\"https:\/\/steplock.com\/sv\/projekteringsguide\/#!?lang=sv&amp;blog_id=1&amp;paged=1&amp;number=999\" target=\"_blank\" rel=\"noopener\">STEP-suunnitteluopas<\/a><\/strong><\/h5>","protected":false},"featured_media":139906,"template":"","meta":{"_acf_changed":false},"product_brand":[],"product_cat":[3355],"product_tag":[4198,4201],"class_list":{"0":"post-139907","1":"product","2":"type-product","3":"status-publish","4":"has-post-thumbnail","6":"product_cat-elslutbleck","7":"product_tag-12v","8":"product_tag-omvand","9":"product_shipping_class-tunga-paket","10":"pa_brands-step","11":"tm-no-options","13":"first","14":"onbackorder","15":"sale","16":"taxable","17":"shipping-taxable","18":"purchasable","19":"product-type-simple"},"acf":[],"_links":{"self":[{"href":"https:\/\/secureus.se\/fi\/wp-json\/wp\/v2\/product\/139907","targetHints":{"allow":["GET"]}}],"collection":[{"href":"https:\/\/secureus.se\/fi\/wp-json\/wp\/v2\/product"}],"about":[{"href":"https:\/\/secureus.se\/fi\/wp-json\/wp\/v2\/types\/product"}],"wp:featuredmedia":[{"embeddable":true,"href":"https:\/\/secureus.se\/fi\/wp-json\/wp\/v2\/media\/139906"}],"wp:attachment":[{"href":"https:\/\/secureus.se\/fi\/wp-json\/wp\/v2\/media?parent=139907"}],"wp:term":[{"taxonomy":"product_brand","embeddable":true,"href":"https:\/\/secureus.se\/fi\/wp-json\/wp\/v2\/product_brand?post=139907"},{"taxonomy":"product_cat","embeddable":true,"href":"https:\/\/secureus.se\/fi\/wp-json\/wp\/v2\/product_cat?post=139907"},{"taxonomy":"product_tag","embeddable":true,"href":"https:\/\/secureus.se\/fi\/wp-json\/wp\/v2\/product_tag?post=139907"}],"curies":[{"name":"wp","href":"https:\/\/api.w.org\/{rel}","templated":true}]}}