{"id":139920,"date":"2023-09-26T13:07:38","date_gmt":"2023-09-26T11:07:38","guid":{"rendered":"https:\/\/secureus.se\/elslutbleck-step-18-vanster-omvand-12v-7mm-regel-connect\/"},"modified":"2026-04-08T16:25:26","modified_gmt":"2026-04-08T14:25:26","slug":"elslutbleck-step-18-vanster-omvand-12v-7mm-regel-connect","status":"publish","type":"product","link":"https:\/\/secureus.se\/fi\/elslutbleck-step-18-vanster-omvand-12v-7mm-regel-connect\/","title":{"rendered":"S\u00e4hk\u00f6inen p\u00e4\u00e4tylevy VAIHE 18 Vasen K\u00e4\u00e4nteinen 12V 7mm Regel Connect"},"content":{"rendered":"<h1>S\u00e4hk\u00f6inen p\u00e4\u00e4tylevy VAIHE 18 Vasen K\u00e4\u00e4nteinen 12V 7mm Regel Connect<\/h1>\n<p>VAIHE 18 Kiinnit\u00e4 vasemmalle ripustettavat ovet 7 mm:n liitospultilla. K\u00e4\u00e4nteinen toiminta, korkea turvallisuus, paloluokka E\/EI60, m\u00e4nt\u00e4kosketin ja 5 m halogeeniton kaapeli.<\/p>\n<p>STEP 18 Secure Electric Strike on eritt\u00e4in turvallinen s\u00e4hk\u00f6isku, joka on suunniteltu ymp\u00e4rist\u00f6ihin, joissa on korkeat turvallisuus- ja luotettavuusvaatimukset.<\/p>\n<p>Kest\u00e4v\u00e4n rakenteensa ja nopean toiminnan ansiosta se sopii ihanteellisesti intensiiviseen k\u00e4ytt\u00f6\u00f6n oviin, kuten vankiloihin, pankkeihin tai muihin turvallisuusluokiteltuihin tiloihin.<\/p>\n<p>T\u00e4m\u00e4 malli on tarkoitettu vasemmalle ripustetuille oville, joissa on 7 mm:n m\u00e4nt\u00e4 Connect-sarjassa ja siin\u00e4 on peruutustoiminto, mik\u00e4 tarkoittaa, ett\u00e4 vastalevy avautuu s\u00e4hk\u00f6katkon sattuessa \u2013 toiminto, jota usein halutaan evakuointiymp\u00e4rist\u00f6iss\u00e4.<\/p>\n<p class=\"\" data-start=\"778\" data-end=\"1032\">STEP 18 on hyv\u00e4ksytty turvaoville RC4:\u00e4\u00e4n ja paloluokkaan E\/EI60 asti. Se on varustettu m\u00e4nt\u00e4koskettimella ja salpakoskettimella, joka n\u00e4ytt\u00e4\u00e4 oven tilan (auki\/kiinni, lukittu\/lukitsematon), joten se on erinomainen integroitavaksi kulunvalvontaj\u00e4rjestelmiin tai h\u00e4lyttimiin.<\/p>\n<p class=\"\" data-start=\"1034\" data-end=\"1266\">Pelti kest\u00e4\u00e4 jopa 15 kN:n murtolujuuden ja 500 kg:n nauhapainetta, mik\u00e4 tarkoittaa, ett\u00e4 se aukeaa paineen alaisenakin. Mukana oleva halogeeniton 5 metrin liit\u00e4nt\u00e4kaapeli ja suojadiodi yksinkertaistavat asennusta ja lis\u00e4\u00e4v\u00e4t turvallisuutta.<\/p>\n<p class=\"\" data-start=\"1268\" data-end=\"1296\"><strong data-start=\"1268\" data-end=\"1294\">Ominaisuudet ja edut:<\/strong><\/p>\n<ul data-start=\"1297\" data-end=\"1596\">\n<li class=\"\" data-start=\"1297\" data-end=\"1326\">\n<p class=\"\" data-start=\"1299\" data-end=\"1326\">Sopii 7 mm:n liitosnastalle<\/p>\n<\/li>\n<li class=\"\" data-start=\"1327\" data-end=\"1355\">\n<p class=\"\" data-start=\"1329\" data-end=\"1355\">Vasen saranoiduille oville<\/p>\n<\/li>\n<li class=\"\" data-start=\"1356\" data-end=\"1394\">\n<p class=\"\" data-start=\"1358\" data-end=\"1394\">Peruutustoiminto \u2013 avattu ilman virtaa<\/p>\n<\/li>\n<li class=\"\" data-start=\"1395\" data-end=\"1427\">\n<p class=\"\" data-start=\"1397\" data-end=\"1427\">Paloluokitus E\/EI60 asti<\/p>\n<\/li>\n<li class=\"\" data-start=\"1428\" data-end=\"1471\">\n<p class=\"\" data-start=\"1430\" data-end=\"1471\">M\u00e4nt\u00e4- ja salpakosketin kulunvalvontaj\u00e4rjestelmiin<\/p>\n<\/li>\n<li class=\"\" data-start=\"1472\" data-end=\"1498\">\n<p class=\"\" data-start=\"1474\" data-end=\"1498\">Murtolujuus: 15 kN<\/p>\n<\/li>\n<li class=\"\" data-start=\"1499\" data-end=\"1535\">\n<p class=\"\" data-start=\"1501\" data-end=\"1535\">Kest\u00e4\u00e4 puristuspainetta 500 kg asti<\/p>\n<\/li>\n<li class=\"\" data-start=\"1536\" data-end=\"1566\">\n<p class=\"\" data-start=\"1538\" data-end=\"1566\">Mukana 5 m halogeeniton kaapeli<\/p>\n<\/li>\n<li class=\"\" data-start=\"1567\" data-end=\"1596\">\n<p class=\"\" data-start=\"1569\" data-end=\"1596\">Suojadiodi ja ylij\u00e4nnitesuoja<\/p>\n<\/li>\n<\/ul>","protected":false},"excerpt":{"rendered":"<p>T\u00e4\u00e4lt\u00e4 n\u00e4et, mitk\u00e4 pylv\u00e4\u00e4t ja mallit sopivat yhteen STEP-sarjan s\u00e4hk\u00f6isist\u00e4 oven pys\u00e4yttimist\u00e4.<\/p>\n<h5><strong><a href=\"https:\/\/steplock.com\/sv\/stolpguide\/#!?lang=sv&amp;blog_id=1&amp;paged=1&amp;number=50\" target=\"_blank\" rel=\"noopener\">STEP Viestiopas\u00a0<\/a><\/strong><\/h5>\n<h5><strong><a href=\"https:\/\/steplock.com\/sv\/projekteringsguide\/#!?lang=sv&amp;blog_id=1&amp;paged=1&amp;number=999\" target=\"_blank\" rel=\"noopener\">STEP-suunnitteluopas<\/a><\/strong><\/h5>","protected":false},"featured_media":139917,"template":"","meta":{"_acf_changed":false},"product_brand":[],"product_cat":[3355],"product_tag":[4198,4201],"class_list":{"0":"post-139920","1":"product","2":"type-product","3":"status-publish","4":"has-post-thumbnail","6":"product_cat-elslutbleck","7":"product_tag-12v","8":"product_tag-omvand","9":"product_shipping_class-tunga-paket","10":"pa_brands-step","11":"tm-no-options","13":"first","14":"onbackorder","15":"sale","16":"taxable","17":"shipping-taxable","18":"purchasable","19":"product-type-simple"},"acf":[],"_links":{"self":[{"href":"https:\/\/secureus.se\/fi\/wp-json\/wp\/v2\/product\/139920","targetHints":{"allow":["GET"]}}],"collection":[{"href":"https:\/\/secureus.se\/fi\/wp-json\/wp\/v2\/product"}],"about":[{"href":"https:\/\/secureus.se\/fi\/wp-json\/wp\/v2\/types\/product"}],"wp:featuredmedia":[{"embeddable":true,"href":"https:\/\/secureus.se\/fi\/wp-json\/wp\/v2\/media\/139917"}],"wp:attachment":[{"href":"https:\/\/secureus.se\/fi\/wp-json\/wp\/v2\/media?parent=139920"}],"wp:term":[{"taxonomy":"product_brand","embeddable":true,"href":"https:\/\/secureus.se\/fi\/wp-json\/wp\/v2\/product_brand?post=139920"},{"taxonomy":"product_cat","embeddable":true,"href":"https:\/\/secureus.se\/fi\/wp-json\/wp\/v2\/product_cat?post=139920"},{"taxonomy":"product_tag","embeddable":true,"href":"https:\/\/secureus.se\/fi\/wp-json\/wp\/v2\/product_tag?post=139920"}],"curies":[{"name":"wp","href":"https:\/\/api.w.org\/{rel}","templated":true}]}}