{"id":139934,"date":"2023-09-26T13:07:37","date_gmt":"2023-09-26T11:07:37","guid":{"rendered":"https:\/\/secureus.se\/elslutbleck-step-18-vanster-omvand-12v-9mm-regel-connect\/"},"modified":"2026-03-26T09:49:45","modified_gmt":"2026-03-26T08:49:45","slug":"elslutbleck-step-18-vanster-omvand-12v-9mm-regel-connect","status":"publish","type":"product","link":"https:\/\/secureus.se\/fi\/elslutbleck-step-18-vanster-omvand-12v-9mm-regel-connect\/","title":{"rendered":"S\u00e4hk\u00f6inen p\u00e4\u00e4tylevy VAIHE 18 Vasen Taakse 12V 9mm Regel Connect"},"content":{"rendered":"<h1>S\u00e4hk\u00f6inen p\u00e4\u00e4tylevy VAIHE 18 Vasen Taakse 12V 9mm Regel Connect<\/h1>\n<p>VAIHE 18 Kiinnit\u00e4 s\u00e4hk\u00f6isku vasemmalle ripustetuille oville 9 mm:n liitospultilla. K\u00e4\u00e4nteinen toiminta, paloluokka E\/EI60, m\u00e4nt\u00e4kosketin ja hyv\u00e4 murtolujuus.<\/p>\n<p class=\"\" data-start=\"237\" data-end=\"695\">STEP 18 Secure Electric Strike on tehokas ja luotettava s\u00e4hk\u00f6isku, joka on kehitetty ymp\u00e4rist\u00f6ihin, joissa on eritt\u00e4in korkeat turvallisuus- ja luotettavuusvaatimukset.<\/p>\n<p class=\"\" data-start=\"237\" data-end=\"695\">T\u00e4m\u00e4 malli on suunniteltu Connect-sarjan 9 mm:n m\u00e4nn\u00e4ll\u00e4 varustettuihin pulttilukoihin ja se on sovitettu vasemmalle ripustetuille oville.<\/p>\n<p class=\"\" data-start=\"237\" data-end=\"695\">Levyss\u00e4 on peruutustoiminto, mik\u00e4 tarkoittaa, ett\u00e4 se on avattu j\u00e4nnitteett\u00f6m\u00e4ss\u00e4 asennossa \u2013 t\u00e4ydellinen poistumisreiteille, joissa turvallisuus on yhdistett\u00e4v\u00e4 nopeaan p\u00e4\u00e4syyn.<\/p>\n<p class=\"\" data-start=\"697\" data-end=\"1029\">Tuote on paloluokitettu E\/EI60 asti ja hyv\u00e4ksytty turvaoviin RC4 asti, joten se sopii erityisen hyvin k\u00e4ytett\u00e4v\u00e4ksi esimerkiksi pankeissa, vankiloissa ja muissa riskialttiissa ymp\u00e4rist\u00f6iss\u00e4.<\/p>\n<p class=\"\" data-start=\"697\" data-end=\"1029\">STEP 18 on varustettu m\u00e4nt\u00e4- ja salpakoskettimella, joka mahdollistaa integroinnin nykyaikaisiin kulunvalvontaj\u00e4rjestelmiin ja antaa selke\u00e4n osoituksen oven tilasta.<\/p>\n<p class=\"\" data-start=\"1031\" data-end=\"1259\">Patentoitu tekniikka tarjoaa t\u00e4ydet 15 kN murtolujuuden ja pelti avautuu jopa 500 kg:n nauhapaineella.<\/p>\n<p class=\"\" data-start=\"1031\" data-end=\"1259\">Mukana tulee halogeeniton 5 metrin kaapeli, ja suojadiodi ja ylij\u00e4nnitesuoja lis\u00e4\u00e4v\u00e4t asennuksen turvallisuutta.<\/p>\n<p class=\"\" data-start=\"1261\" data-end=\"1289\"><strong data-start=\"1261\" data-end=\"1287\">Ominaisuudet ja edut:<\/strong><\/p>\n<ul data-start=\"1290\" data-end=\"1585\">\n<li class=\"\" data-start=\"1290\" data-end=\"1319\">\n<p class=\"\" data-start=\"1292\" data-end=\"1319\">Sopii 9 mm kiertokankeen<\/p>\n<\/li>\n<li class=\"\" data-start=\"1320\" data-end=\"1348\">\n<p class=\"\" data-start=\"1322\" data-end=\"1348\">Vasen saranoiduille oville<\/p>\n<\/li>\n<li class=\"\" data-start=\"1349\" data-end=\"1387\">\n<p class=\"\" data-start=\"1351\" data-end=\"1387\">Peruutustoiminto (lukitus auki ilman virtaa)<\/p>\n<\/li>\n<li class=\"\" data-start=\"1388\" data-end=\"1420\">\n<p class=\"\" data-start=\"1390\" data-end=\"1420\">Paloluokitus E\/EI60 asti<\/p>\n<\/li>\n<li class=\"\" data-start=\"1421\" data-end=\"1464\">\n<p class=\"\" data-start=\"1423\" data-end=\"1464\">M\u00e4nt\u00e4- ja salpakosketin kulunvalvontaj\u00e4rjestelmiin<\/p>\n<\/li>\n<li class=\"\" data-start=\"1465\" data-end=\"1491\">\n<p class=\"\" data-start=\"1467\" data-end=\"1491\">Murtolujuus: 15 kN<\/p>\n<\/li>\n<li class=\"\" data-start=\"1492\" data-end=\"1525\">\n<p class=\"\" data-start=\"1494\" data-end=\"1525\">Kest\u00e4\u00e4 puristuspainetta 500 kg asti<\/p>\n<\/li>\n<li class=\"\" data-start=\"1526\" data-end=\"1556\">\n<p class=\"\" data-start=\"1528\" data-end=\"1556\">Mukana halogeeniton 5 m kaapeli<\/p>\n<\/li>\n<li class=\"\" data-start=\"1557\" data-end=\"1585\">\n<p class=\"\" data-start=\"1559\" data-end=\"1585\">Suojadiodi ja nakutuksenestosuoja<\/p>\n<\/li>\n<\/ul>","protected":false},"excerpt":{"rendered":"<p>T\u00e4\u00e4lt\u00e4 n\u00e4et, mitk\u00e4 pylv\u00e4\u00e4t ja mallit sopivat yhteen STEP-sarjan s\u00e4hk\u00f6isist\u00e4 oven pys\u00e4yttimist\u00e4.<\/p>\n<h5><strong><a href=\"https:\/\/steplock.com\/sv\/stolpguide\/#!?lang=sv&amp;blog_id=1&amp;paged=1&amp;number=50\" target=\"_blank\" rel=\"noopener\">STEP Viestiopas\u00a0<\/a><\/strong><\/h5>\n<h5><strong><a href=\"https:\/\/steplock.com\/sv\/projekteringsguide\/#!?lang=sv&amp;blog_id=1&amp;paged=1&amp;number=999\" target=\"_blank\" rel=\"noopener\">STEP-suunnitteluopas<\/a><\/strong><\/h5>","protected":false},"featured_media":139930,"template":"","meta":{"_acf_changed":false},"product_brand":[],"product_cat":[3355],"product_tag":[4198,4201],"class_list":{"0":"post-139934","1":"product","2":"type-product","3":"status-publish","4":"has-post-thumbnail","6":"product_cat-elslutbleck","7":"product_tag-12v","8":"product_tag-omvand","9":"product_shipping_class-tunga-paket","10":"pa_brands-step","11":"tm-no-options","13":"first","14":"instock","15":"sale","16":"taxable","17":"shipping-taxable","18":"purchasable","19":"product-type-simple"},"acf":[],"_links":{"self":[{"href":"https:\/\/secureus.se\/fi\/wp-json\/wp\/v2\/product\/139934","targetHints":{"allow":["GET"]}}],"collection":[{"href":"https:\/\/secureus.se\/fi\/wp-json\/wp\/v2\/product"}],"about":[{"href":"https:\/\/secureus.se\/fi\/wp-json\/wp\/v2\/types\/product"}],"wp:featuredmedia":[{"embeddable":true,"href":"https:\/\/secureus.se\/fi\/wp-json\/wp\/v2\/media\/139930"}],"wp:attachment":[{"href":"https:\/\/secureus.se\/fi\/wp-json\/wp\/v2\/media?parent=139934"}],"wp:term":[{"taxonomy":"product_brand","embeddable":true,"href":"https:\/\/secureus.se\/fi\/wp-json\/wp\/v2\/product_brand?post=139934"},{"taxonomy":"product_cat","embeddable":true,"href":"https:\/\/secureus.se\/fi\/wp-json\/wp\/v2\/product_cat?post=139934"},{"taxonomy":"product_tag","embeddable":true,"href":"https:\/\/secureus.se\/fi\/wp-json\/wp\/v2\/product_tag?post=139934"}],"curies":[{"name":"wp","href":"https:\/\/api.w.org\/{rel}","templated":true}]}}