{"id":139946,"date":"2023-09-26T13:07:34","date_gmt":"2023-09-26T11:07:34","guid":{"rendered":"https:\/\/secureus.se\/elslutbleck-step-18-hoger-omvand-12v-9mm-regel-connect\/"},"modified":"2026-03-26T09:50:06","modified_gmt":"2026-03-26T08:50:06","slug":"elslutbleck-step-18-hoger-omvand-12v-9mm-regel-connect","status":"publish","type":"product","link":"https:\/\/secureus.se\/fi\/elslutbleck-step-18-hoger-omvand-12v-9mm-regel-connect\/","title":{"rendered":"S\u00e4hk\u00f6inen p\u00e4\u00e4tylevy STEP 18 Oikea Taakse 12V 9mm Regel Connect"},"content":{"rendered":"<h1>S\u00e4hk\u00f6inen p\u00e4\u00e4tylevy STEP 18 Oikea Taakse 12V 9mm Regel Connect<\/h1>\n<p>VAIHE 18 Varmista oikealle ripustetuille oville s\u00e4hk\u00f6iskun peruutustoiminto. Mukautettu 9 mm:n liitospultille, palohyv\u00e4ksytty E\/EI60, m\u00e4nt\u00e4kosketin ja korkea turvallisuus.<\/p>\n<p class=\"\" data-start=\"241\" data-end=\"654\">STEP 18 Secure Electric Strike on ensiluokkainen valinta turvallisuuskriittisiin ymp\u00e4rist\u00f6ihin, joissa sek\u00e4 korkea tunkeutumisen vastus ett\u00e4 luotettava toiminta ovat ratkaisevan t\u00e4rkeit\u00e4.<\/p>\n<p class=\"\" data-start=\"241\" data-end=\"654\">T\u00e4m\u00e4 malli on tarkoitettu oikealle ripustetuille oville ja sopii Connect-sarjan 9 mm m\u00e4nnill\u00e4 varustettuihin pulttilukoihin.<\/p>\n<p class=\"\" data-start=\"241\" data-end=\"654\">Peruutustoiminnolla (lukitus avataan s\u00e4hk\u00f6katkon sattuessa) se on ihanteellinen poistumisreiteille tai muihin oviin, joissa turvallinen evakuointi on etusijalla.<\/p>\n<p class=\"\" data-start=\"656\" data-end=\"1036\">STEP 18 on osa STEPin Secure-sarjaa \u2013 sarja s\u00e4hk\u00f6iskuja, jotka on suunniteltu vaativiin ymp\u00e4rist\u00f6ihin, kuten pankkeihin, vankiloihin ja muihin paikkoihin, joissa on korkeat turvallisuusvaatimukset.<\/p>\n<p class=\"\" data-start=\"656\" data-end=\"1036\">Tuote on hyv\u00e4ksytty turvaoville RC4:\u00e4\u00e4n asti ja se on paloluokitus E\/EI60.<\/p>\n<p class=\"\" data-start=\"656\" data-end=\"1036\">Vankka rakenne kest\u00e4\u00e4 t\u00e4ydet 15 kN:n murtolujuuden ja tekniikka takaa toiminnan jopa 500 kg:n nauhapaineella.<\/p>\n<p class=\"\" data-start=\"1038\" data-end=\"1301\">S\u00e4hk\u00f6inen iskulevy toimitetaan sis\u00e4\u00e4nrakennetulla m\u00e4nn\u00e4ll\u00e4 ja salpakoskettimella tilan ilmaisua varten, mik\u00e4 helpottaa liitt\u00e4mist\u00e4 h\u00e4lytys- ja kulunvalvontaj\u00e4rjestelmiin.<\/p>\n<p class=\"\" data-start=\"1038\" data-end=\"1301\">Suojadiodi ja nakutussuoja takaavat pitk\u00e4n k\u00e4ytt\u00f6i\u00e4n ja luotettavan toiminnan. Mukana 5 metrin halogeeniton liit\u00e4nt\u00e4kaapeli.<\/p>\n<p class=\"\" data-start=\"1303\" data-end=\"1331\"><strong data-start=\"1303\" data-end=\"1329\">Ominaisuudet ja edut:<\/strong><\/p>\n<ul data-start=\"1332\" data-end=\"1651\">\n<li class=\"\" data-start=\"1332\" data-end=\"1366\">\n<p class=\"\" data-start=\"1334\" data-end=\"1366\">9 mm Connect-sarjan m\u00e4nnille<\/p>\n<\/li>\n<li class=\"\" data-start=\"1367\" data-end=\"1412\">\n<p class=\"\" data-start=\"1369\" data-end=\"1412\">Peruutustoiminto \u2013 avataan s\u00e4hk\u00f6katkon sattuessa<\/p>\n<\/li>\n<li class=\"\" data-start=\"1413\" data-end=\"1432\">\n<p class=\"\" data-start=\"1415\" data-end=\"1432\">Oikeanpuoleinen ovi<\/p>\n<\/li>\n<li class=\"\" data-start=\"1433\" data-end=\"1456\">\n<p class=\"\" data-start=\"1435\" data-end=\"1456\">Palohyv\u00e4ksytty E\/EI60<\/p>\n<\/li>\n<li class=\"\" data-start=\"1457\" data-end=\"1504\">\n<p class=\"\" data-start=\"1459\" data-end=\"1504\">M\u00e4nt\u00e4- ja salpakosketin tilan ilmaisua varten<\/p>\n<\/li>\n<li class=\"\" data-start=\"1505\" data-end=\"1531\">\n<p class=\"\" data-start=\"1507\" data-end=\"1531\">Murtolujuus: 15 kN<\/p>\n<\/li>\n<li class=\"\" data-start=\"1532\" data-end=\"1574\">\n<p class=\"\" data-start=\"1534\" data-end=\"1574\">Avautuu jopa 500 kg:n paineesta huolimatta<\/p>\n<\/li>\n<li class=\"\" data-start=\"1575\" data-end=\"1609\">\n<p class=\"\" data-start=\"1577\" data-end=\"1609\">Mukana 5 metrin halogeeniton kaapeli<\/p>\n<\/li>\n<li class=\"\" data-start=\"1610\" data-end=\"1651\">\n<p class=\"\" data-start=\"1612\" data-end=\"1651\">Suojadiodi ja iskunkest\u00e4v\u00e4 rakenne<\/p>\n<\/li>\n<\/ul>","protected":false},"excerpt":{"rendered":"<p>T\u00e4\u00e4lt\u00e4 n\u00e4et, mitk\u00e4 pylv\u00e4\u00e4t ja mallit sopivat yhteen STEP-sarjan s\u00e4hk\u00f6isist\u00e4 oven pys\u00e4yttimist\u00e4.<\/p>\n<h5><strong><a href=\"https:\/\/steplock.com\/sv\/stolpguide\/#!?lang=sv&amp;blog_id=1&amp;paged=1&amp;number=50\" target=\"_blank\" rel=\"noopener\">STEP Viestiopas\u00a0<\/a><\/strong><\/h5>\n<h5><strong><a href=\"https:\/\/steplock.com\/sv\/projekteringsguide\/#!?lang=sv&amp;blog_id=1&amp;paged=1&amp;number=999\" target=\"_blank\" rel=\"noopener\">STEP-suunnitteluopas<\/a><\/strong><\/h5>","protected":false},"featured_media":139944,"template":"","meta":{"_acf_changed":false},"product_brand":[],"product_cat":[3355],"product_tag":[4198,4201],"class_list":{"0":"post-139946","1":"product","2":"type-product","3":"status-publish","4":"has-post-thumbnail","6":"product_cat-elslutbleck","7":"product_tag-12v","8":"product_tag-omvand","9":"product_shipping_class-tunga-paket","10":"pa_brands-step","11":"tm-no-options","13":"first","14":"instock","15":"sale","16":"taxable","17":"shipping-taxable","18":"purchasable","19":"product-type-simple"},"acf":[],"_links":{"self":[{"href":"https:\/\/secureus.se\/fi\/wp-json\/wp\/v2\/product\/139946","targetHints":{"allow":["GET"]}}],"collection":[{"href":"https:\/\/secureus.se\/fi\/wp-json\/wp\/v2\/product"}],"about":[{"href":"https:\/\/secureus.se\/fi\/wp-json\/wp\/v2\/types\/product"}],"wp:featuredmedia":[{"embeddable":true,"href":"https:\/\/secureus.se\/fi\/wp-json\/wp\/v2\/media\/139944"}],"wp:attachment":[{"href":"https:\/\/secureus.se\/fi\/wp-json\/wp\/v2\/media?parent=139946"}],"wp:term":[{"taxonomy":"product_brand","embeddable":true,"href":"https:\/\/secureus.se\/fi\/wp-json\/wp\/v2\/product_brand?post=139946"},{"taxonomy":"product_cat","embeddable":true,"href":"https:\/\/secureus.se\/fi\/wp-json\/wp\/v2\/product_cat?post=139946"},{"taxonomy":"product_tag","embeddable":true,"href":"https:\/\/secureus.se\/fi\/wp-json\/wp\/v2\/product_tag?post=139946"}],"curies":[{"name":"wp","href":"https:\/\/api.w.org\/{rel}","templated":true}]}}