{"id":139960,"date":"2023-09-26T13:07:27","date_gmt":"2023-09-26T11:07:27","guid":{"rendered":"https:\/\/secureus.se\/elslutbleck-step-28e-hoger-rattvand-12v-9mm-regel\/"},"modified":"2026-04-08T16:28:15","modified_gmt":"2026-04-08T14:28:15","slug":"elslutbleck-step-28e-hoger-rattvand-12v-9mm-regel","status":"publish","type":"product","link":"https:\/\/secureus.se\/fi\/elslutbleck-step-28e-hoger-rattvand-12v-9mm-regel\/","title":{"rendered":"S\u00e4hk\u00f6liitinlevy STEP 28E Oikea Oikealle p\u00e4in 12V 9mm s\u00e4\u00e4nt\u00f6"},"content":{"rendered":"<h1>S\u00e4hk\u00f6liitinlevy STEP 28E Oikea Oikealle p\u00e4in 12V 9mm s\u00e4\u00e4nt\u00f6<\/h1>\n<p>VAIHE 28E Turvallinen s\u00e4hk\u00f6isku oikeak\u00e4tisell\u00e4 toiminnolla, sovitettu oikealle ripustetuille oville ja 9 mm Connect-sarjan m\u00e4nt\u00e4. Paloluokka E\/EI 60. Sis. 5m kaapeli.<\/p>\n<p class=\"\" data-start=\"233\" data-end=\"584\">STEP 28E Secure Electric Strike on luotettava s\u00e4hk\u00f6isku, joka on suunniteltu turvallisuusymp\u00e4rist\u00f6ihin, joissa tunkeutumiskest\u00e4vyys, paloluokitus ja evakuointi yhdistet\u00e4\u00e4n.<\/p>\n<p class=\"\" data-start=\"233\" data-end=\"584\">T\u00e4m\u00e4 malli on sovitettu oikealle ripustetuille oville, joissa on Connect-sarjan 9 mm:n pultti, ja sit\u00e4 k\u00e4ytet\u00e4\u00e4n yhdess\u00e4 salpa- tai lukkolukon kanssa maksimaalisen lukitusvaikutuksen saavuttamiseksi.<\/p>\n<p class=\"\" data-start=\"586\" data-end=\"872\">K\u00e4\u00e4nteistoiminnon ansiosta s\u00e4hk\u00f6iskulevy pysyy lukittuna j\u00e4nnitteett\u00f6m\u00e4\u00e4n asentoon \u2013 turvaominaisuus, joka suojaa ovea s\u00e4hk\u00f6katkon sattuessa.<\/p>\n<p class=\"\" data-start=\"586\" data-end=\"872\">Se on sertifioitu palosuojausluokan E\/EI 60 mukaan ja on erinomainen valinta asennuksiin, joissa ovet yhdistet\u00e4\u00e4n oviautomaatioon tai vetokahvoihin.<\/p>\n<p class=\"\" data-start=\"874\" data-end=\"1253\">STEP 28E on varustettu sek\u00e4 m\u00e4nt\u00e4kytkimell\u00e4 ett\u00e4 salpakytkimell\u00e4, mik\u00e4 mahdollistaa oven tilan tarkan seurannan (auki\/kiinni ja lukittu\/auki) kulunvalvontaj\u00e4rjestelm\u00e4n tai h\u00e4lytysj\u00e4rjestelm\u00e4n kautta.<\/p>\n<p class=\"\" data-start=\"874\" data-end=\"1253\">Vankka rakenne kest\u00e4\u00e4 yli 15 kN:n murtolujuuden ja toimii my\u00f6s jopa 500 kg:n nauhapaineella.<\/p>\n<p class=\"\" data-start=\"874\" data-end=\"1253\">Tuote on peukaloitumaton ja mukana tulee 5 metrin halogeeniton liit\u00e4nt\u00e4kaapeli.<\/p>\n<p class=\"\" data-start=\"1255\" data-end=\"1283\"><strong data-start=\"1255\" data-end=\"1281\">Ominaisuudet ja edut:<\/strong><\/p>\n<ul data-start=\"1284\" data-end=\"1581\">\n<li class=\"\" data-start=\"1284\" data-end=\"1331\">\n<p class=\"\" data-start=\"1286\" data-end=\"1331\">S\u00e4\u00e4t\u00f6lukolle 9 mm m\u00e4nn\u00e4ll\u00e4 Connect-sarjassa<\/p>\n<\/li>\n<li class=\"\" data-start=\"1332\" data-end=\"1377\">\n<p class=\"\" data-start=\"1334\" data-end=\"1377\">Oikealle suunnattu toiminto - lukittu j\u00e4nnitteett\u00f6m\u00e4\u00e4n tilaan<\/p>\n<\/li>\n<li class=\"\" data-start=\"1378\" data-end=\"1413\">\n<p class=\"\" data-start=\"1380\" data-end=\"1413\">Soveltuu oikealle ripustetuille oville<\/p>\n<\/li>\n<li class=\"\" data-start=\"1414\" data-end=\"1447\">\n<p class=\"\" data-start=\"1416\" data-end=\"1447\">Palohyv\u00e4ksytty E\/EI 60 asti<\/p>\n<\/li>\n<li class=\"\" data-start=\"1448\" data-end=\"1482\">\n<p class=\"\" data-start=\"1450\" data-end=\"1482\">Sis\u00e4\u00e4nrakennettu m\u00e4nt\u00e4 ja salpakytkin<\/p>\n<\/li>\n<li class=\"\" data-start=\"1483\" data-end=\"1516\">\n<p class=\"\" data-start=\"1485\" data-end=\"1516\">Kest\u00e4\u00e4 puristuspainetta 500 kg asti<\/p>\n<\/li>\n<li class=\"\" data-start=\"1517\" data-end=\"1547\">\n<p class=\"\" data-start=\"1519\" data-end=\"1547\">Murtolujuus yli 15 kN<\/p>\n<\/li>\n<li class=\"\" data-start=\"1548\" data-end=\"1581\">\n<p class=\"\" data-start=\"1550\" data-end=\"1581\">Sis\u00e4lt\u00e4\u00e4 5 m halogeenittoman kaapelin<\/p>\n<\/li>\n<\/ul>","protected":false},"excerpt":{"rendered":"<p>T\u00e4\u00e4lt\u00e4 n\u00e4et, mitk\u00e4 pylv\u00e4\u00e4t ja mallit sopivat yhteen STEP-sarjan s\u00e4hk\u00f6isist\u00e4 oven pys\u00e4yttimist\u00e4.<\/p>\n<h5><strong><a href=\"https:\/\/steplock.com\/sv\/stolpguide\/#!?lang=sv&amp;blog_id=1&amp;paged=1&amp;number=50\" target=\"_blank\" rel=\"noopener\">STEP Viestiopas\u00a0<\/a><\/strong><\/h5>\n<h5><strong><a href=\"https:\/\/steplock.com\/sv\/projekteringsguide\/#!?lang=sv&amp;blog_id=1&amp;paged=1&amp;number=999\" target=\"_blank\" rel=\"noopener\">STEP-suunnitteluopas<\/a><\/strong><\/h5>","protected":false},"featured_media":139956,"template":"","meta":{"_acf_changed":false},"product_brand":[],"product_cat":[3355],"product_tag":[4198,4200],"class_list":{"0":"post-139960","1":"product","2":"type-product","3":"status-publish","4":"has-post-thumbnail","6":"product_cat-elslutbleck","7":"product_tag-12v","8":"product_tag-rattvand","9":"product_shipping_class-tunga-paket","10":"pa_brands-step","11":"tm-no-options","13":"first","14":"instock","15":"sale","16":"taxable","17":"shipping-taxable","18":"purchasable","19":"product-type-simple"},"acf":[],"_links":{"self":[{"href":"https:\/\/secureus.se\/fi\/wp-json\/wp\/v2\/product\/139960","targetHints":{"allow":["GET"]}}],"collection":[{"href":"https:\/\/secureus.se\/fi\/wp-json\/wp\/v2\/product"}],"about":[{"href":"https:\/\/secureus.se\/fi\/wp-json\/wp\/v2\/types\/product"}],"wp:featuredmedia":[{"embeddable":true,"href":"https:\/\/secureus.se\/fi\/wp-json\/wp\/v2\/media\/139956"}],"wp:attachment":[{"href":"https:\/\/secureus.se\/fi\/wp-json\/wp\/v2\/media?parent=139960"}],"wp:term":[{"taxonomy":"product_brand","embeddable":true,"href":"https:\/\/secureus.se\/fi\/wp-json\/wp\/v2\/product_brand?post=139960"},{"taxonomy":"product_cat","embeddable":true,"href":"https:\/\/secureus.se\/fi\/wp-json\/wp\/v2\/product_cat?post=139960"},{"taxonomy":"product_tag","embeddable":true,"href":"https:\/\/secureus.se\/fi\/wp-json\/wp\/v2\/product_tag?post=139960"}],"curies":[{"name":"wp","href":"https:\/\/api.w.org\/{rel}","templated":true}]}}