{"id":139969,"date":"2023-09-26T13:07:11","date_gmt":"2023-09-26T11:07:11","guid":{"rendered":"https:\/\/secureus.se\/elslutbleck-step-28e-hoger-rattvand-12v-12mm-regel\/"},"modified":"2026-04-08T16:32:04","modified_gmt":"2026-04-08T14:32:04","slug":"elslutbleck-step-28e-hoger-rattvand-12v-12mm-regel","status":"publish","type":"product","link":"https:\/\/secureus.se\/fi\/elslutbleck-step-28e-hoger-rattvand-12v-12mm-regel\/","title":{"rendered":"S\u00e4hk\u00f6inen p\u00e4\u00e4tylevy STEP 28E Oikea Oikealle p\u00e4in 12V 12mm s\u00e4\u00e4nt\u00f6"},"content":{"rendered":"<h1>S\u00e4hk\u00f6inen p\u00e4\u00e4tylevy STEP 28E Oikea Oikealle p\u00e4in 12V 12mm s\u00e4\u00e4nt\u00f6<\/h1>\n<p>STEP 28E Secure on palosuojattu s\u00e4hk\u00f6isku, jolla on korkea tunkeutumisvastus ja oven kiinnitystoiminto.<\/p>\n<p>T\u00e4ydellinen turvaoville, joilla on korkeat palonkest\u00e4vyys- ja evakuointivaatimukset.<\/p>\n<p class=\"\" data-start=\"349\" data-end=\"786\">STEP 28E Secure Electric Strike on luotettava ratkaisu oviin, jotka vaativat sek\u00e4 turvallisuutta ett\u00e4 palonkest\u00e4vyytt\u00e4, erityisesti kun evakuointi ja oviautomaatio yhdistet\u00e4\u00e4n.<\/p>\n<p class=\"\" data-start=\"349\" data-end=\"786\">Se on suunniteltu k\u00e4ytett\u00e4v\u00e4ksi Modul-sarjan pulttilukkojen kanssa 12 mm:n pultilla ja sopii t\u00e4ydellisesti oikealle ripustetuille oville.<\/p>\n<p class=\"\" data-start=\"349\" data-end=\"786\">STEP 28E Secure t\u00e4ytt\u00e4\u00e4 palovaatimukset E\/EI 60 asti, joten se on erinomainen valinta oville, joiden tulee kest\u00e4\u00e4 paloa v\u00e4hint\u00e4\u00e4n 60 minuuttia.<\/p>\n<p class=\"\" data-start=\"788\" data-end=\"1182\">Sis\u00e4\u00e4nrakennetun m\u00e4nt\u00e4koskettimen ansiosta oven tila (kiinni\/auki) ja lukon tila (lukittu\/auki) voidaan helposti integroida kulunvalvontaj\u00e4rjestelmiin ja h\u00e4lytysj\u00e4rjestelmiin.<\/p>\n<p class=\"\" data-start=\"788\" data-end=\"1182\">STEP 28E Securen murtolujuus on yli 15 kN (noin 1500 kg) ja se varmistaa oven avautumisen huolimatta 5 kN:n (n. 500 kg) nauhapaineesta sek\u00e4 eteen- ett\u00e4 taaksep\u00e4in-toiminnossa.<\/p>\n<p class=\"\" data-start=\"788\" data-end=\"1182\">Mukana on my\u00f6s 5 metrin halogeeniton liit\u00e4nt\u00e4kaapeli asennuksen helpottamiseksi.<\/p>\n<p class=\"\" data-start=\"1184\" data-end=\"1199\"><strong data-start=\"1184\" data-end=\"1199\">Ominaisuudet:<\/strong><\/p>\n<ul data-start=\"1200\" data-end=\"1682\">\n<li class=\"\" data-start=\"1200\" data-end=\"1243\">\n<p class=\"\" data-start=\"1202\" data-end=\"1243\">Modul-sarjan ohjauslukkoon 12 mm m\u00e4nn\u00e4ll\u00e4<\/p>\n<\/li>\n<li class=\"\" data-start=\"1244\" data-end=\"1287\">\n<p class=\"\" data-start=\"1246\" data-end=\"1287\">Oikealle suunnattu toiminto (lukittu j\u00e4nnitteett\u00f6m\u00e4ss\u00e4 tilassa)<\/p>\n<\/li>\n<li class=\"\" data-start=\"1288\" data-end=\"1312\">\n<p class=\"\" data-start=\"1290\" data-end=\"1312\">Oikeanpuoleisiin oviin<\/p>\n<\/li>\n<li class=\"\" data-start=\"1313\" data-end=\"1344\">\n<p class=\"\" data-start=\"1315\" data-end=\"1344\">Palohyv\u00e4ksytty E\/EI 60 asti<\/p>\n<\/li>\n<li class=\"\" data-start=\"1345\" data-end=\"1396\">\n<p class=\"\" data-start=\"1347\" data-end=\"1396\">Mikrokytkin yksinapainen vuorotteleva, max. 30 V DC, 1 A<\/p>\n<\/li>\n<li class=\"\" data-start=\"1397\" data-end=\"1499\">\n<p class=\"\" data-start=\"1399\" data-end=\"1499\">Oven tilan (kiinni\/auki) ja lukon tilan (lukittu\/auki) n\u00e4ytt\u00f6 m\u00e4nn\u00e4n koskettimen ja salpakoskettimen kautta<\/p>\n<\/li>\n<li class=\"\" data-start=\"1500\" data-end=\"1541\">\n<p class=\"\" data-start=\"1502\" data-end=\"1541\">Murtolujuus yli 15 kN (n. 1500 kg)<\/p>\n<\/li>\n<li class=\"\" data-start=\"1542\" data-end=\"1617\">\n<p class=\"\" data-start=\"1544\" data-end=\"1617\">Avautuu 5 kN (n. 500 kg) nauhapaineesta huolimatta eteen- ja taaksep\u00e4in-toiminnoissa<\/p>\n<\/li>\n<li class=\"\" data-start=\"1618\" data-end=\"1682\">\n<p class=\"\" data-start=\"1620\" data-end=\"1682\">Iskunkest\u00e4v\u00e4 ja sis\u00e4lt\u00e4\u00e4 5 metri\u00e4 halogeenittoman liit\u00e4nt\u00e4kaapelin<\/p>\n<\/li>\n<\/ul>\n<p class=\"\" data-start=\"1684\" data-end=\"1713\"><strong data-start=\"1684\" data-end=\"1713\">Tekniset tiedot:<\/strong><\/p>\n<ul data-start=\"1714\" data-end=\"2289\">\n<li class=\"\" data-start=\"1714\" data-end=\"1806\">\n<p class=\"\" data-start=\"1716\" data-end=\"1806\">Virtal\u00e4hde: 12 V DC (+15% -10%) 1000 mA lukitsematon tai 24 V DC (+15% -10%) 500 mA lukitsematon<\/p>\n<\/li>\n<li class=\"\" data-start=\"1807\" data-end=\"1847\">\n<p class=\"\" data-start=\"1809\" data-end=\"1847\">Kest\u00e4vyys: Luokka Y standardin SS-EN 14846 mukaan<\/p>\n<\/li>\n<li class=\"\" data-start=\"1848\" data-end=\"1887\">\n<p class=\"\" data-start=\"1850\" data-end=\"1887\">Korroosio: luokka M standardin SS-EN 14846 mukaan<\/p>\n<\/li>\n<li class=\"\" data-start=\"1888\" data-end=\"1926\">\n<p class=\"\" data-start=\"1890\" data-end=\"1926\">Turvallisuus: luokka 7 standardin SS-EN 14846 mukaan<\/p>\n<\/li>\n<li class=\"\" data-start=\"1927\" data-end=\"2017\">\n<p class=\"\" data-start=\"1929\" data-end=\"2017\">Turvallinen s\u00e4hk\u00f6inen k\u00e4sittely: luokka 3 (eteenp\u00e4in) luokka 1 (k\u00e4\u00e4nteinen) standardin SS-EN 14846 mukaisesti<\/p>\n<\/li>\n<li class=\"\" data-start=\"2018\" data-end=\"2039\">\n<p class=\"\" data-start=\"2020\" data-end=\"2039\">Palotesti: 60 min<\/p>\n<\/li>\n<li class=\"\" data-start=\"2040\" data-end=\"2066\">\n<p class=\"\" data-start=\"2042\" data-end=\"2066\">Murtolujuus: 1500 kg<\/p>\n<\/li>\n<li class=\"\" data-start=\"2067\" data-end=\"2088\">\n<p class=\"\" data-start=\"2069\" data-end=\"2088\">Oven sarana: Oikea<\/p>\n<\/li>\n<li class=\"\" data-start=\"2089\" data-end=\"2143\">\n<p class=\"\" data-start=\"2091\" data-end=\"2143\">Mukana kaapeli: Kyll\u00e4, 5 metrin halogeeniton liit\u00e4nt\u00e4kaapeli<\/p>\n<\/li>\n<li class=\"\" data-start=\"2144\" data-end=\"2163\">\n<p class=\"\" data-start=\"2146\" data-end=\"2163\">Listan paine: 500 kg<\/p>\n<\/li>\n<li class=\"\" data-start=\"2164\" data-end=\"2195\">\n<p class=\"\" data-start=\"2166\" data-end=\"2195\">Lukon tyyppi: Koukkusalvan lukko, Salpalukko<\/p>\n<\/li>\n<li class=\"\" data-start=\"2196\" data-end=\"2250\">\n<p class=\"\" data-start=\"2198\" data-end=\"2250\">Tuotteen mitat: Leveys: 35 mm, Syvyys: 40 mm, Korkeus: 230 mm<\/p>\n<\/li>\n<li class=\"\" data-start=\"2251\" data-end=\"2268\">\n<p class=\"\" data-start=\"2253\" data-end=\"2268\">M\u00e4nn\u00e4n kosketin: Kyll\u00e4<\/p>\n<\/li>\n<li class=\"\" data-start=\"2269\" data-end=\"2289\">\n<p class=\"\" data-start=\"2271\" data-end=\"2289\">J\u00e4nnite AC\/DC: DC<\/p>\n<\/li>\n<\/ul>","protected":false},"excerpt":{"rendered":"<p>T\u00e4\u00e4lt\u00e4 n\u00e4et, mitk\u00e4 pylv\u00e4\u00e4t ja mallit sopivat yhteen STEP-sarjan s\u00e4hk\u00f6isist\u00e4 oven pys\u00e4yttimist\u00e4.<\/p>\n<h5><strong><a href=\"https:\/\/steplock.com\/sv\/stolpguide\/#!?lang=sv&amp;blog_id=1&amp;paged=1&amp;number=50\" target=\"_blank\" rel=\"noopener\">STEP Viestiopas\u00a0<\/a><\/strong><\/h5>\n<h5><strong><a href=\"https:\/\/steplock.com\/sv\/projekteringsguide\/#!?lang=sv&amp;blog_id=1&amp;paged=1&amp;number=999\" target=\"_blank\" rel=\"noopener\">STEP-suunnitteluopas<\/a><\/strong><\/h5>","protected":false},"featured_media":139967,"template":"","meta":{"_acf_changed":false},"product_brand":[],"product_cat":[3355],"product_tag":[4198,4200],"class_list":{"0":"post-139969","1":"product","2":"type-product","3":"status-publish","4":"has-post-thumbnail","6":"product_cat-elslutbleck","7":"product_tag-12v","8":"product_tag-rattvand","9":"product_shipping_class-tunga-paket","10":"pa_brands-step","11":"tm-no-options","13":"first","14":"onbackorder","15":"sale","16":"taxable","17":"shipping-taxable","18":"purchasable","19":"product-type-simple"},"acf":[],"_links":{"self":[{"href":"https:\/\/secureus.se\/fi\/wp-json\/wp\/v2\/product\/139969","targetHints":{"allow":["GET"]}}],"collection":[{"href":"https:\/\/secureus.se\/fi\/wp-json\/wp\/v2\/product"}],"about":[{"href":"https:\/\/secureus.se\/fi\/wp-json\/wp\/v2\/types\/product"}],"wp:featuredmedia":[{"embeddable":true,"href":"https:\/\/secureus.se\/fi\/wp-json\/wp\/v2\/media\/139967"}],"wp:attachment":[{"href":"https:\/\/secureus.se\/fi\/wp-json\/wp\/v2\/media?parent=139969"}],"wp:term":[{"taxonomy":"product_brand","embeddable":true,"href":"https:\/\/secureus.se\/fi\/wp-json\/wp\/v2\/product_brand?post=139969"},{"taxonomy":"product_cat","embeddable":true,"href":"https:\/\/secureus.se\/fi\/wp-json\/wp\/v2\/product_cat?post=139969"},{"taxonomy":"product_tag","embeddable":true,"href":"https:\/\/secureus.se\/fi\/wp-json\/wp\/v2\/product_tag?post=139969"}],"curies":[{"name":"wp","href":"https:\/\/api.w.org\/{rel}","templated":true}]}}