{"id":139992,"date":"2023-09-26T13:07:03","date_gmt":"2023-09-26T11:07:03","guid":{"rendered":"https:\/\/secureus.se\/elslutbleck-step-18-vanster-rattvand-24v-10mm-regel-modul\/"},"modified":"2026-03-26T09:52:17","modified_gmt":"2026-03-26T08:52:17","slug":"elslutbleck-step-18-vanster-rattvand-24v-10mm-regel-modul","status":"publish","type":"product","link":"https:\/\/secureus.se\/fi\/elslutbleck-step-18-vanster-rattvand-24v-10mm-regel-modul\/","title":{"rendered":"S\u00e4hk\u00f6inen p\u00e4\u00e4tylevy STEP 18 Vasen Oikea 24V 10mm s\u00e4\u00e4nt\u00f6moduuli"},"content":{"rendered":"<h1>S\u00e4hk\u00f6inen p\u00e4\u00e4tylevy STEP 18 Vasen Oikea 24V 10mm s\u00e4\u00e4nt\u00f6moduuli<\/h1>\n<p>STEP 18 Secure on palosuojattu s\u00e4hk\u00f6iskulevy Modul-sarjan 10 mm:n m\u00e4nn\u00e4ll\u00e4 varustetuille pulttilukoksille, joka on suunniteltu korkean tunkeutumisvastuksen omaaviin turvaoviin.<\/p>\n<p>Varustettu m\u00e4nt\u00e4koskettimella ja murtolujuus 1500 kg.<\/p>\n<p class=\"\" data-start=\"388\" data-end=\"787\">STEP 18 Secure Electric Strike on osa STEPin Secure-sarjaa ja tarjoaa korkeimman turvallisuuden oville, joilla on korkeat tunkeutumissuojavaatimukset.<\/p>\n<p class=\"\" data-start=\"388\" data-end=\"787\">Se sopii erityisen hyvin asennuksiin, joissa ovia avataan ja suljetaan usein, joten se sopii t\u00e4ydellisesti oviin esimerkiksi vankiloissa tai pankeissa.<\/p>\n<p class=\"\" data-start=\"388\" data-end=\"787\">VAIHE 18 Secure on hyv\u00e4ksytty turvaovien lukitsemiseen RC4:\u00e4\u00e4n asti ja palohyv\u00e4ksytty E\/EI 60 asti.<\/p>\n<p class=\"\" data-start=\"789\" data-end=\"1103\">STEP 18 Secure tarjoaa sek\u00e4 luotettavan turvallisuuden ett\u00e4 kest\u00e4vyyden 15 kN:n (noin 1500 kg) murtolujuudella ja 5 kN:n (n. 500 kg) nauhapaineesta huolimatta.<\/p>\n<p class=\"\" data-start=\"789\" data-end=\"1103\">Sis\u00e4\u00e4nrakennettu m\u00e4nt\u00e4kytkin n\u00e4ytt\u00e4\u00e4 oven kiinni\/auki-tilan, mik\u00e4 helpottaa liitt\u00e4mist\u00e4 kulunvalvonta- ja h\u00e4lytysj\u00e4rjestelmiin.<\/p>\n<p class=\"\" data-start=\"1105\" data-end=\"1357\">K\u00e4\u00e4nteinen toiminto tarkoittaa, ett\u00e4 oven lukitus avataan j\u00e4nnitteett\u00f6m\u00e4ss\u00e4 asennossa, mik\u00e4 tekee siit\u00e4 joustavan ratkaisun turvaoville, jotka on voitava avata nopeasti ja helposti tarvittaessa.<\/p>\n<p class=\"\" data-start=\"1105\" data-end=\"1357\">Mukana tulee 5 metrin halogeeniton liit\u00e4nt\u00e4kaapeli asennuksen helpottamiseksi.<\/p>\n<p class=\"\" data-start=\"1359\" data-end=\"1374\"><strong data-start=\"1359\" data-end=\"1374\">Ominaisuudet:<\/strong><\/p>\n<ul data-start=\"1375\" data-end=\"1943\">\n<li class=\"\" data-start=\"1375\" data-end=\"1419\">\n<p class=\"\" data-start=\"1377\" data-end=\"1419\">S\u00e4\u00e4t\u00f6lukolle 10 mm m\u00e4nn\u00e4ll\u00e4 Modul-sarjassa<\/p>\n<\/li>\n<li class=\"\" data-start=\"1420\" data-end=\"1462\">\n<p class=\"\" data-start=\"1422\" data-end=\"1462\">Peruutustoiminto (avataan j\u00e4nnitteett\u00f6m\u00e4ss\u00e4 tilassa)<\/p>\n<\/li>\n<li class=\"\" data-start=\"1463\" data-end=\"1489\">\n<p class=\"\" data-start=\"1465\" data-end=\"1489\">Vasen saranoiduille oville<\/p>\n<\/li>\n<li class=\"\" data-start=\"1490\" data-end=\"1521\">\n<p class=\"\" data-start=\"1492\" data-end=\"1521\">Palohyv\u00e4ksytty E\/EI 60 asti<\/p>\n<\/li>\n<li class=\"\" data-start=\"1522\" data-end=\"1632\">\n<p class=\"\" data-start=\"1524\" data-end=\"1632\">Sis\u00e4\u00e4nrakennettu ovien tilan osoitin (kiinni\/auki) m\u00e4nn\u00e4n koskettimen kautta ja lukon tila (lukittu\/auki) salpakoskettimen kautta<\/p>\n<\/li>\n<li class=\"\" data-start=\"1633\" data-end=\"1671\">\n<p class=\"\" data-start=\"1635\" data-end=\"1671\">Sis\u00e4\u00e4nrakennettu suojadiodi lis\u00e4\u00e4 turvallisuutta<\/p>\n<\/li>\n<li class=\"\" data-start=\"1672\" data-end=\"1711\">\n<p class=\"\" data-start=\"1674\" data-end=\"1711\">Murtolujuus 15 kN (n. 1500 kg)<\/p>\n<\/li>\n<li class=\"\" data-start=\"1712\" data-end=\"1792\">\n<p class=\"\" data-start=\"1714\" data-end=\"1792\">Avautuu 5 kN (n. 500 kg) nauhapaineesta huolimatta sek\u00e4 eteen- ett\u00e4 taaksep\u00e4in-toiminnossa<\/p>\n<\/li>\n<li class=\"\" data-start=\"1793\" data-end=\"1852\">\n<p class=\"\" data-start=\"1795\" data-end=\"1852\">Nakutuksenesto ja k\u00e4\u00e4nnett\u00e4v\u00e4 sek\u00e4 oikea- ett\u00e4 vasenk\u00e4tisille oville<\/p>\n<\/li>\n<li class=\"\" data-start=\"1853\" data-end=\"1899\">\n<p class=\"\" data-start=\"1855\" data-end=\"1899\">Pystyy lukitsemaan koukkupultit tai suorat pultit<\/p>\n<\/li>\n<li class=\"\" data-start=\"1900\" data-end=\"1943\">\n<p class=\"\" data-start=\"1902\" data-end=\"1943\">Mukana 5 metrin halogeeniton liit\u00e4nt\u00e4kaapeli<\/p>\n<\/li>\n<\/ul>\n<p class=\"\" data-start=\"1945\" data-end=\"1974\"><strong data-start=\"1945\" data-end=\"1974\">Tekniset tiedot:<\/strong><\/p>\n<ul data-start=\"1975\" data-end=\"2616\">\n<li class=\"\" data-start=\"1975\" data-end=\"2066\">\n<p class=\"\" data-start=\"1977\" data-end=\"2066\">Virtal\u00e4hde: 12 V DC (+15% -10%) 639 mA lukitsematon tai 24 V DC (+15% -10%) 313 mA lukitsematon<\/p>\n<\/li>\n<li class=\"\" data-start=\"2067\" data-end=\"2131\">\n<p class=\"\" data-start=\"2069\" data-end=\"2131\">M\u00e4nn\u00e4n kosketin: Mikrokytkin yksinapainen vaihto, max. 30V DC, 1A<\/p>\n<\/li>\n<li class=\"\" data-start=\"2132\" data-end=\"2172\">\n<p class=\"\" data-start=\"2134\" data-end=\"2172\">Kest\u00e4vyys: Luokka Y standardin SS-EN 14846 mukaan<\/p>\n<\/li>\n<li class=\"\" data-start=\"2173\" data-end=\"2212\">\n<p class=\"\" data-start=\"2175\" data-end=\"2212\">Korroosio: luokka M standardin SS-EN 14846 mukaan<\/p>\n<\/li>\n<li class=\"\" data-start=\"2213\" data-end=\"2251\">\n<p class=\"\" data-start=\"2215\" data-end=\"2251\">Turvallisuus: luokka 7 standardin SS-EN 14846 mukaan<\/p>\n<\/li>\n<li class=\"\" data-start=\"2252\" data-end=\"2342\">\n<p class=\"\" data-start=\"2254\" data-end=\"2342\">Turvallinen s\u00e4hk\u00f6inen k\u00e4sittely: luokka 3 (eteenp\u00e4in) luokka 1 (k\u00e4\u00e4nteinen) standardin SS-EN 14846 mukaisesti<\/p>\n<\/li>\n<li class=\"\" data-start=\"2343\" data-end=\"2364\">\n<p class=\"\" data-start=\"2345\" data-end=\"2364\">Palotesti: 60 min<\/p>\n<\/li>\n<li class=\"\" data-start=\"2365\" data-end=\"2391\">\n<p class=\"\" data-start=\"2367\" data-end=\"2391\">Murtolujuus: 1500 kg<\/p>\n<\/li>\n<li class=\"\" data-start=\"2392\" data-end=\"2415\">\n<p class=\"\" data-start=\"2394\" data-end=\"2415\">Oven sarana: Vasen<\/p>\n<\/li>\n<li class=\"\" data-start=\"2416\" data-end=\"2470\">\n<p class=\"\" data-start=\"2418\" data-end=\"2470\">Mukana kaapeli: Kyll\u00e4, 5 metrin halogeeniton liit\u00e4nt\u00e4kaapeli<\/p>\n<\/li>\n<li class=\"\" data-start=\"2471\" data-end=\"2490\">\n<p class=\"\" data-start=\"2473\" data-end=\"2490\">Listan paine: 500 kg<\/p>\n<\/li>\n<li class=\"\" data-start=\"2491\" data-end=\"2522\">\n<p class=\"\" data-start=\"2493\" data-end=\"2522\">Lukon tyyppi: Koukkusalvan lukko, Salpalukko<\/p>\n<\/li>\n<li class=\"\" data-start=\"2523\" data-end=\"2577\">\n<p class=\"\" data-start=\"2525\" data-end=\"2577\">Tuotteen mitat: Leveys: 35 mm, Syvyys: 40 mm, Korkeus: 230 mm<\/p>\n<\/li>\n<li class=\"\" data-start=\"2578\" data-end=\"2595\">\n<p class=\"\" data-start=\"2580\" data-end=\"2595\">M\u00e4nn\u00e4n kosketin: Kyll\u00e4<\/p>\n<\/li>\n<li class=\"\" data-start=\"2596\" data-end=\"2616\">\n<p class=\"\" data-start=\"2598\" data-end=\"2616\">J\u00e4nnite AC\/DC: DC<\/p>\n<\/li>\n<\/ul>","protected":false},"excerpt":{"rendered":"<p>T\u00e4\u00e4lt\u00e4 n\u00e4et, mitk\u00e4 pylv\u00e4\u00e4t ja mallit sopivat yhteen STEP-sarjan s\u00e4hk\u00f6isist\u00e4 oven pys\u00e4yttimist\u00e4.<\/p>\n<h5><strong><a href=\"https:\/\/steplock.com\/sv\/stolpguide\/#!?lang=sv&amp;blog_id=1&amp;paged=1&amp;number=50\" target=\"_blank\" rel=\"noopener\">STEP Viestiopas\u00a0<\/a><\/strong><\/h5>\n<h5><strong><a href=\"https:\/\/steplock.com\/sv\/projekteringsguide\/#!?lang=sv&amp;blog_id=1&amp;paged=1&amp;number=999\" target=\"_blank\" rel=\"noopener\">STEP-suunnitteluopas<\/a><\/strong><\/h5>","protected":false},"featured_media":139990,"template":"","meta":{"_acf_changed":false},"product_brand":[],"product_cat":[3355],"product_tag":[4197,4200],"class_list":{"0":"post-139992","1":"product","2":"type-product","3":"status-publish","4":"has-post-thumbnail","6":"product_cat-elslutbleck","7":"product_tag-24v","8":"product_tag-rattvand","9":"product_shipping_class-tunga-paket","10":"pa_brands-step","11":"tm-no-options","13":"first","14":"outofstock","15":"sale","16":"taxable","17":"shipping-taxable","18":"purchasable","19":"product-type-simple"},"acf":[],"_links":{"self":[{"href":"https:\/\/secureus.se\/fi\/wp-json\/wp\/v2\/product\/139992","targetHints":{"allow":["GET"]}}],"collection":[{"href":"https:\/\/secureus.se\/fi\/wp-json\/wp\/v2\/product"}],"about":[{"href":"https:\/\/secureus.se\/fi\/wp-json\/wp\/v2\/types\/product"}],"wp:featuredmedia":[{"embeddable":true,"href":"https:\/\/secureus.se\/fi\/wp-json\/wp\/v2\/media\/139990"}],"wp:attachment":[{"href":"https:\/\/secureus.se\/fi\/wp-json\/wp\/v2\/media?parent=139992"}],"wp:term":[{"taxonomy":"product_brand","embeddable":true,"href":"https:\/\/secureus.se\/fi\/wp-json\/wp\/v2\/product_brand?post=139992"},{"taxonomy":"product_cat","embeddable":true,"href":"https:\/\/secureus.se\/fi\/wp-json\/wp\/v2\/product_cat?post=139992"},{"taxonomy":"product_tag","embeddable":true,"href":"https:\/\/secureus.se\/fi\/wp-json\/wp\/v2\/product_tag?post=139992"}],"curies":[{"name":"wp","href":"https:\/\/api.w.org\/{rel}","templated":true}]}}