{"id":140005,"date":"2023-09-26T13:06:54","date_gmt":"2023-09-26T11:06:54","guid":{"rendered":"https:\/\/secureus.se\/elslutbleck-step-30-omvand-24v-kolvkontakt\/"},"modified":"2026-04-08T16:30:40","modified_gmt":"2026-04-08T14:30:40","slug":"elslutbleck-step-30-omvand-24v-kolvkontakt","status":"publish","type":"product","link":"https:\/\/secureus.se\/fi\/elslutbleck-step-30-omvand-24v-kolvkontakt\/","title":{"rendered":"S\u00e4hk\u00f6inen p\u00e4\u00e4tylevy STEP 30 K\u00e4\u00e4nteinen 24 V M\u00e4nn\u00e4n kosketin"},"content":{"rendered":"<h1>S\u00e4hk\u00f6inen p\u00e4\u00e4tylevy STEP 30 K\u00e4\u00e4nteinen 24 V M\u00e4nn\u00e4n kosketin<\/h1>\n<p>Electric Strike STEP 30 Preload on kompakti s\u00e4hk\u00f6isku, joka on suunniteltu korvaamaan vanhemmat mallit ja luomaan luotettavan oviymp\u00e4rist\u00f6n my\u00f6s vanhemmissa oviosissa.<\/p>\n<p>Varustettu HPR\u00ae-tekniikalla ja murtolujuus 500 kg.<\/p>\n<p class=\"\" data-start=\"392\" data-end=\"873\">STEP 30 Preload -s\u00e4hk\u00f6isku on optimaalinen valinta olemassa olevien yksinkertaisten s\u00e4hk\u00f6iskujen korvaamiseen ja luotettavan oviymp\u00e4rist\u00f6n varmistamiseen my\u00f6s vanhemmissa oviosissa ja syvennyksiss\u00e4.<\/p>\n<p class=\"\" data-start=\"392\" data-end=\"873\">Se on osa STEPin Preload-sarjaa, jossa yhdistyv\u00e4t minimaaliset mitat sek\u00e4 korkea laatu ja joustavuus. STEP 30 on suunniteltu kest\u00e4m\u00e4\u00e4n suurta avautumistaajuutta ja se on varustettu STEPin patentoidulla nauhapainetekniikalla, mik\u00e4 tarkoittaa, ett\u00e4 ovi voidaan aina avata, vaikka se olisi alttiina paineelle.<\/p>\n<p class=\"\" data-start=\"875\" data-end=\"1319\">Peruutustoiminto tarkoittaa, ett\u00e4 oven lukitus avataan j\u00e4nnitteett\u00f6m\u00e4ss\u00e4 asennossa, jolloin ovi voidaan avata tarvittaessa nopeasti ja helposti.<\/p>\n<p class=\"\" data-start=\"875\" data-end=\"1319\">Sis\u00e4\u00e4nrakennettu m\u00e4nt\u00e4kytkin n\u00e4ytt\u00e4\u00e4 oven tilan (kiinni\/auki), mik\u00e4 mahdollistaa integroinnin kulunvalvonta- ja h\u00e4lytysj\u00e4rjestelmiin.<\/p>\n<p class=\"\" data-start=\"875\" data-end=\"1319\">STEP 30 Preload tarjoaa sek\u00e4 turvallisuutta ett\u00e4 luotettavuutta 5 kN:n (n. 500 kg) murtolujuudella ja 40 kg:n nauhapaineesta huolimatta.<\/p>\n<p class=\"\" data-start=\"1321\" data-end=\"1336\"><strong data-start=\"1321\" data-end=\"1336\">Ominaisuudet:<\/strong><\/p>\n<ul data-start=\"1337\" data-end=\"1734\">\n<li class=\"\" data-start=\"1337\" data-end=\"1378\">\n<p class=\"\" data-start=\"1339\" data-end=\"1378\">Peruutustoiminto (lukittu j\u00e4nnitteett\u00f6m\u00e4\u00e4n tilaan)<\/p>\n<\/li>\n<li class=\"\" data-start=\"1379\" data-end=\"1434\">\n<p class=\"\" data-start=\"1381\" data-end=\"1434\">M\u00e4nn\u00e4n kosketin. Oven tilan ilmaisin (kiinni\/auki)<\/p>\n<\/li>\n<li class=\"\" data-start=\"1435\" data-end=\"1473\">\n<p class=\"\" data-start=\"1437\" data-end=\"1473\">Sis\u00e4\u00e4nrakennettu suojadiodi lis\u00e4\u00e4 turvallisuutta<\/p>\n<\/li>\n<li class=\"\" data-start=\"1474\" data-end=\"1511\">\n<p class=\"\" data-start=\"1476\" data-end=\"1511\">Murtolujuus 5 kN (n. 500 kg)<\/p>\n<\/li>\n<li class=\"\" data-start=\"1512\" data-end=\"1614\">\n<p class=\"\" data-start=\"1514\" data-end=\"1614\">Takaa avautumisen jopa 0,4 kN (n. 40 kg) nauhapaineesta huolimatta sek\u00e4 eteen- ett\u00e4 taaksep\u00e4in-toiminnossa<\/p>\n<\/li>\n<li class=\"\" data-start=\"1615\" data-end=\"1674\">\n<p class=\"\" data-start=\"1617\" data-end=\"1674\">Nakutuksenesto ja k\u00e4\u00e4nnett\u00e4v\u00e4 sek\u00e4 oikea- ett\u00e4 vasenk\u00e4tisille oville<\/p>\n<\/li>\n<li class=\"\" data-start=\"1675\" data-end=\"1717\">\n<p class=\"\" data-start=\"1677\" data-end=\"1717\">Sopii yksi- ja kaksilehtisille lukoksille<\/p>\n<\/li>\n<li class=\"\" data-start=\"1718\" data-end=\"1734\">\n<p class=\"\" data-start=\"1720\" data-end=\"1734\">Kaapeli ei sis\u00e4lly toimitukseen<\/p>\n<\/li>\n<\/ul>\n<p class=\"\" data-start=\"1736\" data-end=\"1765\"><strong data-start=\"1736\" data-end=\"1765\">Tekniset tiedot:<\/strong><\/p>\n<ul data-start=\"1766\" data-end=\"2416\">\n<li class=\"\" data-start=\"1766\" data-end=\"1873\">\n<p class=\"\" data-start=\"1768\" data-end=\"1873\">Virtal\u00e4hde: 24 V DC (+15% -10%) 110 mAh \/ max 300 mA tai 12 V DC (+15% -10%) 220 mAh \/ max 600 mA<\/p>\n<\/li>\n<li class=\"\" data-start=\"1874\" data-end=\"1937\">\n<p class=\"\" data-start=\"1876\" data-end=\"1937\">M\u00e4nn\u00e4n kosketin: Mikrokytkin yksinapainen vuorotteleva, max. 30V DC, 1A<\/p>\n<\/li>\n<li class=\"\" data-start=\"1938\" data-end=\"1978\">\n<p class=\"\" data-start=\"1940\" data-end=\"1978\">Kest\u00e4vyys: Luokka X standardin SS-EN 14846 mukaan<\/p>\n<\/li>\n<li class=\"\" data-start=\"1979\" data-end=\"2018\">\n<p class=\"\" data-start=\"1981\" data-end=\"2018\">Korroosio: luokka M standardin SS-EN 14846 mukaan<\/p>\n<\/li>\n<li class=\"\" data-start=\"2019\" data-end=\"2057\">\n<p class=\"\" data-start=\"2021\" data-end=\"2057\">Turvallisuus: luokka 3 standardin SS-EN 14846 mukaan<\/p>\n<\/li>\n<li class=\"\" data-start=\"2058\" data-end=\"2083\">\n<p class=\"\" data-start=\"2060\" data-end=\"2083\">Murtolujuus: 500 kg<\/p>\n<\/li>\n<li class=\"\" data-start=\"2084\" data-end=\"2114\">\n<p class=\"\" data-start=\"2086\" data-end=\"2114\">Oven sarana: Oikea, Vasen<\/p>\n<\/li>\n<li class=\"\" data-start=\"2115\" data-end=\"2133\">\n<p class=\"\" data-start=\"2117\" data-end=\"2133\">Listan paine: 40 kg<\/p>\n<\/li>\n<li class=\"\" data-start=\"2134\" data-end=\"2169\">\n<p class=\"\" data-start=\"2136\" data-end=\"2169\">Lukon tyyppi: yksisalpalukko, kaksoissalpalukko<\/p>\n<\/li>\n<li class=\"\" data-start=\"2170\" data-end=\"2225\">\n<p class=\"\" data-start=\"2172\" data-end=\"2225\">Tuotteen mitat: Leveys: 20,5 mm, Syvyys: 28 mm, Korkeus: 99 mm<\/p>\n<\/li>\n<li class=\"\" data-start=\"2226\" data-end=\"2243\">\n<p class=\"\" data-start=\"2228\" data-end=\"2243\">M\u00e4nn\u00e4n kosketin: Kyll\u00e4<\/p>\n<\/li>\n<li class=\"\" data-start=\"2244\" data-end=\"2264\">\n<p class=\"\" data-start=\"2246\" data-end=\"2264\">J\u00e4nnite AC\/DC: DC<\/p>\n<\/li>\n<li class=\"\" data-start=\"2265\" data-end=\"2287\">\n<p class=\"\" data-start=\"2267\" data-end=\"2287\">Maksimij\u00e4nnite: 27,6 V<\/p>\n<\/li>\n<li class=\"\" data-start=\"2288\" data-end=\"2310\">\n<p class=\"\" data-start=\"2290\" data-end=\"2310\">Minimij\u00e4nnite: 21,6 V<\/p>\n<\/li>\n<li class=\"\" data-start=\"2311\" data-end=\"2339\">\n<p class=\"\" data-start=\"2313\" data-end=\"2339\">V\u00e4ri\/viimeistely: ruostumaton ter\u00e4s<\/p>\n<\/li>\n<li class=\"\" data-start=\"2340\" data-end=\"2360\">\n<p class=\"\" data-start=\"2342\" data-end=\"2360\">Arvioidut rakennusmateriaalit: Kyll\u00e4<\/p>\n<\/li>\n<li class=\"\" data-start=\"2361\" data-end=\"2382\">\n<p class=\"\" data-start=\"2363\" data-end=\"2382\">EPD-varmennettu: Ei<\/p>\n<\/li>\n<li class=\"\" data-start=\"2383\" data-end=\"2395\">\n<p class=\"\" data-start=\"2385\" data-end=\"2395\">FINFO: Ei<\/p>\n<\/li>\n<li class=\"\" data-start=\"2396\" data-end=\"2416\">\n<p class=\"\" data-start=\"2398\" data-end=\"2416\">SundaHouse arvioitu: Kyll\u00e4<\/p>\n<\/li>\n<\/ul>","protected":false},"excerpt":{"rendered":"<p>T\u00e4\u00e4lt\u00e4 n\u00e4et, mitk\u00e4 pylv\u00e4\u00e4t ja mallit sopivat yhteen STEP-sarjan s\u00e4hk\u00f6isist\u00e4 oven pys\u00e4yttimist\u00e4.<\/p>\n<h5><strong><a href=\"https:\/\/steplock.com\/sv\/stolpguide\/#!?lang=sv&amp;blog_id=1&amp;paged=1&amp;number=50\" target=\"_blank\" rel=\"noopener\">STEP Viestiopas\u00a0<\/a><\/strong><\/h5>\n<h5><strong><a href=\"https:\/\/steplock.com\/sv\/projekteringsguide\/#!?lang=sv&amp;blog_id=1&amp;paged=1&amp;number=999\" target=\"_blank\" rel=\"noopener\">STEP-suunnitteluopas<\/a><\/strong><\/h5>","protected":false},"featured_media":140004,"template":"","meta":{"_acf_changed":false},"product_brand":[],"product_cat":[3355],"product_tag":[4197,4201],"class_list":{"0":"post-140005","1":"product","2":"type-product","3":"status-publish","4":"has-post-thumbnail","6":"product_cat-elslutbleck","7":"product_tag-24v","8":"product_tag-omvand","9":"product_shipping_class-tunga-paket","10":"pa_brands-step","11":"tm-no-options","13":"first","14":"onbackorder","15":"sale","16":"taxable","17":"shipping-taxable","18":"purchasable","19":"product-type-simple"},"acf":[],"_links":{"self":[{"href":"https:\/\/secureus.se\/fi\/wp-json\/wp\/v2\/product\/140005","targetHints":{"allow":["GET"]}}],"collection":[{"href":"https:\/\/secureus.se\/fi\/wp-json\/wp\/v2\/product"}],"about":[{"href":"https:\/\/secureus.se\/fi\/wp-json\/wp\/v2\/types\/product"}],"wp:featuredmedia":[{"embeddable":true,"href":"https:\/\/secureus.se\/fi\/wp-json\/wp\/v2\/media\/140004"}],"wp:attachment":[{"href":"https:\/\/secureus.se\/fi\/wp-json\/wp\/v2\/media?parent=140005"}],"wp:term":[{"taxonomy":"product_brand","embeddable":true,"href":"https:\/\/secureus.se\/fi\/wp-json\/wp\/v2\/product_brand?post=140005"},{"taxonomy":"product_cat","embeddable":true,"href":"https:\/\/secureus.se\/fi\/wp-json\/wp\/v2\/product_cat?post=140005"},{"taxonomy":"product_tag","embeddable":true,"href":"https:\/\/secureus.se\/fi\/wp-json\/wp\/v2\/product_tag?post=140005"}],"curies":[{"name":"wp","href":"https:\/\/api.w.org\/{rel}","templated":true}]}}