{"id":140034,"date":"2023-09-26T13:06:39","date_gmt":"2023-09-26T11:06:39","guid":{"rendered":"https:\/\/secureus.se\/elslutbleck-step-48-rattvand-12v-kolvkontakt\/"},"modified":"2026-04-23T12:59:45","modified_gmt":"2026-04-23T10:59:45","slug":"elslutbleck-step-48-rattvand-12v-kolvkontakt","status":"publish","type":"product","link":"https:\/\/secureus.se\/fi\/elslutbleck-step-48-rattvand-12v-kolvkontakt\/","title":{"rendered":"S\u00e4hk\u00f6liitinlevy STEP 48 Oikealle p\u00e4in oleva 12 V m\u00e4nt\u00e4kosketin"},"content":{"rendered":"<h1>S\u00e4hk\u00f6liitinlevy STEP 48 Oikealle p\u00e4in oleva 12 V m\u00e4nt\u00e4kosketin<\/h1>\n<p>S\u00e4hk\u00f6isku STEP 48 Preload on vankka s\u00e4hk\u00f6isku, joka on suunniteltu tiloihin, jotka on lukittava nupilla tai avaimella.<\/p>\n<p>M\u00e4nt\u00e4koskettimella varustettu se tarjoaa turvallisen oven toiminnan jopa 40 kg:n paineissa.<\/p>\n<p class=\"\" data-start=\"423\" data-end=\"920\">STEP 48 Preload s\u00e4hk\u00f6isku on suunniteltu k\u00e4ytett\u00e4v\u00e4ksi tiloissa, jotka vaativat turvallisen lukituksen nupilla tai avaimella.<\/p>\n<p class=\"\" data-start=\"423\" data-end=\"920\">Se voidaan asentaa my\u00f6s pulttiosoittimella (ST4880), joka mahdollistaa oven kulunvalvontaj\u00e4rjestelm\u00e4n tai koodilukon automaattisen lukituksen, kun lukkopes\u00e4n koukku- tai suorapultti on mekaanisesti avattu.<\/p>\n<p class=\"\" data-start=\"423\" data-end=\"920\">T\u00e4m\u00e4 s\u00e4hk\u00f6isku on osa STEPin Preload-sarjaa ja yhdist\u00e4\u00e4 korkean laadun ja joustavuuden minimaalisiin mittoihin, jotta se sopii vanhoihin ovilohkoihin ja syvennyksiin.<\/p>\n<p class=\"\" data-start=\"922\" data-end=\"1303\">STEP:n patentoidulla nauhapainetekniikalla varustettu STEP 48 varmistaa, ett\u00e4 ovi voidaan avata jopa 40 kg:n paineen alaisena, joten se on luotettava valinta korkean avautumistiheyden ovij\u00e4rjestelmiin.<\/p>\n<p class=\"\" data-start=\"922\" data-end=\"1303\">STEP 48:n murtolujuus 9 kN (n. 900 kg) ja kyky avautua my\u00f6s ovea painettaessa takaavat turvallisuuden ja kest\u00e4vyyden sek\u00e4 eteen- ett\u00e4 taaksep\u00e4in toiminnalle.<\/p>\n<p class=\"\" data-start=\"1305\" data-end=\"1320\"><strong data-start=\"1305\" data-end=\"1320\">Ominaisuudet:<\/strong><\/p>\n<ul data-start=\"1321\" data-end=\"1707\">\n<li class=\"\" data-start=\"1321\" data-end=\"1364\">\n<p class=\"\" data-start=\"1323\" data-end=\"1364\">Oikealle suunnattu toiminto (lukittu j\u00e4nnitteett\u00f6m\u00e4ss\u00e4 tilassa)<\/p>\n<\/li>\n<li class=\"\" data-start=\"1365\" data-end=\"1420\">\n<p class=\"\" data-start=\"1367\" data-end=\"1420\">M\u00e4nn\u00e4n kosketin: Oven tilan ilmaisin (kiinni\/auki)<\/p>\n<\/li>\n<li class=\"\" data-start=\"1421\" data-end=\"1459\">\n<p class=\"\" data-start=\"1423\" data-end=\"1459\">Sis\u00e4\u00e4nrakennettu suojadiodi lis\u00e4\u00e4 turvallisuutta<\/p>\n<\/li>\n<li class=\"\" data-start=\"1460\" data-end=\"1497\">\n<p class=\"\" data-start=\"1462\" data-end=\"1497\">Murtolujuus 9 kN (n. 900 kg)<\/p>\n<\/li>\n<li class=\"\" data-start=\"1498\" data-end=\"1600\">\n<p class=\"\" data-start=\"1500\" data-end=\"1600\">Takaa avautumisen jopa 0,4 kN (n. 40 kg) nauhapaineesta huolimatta sek\u00e4 eteen- ett\u00e4 taaksep\u00e4in-toiminnossa<\/p>\n<\/li>\n<li class=\"\" data-start=\"1601\" data-end=\"1660\">\n<p class=\"\" data-start=\"1603\" data-end=\"1660\">Nakutuksenesto ja k\u00e4\u00e4nnett\u00e4v\u00e4 sek\u00e4 oikea- ett\u00e4 vasenk\u00e4tisille oville<\/p>\n<\/li>\n<li class=\"\" data-start=\"1661\" data-end=\"1707\">\n<p class=\"\" data-start=\"1663\" data-end=\"1707\">Pystyy lukitsemaan koukkupultit tai suorat pultit<\/p>\n<\/li>\n<\/ul>\n<p class=\"\" data-start=\"1709\" data-end=\"1738\"><strong data-start=\"1709\" data-end=\"1738\">Tekniset tiedot:<\/strong><\/p>\n<ul data-start=\"1739\" data-end=\"2458\">\n<li class=\"\" data-start=\"1739\" data-end=\"1768\">\n<p class=\"\" data-start=\"1741\" data-end=\"1768\">Murtolujuus max: 900 kg<\/p>\n<\/li>\n<li class=\"\" data-start=\"1769\" data-end=\"1799\">\n<p class=\"\" data-start=\"1771\" data-end=\"1799\">Oven sarana: Oikea, Vasen<\/p>\n<\/li>\n<li class=\"\" data-start=\"1800\" data-end=\"1818\">\n<p class=\"\" data-start=\"1802\" data-end=\"1818\">Mukana kaapeli: Ei<\/p>\n<\/li>\n<li class=\"\" data-start=\"1819\" data-end=\"1837\">\n<p class=\"\" data-start=\"1821\" data-end=\"1837\">Listan paine: 40 kg<\/p>\n<\/li>\n<li class=\"\" data-start=\"1838\" data-end=\"1873\">\n<p class=\"\" data-start=\"1840\" data-end=\"1873\">Lukon tyyppi: yksisalpalukko, kaksoissalpalukko<\/p>\n<\/li>\n<li class=\"\" data-start=\"1874\" data-end=\"1896\">\n<p class=\"\" data-start=\"1876\" data-end=\"1896\">Tuotteen leveys: 25 mm<\/p>\n<\/li>\n<li class=\"\" data-start=\"1897\" data-end=\"1917\">\n<p class=\"\" data-start=\"1899\" data-end=\"1917\">Arvioidut rakennusmateriaalit: Kyll\u00e4<\/p>\n<\/li>\n<li class=\"\" data-start=\"1918\" data-end=\"1939\">\n<p class=\"\" data-start=\"1920\" data-end=\"1939\">Tuotteen syvyys: 35 mm<\/p>\n<\/li>\n<li class=\"\" data-start=\"1940\" data-end=\"1968\">\n<p class=\"\" data-start=\"1942\" data-end=\"1968\">K\u00e4ytt\u00f6j\u00e4nnite 12V\/24V: 12V<\/p>\n<\/li>\n<li class=\"\" data-start=\"1969\" data-end=\"1991\">\n<p class=\"\" data-start=\"1971\" data-end=\"1991\">Double twist drop: Ei<\/p>\n<\/li>\n<li class=\"\" data-start=\"1992\" data-end=\"2013\">\n<p class=\"\" data-start=\"1994\" data-end=\"2013\">EPD-varmennettu: Ei<\/p>\n<\/li>\n<li class=\"\" data-start=\"2014\" data-end=\"2026\">\n<p class=\"\" data-start=\"2016\" data-end=\"2026\">FINFO: Ei<\/p>\n<\/li>\n<li class=\"\" data-start=\"2027\" data-end=\"2055\">\n<p class=\"\" data-start=\"2029\" data-end=\"2055\">V\u00e4ri\/viimeistely: ruostumaton ter\u00e4s<\/p>\n<\/li>\n<li class=\"\" data-start=\"2056\" data-end=\"2077\">\n<p class=\"\" data-start=\"2058\" data-end=\"2077\">Tuotteen korkeus: 90 mm<\/p>\n<\/li>\n<li class=\"\" data-start=\"2078\" data-end=\"2095\">\n<p class=\"\" data-start=\"2080\" data-end=\"2095\">M\u00e4nn\u00e4n kosketin: Kyll\u00e4<\/p>\n<\/li>\n<li class=\"\" data-start=\"2096\" data-end=\"2123\">\n<p class=\"\" data-start=\"2098\" data-end=\"2123\">Oikea\/Reverse: Oikea<\/p>\n<\/li>\n<li class=\"\" data-start=\"2124\" data-end=\"2144\">\n<p class=\"\" data-start=\"2126\" data-end=\"2144\">J\u00e4nnite AC\/DC: DC<\/p>\n<\/li>\n<li class=\"\" data-start=\"2145\" data-end=\"2167\">\n<p class=\"\" data-start=\"2147\" data-end=\"2167\">Maksimij\u00e4nnite: 27,6 V<\/p>\n<\/li>\n<li class=\"\" data-start=\"2168\" data-end=\"2190\">\n<p class=\"\" data-start=\"2170\" data-end=\"2190\">Minimij\u00e4nnite: 21,6 V<\/p>\n<\/li>\n<li class=\"\" data-start=\"2191\" data-end=\"2211\">\n<p class=\"\" data-start=\"2193\" data-end=\"2211\">SundaHouse arvioitu: Kyll\u00e4<\/p>\n<\/li>\n<li class=\"\" data-start=\"2212\" data-end=\"2275\">\n<p class=\"\" data-start=\"2214\" data-end=\"2275\">M\u00e4nn\u00e4n kosketin: Mikrokytkin yksinapainen vuorotteleva, max. 30V DC, 1A<\/p>\n<\/li>\n<li class=\"\" data-start=\"2276\" data-end=\"2316\">\n<p class=\"\" data-start=\"2278\" data-end=\"2316\">Kest\u00e4vyys: Luokka X standardin SS-EN 14846 mukaan<\/p>\n<\/li>\n<li class=\"\" data-start=\"2317\" data-end=\"2356\">\n<p class=\"\" data-start=\"2319\" data-end=\"2356\">Korroosio: luokka M standardin SS-EN 14846 mukaan<\/p>\n<\/li>\n<li class=\"\" data-start=\"2357\" data-end=\"2395\">\n<p class=\"\" data-start=\"2359\" data-end=\"2395\">Turvallisuus: luokka 3 standardin SS-EN 14846 mukaan<\/p>\n<\/li>\n<li class=\"\" data-start=\"2396\" data-end=\"2458\">\n<p class=\"\" data-start=\"2398\" data-end=\"2458\">Turvallinen s\u00e4hk\u00f6inen k\u00e4sittely: luokka 1 standardin SS-EN 14846 mukaan<\/p>\n<\/li>\n<\/ul>","protected":false},"excerpt":{"rendered":"<p>T\u00e4\u00e4lt\u00e4 n\u00e4et, mitk\u00e4 pylv\u00e4\u00e4t ja mallit sopivat yhteen STEP-sarjan s\u00e4hk\u00f6isist\u00e4 oven pys\u00e4yttimist\u00e4.<\/p>\n<h5><strong><a href=\"https:\/\/steplock.com\/sv\/stolpguide\/#!?lang=sv&amp;blog_id=1&amp;paged=1&amp;number=50\" target=\"_blank\" rel=\"noopener\">STEP Viestiopas\u00a0<\/a><\/strong><\/h5>\n<h5><strong><a href=\"https:\/\/steplock.com\/sv\/projekteringsguide\/#!?lang=sv&amp;blog_id=1&amp;paged=1&amp;number=999\" target=\"_blank\" rel=\"noopener\">STEP-suunnitteluopas<\/a><\/strong><\/h5>","protected":false},"featured_media":140033,"template":"","meta":{"_acf_changed":false},"product_brand":[],"product_cat":[3355],"product_tag":[4198,4200],"class_list":{"0":"post-140034","1":"product","2":"type-product","3":"status-publish","4":"has-post-thumbnail","6":"product_cat-elslutbleck","7":"product_tag-12v","8":"product_tag-rattvand","9":"product_shipping_class-tunga-paket","10":"pa_brands-step","11":"tm-no-options","13":"first","14":"onbackorder","15":"sale","16":"taxable","17":"shipping-taxable","18":"purchasable","19":"product-type-simple"},"acf":[],"_links":{"self":[{"href":"https:\/\/secureus.se\/fi\/wp-json\/wp\/v2\/product\/140034","targetHints":{"allow":["GET"]}}],"collection":[{"href":"https:\/\/secureus.se\/fi\/wp-json\/wp\/v2\/product"}],"about":[{"href":"https:\/\/secureus.se\/fi\/wp-json\/wp\/v2\/types\/product"}],"wp:featuredmedia":[{"embeddable":true,"href":"https:\/\/secureus.se\/fi\/wp-json\/wp\/v2\/media\/140033"}],"wp:attachment":[{"href":"https:\/\/secureus.se\/fi\/wp-json\/wp\/v2\/media?parent=140034"}],"wp:term":[{"taxonomy":"product_brand","embeddable":true,"href":"https:\/\/secureus.se\/fi\/wp-json\/wp\/v2\/product_brand?post=140034"},{"taxonomy":"product_cat","embeddable":true,"href":"https:\/\/secureus.se\/fi\/wp-json\/wp\/v2\/product_cat?post=140034"},{"taxonomy":"product_tag","embeddable":true,"href":"https:\/\/secureus.se\/fi\/wp-json\/wp\/v2\/product_tag?post=140034"}],"curies":[{"name":"wp","href":"https:\/\/api.w.org\/{rel}","templated":true}]}}