{"id":140049,"date":"2023-09-26T13:06:06","date_gmt":"2023-09-26T11:06:06","guid":{"rendered":"https:\/\/secureus.se\/elslutbleck-step-60-omvand-12v-kolvkontakt-10m-kabel\/"},"modified":"2026-04-23T12:56:49","modified_gmt":"2026-04-23T10:56:49","slug":"elslutbleck-step-60-omvand-12v-kolvkontakt-10m-kabel","status":"publish","type":"product","link":"https:\/\/secureus.se\/fi\/elslutbleck-step-60-omvand-12v-kolvkontakt-10m-kabel\/","title":{"rendered":"S\u00e4hk\u00f6inen p\u00e4\u00e4televy STEP 60 K\u00e4\u00e4nteinen 12V M\u00e4nt\u00e4liitin 10m Kaapeli"},"content":{"rendered":"<h1>S\u00e4hk\u00f6inen p\u00e4\u00e4televy STEP 60 K\u00e4\u00e4nteinen 12V M\u00e4nt\u00e4liitin 10m Kaapeli<\/h1>\n<p>STEP 60 Silent tarjoaa pehme\u00e4n ja hiljaisen toiminnan, joka sopii t\u00e4ydellisesti oviin, joiden avautumistaajuus on korkea ja joiden melutaso on v\u00e4h\u00e4inen.<\/p>\n<p>Paloluokitus E\/EI120 asti, vankka rakenne ja korkea tunkeutumiskest\u00e4vyys.<\/p>\n<p class=\"\" data-start=\"393\" data-end=\"777\">STEP 60 Silent on suunniteltu tarjoamaan l\u00e4hes hiljainen toiminta avattaessa ja suljettaessa, mik\u00e4 tekee siit\u00e4 ihanteellisen k\u00e4ytett\u00e4v\u00e4ksi vilkkaassa liikenteess\u00e4 tai joissa vaaditaan v\u00e4h\u00e4ist\u00e4 melua.<\/p>\n<p class=\"\" data-start=\"393\" data-end=\"777\">Tuote on valmistettu kest\u00e4m\u00e4\u00e4n kovia ymp\u00e4rist\u00f6j\u00e4 ja sille on sertifioitu palonkest\u00e4vyys E\/EI120 asti standardin SS-EN 14846:2008 mukaisesti.<\/p>\n<p class=\"\" data-start=\"393\" data-end=\"777\">Se sopii sek\u00e4 yksi- ett\u00e4 kaksilehtisiin lukoihin.<\/p>\n<p class=\"\" data-start=\"779\" data-end=\"1160\">Patentoitu hiljainen STEP-tekniikka takaa tasaisen ajon, s\u00e4ilytt\u00e4en samalla korkean turvallisuuden ja murtolujuuden.<\/p>\n<p class=\"\" data-start=\"779\" data-end=\"1160\">Se on my\u00f6s varustettu m\u00e4nt\u00e4kytkimell\u00e4, joka n\u00e4ytt\u00e4\u00e4 oven kiinni\/auki ja lukittu\/auki tilan, mik\u00e4 helpottaa liitt\u00e4mist\u00e4 kulunvalvontaj\u00e4rjestelmiin tai h\u00e4lytysj\u00e4rjestelmiin.<\/p>\n<p class=\"\" data-start=\"779\" data-end=\"1160\">Mukana tulee 10 metrin halogeeniton liit\u00e4nt\u00e4kaapeli asennuksen helpottamiseksi.<\/p>\n<div>\n<p class=\"\" data-start=\"1162\" data-end=\"1179\"><strong data-start=\"1162\" data-end=\"1176\">Ominaisuudet<\/strong>:<\/p>\n<ul data-start=\"1180\" data-end=\"1693\">\n<li class=\"\" data-start=\"1180\" data-end=\"1224\">\n<p class=\"\" data-start=\"1182\" data-end=\"1224\">Peruutustoiminto (avataan j\u00e4nnitteett\u00f6m\u00e4ss\u00e4 tilassa)<\/p>\n<\/li>\n<li class=\"\" data-start=\"1225\" data-end=\"1283\">\n<p class=\"\" data-start=\"1227\" data-end=\"1283\">Palohyv\u00e4ksytty E\/EI 120 asti standardin SS-EN 14846:2008 mukaisesti<\/p>\n<\/li>\n<li class=\"\" data-start=\"1284\" data-end=\"1336\">\n<p class=\"\" data-start=\"1286\" data-end=\"1336\">Mikrokytkin yksinapainen vaihto, max 30 V DC, 1 A<\/p>\n<\/li>\n<li class=\"\" data-start=\"1337\" data-end=\"1421\">\n<p class=\"\" data-start=\"1339\" data-end=\"1421\">Sis\u00e4\u00e4nrakennettu m\u00e4nt\u00e4kytkin, joka n\u00e4ytt\u00e4\u00e4 oven kiinni\/auki ja lukittu\/auki tilan<\/p>\n<\/li>\n<li class=\"\" data-start=\"1422\" data-end=\"1490\">\n<p class=\"\" data-start=\"1424\" data-end=\"1490\">Lukituskosketin p\u00e4\u00e4syj\u00e4rjestelm\u00e4\u00e4n, h\u00e4lytysj\u00e4rjestelm\u00e4\u00e4n jne.<\/p>\n<\/li>\n<li class=\"\" data-start=\"1491\" data-end=\"1529\">\n<p class=\"\" data-start=\"1493\" data-end=\"1529\">Murtolujuus 16 kN (n. 1600 kg)<\/p>\n<\/li>\n<li class=\"\" data-start=\"1530\" data-end=\"1619\">\n<p class=\"\" data-start=\"1532\" data-end=\"1619\">Takaa avautumisen 1 kN (n. 100 kg) nauhapaineesta huolimatta eteen- ja taaksep\u00e4in-toiminnoissa<\/p>\n<\/li>\n<li class=\"\" data-start=\"1620\" data-end=\"1642\">\n<p class=\"\" data-start=\"1622\" data-end=\"1642\">Sis\u00e4\u00e4nrakennettu suojadiodi<\/p>\n<\/li>\n<li class=\"\" data-start=\"1643\" data-end=\"1658\">\n<p class=\"\" data-start=\"1645\" data-end=\"1658\">Nakutuksenesto<\/p>\n<\/li>\n<li class=\"\" data-start=\"1659\" data-end=\"1693\">\n<p class=\"\" data-start=\"1661\" data-end=\"1693\">Mukana 10 metrin halogeeniton kaapeli<\/p>\n<\/li>\n<\/ul>\n<p class=\"\" data-start=\"1695\" data-end=\"1726\"><strong data-start=\"1695\" data-end=\"1723\">Tekniset tiedot<\/strong>:<\/p>\n<ul data-start=\"1727\" data-end=\"2350\">\n<li class=\"\" data-start=\"1727\" data-end=\"1763\">\n<p class=\"\" data-start=\"1729\" data-end=\"1763\"><strong data-start=\"1729\" data-end=\"1752\">Murtolujuus max<\/strong>paino: 1600 kg<\/p>\n<\/li>\n<li class=\"\" data-start=\"1764\" data-end=\"1800\">\n<p class=\"\" data-start=\"1766\" data-end=\"1800\"><strong data-start=\"1766\" data-end=\"1782\">Ovi roikkuu<\/strong>: Oikea, vasen<\/p>\n<\/li>\n<li class=\"\" data-start=\"1801\" data-end=\"1824\">\n<p class=\"\" data-start=\"1803\" data-end=\"1824\"><strong data-start=\"1803\" data-end=\"1818\">Kaapeli mukana<\/strong>: Kyll\u00e4<\/p>\n<\/li>\n<li class=\"\" data-start=\"1825\" data-end=\"1850\">\n<p class=\"\" data-start=\"1827\" data-end=\"1850\"><strong data-start=\"1827\" data-end=\"1840\">Listan tulostus<\/strong>paino: 100 kg<\/p>\n<\/li>\n<li class=\"\" data-start=\"1851\" data-end=\"1892\">\n<p class=\"\" data-start=\"1853\" data-end=\"1892\"><strong data-start=\"1853\" data-end=\"1863\">Lukon tyyppi<\/strong>: Yksisalpa lukko, kaksoissalpa lukko<\/p>\n<\/li>\n<li class=\"\" data-start=\"1893\" data-end=\"1921\">\n<p class=\"\" data-start=\"1895\" data-end=\"1921\"><strong data-start=\"1895\" data-end=\"1912\">Leve\u00e4 tuote<\/strong>: 28mm<\/p>\n<\/li>\n<li class=\"\" data-start=\"1922\" data-end=\"1948\">\n<p class=\"\" data-start=\"1924\" data-end=\"1948\"><strong data-start=\"1924\" data-end=\"1942\">Rakennusmateriaalit arvioitu<\/strong>: Kyll\u00e4<\/p>\n<\/li>\n<li class=\"\" data-start=\"1949\" data-end=\"1976\">\n<p class=\"\" data-start=\"1951\" data-end=\"1976\"><strong data-start=\"1951\" data-end=\"1967\">Syv\u00e4 tuote<\/strong>: 35mm<\/p>\n<\/li>\n<li class=\"\" data-start=\"1977\" data-end=\"2011\">\n<p class=\"\" data-start=\"1979\" data-end=\"2011\"><strong data-start=\"1979\" data-end=\"2004\">K\u00e4ytt\u00f6j\u00e4nnite 12V\/24V<\/strong>: 24V<\/p>\n<\/li>\n<li class=\"\" data-start=\"2012\" data-end=\"2040\">\n<p class=\"\" data-start=\"2014\" data-end=\"2040\"><strong data-start=\"2014\" data-end=\"2033\">Kaksinkertainen kierrekotelo<\/strong>: Ei<\/p>\n<\/li>\n<li class=\"\" data-start=\"2041\" data-end=\"2068\">\n<p class=\"\" data-start=\"2043\" data-end=\"2068\"><strong data-start=\"2043\" data-end=\"2061\">EPD-varmennettu<\/strong>: Ei<\/p>\n<\/li>\n<li class=\"\" data-start=\"2069\" data-end=\"2087\">\n<p class=\"\" data-start=\"2071\" data-end=\"2087\"><strong data-start=\"2071\" data-end=\"2080\">HYV\u00c4 TIETO<\/strong>: Ei<\/p>\n<\/li>\n<li class=\"\" data-start=\"2088\" data-end=\"2122\">\n<p class=\"\" data-start=\"2090\" data-end=\"2122\"><strong data-start=\"2090\" data-end=\"2111\">V\u00e4ri\/pintak\u00e4sittely<\/strong>: Ruostumaton ter\u00e4s<\/p>\n<\/li>\n<li class=\"\" data-start=\"2123\" data-end=\"2153\">\n<p class=\"\" data-start=\"2125\" data-end=\"2153\"><strong data-start=\"2125\" data-end=\"2141\">Korotettu tuote<\/strong>: 149,5 mm<\/p>\n<\/li>\n<li class=\"\" data-start=\"2154\" data-end=\"2182\">\n<p class=\"\" data-start=\"2156\" data-end=\"2182\"><strong data-start=\"2156\" data-end=\"2170\">Kaapelin pituus<\/strong>: 10 metri\u00e4<\/p>\n<\/li>\n<li class=\"\" data-start=\"2183\" data-end=\"2206\">\n<p class=\"\" data-start=\"2185\" data-end=\"2206\"><strong data-start=\"2185\" data-end=\"2200\">M\u00e4nn\u00e4n liitin<\/strong>: Kyll\u00e4<\/p>\n<\/li>\n<li class=\"\" data-start=\"2207\" data-end=\"2238\">\n<p class=\"\" data-start=\"2209\" data-end=\"2238\"><strong data-start=\"2209\" data-end=\"2228\">Oikea\/taakse<\/strong>: K\u00e4\u00e4nteinen<\/p>\n<\/li>\n<li class=\"\" data-start=\"2239\" data-end=\"2265\">\n<p class=\"\" data-start=\"2241\" data-end=\"2265\"><strong data-start=\"2241\" data-end=\"2259\">J\u00e4nnite AC\/DC<\/strong>: DC<\/p>\n<\/li>\n<li class=\"\" data-start=\"2266\" data-end=\"2294\">\n<p class=\"\" data-start=\"2268\" data-end=\"2294\"><strong data-start=\"2268\" data-end=\"2284\">J\u00e4nnite max<\/strong>: 13,8V<\/p>\n<\/li>\n<li class=\"\" data-start=\"2295\" data-end=\"2323\">\n<p class=\"\" data-start=\"2297\" data-end=\"2323\"><strong data-start=\"2297\" data-end=\"2313\">J\u00e4nnite min<\/strong>: 10,8V<\/p>\n<\/li>\n<li class=\"\" data-start=\"2324\" data-end=\"2350\">\n<p class=\"\" data-start=\"2326\" data-end=\"2350\"><strong data-start=\"2326\" data-end=\"2344\">SundaHouse arvioitu<\/strong>: Kyll\u00e4<\/p>\n<\/li>\n<\/ul>\n<\/div>","protected":false},"excerpt":{"rendered":"<p>T\u00e4\u00e4lt\u00e4 n\u00e4et, mitk\u00e4 pylv\u00e4\u00e4t ja mallit sopivat yhteen STEP-sarjan s\u00e4hk\u00f6isist\u00e4 oven pys\u00e4yttimist\u00e4.<\/p>\n<h5><strong><a href=\"https:\/\/steplock.com\/sv\/stolpguide\/#!?lang=sv&amp;blog_id=1&amp;paged=1&amp;number=50\" target=\"_blank\" rel=\"noopener\">STEP Viestiopas\u00a0<\/a><\/strong><\/h5>\n<h5><strong><a href=\"https:\/\/steplock.com\/sv\/projekteringsguide\/#!?lang=sv&amp;blog_id=1&amp;paged=1&amp;number=999\" target=\"_blank\" rel=\"noopener\">STEP-suunnitteluopas<\/a><\/strong><\/h5>","protected":false},"featured_media":140048,"template":"","meta":{"_acf_changed":false},"product_brand":[],"product_cat":[3355],"product_tag":[4197,4201],"class_list":{"0":"post-140049","1":"product","2":"type-product","3":"status-publish","4":"has-post-thumbnail","6":"product_cat-elslutbleck","7":"product_tag-24v","8":"product_tag-omvand","9":"product_shipping_class-tunga-paket","10":"pa_brands-step","11":"tm-no-options","13":"first","14":"onbackorder","15":"sale","16":"taxable","17":"shipping-taxable","18":"purchasable","19":"product-type-simple"},"acf":[],"_links":{"self":[{"href":"https:\/\/secureus.se\/fi\/wp-json\/wp\/v2\/product\/140049","targetHints":{"allow":["GET"]}}],"collection":[{"href":"https:\/\/secureus.se\/fi\/wp-json\/wp\/v2\/product"}],"about":[{"href":"https:\/\/secureus.se\/fi\/wp-json\/wp\/v2\/types\/product"}],"wp:featuredmedia":[{"embeddable":true,"href":"https:\/\/secureus.se\/fi\/wp-json\/wp\/v2\/media\/140048"}],"wp:attachment":[{"href":"https:\/\/secureus.se\/fi\/wp-json\/wp\/v2\/media?parent=140049"}],"wp:term":[{"taxonomy":"product_brand","embeddable":true,"href":"https:\/\/secureus.se\/fi\/wp-json\/wp\/v2\/product_brand?post=140049"},{"taxonomy":"product_cat","embeddable":true,"href":"https:\/\/secureus.se\/fi\/wp-json\/wp\/v2\/product_cat?post=140049"},{"taxonomy":"product_tag","embeddable":true,"href":"https:\/\/secureus.se\/fi\/wp-json\/wp\/v2\/product_tag?post=140049"}],"curies":[{"name":"wp","href":"https:\/\/api.w.org\/{rel}","templated":true}]}}